{"id":3505,"date":"2025-01-08T11:14:02","date_gmt":"2025-01-07T08:03:40","guid":{"rendered":"https:\/\/www.purecook.com\/?post_type=product&#038;p=3505"},"modified":"2025-04-25T18:50:15","modified_gmt":"2025-04-25T10:50:15","slug":"wholesale-deluxe-316-triple-stainless-steel-cookware-set","status":"publish","type":"product","link":"https:\/\/www.purecook.com\/fr\/product\/wholesale-deluxe-316-triple-stainless-steel-cookware-set\/","title":{"rendered":"Batterie de cuisine de luxe en acier inoxydable 316 triple : S\u00e9rie d'ustensiles de cuisine en acier inoxydable 316 triple : Natural Pfoa-Free Cookware Series"},"content":{"rendered":"<div class=\"wp-block-columns is-layout-flex wp-container-core-columns-is-layout-9d6595d7 wp-block-columns-is-layout-flex\">\n<div class=\"wp-block-column is-layout-flow wp-block-column-is-layout-flow\">\n<h3 class=\"wp-block-heading\"><strong>Param\u00e8tres de la batterie de cuisine en acier inoxydable<\/strong><\/h3>\n\n\n\n<p><strong>Num\u00e9ro de mod\u00e8le :<\/strong> HH-066<br><strong>Mat\u00e9riau : <\/strong>Acier inoxydable triple 316<br><strong>\u00c9paisseur normale :<\/strong> 2,3 mm<br><strong>Taille : <\/strong>pot \u00e0 lait 18cm+casserole 24cm+po\u00eale \u00e0 frire 26cm+pot \u00e0 wok 32cm<br><strong>Poids : <\/strong>9,6 kg<br><strong>Logo :<\/strong> Gravure laser\/Tampon en relief<br><strong>MOQ : <\/strong>500 jeux<\/p>\n<\/div>\n\n\n\n<div class=\"wp-block-column is-layout-flow wp-block-column-is-layout-flow\">\n<h3 class=\"wp-block-heading\"><strong>Sur mesure <\/strong><strong>Batterie de cuisine<\/strong><strong>&nbsp;Options<\/strong><strong><\/strong><\/h3>\n\n\n\n<p>L<strong>ogo :<\/strong> personnaliser le logo de votre marque<br><strong>Mat\u00e9riau : <\/strong>SUS304\/SUS316\/Acier inoxydable triple couche<br><strong>Couvercle :<\/strong> Style\/Mat\u00e9riau<br><strong>Poign\u00e9e :<\/strong> Style\/Mat\u00e9riau<br><strong>Traitement de la surface de contact :<\/strong> Rev\u00eatement non enduit\/non adh\u00e9rent<br><strong>Emballage :<\/strong> bo\u00eete de couleur\/carton, etc.<br><a href=\"https:\/\/www.purecook.com\/fr\/custom-solution\/\" target=\"_blank\" rel=\"noopener\"><u>Solutions OEM et ODM pour les batteries de cuisine sur mesure<\/u><\/a><\/p>\n<\/div>\n<\/div>\n\n\n\n<div class=\"wp-block-columns is-layout-flex wp-container-core-columns-is-layout-9d6595d7 wp-block-columns-is-layout-flex\">\n<div class=\"wp-block-column is-layout-flow wp-block-column-is-layout-flow\">\n<figure class=\"wp-block-image size-full\"><img decoding=\"async\" width=\"1000\" height=\"1000\" src=\"https:\/\/www.purecook.com\/wp-content\/uploads\/2025\/01\/Deluxe-316-Triple-Stainless-Steel-Cookware-Set-3.webp\" alt=\"Batterie de cuisine de luxe en acier inoxydable 316 triple\" class=\"wp-image-3508\" srcset=\"https:\/\/www.purecook.com\/wp-content\/uploads\/2025\/01\/Deluxe-316-Triple-Stainless-Steel-Cookware-Set-3.webp 1000w, https:\/\/www.purecook.com\/wp-content\/uploads\/2025\/01\/Deluxe-316-Triple-Stainless-Steel-Cookware-Set-3-300x300.webp 300w, https:\/\/www.purecook.com\/wp-content\/uploads\/2025\/01\/Deluxe-316-Triple-Stainless-Steel-Cookware-Set-3-150x150.webp 150w, https:\/\/www.purecook.com\/wp-content\/uploads\/2025\/01\/Deluxe-316-Triple-Stainless-Steel-Cookware-Set-3-768x768.webp 768w, https:\/\/www.purecook.com\/wp-content\/uploads\/2025\/01\/Deluxe-316-Triple-Stainless-Steel-Cookware-Set-3-12x12.webp 12w, https:\/\/www.purecook.com\/wp-content\/uploads\/2025\/01\/Deluxe-316-Triple-Stainless-Steel-Cookware-Set-3-600x600.webp 600w, https:\/\/www.purecook.com\/wp-content\/uploads\/2025\/01\/Deluxe-316-Triple-Stainless-Steel-Cookware-Set-3-100x100.webp 100w\" sizes=\"(max-width: 1000px) 100vw, 1000px\" \/><figcaption class=\"wp-element-caption\">Batterie de cuisine de luxe en acier inoxydable 316 triple<\/figcaption><\/figure>\n<\/div>\n\n\n\n<div class=\"wp-block-column is-layout-flow wp-block-column-is-layout-flow\">\n<figure class=\"wp-block-image size-full\"><img decoding=\"async\" width=\"1000\" height=\"1000\" src=\"https:\/\/www.purecook.com\/wp-content\/uploads\/2025\/01\/Deluxe-316-Triple-Stainless-Steel-Cookware-Set-4.webp\" alt=\"Batterie de cuisine de luxe en acier inoxydable 316 triple\" class=\"wp-image-3509\" srcset=\"https:\/\/www.purecook.com\/wp-content\/uploads\/2025\/01\/Deluxe-316-Triple-Stainless-Steel-Cookware-Set-4.webp 1000w, https:\/\/www.purecook.com\/wp-content\/uploads\/2025\/01\/Deluxe-316-Triple-Stainless-Steel-Cookware-Set-4-300x300.webp 300w, https:\/\/www.purecook.com\/wp-content\/uploads\/2025\/01\/Deluxe-316-Triple-Stainless-Steel-Cookware-Set-4-150x150.webp 150w, https:\/\/www.purecook.com\/wp-content\/uploads\/2025\/01\/Deluxe-316-Triple-Stainless-Steel-Cookware-Set-4-768x768.webp 768w, https:\/\/www.purecook.com\/wp-content\/uploads\/2025\/01\/Deluxe-316-Triple-Stainless-Steel-Cookware-Set-4-12x12.webp 12w, https:\/\/www.purecook.com\/wp-content\/uploads\/2025\/01\/Deluxe-316-Triple-Stainless-Steel-Cookware-Set-4-600x600.webp 600w, https:\/\/www.purecook.com\/wp-content\/uploads\/2025\/01\/Deluxe-316-Triple-Stainless-Steel-Cookware-Set-4-100x100.webp 100w\" sizes=\"(max-width: 1000px) 100vw, 1000px\" \/><figcaption class=\"wp-element-caption\">Batterie de cuisine de luxe en acier inoxydable 316 triple<\/figcaption><\/figure>\n<\/div>\n<\/div>","protected":false},"excerpt":{"rendered":"<p>Nous vendons en gros des batteries de cuisine \u00e0 trois couches de haute qualit\u00e9, appartenant \u00e0 la s\u00e9rie d'acier inoxydable \u00e0 trois couches, sans rev\u00eatement, avec une excellente conductivit\u00e9 thermique, des poign\u00e9es \u00e9paissies de haute qualit\u00e9, polies avec pr\u00e9cision, avec une prise confortable, sans PFOA, et conformes aux nouvelles r\u00e9glementations de l'Union europ\u00e9enne. Nous fournissons des solutions personnalis\u00e9es OEM et ODM pour les batteries de cuisine et des services de grossiste pour les batteries de cuisine, n'h\u00e9sitez pas \u00e0 nous contacter.<\/p>\n<h2><strong><b>Caract\u00e9ristiques et avantages <\/b><\/strong><strong><b>Batterie de cuisine<\/b><\/strong><\/h2>\n<p><strong>Des mat\u00e9riaux et un savoir-faire de haute qualit\u00e9 :<\/strong> La paroi int\u00e9rieure de cette batterie de cuisine en acier inoxydable triple est fabriqu\u00e9e en acier inoxydable de qualit\u00e9 m\u00e9dicale, poli avec pr\u00e9cision et dot\u00e9 d'une surface lisse pour une meilleure r\u00e9sistance \u00e0 la corrosion.<\/p>\n<p><strong>Sant\u00e9 et s\u00e9curit\u00e9 :<\/strong> Cette batterie de cuisine en acier inoxydable triple est sans rev\u00eatement, ne contient pas de PFOA et peut entrer en contact avec les aliments.<\/p>\n<p><strong>Conception d'un ensemble complet de combinaisons<\/strong>: Cette batterie de cuisine comprend une po\u00eale \u00e0 frire, un cuiseur \u00e0 vapeur et un pot \u00e0 lait. Un seul ensemble peut r\u00e9pondre \u00e0 tous les besoins culinaires d'une famille ordinaire, ce qui correspond aux besoins de consommation du march\u00e9. Convient aux acheteurs du segment B<\/p>\n<p><strong>Convient \u00e0 divers ustensiles de cuisine :<\/strong> La batterie de cuisine est fabriqu\u00e9e en triple acier inoxydable et peut s'adapter \u00e0 diff\u00e9rentes m\u00e9thodes de chauffage, telles que les flammes nues, les cuisini\u00e8res \u00e0 induction, les cuisini\u00e8res \u00e9lectriques en c\u00e9ramique, etc.<\/p>\n<p><strong>Solutions personnalis\u00e9es d'ustensiles de cuisine OEM&amp;ODM :<\/strong> En tant que fabricant professionnel d'ustensiles de cuisine, Purecook propose une multitude d'options personnalis\u00e9es, notamment le style et le mat\u00e9riau du corps, le mat\u00e9riau de la poign\u00e9e, le logo externe et le style d'emballage de la casserole peuvent \u00eatre personnalis\u00e9s.<\/p>\n<p><a href=\"https:\/\/www.purecook.com\/fr\/custom-solution\/\"><u>Purecook offre des services OEM et ODM personnalis\u00e9s <\/u><u>batterie de cuisine<\/u><u>\u00a0solution.<\/u><\/a><\/p>","protected":false},"featured_media":3506,"comment_status":"closed","ping_status":"closed","template":"","meta":{"_acf_changed":false},"product_brand":[],"product_cat":[69,24],"product_tag":[97],"class_list":{"0":"post-3505","1":"product","2":"type-product","3":"status-publish","4":"has-post-thumbnail","6":"product_cat-cookware-sets","7":"product_cat-cookware","8":"product_tag-wholesale-commercial-cookware","10":"first","11":"instock","12":"shipping-taxable","13":"product-type-simple"},"acf":[],"_links":{"self":[{"href":"https:\/\/www.purecook.com\/fr\/wp-json\/wp\/v2\/product\/3505","targetHints":{"allow":["GET"]}}],"collection":[{"href":"https:\/\/www.purecook.com\/fr\/wp-json\/wp\/v2\/product"}],"about":[{"href":"https:\/\/www.purecook.com\/fr\/wp-json\/wp\/v2\/types\/product"}],"replies":[{"embeddable":true,"href":"https:\/\/www.purecook.com\/fr\/wp-json\/wp\/v2\/comments?post=3505"}],"wp:featuredmedia":[{"embeddable":true,"href":"https:\/\/www.purecook.com\/fr\/wp-json\/wp\/v2\/media\/3506"}],"wp:attachment":[{"href":"https:\/\/www.purecook.com\/fr\/wp-json\/wp\/v2\/media?parent=3505"}],"wp:term":[{"taxonomy":"product_brand","embeddable":true,"href":"https:\/\/www.purecook.com\/fr\/wp-json\/wp\/v2\/product_brand?post=3505"},{"taxonomy":"product_cat","embeddable":true,"href":"https:\/\/www.purecook.com\/fr\/wp-json\/wp\/v2\/product_cat?post=3505"},{"taxonomy":"product_tag","embeddable":true,"href":"https:\/\/www.purecook.com\/fr\/wp-json\/wp\/v2\/product_tag?post=3505"}],"curies":[{"name":"wp","href":"https:\/\/api.w.org\/{rel}","templated":true}]}}