{"id":3543,"date":"2025-07-05T16:18:14","date_gmt":"2025-07-05T08:18:14","guid":{"rendered":"https:\/\/www.purecook.com\/?post_type=product&#038;p=3543"},"modified":"2025-07-26T14:33:17","modified_gmt":"2025-07-26T06:33:17","slug":"wholesale-304-stainless-steel-oil-filter-kettle-set","status":"publish","type":"product","link":"https:\/\/www.purecook.com\/fr\/product\/wholesale-304-stainless-steel-oil-filter-kettle-set\/","title":{"rendered":"Kit de filtre \u00e0 huile en acier inoxydable 304 avec fond \u00e9paissi en composite, support OEM &amp; ODM"},"content":{"rendered":"<div class=\"wp-block-columns is-layout-flex wp-container-core-columns-is-layout-9d6595d7 wp-block-columns-is-layout-flex\">\n<div class=\"wp-block-column is-layout-flow wp-block-column-is-layout-flow\">\n<h3 class=\"wp-block-heading\"><strong>Param\u00e8tres de <\/strong><strong>Kit de bouilloire pour filtre \u00e0 huile<\/strong><strong><\/strong><\/h3>\n\n\n\n<p><strong>Num\u00e9ro de mod\u00e8le : <\/strong>HH-028<br><strong>Mat\u00e9riau : <\/strong>Acier inoxydable 304<br><strong>\u00c9paisseur normale :<\/strong> 0,5 mm<br><strong>Capacit\u00e9 : <\/strong>1.0L\/1.5L\/2.0L<br><strong>Logo :<\/strong> Gravure laser\/Tampon en relief<br><strong>MOQ : <\/strong>500 jeux<\/p>\n<\/div>\n\n\n\n<div class=\"wp-block-column is-layout-flow wp-block-column-is-layout-flow\">\n<h3 class=\"wp-block-heading\"><strong>Sur mesure <\/strong><strong>Kit de bouilloire pour filtre \u00e0 huile<\/strong><strong>&nbsp;Options<\/strong><strong><\/strong><\/h3>\n\n\n\n<p><strong>Logo : <\/strong>personnaliser le logo de votre marque<br><strong>Mat\u00e9riau :<\/strong> SUS304<br><strong>Couvercle : <\/strong>Style\/Mat\u00e9riau<br><strong>Poign\u00e9e : <\/strong>Style\/Mat\u00e9riau<br><strong>Traitement de la surface de contact :<\/strong> Rev\u00eatement non enduit\/non adh\u00e9rent<br><strong>Emballage :<\/strong> bo\u00eete de couleur\/carton, etc.<br><a href=\"https:\/\/www.purecook.com\/fr\/custom-solution\/\" target=\"_blank\" rel=\"noopener\"><u>Solutions OEM et ODM pour les ensembles de filtres \u00e0 huile sur mesure<\/u><\/a><\/p>\n<\/div>\n<\/div>\n\n\n\n<div class=\"wp-block-columns is-layout-flex wp-container-core-columns-is-layout-9d6595d7 wp-block-columns-is-layout-flex\">\n<div class=\"wp-block-column is-layout-flow wp-block-column-is-layout-flow\">\n<figure class=\"wp-block-image size-full\"><img decoding=\"async\" width=\"600\" height=\"600\" src=\"https:\/\/www.purecook.com\/wp-content\/uploads\/2025\/01\/wholesale-304-stainless-steel-oil-filter-pot-3.webp\" alt=\"gros pot de filtre \u00e0 huile en acier inoxydable 304 (3)\" class=\"wp-image-3559\" srcset=\"https:\/\/www.purecook.com\/wp-content\/uploads\/2025\/01\/wholesale-304-stainless-steel-oil-filter-pot-3.webp 600w, https:\/\/www.purecook.com\/wp-content\/uploads\/2025\/01\/wholesale-304-stainless-steel-oil-filter-pot-3-300x300.webp 300w, https:\/\/www.purecook.com\/wp-content\/uploads\/2025\/01\/wholesale-304-stainless-steel-oil-filter-pot-3-150x150.webp 150w, https:\/\/www.purecook.com\/wp-content\/uploads\/2025\/01\/wholesale-304-stainless-steel-oil-filter-pot-3-12x12.webp 12w, https:\/\/www.purecook.com\/wp-content\/uploads\/2025\/01\/wholesale-304-stainless-steel-oil-filter-pot-3-100x100.webp 100w\" sizes=\"(max-width: 600px) 100vw, 600px\" \/><\/figure>\n<\/div>\n\n\n\n<div class=\"wp-block-column is-layout-flow wp-block-column-is-layout-flow\">\n<figure class=\"wp-block-image size-full\"><img decoding=\"async\" width=\"600\" height=\"600\" src=\"https:\/\/www.purecook.com\/wp-content\/uploads\/2025\/01\/wholesale-304-stainless-steel-oil-filter-pot-4.webp\" alt=\"gros pot de filtre \u00e0 huile en acier inoxydable 304 (4)\" class=\"wp-image-3560\" srcset=\"https:\/\/www.purecook.com\/wp-content\/uploads\/2025\/01\/wholesale-304-stainless-steel-oil-filter-pot-4.webp 600w, https:\/\/www.purecook.com\/wp-content\/uploads\/2025\/01\/wholesale-304-stainless-steel-oil-filter-pot-4-300x300.webp 300w, https:\/\/www.purecook.com\/wp-content\/uploads\/2025\/01\/wholesale-304-stainless-steel-oil-filter-pot-4-150x150.webp 150w, https:\/\/www.purecook.com\/wp-content\/uploads\/2025\/01\/wholesale-304-stainless-steel-oil-filter-pot-4-12x12.webp 12w, https:\/\/www.purecook.com\/wp-content\/uploads\/2025\/01\/wholesale-304-stainless-steel-oil-filter-pot-4-100x100.webp 100w\" sizes=\"(max-width: 600px) 100vw, 600px\" \/><\/figure>\n<\/div>\n<\/div>","protected":false},"excerpt":{"rendered":"<p>Pot de filtration d'huile en gros en acier inoxydable 304, qui peut \u00eatre utilis\u00e9 pour filtrer la graisse et faciliter l'utilisation multiple de l'huile. Cette marmite \u00e0 filtre \u00e0 huile peut \u00eatre utilis\u00e9e comme marmite de cuisine. Le fond est con\u00e7u avec un triple fond en acier inoxydable, qui est compatible avec une vari\u00e9t\u00e9 de po\u00eales. Nous fournissons des produits en acier inoxydable en gros \u00e0 des prix d'usine et nous soutenons les OEM et ODM. N'h\u00e9sitez pas \u00e0 nous contacter pour obtenir un devis.<\/p>\n<h2><strong><b>Caract\u00e9ristiques et avantages <\/b><\/strong><strong><b>Kit de bouilloire pour filtre \u00e0 huile<\/b><\/strong><\/h2>\n<p><strong>Filtration efficace de l'huile :<\/strong> Ce pot \u00e0 huile est \u00e9quip\u00e9 d'un filtre \u00e0 mailles qui permet de filtrer efficacement l'huile de cuisson usag\u00e9e, d'\u00e9liminer les particules alimentaires et les impuret\u00e9s, et de garantir que l'huile est propre et qu'elle peut \u00eatre r\u00e9utilis\u00e9e.<\/p>\n<p><strong>Utilisation multifonctionnelle :<\/strong> Ce pot filtrant en acier inoxydable 304 convient non seulement pour filtrer les graisses, mais aussi pour chauffer ou cuire des liquides, offrant ainsi davantage de fonctions dans la cuisine.<\/p>\n<p><strong>Convient \u00e0 diff\u00e9rents types de po\u00eales :<\/strong> Le fond de la marmite \u00e0 filtre \u00e0 huile adopte une conception composite en acier inoxydable \u00e0 trois couches, qui peut s'adapter \u00e0 diff\u00e9rentes m\u00e9thodes de chauffage, telles que les flammes nues, les cuisini\u00e8res \u00e0 induction, les cuisini\u00e8res \u00e9lectriques en c\u00e9ramique, etc.<\/p>\n<p><strong>Plusieurs options de capacit\u00e9 :<\/strong> Nous proposons 3 tailles de pots \u00e0 huile, notamment 1,0L \/ 1,5L \/ 2,0L, qui peuvent facilement s'adapter aux diff\u00e9rents besoins de cuisson des aliments.<\/p>\n<p><strong>Service personnalis\u00e9 OEM et ODM :<\/strong> Purecook vous propose un service complet d'ustensiles de cuisine personnalis\u00e9s, y compris des tailles, des mat\u00e9riaux et des formes sur mesure, etc.<\/p>\n<p><a href=\"https:\/\/www.purecook.com\/fr\/custom-solution\/\"><u>En savoir plus sur la personnalisation<\/u><u>\u00a0<\/u><u>Kit de bouilloire pour filtre \u00e0 huile<\/u><u>\u00a0solu<\/u><u>tion.<\/u><\/a><\/p>","protected":false},"featured_media":3557,"comment_status":"closed","ping_status":"closed","template":"","meta":{"_acf_changed":false},"product_brand":[],"product_cat":[52],"product_tag":[98],"class_list":{"0":"post-3543","1":"product","2":"type-product","3":"status-publish","4":"has-post-thumbnail","6":"product_cat-kitchen-utensils","7":"product_tag-wholesale-home-cookware","9":"first","10":"instock","11":"shipping-taxable","12":"product-type-simple"},"acf":[],"_links":{"self":[{"href":"https:\/\/www.purecook.com\/fr\/wp-json\/wp\/v2\/product\/3543","targetHints":{"allow":["GET"]}}],"collection":[{"href":"https:\/\/www.purecook.com\/fr\/wp-json\/wp\/v2\/product"}],"about":[{"href":"https:\/\/www.purecook.com\/fr\/wp-json\/wp\/v2\/types\/product"}],"replies":[{"embeddable":true,"href":"https:\/\/www.purecook.com\/fr\/wp-json\/wp\/v2\/comments?post=3543"}],"wp:featuredmedia":[{"embeddable":true,"href":"https:\/\/www.purecook.com\/fr\/wp-json\/wp\/v2\/media\/3557"}],"wp:attachment":[{"href":"https:\/\/www.purecook.com\/fr\/wp-json\/wp\/v2\/media?parent=3543"}],"wp:term":[{"taxonomy":"product_brand","embeddable":true,"href":"https:\/\/www.purecook.com\/fr\/wp-json\/wp\/v2\/product_brand?post=3543"},{"taxonomy":"product_cat","embeddable":true,"href":"https:\/\/www.purecook.com\/fr\/wp-json\/wp\/v2\/product_cat?post=3543"},{"taxonomy":"product_tag","embeddable":true,"href":"https:\/\/www.purecook.com\/fr\/wp-json\/wp\/v2\/product_tag?post=3543"}],"curies":[{"name":"wp","href":"https:\/\/api.w.org\/{rel}","templated":true}]}}