{"id":3731,"date":"2025-03-07T16:08:54","date_gmt":"2025-03-07T07:18:13","guid":{"rendered":"https:\/\/www.purecook.com\/?post_type=product&#038;p=3731"},"modified":"2025-03-07T17:04:34","modified_gmt":"2025-03-07T09:04:34","slug":"wholesale-304-stainless-steel-chocolate-melting-pot","status":"publish","type":"product","link":"https:\/\/www.purecook.com\/fr\/product\/wholesale-304-stainless-steel-chocolate-melting-pot\/","title":{"rendered":"Chauffe-sauce \u00e0 double couche certifi\u00e9 NSF avec contr\u00f4le de la temp\u00e9rature, rev\u00eatement antiadh\u00e9sif pour les boulangeries et les cha\u00eenes de caf\u00e9s."},"content":{"rendered":"<div class=\"wp-block-columns is-layout-flex wp-container-core-columns-is-layout-9d6595d7 wp-block-columns-is-layout-flex\">\n<div class=\"wp-block-column is-layout-flow wp-block-column-is-layout-flow\">\n<h3 class=\"wp-block-heading\"><strong>Param\u00e8tres de <\/strong><strong>Fondoir \u00e0 chocolat<\/strong><strong><\/strong><\/h3>\n\n\n\n<p><strong>Mat\u00e9riau : <\/strong>Acier inoxydable 304\/201<br><strong>\u00c9paisseur normale :<\/strong> 0,5 mm<br><strong>Capacit\u00e9 : <\/strong>multi-sp\u00e9cification<br><strong>Poids : <\/strong>0,6 kg<br><strong>Logo : <\/strong>Gravure laser\/Tampon en relief<br><strong>MOQ : <\/strong>500 pi\u00e8ces<\/p>\n<\/div>\n\n\n\n<div class=\"wp-block-column is-layout-flow wp-block-column-is-layout-flow\">\n<h3 class=\"wp-block-heading\"><strong>Sur mesure<\/strong><strong>&nbsp;Fondoir \u00e0 chocolat<\/strong><strong>&nbsp;Options<\/strong><strong><\/strong><\/h3>\n\n\n\n<p><strong>Logo :<\/strong> personnaliser le logo de votre marque<br><strong>Mat\u00e9riau : <\/strong>Acier inoxydable SUS304\/SUS201<br><strong>\u00c9paisseur du mat\u00e9riau :<\/strong> 0,45\/0,55 mm<br><strong>Mat\u00e9riau du manche :<\/strong> Style\/Mat\u00e9riau<br><strong>Traitement de la surface de contact : <\/strong>Rev\u00eatement non enduit\/non adh\u00e9rent<br><strong>Emballage :<\/strong> bo\u00eete de couleur\/carton, etc.<br><a href=\"https:\/\/www.purecook.com\/fr\/custom-solution\/\" target=\"_blank\" rel=\"noopener\"><u>Solutions OEM et ODM de fondoirs \u00e0 chocolat sur mesure<\/u><\/a><\/p>\n<\/div>\n<\/div>\n\n\n\n<div class=\"wp-block-columns is-layout-flex wp-container-core-columns-is-layout-9d6595d7 wp-block-columns-is-layout-flex\">\n<div class=\"wp-block-column is-layout-flow wp-block-column-is-layout-flow\">\n<figure class=\"wp-block-image size-full\"><img decoding=\"async\" width=\"1600\" height=\"1600\" src=\"https:\/\/www.purecook.com\/wp-content\/uploads\/2025\/03\/Chocolate-Melting-Pot-6.webp\" alt=\"Fondoir \u00e0 chocolat\" class=\"wp-image-3737\" srcset=\"https:\/\/www.purecook.com\/wp-content\/uploads\/2025\/03\/Chocolate-Melting-Pot-6.webp 1600w, https:\/\/www.purecook.com\/wp-content\/uploads\/2025\/03\/Chocolate-Melting-Pot-6-300x300.webp 300w, https:\/\/www.purecook.com\/wp-content\/uploads\/2025\/03\/Chocolate-Melting-Pot-6-150x150.webp 150w, https:\/\/www.purecook.com\/wp-content\/uploads\/2025\/03\/Chocolate-Melting-Pot-6-768x768.webp 768w, https:\/\/www.purecook.com\/wp-content\/uploads\/2025\/03\/Chocolate-Melting-Pot-6-12x12.webp 12w, https:\/\/www.purecook.com\/wp-content\/uploads\/2025\/03\/Chocolate-Melting-Pot-6-600x600.webp 600w, https:\/\/www.purecook.com\/wp-content\/uploads\/2025\/03\/Chocolate-Melting-Pot-6-100x100.webp 100w\" sizes=\"(max-width: 1600px) 100vw, 1600px\" \/><figcaption class=\"wp-element-caption\">Fondoir \u00e0 chocolat<\/figcaption><\/figure>\n<\/div>\n\n\n\n<div class=\"wp-block-column is-layout-flow wp-block-column-is-layout-flow\">\n<figure class=\"wp-block-image size-full\"><img decoding=\"async\" width=\"2400\" height=\"2400\" src=\"https:\/\/www.purecook.com\/wp-content\/uploads\/2025\/03\/Chocolate-Melting-Pot-5.webp\" alt=\"Fondoir \u00e0 chocolat\" class=\"wp-image-3736\" srcset=\"https:\/\/www.purecook.com\/wp-content\/uploads\/2025\/03\/Chocolate-Melting-Pot-5.webp 2400w, https:\/\/www.purecook.com\/wp-content\/uploads\/2025\/03\/Chocolate-Melting-Pot-5-300x300.webp 300w, https:\/\/www.purecook.com\/wp-content\/uploads\/2025\/03\/Chocolate-Melting-Pot-5-150x150.webp 150w, https:\/\/www.purecook.com\/wp-content\/uploads\/2025\/03\/Chocolate-Melting-Pot-5-768x768.webp 768w, https:\/\/www.purecook.com\/wp-content\/uploads\/2025\/03\/Chocolate-Melting-Pot-5-12x12.webp 12w, https:\/\/www.purecook.com\/wp-content\/uploads\/2025\/03\/Chocolate-Melting-Pot-5-600x600.webp 600w, https:\/\/www.purecook.com\/wp-content\/uploads\/2025\/03\/Chocolate-Melting-Pot-5-100x100.webp 100w\" sizes=\"(max-width: 2400px) 100vw, 2400px\" \/><figcaption class=\"wp-element-caption\">Fondoir \u00e0 chocolat<\/figcaption><\/figure>\n<\/div>\n<\/div>","protected":false},"excerpt":{"rendered":"<p>Purecook propose un fondoir \u00e0 chocolat commercial certifi\u00e9 NSF en acier inoxydable 304, con\u00e7u pour les entreprises de boulangerie. Elle est conforme aux normes de la FDA et convient aux chocolateries, aux cha\u00eenes de boulangerie et aux entreprises de transformation des aliments. Contactez-nous pour un devis.<\/p>\n<h2><strong><b>Caract\u00e9ristiques et avantages <\/b><\/strong><strong><b>Fondoir \u00e0 chocolat<\/b><\/strong><\/h2>\n<p><strong>Mat\u00e9riau alimentaire :<\/strong> Le fondoir \u00e0 chocolat est fabriqu\u00e9 en acier inoxydable 304 de 0,5 mm d'\u00e9paisseur, certifi\u00e9 nsf et conforme aux normes de s\u00e9curit\u00e9 alimentaire fda 21 cfr 175.300.<\/p>\n<p><strong>Contr\u00f4le pr\u00e9cis :<\/strong> Le fondoir \u00e0 chocolat est dot\u00e9 d'un bec verseur ergonomique qui offre une pr\u00e9cision au millim\u00e8tre pr\u00e8s, parfaite pour l'enrobage d\u00e9licat du chocolat.<\/p>\n<p><strong>R\u00e9cipient polyvalent :<\/strong> La marmite \u00e0 chocolat ne sert pas qu'\u00e0 faire fondre du chocolat. Il est \u00e9galement id\u00e9al pour chauffer la fondue au fromage, le caramel ou pr\u00e9parer des sauces. Il est indispensable pour les lignes de production de p\u00e2tisseries, les stations de desserts dans les banquets d'h\u00f4tels et les processus d'enrobage de bonbons.<\/p>\n<p><strong>Service \u00e0 faible co\u00fbt :<\/strong> Nous proposons une quantit\u00e9 minimale flexible de seulement 300 pi\u00e8ces, ce qui vous permet de personnaliser votre commande avec des gravures sur mesure (comme votre logo).<\/p>\n<p><a href=\"https:\/\/www.purecook.com\/fr\/custom-solution\/\"><u>Purecook offre des services OEM et ODM \u00e0 ses clients<\/u><u>mis\u00e9 <\/u><u>Fondoir \u00e0 chocolat<\/u><u>\u00a0soluti<\/u><u>sur.<\/u><\/a><\/p>","protected":false},"featured_media":3732,"comment_status":"closed","ping_status":"closed","template":"","meta":{"_acf_changed":false},"product_brand":[],"product_cat":[24,52,76],"product_tag":[],"class_list":{"0":"post-3731","1":"product","2":"type-product","3":"status-publish","4":"has-post-thumbnail","6":"product_cat-cookware","7":"product_cat-kitchen-utensils","8":"product_cat-sauce-pan","10":"first","11":"instock","12":"shipping-taxable","13":"product-type-simple"},"acf":[],"_links":{"self":[{"href":"https:\/\/www.purecook.com\/fr\/wp-json\/wp\/v2\/product\/3731","targetHints":{"allow":["GET"]}}],"collection":[{"href":"https:\/\/www.purecook.com\/fr\/wp-json\/wp\/v2\/product"}],"about":[{"href":"https:\/\/www.purecook.com\/fr\/wp-json\/wp\/v2\/types\/product"}],"replies":[{"embeddable":true,"href":"https:\/\/www.purecook.com\/fr\/wp-json\/wp\/v2\/comments?post=3731"}],"wp:featuredmedia":[{"embeddable":true,"href":"https:\/\/www.purecook.com\/fr\/wp-json\/wp\/v2\/media\/3732"}],"wp:attachment":[{"href":"https:\/\/www.purecook.com\/fr\/wp-json\/wp\/v2\/media?parent=3731"}],"wp:term":[{"taxonomy":"product_brand","embeddable":true,"href":"https:\/\/www.purecook.com\/fr\/wp-json\/wp\/v2\/product_brand?post=3731"},{"taxonomy":"product_cat","embeddable":true,"href":"https:\/\/www.purecook.com\/fr\/wp-json\/wp\/v2\/product_cat?post=3731"},{"taxonomy":"product_tag","embeddable":true,"href":"https:\/\/www.purecook.com\/fr\/wp-json\/wp\/v2\/product_tag?post=3731"}],"curies":[{"name":"wp","href":"https:\/\/api.w.org\/{rel}","templated":true}]}}