{"id":4031,"date":"2025-07-09T09:26:56","date_gmt":"2025-07-07T05:52:18","guid":{"rendered":"https:\/\/www.purecook.com\/?post_type=product&#038;p=4031"},"modified":"2025-07-09T10:01:48","modified_gmt":"2025-07-09T02:01:48","slug":"wholesale-4-piece-outdoor-cookware-set","status":"publish","type":"product","link":"https:\/\/www.purecook.com\/fr\/product\/wholesale-4-piece-outdoor-cookware-set\/","title":{"rendered":"Batterie de cuisine en acier inoxydable 304 pour l'ext\u00e9rieur (4 pi\u00e8ces empilables)"},"content":{"rendered":"<div class=\"wp-block-columns is-layout-flex wp-container-core-columns-is-layout-9d6595d7 wp-block-columns-is-layout-flex\">\n<div class=\"wp-block-column is-layout-flow wp-block-column-is-layout-flow\">\n<h3 class=\"wp-block-heading\">Param\u00e8tres de la batterie de cuisine<\/h3>\n\n\n\n<p><strong>Mat\u00e9riau :<\/strong> Acier inoxydable 304<br><strong>\u00c9paisseur normale :<\/strong> 0,5 mm<br><strong>Taille :<\/strong> Ensemble de 4 pi\u00e8ces<br><strong>capacit\u00e9 : <\/strong>\/<br><strong>Poids : <\/strong>&gt;2,0 kg<br><strong>Logo :<\/strong> Gravure laser\/Tampon en relief<br><strong>MOQ : <\/strong>500 pi\u00e8ces<\/p>\n<\/div>\n\n\n\n<div class=\"wp-block-column is-layout-flow wp-block-column-is-layout-flow\">\n<h3 class=\"wp-block-heading\">Options de batterie de cuisine personnalis\u00e9e<\/h3>\n\n\n\n<p>Logo : personnalisez le logo de votre marque<br>Mat\u00e9riau : Acier inoxydable SUS304\/SUS201<br>Epaisseur du mat\u00e9riau\uff1a0,45\/0,55\/0,6 mm<br>Mat\u00e9riau du couvercle:Style\/Mat\u00e9riau<br>Mat\u00e9riau de la poign\u00e9e : Style\/Mat\u00e9riau<br>Traitement de la surface de contact : non rev\u00eatu \/ rev\u00eatement non adh\u00e9sif<br>emballage : bo\u00eete de couleur\/carton, etc.<br><a href=\"https:\/\/www.purecook.com\/fr\/custom-solution\/\" target=\"_blank\" rel=\"noopener\"><u>Solutions OEM et ODM pour les batteries de cuisine sur mesure<\/u><\/a><\/p>\n<\/div>\n<\/div>\n\n\n\n<div class=\"wp-block-columns is-layout-flex wp-container-core-columns-is-layout-9d6595d7 wp-block-columns-is-layout-flex\">\n<div class=\"wp-block-column is-layout-flow wp-block-column-is-layout-flow\">\n<figure class=\"wp-block-image size-full\"><img decoding=\"async\" width=\"800\" height=\"800\" src=\"https:\/\/www.purecook.com\/wp-content\/uploads\/2025\/07\/Outdoor-304-Stainless-Steel-Cookware-Set-4.webp\" alt=\"Batterie de cuisine en acier inoxydable 304 pour l&#039;ext\u00e9rieur\" class=\"wp-image-4035\" srcset=\"https:\/\/www.purecook.com\/wp-content\/uploads\/2025\/07\/Outdoor-304-Stainless-Steel-Cookware-Set-4.webp 800w, https:\/\/www.purecook.com\/wp-content\/uploads\/2025\/07\/Outdoor-304-Stainless-Steel-Cookware-Set-4-300x300.webp 300w, https:\/\/www.purecook.com\/wp-content\/uploads\/2025\/07\/Outdoor-304-Stainless-Steel-Cookware-Set-4-150x150.webp 150w, https:\/\/www.purecook.com\/wp-content\/uploads\/2025\/07\/Outdoor-304-Stainless-Steel-Cookware-Set-4-768x768.webp 768w, https:\/\/www.purecook.com\/wp-content\/uploads\/2025\/07\/Outdoor-304-Stainless-Steel-Cookware-Set-4-12x12.webp 12w, https:\/\/www.purecook.com\/wp-content\/uploads\/2025\/07\/Outdoor-304-Stainless-Steel-Cookware-Set-4-600x600.webp 600w, https:\/\/www.purecook.com\/wp-content\/uploads\/2025\/07\/Outdoor-304-Stainless-Steel-Cookware-Set-4-100x100.webp 100w\" sizes=\"(max-width: 800px) 100vw, 800px\" \/><figcaption class=\"wp-element-caption\">Batterie de cuisine en acier inoxydable 304 pour l'ext\u00e9rieur<\/figcaption><\/figure>\n<\/div>\n\n\n\n<div class=\"wp-block-column is-layout-flow wp-block-column-is-layout-flow\">\n<figure class=\"wp-block-image size-full\"><img decoding=\"async\" width=\"800\" height=\"800\" src=\"https:\/\/www.purecook.com\/wp-content\/uploads\/2025\/07\/Outdoor-304-Stainless-Steel-Cookware-Set-3.webp\" alt=\"Batterie de cuisine en acier inoxydable 304 pour l&#039;ext\u00e9rieur\" class=\"wp-image-4034\" srcset=\"https:\/\/www.purecook.com\/wp-content\/uploads\/2025\/07\/Outdoor-304-Stainless-Steel-Cookware-Set-3.webp 800w, https:\/\/www.purecook.com\/wp-content\/uploads\/2025\/07\/Outdoor-304-Stainless-Steel-Cookware-Set-3-300x300.webp 300w, https:\/\/www.purecook.com\/wp-content\/uploads\/2025\/07\/Outdoor-304-Stainless-Steel-Cookware-Set-3-150x150.webp 150w, https:\/\/www.purecook.com\/wp-content\/uploads\/2025\/07\/Outdoor-304-Stainless-Steel-Cookware-Set-3-768x768.webp 768w, https:\/\/www.purecook.com\/wp-content\/uploads\/2025\/07\/Outdoor-304-Stainless-Steel-Cookware-Set-3-12x12.webp 12w, https:\/\/www.purecook.com\/wp-content\/uploads\/2025\/07\/Outdoor-304-Stainless-Steel-Cookware-Set-3-600x600.webp 600w, https:\/\/www.purecook.com\/wp-content\/uploads\/2025\/07\/Outdoor-304-Stainless-Steel-Cookware-Set-3-100x100.webp 100w\" sizes=\"(max-width: 800px) 100vw, 800px\" \/><figcaption class=\"wp-element-caption\">Batterie de cuisine en acier inoxydable 304 pour l'ext\u00e9rieur<\/figcaption><\/figure>\n<\/div>\n<\/div>","protected":false},"excerpt":{"rendered":"<p class=\"p1\">Cet ensemble d'ustensiles de cuisine d'ext\u00e9rieur de quatre pi\u00e8ces comprend une marmite \u00e0 soupe, une marmite de transport, une po\u00eale \u00e0 frire et une bouilloire. Elle est fabriqu\u00e9e en acier inoxydable 304 de qualit\u00e9 alimentaire avec une surface polie, empilable, durable et compatible avec les flammes nues, les po\u00eales en c\u00e9ramique et les cuisini\u00e8res \u00e0 induction. <strong>Contactez-nous pour obtenir des prix de gros.<\/strong><\/p>\n<h2><strong><b>Caract\u00e9ristiques de la batterie de cuisine pour l'ext\u00e9rieur<\/b><\/strong><\/h2>\n<p><strong>Acier inoxydable 304 de haute qualit\u00e9 :<\/strong> La batterie de cuisine est fabriqu\u00e9e en acier inoxydable 304 de qualit\u00e9 alimentaire de haute qualit\u00e9 avec une surface polie, qui est s\u00fbre pour le contact avec les aliments, pr\u00e9sente une excellente r\u00e9sistance \u00e0 la rouille et une durabilit\u00e9 \u00e0 long terme, et convient \u00e0 une utilisation en ext\u00e9rieur.<\/p>\n<p><strong>Ensemble complet de 4 pi\u00e8ces :<\/strong> La batterie de cuisine quatre pi\u00e8ces comprend une marmite \u00e0 soupe, une marmite portable, une po\u00eale \u00e0 frire et une bouilloire pour r\u00e9pondre aux diff\u00e9rents besoins de la cuisine en plein air. Elle permet de faire bouillir, de frire, de chauffer et de servir.<\/p>\n<p><strong>Conception empilable et portable :<\/strong> La conception empilable permet d'\u00e9conomiser de l'espace de stockage et est facile \u00e0 transporter, ce qui en fait un sac \u00e0 dos compact id\u00e9al pour les activit\u00e9s de plein air.<\/p>\n<p><strong>Compatible avec plusieurs sources de chaleur :<\/strong> Le fond de l'ustensile est con\u00e7u pour r\u00e9sister aux temp\u00e9ratures \u00e9lev\u00e9es et est compatible avec les cuisini\u00e8res \u00e0 flamme nue, les cuisini\u00e8res \u00e0 induction et les cuisini\u00e8res \u00e9lectriques en c\u00e9ramique, ce qui en fait un choix id\u00e9al pour la cuisine moderne ou traditionnelle en plein air.<\/p>\n<p><strong>Enti\u00e8rement personnalisable pour les acheteurs B2B :<\/strong> Les options de personnalisation l\u00e9g\u00e8re comprennent la personnalisation des logos de la marque et des styles d'emballage ; la personnalisation approfondie couvre les formes de pots, les mat\u00e9riaux du corps du pot, les types de poign\u00e9es, les traitements de surface, etc.<\/p>\n<p><a href=\"https:\/\/www.purecook.com\/fr\/custom-solution\/\" target=\"_blank\" rel=\"noopener\"><u>Purecook propose des produits personnalis\u00e9s OEM et ODM.<\/u><u>\u00a0c<\/u><u>Ensemble d'ustensiles de cuisine<\/u><u>\u00a0solu<\/u><u>tions.<\/u><\/a><\/p>","protected":false},"featured_media":4036,"comment_status":"closed","ping_status":"closed","template":"","meta":{"_acf_changed":false},"product_brand":[],"product_cat":[69,24],"product_tag":[96],"class_list":{"0":"post-4031","1":"product","2":"type-product","3":"status-publish","4":"has-post-thumbnail","6":"product_cat-cookware-sets","7":"product_cat-cookware","8":"product_tag-wholesale-outdoor-cookware","10":"first","11":"instock","12":"shipping-taxable","13":"product-type-simple"},"acf":[],"_links":{"self":[{"href":"https:\/\/www.purecook.com\/fr\/wp-json\/wp\/v2\/product\/4031","targetHints":{"allow":["GET"]}}],"collection":[{"href":"https:\/\/www.purecook.com\/fr\/wp-json\/wp\/v2\/product"}],"about":[{"href":"https:\/\/www.purecook.com\/fr\/wp-json\/wp\/v2\/types\/product"}],"replies":[{"embeddable":true,"href":"https:\/\/www.purecook.com\/fr\/wp-json\/wp\/v2\/comments?post=4031"}],"wp:featuredmedia":[{"embeddable":true,"href":"https:\/\/www.purecook.com\/fr\/wp-json\/wp\/v2\/media\/4036"}],"wp:attachment":[{"href":"https:\/\/www.purecook.com\/fr\/wp-json\/wp\/v2\/media?parent=4031"}],"wp:term":[{"taxonomy":"product_brand","embeddable":true,"href":"https:\/\/www.purecook.com\/fr\/wp-json\/wp\/v2\/product_brand?post=4031"},{"taxonomy":"product_cat","embeddable":true,"href":"https:\/\/www.purecook.com\/fr\/wp-json\/wp\/v2\/product_cat?post=4031"},{"taxonomy":"product_tag","embeddable":true,"href":"https:\/\/www.purecook.com\/fr\/wp-json\/wp\/v2\/product_tag?post=4031"}],"curies":[{"name":"wp","href":"https:\/\/api.w.org\/{rel}","templated":true}]}}