{"id":4044,"date":"2025-02-26T10:54:00","date_gmt":"2025-02-26T02:54:00","guid":{"rendered":"https:\/\/www.purecook.com\/?post_type=product&#038;p=4044"},"modified":"2025-07-23T18:33:16","modified_gmt":"2025-07-23T10:33:16","slug":"wholesale-3-tier-stainless-steel-steamer-pots","status":"publish","type":"product","link":"https:\/\/www.purecook.com\/fr\/product\/wholesale-3-tier-stainless-steel-steamer-pots\/","title":{"rendered":"Vente en gros de marmites \u00e0 vapeur \u00e0 3 \u00e9tages - Mat\u00e9riau SUS304 de qualit\u00e9 alimentaire"},"content":{"rendered":"<div class=\"wp-block-columns is-layout-flex wp-container-core-columns-is-layout-9d6595d7 wp-block-columns-is-layout-flex\">\n<div class=\"wp-block-column is-layout-flow wp-block-column-is-layout-flow\">\n<h3 class=\"wp-block-heading\">Param\u00e8tres de la marmite \u00e0 vapeur \u00e0 3 \u00e9tages<\/h3>\n\n\n\n<p><strong>Mat\u00e9riau :<\/strong> Acier inoxydable 304<br><strong>\u00c9paisseur normale :<\/strong> 2,2 mm<br><strong>Taille :<\/strong> 32cm<br><strong>capacit\u00e9 : <\/strong>\/<br><strong>Poids :<\/strong> &gt;1,50 kg<br><strong>Logo :<\/strong> Gravure laser\/Tampon en relief<br><strong>MOQ : <\/strong>500 pi\u00e8ces<\/p>\n<\/div>\n\n\n\n<div class=\"wp-block-column is-layout-flow wp-block-column-is-layout-flow\">\n<h3 class=\"wp-block-heading\">Options de la marmite \u00e0 vapeur personnalis\u00e9e<\/h3>\n\n\n\n<p><strong>Logo : <\/strong>Personnalisez le logo de votre marque<br><strong>Mat\u00e9riau : <\/strong>Triple acier inoxydable \/ SUS304 \/ SUS201 \/ SUS316<br><strong>\u00c9paisseur du mat\u00e9riau : <\/strong>2.0\/2.3\/2.5\/2.8mm<br><strong>Mat\u00e9riau du couvercle : <\/strong> Style \/ Mati\u00e8re<br><strong>Mat\u00e9riau du manche :<\/strong> Style \/ Mati\u00e8re<br><strong>Contact Traitement de surface :<\/strong> Rev\u00eatement non enduit\/non adh\u00e9rent<br><strong>Emballage :<\/strong> bo\u00eete\/carton de couleur, etc.<br><a href=\"https:\/\/www.purecook.com\/fr\/custom-solution\/\" target=\"_blank\" rel=\"noopener\"><u>Solutions personnalis\u00e9es OEM et ODM pour les cuiseurs \u00e0 vapeur<\/u><\/a><\/p>\n<\/div>\n<\/div>\n\n\n\n<div class=\"wp-block-columns is-layout-flex wp-container-core-columns-is-layout-9d6595d7 wp-block-columns-is-layout-flex\">\n<div class=\"wp-block-column is-layout-flow wp-block-column-is-layout-flow\"><div class=\"wp-block-image\">\n<figure class=\"aligncenter size-full\"><img decoding=\"async\" width=\"800\" height=\"800\" src=\"https:\/\/www.purecook.com\/wp-content\/uploads\/2025\/07\/304-triple-stainless-steel-steamer-pot-5.webp\" alt=\"Marmite \u00e0 vapeur en acier inoxydable 304 triple\" class=\"wp-image-4043\" srcset=\"https:\/\/www.purecook.com\/wp-content\/uploads\/2025\/07\/304-triple-stainless-steel-steamer-pot-5.webp 800w, https:\/\/www.purecook.com\/wp-content\/uploads\/2025\/07\/304-triple-stainless-steel-steamer-pot-5-300x300.webp 300w, https:\/\/www.purecook.com\/wp-content\/uploads\/2025\/07\/304-triple-stainless-steel-steamer-pot-5-150x150.webp 150w, https:\/\/www.purecook.com\/wp-content\/uploads\/2025\/07\/304-triple-stainless-steel-steamer-pot-5-768x768.webp 768w, https:\/\/www.purecook.com\/wp-content\/uploads\/2025\/07\/304-triple-stainless-steel-steamer-pot-5-12x12.webp 12w, https:\/\/www.purecook.com\/wp-content\/uploads\/2025\/07\/304-triple-stainless-steel-steamer-pot-5-600x600.webp 600w, https:\/\/www.purecook.com\/wp-content\/uploads\/2025\/07\/304-triple-stainless-steel-steamer-pot-5-100x100.webp 100w\" sizes=\"(max-width: 800px) 100vw, 800px\" \/><figcaption class=\"wp-element-caption\">Marmite \u00e0 vapeur en acier inoxydable 304 triple<\/figcaption><\/figure>\n<\/div><\/div>\n\n\n\n<div class=\"wp-block-column is-layout-flow wp-block-column-is-layout-flow\"><div class=\"wp-block-image\">\n<figure class=\"aligncenter size-full\"><img decoding=\"async\" width=\"1600\" height=\"1600\" src=\"https:\/\/www.purecook.com\/wp-content\/uploads\/2025\/07\/304-triple-stainless-steel-steamer-pot-4.webp\" alt=\"Marmite \u00e0 vapeur en acier inoxydable 304 triple\" class=\"wp-image-4042\" srcset=\"https:\/\/www.purecook.com\/wp-content\/uploads\/2025\/07\/304-triple-stainless-steel-steamer-pot-4.webp 1600w, https:\/\/www.purecook.com\/wp-content\/uploads\/2025\/07\/304-triple-stainless-steel-steamer-pot-4-300x300.webp 300w, https:\/\/www.purecook.com\/wp-content\/uploads\/2025\/07\/304-triple-stainless-steel-steamer-pot-4-150x150.webp 150w, https:\/\/www.purecook.com\/wp-content\/uploads\/2025\/07\/304-triple-stainless-steel-steamer-pot-4-768x768.webp 768w, https:\/\/www.purecook.com\/wp-content\/uploads\/2025\/07\/304-triple-stainless-steel-steamer-pot-4-12x12.webp 12w, https:\/\/www.purecook.com\/wp-content\/uploads\/2025\/07\/304-triple-stainless-steel-steamer-pot-4-600x600.webp 600w, https:\/\/www.purecook.com\/wp-content\/uploads\/2025\/07\/304-triple-stainless-steel-steamer-pot-4-100x100.webp 100w\" sizes=\"(max-width: 1600px) 100vw, 1600px\" \/><figcaption class=\"wp-element-caption\">Marmite \u00e0 vapeur en acier inoxydable 304 triple<\/figcaption><\/figure>\n<\/div><\/div>\n<\/div>","protected":false},"excerpt":{"rendered":"<p>Vente en gros de marmites \u00e0 vapeur en acier inoxydable \u00e0 3 niveaux. Fabriqu\u00e9es en acier inoxydable 304 de qualit\u00e9 alimentaire, avec un couvercle brevet\u00e9 \u00e0 haute arche et des poign\u00e9es ergonomiques. Permet une cuisson efficace \u00e0 plusieurs niveaux. Contactez-nous pour un devis.<\/p>\n<h2><strong><b>Caract\u00e9ristiques de la marmite \u00e0 vapeur \u00e0 3 \u00e9tages<\/b><\/strong><\/h2>\n<p><strong>Syst\u00e8me de vaporisation modulaire \u00e0 trois niveaux :<\/strong> La marmite \u00e0 vapeur est fabriqu\u00e9e en acier inoxydable SUS304 de qualit\u00e9 alimentaire et contient trois grilles de cuisson amovibles qui peuvent \u00eatre empil\u00e9es pour une capacit\u00e9 de cuisson maximale.<\/p>\n<p><strong>Couvercle \u00e0 arche haute :<\/strong> La marmite \u00e0 vapeur a 20% plus d'espace qu'une marmite \u00e0 vapeur standard, ce qui permet de cuire \u00e0 la vapeur des aliments de grande taille ou hauts.<\/p>\n<p><strong>Poign\u00e9e ergonomique :<\/strong> Avec une poign\u00e9e courb\u00e9e en forme d'oreille, elle est ergonomique, permet d'\u00e9conomiser de la main d'\u0153uvre et accro\u00eet la s\u00e9curit\u00e9.<\/p>\n<p><strong>Service de vente en gros d'ustensiles de cuisine :<\/strong> Nous vous proposons des solutions de vente en gros d'ustensiles de cuisine \u00e0 des prix d'usine pour vous aider \u00e0 faire plus de profits. Ces solutions conviennent aux distributeurs, aux d\u00e9taillants et aux grossistes.<\/p>\n<p><a href=\"https:\/\/www.purecook.com\/fr\/custom-solution\/\"><u>Purecook propose des produits personnalis\u00e9s OEM et ODM.<\/u><u> ustensiles de cuisine<\/u><u>\u00a0solu<\/u><u>tions.<\/u><\/a><\/p>","protected":false},"featured_media":4040,"comment_status":"closed","ping_status":"closed","template":"","meta":{"_acf_changed":false},"product_brand":[],"product_cat":[24,70,79],"product_tag":[98],"class_list":{"0":"post-4044","1":"product","2":"type-product","3":"status-publish","4":"has-post-thumbnail","6":"product_cat-cookware","7":"product_cat-soup-and-stock-pots","8":"product_cat-steamer-pot","9":"product_tag-wholesale-home-cookware","11":"first","12":"instock","13":"shipping-taxable","14":"product-type-simple"},"acf":[],"_links":{"self":[{"href":"https:\/\/www.purecook.com\/fr\/wp-json\/wp\/v2\/product\/4044","targetHints":{"allow":["GET"]}}],"collection":[{"href":"https:\/\/www.purecook.com\/fr\/wp-json\/wp\/v2\/product"}],"about":[{"href":"https:\/\/www.purecook.com\/fr\/wp-json\/wp\/v2\/types\/product"}],"replies":[{"embeddable":true,"href":"https:\/\/www.purecook.com\/fr\/wp-json\/wp\/v2\/comments?post=4044"}],"wp:featuredmedia":[{"embeddable":true,"href":"https:\/\/www.purecook.com\/fr\/wp-json\/wp\/v2\/media\/4040"}],"wp:attachment":[{"href":"https:\/\/www.purecook.com\/fr\/wp-json\/wp\/v2\/media?parent=4044"}],"wp:term":[{"taxonomy":"product_brand","embeddable":true,"href":"https:\/\/www.purecook.com\/fr\/wp-json\/wp\/v2\/product_brand?post=4044"},{"taxonomy":"product_cat","embeddable":true,"href":"https:\/\/www.purecook.com\/fr\/wp-json\/wp\/v2\/product_cat?post=4044"},{"taxonomy":"product_tag","embeddable":true,"href":"https:\/\/www.purecook.com\/fr\/wp-json\/wp\/v2\/product_tag?post=4044"}],"curies":[{"name":"wp","href":"https:\/\/api.w.org\/{rel}","templated":true}]}}