{"id":4074,"date":"2025-07-09T16:55:07","date_gmt":"2025-07-07T08:31:04","guid":{"rendered":"https:\/\/www.purecook.com\/?post_type=product&#038;p=4074"},"modified":"2025-07-09T17:28:06","modified_gmt":"2025-07-09T09:28:06","slug":"wholesale-stainless-steel-kneading-boards","status":"publish","type":"product","link":"https:\/\/www.purecook.com\/fr\/product\/wholesale-stainless-steel-kneading-boards\/","title":{"rendered":"Planches \u00e0 p\u00e9trir en gros en acier inoxydable 304"},"content":{"rendered":"<div class=\"wp-block-columns is-layout-flex wp-container-core-columns-is-layout-9d6595d7 wp-block-columns-is-layout-flex\">\n<div class=\"wp-block-column is-layout-flow wp-block-column-is-layout-flow\">\n<h3 class=\"wp-block-heading\">Param\u00e8tres de la planche \u00e0 p\u00e9trir en acier inoxydable<\/h3>\n\n\n\n<p><strong>Mat\u00e9riau :<\/strong> Acier inoxydable 304<br><strong>\u00c9paisseur normale :<\/strong> 0,5 mm<br><strong>Taille : <\/strong>50cm X40cm\/70cm X40cm<br><strong>capacit\u00e9 :<\/strong> \/<br><strong>Poids :<\/strong> &gt;1,50 kg<br><strong>Logo : <\/strong>Gravure laser\/Tampon en relief<br><strong>MOQ :<\/strong> 500 pi\u00e8ces<\/p>\n<\/div>\n\n\n\n<div class=\"wp-block-column is-layout-flow wp-block-column-is-layout-flow\">\n<h3 class=\"wp-block-heading\">Planche \u00e0 p\u00e9trir en acier sur mesure Options<\/h3>\n\n\n\n<p><strong>Logo :<\/strong> Personnalisez le logo de votre marque<br><strong>Mat\u00e9riau :<\/strong> Acier inoxydable SUS304\/SUS201\/SUS\/316<br><strong>\u00c9paisseur du mat\u00e9riau :<\/strong> 0,5 mm<br><strong>Mat\u00e9riau du couvercle :<\/strong> Style\/Mat\u00e9riau<br><strong>Mat\u00e9riau du manche : <\/strong>Style\/Mat\u00e9riau<br><strong>Contact Traitement de surface :<\/strong> Rev\u00eatement non enduit\/non adh\u00e9rent<br><strong>Paquet :<\/strong> bo\u00eete\/carton de couleur, etc.<br><a href=\"https:\/\/www.purecook.com\/fr\/custom-solution\/\" target=\"_blank\" rel=\"noopener\"><u>Solutions OEM et ODM pour les planches \u00e0 p\u00e9trir en acier sur mesure<\/u><\/a><\/p>\n<\/div>\n<\/div>\n\n\n\n<div class=\"wp-block-columns is-layout-flex wp-container-core-columns-is-layout-9d6595d7 wp-block-columns-is-layout-flex\">\n<div class=\"wp-block-column is-layout-flow wp-block-column-is-layout-flow\">\n<figure class=\"wp-block-image size-full\"><img decoding=\"async\" width=\"800\" height=\"800\" src=\"https:\/\/www.purecook.com\/wp-content\/uploads\/2025\/07\/304-stainless-steel-kneading-board-2.webp\" alt=\"\" class=\"wp-image-4075\" srcset=\"https:\/\/www.purecook.com\/wp-content\/uploads\/2025\/07\/304-stainless-steel-kneading-board-2.webp 800w, https:\/\/www.purecook.com\/wp-content\/uploads\/2025\/07\/304-stainless-steel-kneading-board-2-300x300.webp 300w, https:\/\/www.purecook.com\/wp-content\/uploads\/2025\/07\/304-stainless-steel-kneading-board-2-150x150.webp 150w, https:\/\/www.purecook.com\/wp-content\/uploads\/2025\/07\/304-stainless-steel-kneading-board-2-768x768.webp 768w, https:\/\/www.purecook.com\/wp-content\/uploads\/2025\/07\/304-stainless-steel-kneading-board-2-12x12.webp 12w, https:\/\/www.purecook.com\/wp-content\/uploads\/2025\/07\/304-stainless-steel-kneading-board-2-600x600.webp 600w, https:\/\/www.purecook.com\/wp-content\/uploads\/2025\/07\/304-stainless-steel-kneading-board-2-100x100.webp 100w\" sizes=\"(max-width: 800px) 100vw, 800px\" \/><figcaption class=\"wp-element-caption\">Planche \u00e0 p\u00e9trir en acier inoxydable 304<\/figcaption><\/figure>\n<\/div>\n\n\n\n<div class=\"wp-block-column is-layout-flow wp-block-column-is-layout-flow\">\n<figure class=\"wp-block-image size-full\"><img decoding=\"async\" width=\"800\" height=\"800\" src=\"https:\/\/www.purecook.com\/wp-content\/uploads\/2025\/07\/304-stainless-steel-kneading-board-5.webp\" alt=\"\" class=\"wp-image-4076\" srcset=\"https:\/\/www.purecook.com\/wp-content\/uploads\/2025\/07\/304-stainless-steel-kneading-board-5.webp 800w, https:\/\/www.purecook.com\/wp-content\/uploads\/2025\/07\/304-stainless-steel-kneading-board-5-300x300.webp 300w, https:\/\/www.purecook.com\/wp-content\/uploads\/2025\/07\/304-stainless-steel-kneading-board-5-150x150.webp 150w, https:\/\/www.purecook.com\/wp-content\/uploads\/2025\/07\/304-stainless-steel-kneading-board-5-768x768.webp 768w, https:\/\/www.purecook.com\/wp-content\/uploads\/2025\/07\/304-stainless-steel-kneading-board-5-12x12.webp 12w, https:\/\/www.purecook.com\/wp-content\/uploads\/2025\/07\/304-stainless-steel-kneading-board-5-600x600.webp 600w, https:\/\/www.purecook.com\/wp-content\/uploads\/2025\/07\/304-stainless-steel-kneading-board-5-100x100.webp 100w\" sizes=\"(max-width: 800px) 100vw, 800px\" \/><figcaption class=\"wp-element-caption\">Planche \u00e0 p\u00e9trir en acier inoxydable 304<\/figcaption><\/figure>\n<\/div>\n<\/div>","protected":false},"excerpt":{"rendered":"<p>Les planches \u00e0 p\u00e9trir en gros en acier inoxydable 304 allient fonctionnalit\u00e9 et amusement, avec des motifs de visages d'ours mignons, un mat\u00e9riau s\u00fbr pour les b\u00e9b\u00e9s, des bords antid\u00e9rapants et des graduations pr\u00e9cises. La planche \u00e0 p\u00e9trir en acier inoxydable 304 est un outil durable et polyvalent indispensable pour cuisiner, p\u00e9trir ou trancher. Elle convient aux cuisines modernes et aux cuisines pour enfants.<\/p>\n<h2>Caract\u00e9ristiques de la planche \u00e0 p\u00e9trir en acier inoxydable<\/h2>\n<p><strong>Mat\u00e9riau de qualit\u00e9 alimentaire :<\/strong> La planche en acier inoxydable est fabriqu\u00e9e en acier inoxydable 304 de haute qualit\u00e9, qui pr\u00e9sente une bonne r\u00e9sistance \u00e0 la corrosion et \u00e0 la rouille, et peut \u00eatre mise en contact avec des aliments au quotidien.<\/p>\n<p><strong>Design unique et amusant :<\/strong> La planche en acier inoxydable est orn\u00e9e d'un mignon visage d'ours, ce qui renforce le plaisir de la cuisine, inspire la cr\u00e9ativit\u00e9 et ajoute de la chaleur \u00e0 votre exp\u00e9rience de la cuisine et de la p\u00e2tisserie, et convient particuli\u00e8rement aux familles avec enfants.<\/p>\n<p><strong>Mesure de pr\u00e9cision :<\/strong> La planche en acier inoxydable est dot\u00e9e d'un bon syst\u00e8me de graduation et l'anneau de mesure circulaire int\u00e9gr\u00e9 permet de fa\u00e7onner et de dimensionner la p\u00e2te avec pr\u00e9cision. La r\u00e8gle droite int\u00e9gr\u00e9e situ\u00e9e en dessous est parfaite pour mesurer la longueur des tranches ou des p\u00e2tisseries.<\/p>\n<p><strong>Entretien facile :<\/strong> La performance antiadh\u00e9sive facilite la manipulation de la p\u00e2te et le nettoyage, et il suffit de rincer ou d'essuyer apr\u00e8s utilisation, ce qui rend le nettoyage sans effort.<\/p>\n<p><strong>Large \u00e9ventail d'utilisations dans la cuisine :<\/strong> La planche en acier inoxydable est parfaite pour le p\u00e9trissage, la pr\u00e9paration des p\u00e2tisseries, le fa\u00e7onnage de la p\u00e2te, le d\u00e9coupage, etc.<\/p>\n<p><a href=\"https:\/\/www.purecook.com\/fr\/custom-solution\/\"><u>Purecook propose des produits personnalis\u00e9s OEM et ODM.<\/u><u> planche \u00e0 p\u00e9trir <\/u><u>solu<\/u><u>tions.<\/u><\/a><\/p>","protected":false},"featured_media":4082,"comment_status":"closed","ping_status":"closed","template":"","meta":{"_acf_changed":false},"product_brand":[],"product_cat":[52,67],"product_tag":[98],"class_list":{"0":"post-4074","1":"product","2":"type-product","3":"status-publish","4":"has-post-thumbnail","6":"product_cat-kitchen-utensils","7":"product_cat-cutting-board","8":"product_tag-wholesale-home-cookware","10":"first","11":"instock","12":"shipping-taxable","13":"product-type-simple"},"acf":[],"_links":{"self":[{"href":"https:\/\/www.purecook.com\/fr\/wp-json\/wp\/v2\/product\/4074","targetHints":{"allow":["GET"]}}],"collection":[{"href":"https:\/\/www.purecook.com\/fr\/wp-json\/wp\/v2\/product"}],"about":[{"href":"https:\/\/www.purecook.com\/fr\/wp-json\/wp\/v2\/types\/product"}],"replies":[{"embeddable":true,"href":"https:\/\/www.purecook.com\/fr\/wp-json\/wp\/v2\/comments?post=4074"}],"wp:featuredmedia":[{"embeddable":true,"href":"https:\/\/www.purecook.com\/fr\/wp-json\/wp\/v2\/media\/4082"}],"wp:attachment":[{"href":"https:\/\/www.purecook.com\/fr\/wp-json\/wp\/v2\/media?parent=4074"}],"wp:term":[{"taxonomy":"product_brand","embeddable":true,"href":"https:\/\/www.purecook.com\/fr\/wp-json\/wp\/v2\/product_brand?post=4074"},{"taxonomy":"product_cat","embeddable":true,"href":"https:\/\/www.purecook.com\/fr\/wp-json\/wp\/v2\/product_cat?post=4074"},{"taxonomy":"product_tag","embeddable":true,"href":"https:\/\/www.purecook.com\/fr\/wp-json\/wp\/v2\/product_tag?post=4074"}],"curies":[{"name":"wp","href":"https:\/\/api.w.org\/{rel}","templated":true}]}}