{"id":4083,"date":"2025-07-09T10:06:21","date_gmt":"2025-07-07T09:29:21","guid":{"rendered":"https:\/\/www.purecook.com\/?post_type=product&#038;p=4083"},"modified":"2025-07-09T10:49:02","modified_gmt":"2025-07-09T02:49:02","slug":"wholesale-stainless-steel-cold-water-kettle","status":"publish","type":"product","link":"https:\/\/www.purecook.com\/fr\/product\/wholesale-stainless-steel-cold-water-kettle\/","title":{"rendered":"Bouilloire d'eau froide en acier inoxydable 201 (vente en gros)"},"content":{"rendered":"<div class=\"wp-block-columns is-layout-flex wp-container-core-columns-is-layout-9d6595d7 wp-block-columns-is-layout-flex\">\n<div class=\"wp-block-column is-layout-flow wp-block-column-is-layout-flow\">\n<h3 class=\"wp-block-heading\">Param\u00e8tres de la bouilloire d'eau froide en acier<\/h3>\n\n\n\n<p><strong>Mat\u00e9riau : <\/strong>Acier inoxydable 201<br><strong>\u00c9paisseur normale : <\/strong>0,5 mm<br><strong>Taille :<\/strong> 1.6L<br><strong>capacit\u00e9 :<\/strong> \/<br><strong>Poids :<\/strong> &gt;1,50 kg<br><strong>Logo :<\/strong> Gravure laser\/Tampon en relief<br><strong>MOQ :<\/strong> 500 pi\u00e8ces<\/p>\n<\/div>\n\n\n\n<div class=\"wp-block-column is-layout-flow wp-block-column-is-layout-flow\">\n<h3 class=\"wp-block-heading\">Bouilloire d'eau froide en acier personnalis\u00e9e<\/h3>\n\n\n\n<p><strong>Logo :<\/strong> personnaliser le logo de votre marque<br><strong>Mat\u00e9riau :<\/strong> Acier inoxydable SUS201<br><strong>\u00c9paisseur du mat\u00e9riau :<\/strong> 0,5 mm<br><strong>Mat\u00e9riau du couvercle :<\/strong> Style\/Mat\u00e9riau<br><strong>Mat\u00e9riau du manche :<\/strong> Style\/Mat\u00e9riau<br><strong>Contact Traitement de surface :<\/strong> Rev\u00eatement non enduit\/non adh\u00e9rent<br><strong>Emballage :<\/strong> bo\u00eete\/carton de couleur, etc.<br><a href=\"https:\/\/www.purecook.com\/fr\/custom-solution\/\" target=\"_blank\" rel=\"noopener\"><u>Solutions OEM et ODM de bouilloires d'eau froide en acier inoxydable sur mesure<\/u><\/a><\/p>\n<\/div>\n<\/div>\n\n\n\n<div class=\"wp-block-columns is-layout-flex wp-container-core-columns-is-layout-9d6595d7 wp-block-columns-is-layout-flex\">\n<div class=\"wp-block-column is-layout-flow wp-block-column-is-layout-flow\">\n<figure class=\"wp-block-image size-full\"><img decoding=\"async\" width=\"2643\" height=\"2643\" src=\"https:\/\/www.purecook.com\/wp-content\/uploads\/2025\/07\/201-Stainless-Steel-Cold-Water-Kettle-2.webp\" alt=\"\" class=\"wp-image-4084\" srcset=\"https:\/\/www.purecook.com\/wp-content\/uploads\/2025\/07\/201-Stainless-Steel-Cold-Water-Kettle-2.webp 2643w, https:\/\/www.purecook.com\/wp-content\/uploads\/2025\/07\/201-Stainless-Steel-Cold-Water-Kettle-2-300x300.webp 300w, https:\/\/www.purecook.com\/wp-content\/uploads\/2025\/07\/201-Stainless-Steel-Cold-Water-Kettle-2-150x150.webp 150w, https:\/\/www.purecook.com\/wp-content\/uploads\/2025\/07\/201-Stainless-Steel-Cold-Water-Kettle-2-768x768.webp 768w, https:\/\/www.purecook.com\/wp-content\/uploads\/2025\/07\/201-Stainless-Steel-Cold-Water-Kettle-2-12x12.webp 12w, https:\/\/www.purecook.com\/wp-content\/uploads\/2025\/07\/201-Stainless-Steel-Cold-Water-Kettle-2-600x600.webp 600w, https:\/\/www.purecook.com\/wp-content\/uploads\/2025\/07\/201-Stainless-Steel-Cold-Water-Kettle-2-100x100.webp 100w\" sizes=\"(max-width: 2643px) 100vw, 2643px\" \/><figcaption class=\"wp-element-caption\">Bouilloire d'eau froide en acier inoxydable 304<\/figcaption><\/figure>\n<\/div>\n\n\n\n<div class=\"wp-block-column is-layout-flow wp-block-column-is-layout-flow\">\n<figure class=\"wp-block-image size-full\"><img decoding=\"async\" width=\"3060\" height=\"3060\" src=\"https:\/\/www.purecook.com\/wp-content\/uploads\/2025\/07\/201-Stainless-Steel-Cold-Water-Kettle-1.webp\" alt=\"\" class=\"wp-image-4085\" srcset=\"https:\/\/www.purecook.com\/wp-content\/uploads\/2025\/07\/201-Stainless-Steel-Cold-Water-Kettle-1.webp 3060w, https:\/\/www.purecook.com\/wp-content\/uploads\/2025\/07\/201-Stainless-Steel-Cold-Water-Kettle-1-300x300.webp 300w, https:\/\/www.purecook.com\/wp-content\/uploads\/2025\/07\/201-Stainless-Steel-Cold-Water-Kettle-1-150x150.webp 150w, https:\/\/www.purecook.com\/wp-content\/uploads\/2025\/07\/201-Stainless-Steel-Cold-Water-Kettle-1-768x768.webp 768w, https:\/\/www.purecook.com\/wp-content\/uploads\/2025\/07\/201-Stainless-Steel-Cold-Water-Kettle-1-12x12.webp 12w, https:\/\/www.purecook.com\/wp-content\/uploads\/2025\/07\/201-Stainless-Steel-Cold-Water-Kettle-1-600x600.webp 600w, https:\/\/www.purecook.com\/wp-content\/uploads\/2025\/07\/201-Stainless-Steel-Cold-Water-Kettle-1-100x100.webp 100w\" sizes=\"(max-width: 3060px) 100vw, 3060px\" \/><figcaption class=\"wp-element-caption\">Bouilloire d'eau froide en acier inoxydable 304<\/figcaption><\/figure>\n<\/div>\n<\/div>","protected":false},"excerpt":{"rendered":"<p>Cette bouteille d'eau froide de 1,6 litre est fabriqu\u00e9e en acier inoxydable 201, avec une poign\u00e9e facile \u00e0 saisir, un couvercle \u00e0 ouverture unique et un joint en silicone pour \u00e9viter les d\u00e9versements. Peut \u00eatre utilis\u00e9e pour stocker de l'eau, du th\u00e9, du caf\u00e9, etc. Contactez-nous pour un devis en gros.<\/p>\n<h2>Caract\u00e9ristiques de la bouilloire d'eau froide<\/h2>\n<p><strong>Construction durable en acier inoxydable 201 :<\/strong> La bouilloire d'eau froide est fabriqu\u00e9e en acier inoxydable SUS201 de qualit\u00e9 alimentaire, r\u00e9sistant \u00e0 la corrosion et solide, \u00e0 un prix tr\u00e8s comp\u00e9titif.<\/p>\n<p><strong>Grande capacit\u00e9 :<\/strong> La bouilloire d'eau froide a une capacit\u00e9 suffisante et une structure robuste pour la consommation quotidienne d'eau froide ou le stockage de boissons froides et chaudes.<\/p>\n<p><strong>Marque personnalisable :<\/strong> Permet de graver au laser ou d'embosser des logos, ce qui est parfait pour \u00e9tablir l'identit\u00e9 de votre propre marque sur le produit.<\/p>\n<p><strong>Approvisionnement en gros et en masse :<\/strong> Avec une quantit\u00e9 de commande minimale de 500 pi\u00e8ces, elle est id\u00e9ale pour les distributeurs d'ustensiles de cuisine, les d\u00e9taillants et les fournisseurs d'articles promotionnels \u00e0 la recherche d'une fabrication B2B fiable.<\/p>\n<p><a href=\"https:\/\/www.purecook.com\/fr\/custom-solution\/\"><u>Purecook propose des produits personnalis\u00e9s OEM et ODM.<\/u><u>\u00a0bouilloire d'eau froide <\/u><u>solu<\/u><u>tions.<\/u><\/a><\/p>","protected":false},"featured_media":4086,"comment_status":"closed","ping_status":"closed","template":"","meta":{"_acf_changed":false},"product_brand":[],"product_cat":[26,52],"product_tag":[98],"class_list":{"0":"post-4083","1":"product","2":"type-product","3":"status-publish","4":"has-post-thumbnail","6":"product_cat-kettle","7":"product_cat-kitchen-utensils","8":"product_tag-wholesale-home-cookware","10":"first","11":"instock","12":"shipping-taxable","13":"product-type-simple"},"acf":[],"_links":{"self":[{"href":"https:\/\/www.purecook.com\/fr\/wp-json\/wp\/v2\/product\/4083","targetHints":{"allow":["GET"]}}],"collection":[{"href":"https:\/\/www.purecook.com\/fr\/wp-json\/wp\/v2\/product"}],"about":[{"href":"https:\/\/www.purecook.com\/fr\/wp-json\/wp\/v2\/types\/product"}],"replies":[{"embeddable":true,"href":"https:\/\/www.purecook.com\/fr\/wp-json\/wp\/v2\/comments?post=4083"}],"wp:featuredmedia":[{"embeddable":true,"href":"https:\/\/www.purecook.com\/fr\/wp-json\/wp\/v2\/media\/4086"}],"wp:attachment":[{"href":"https:\/\/www.purecook.com\/fr\/wp-json\/wp\/v2\/media?parent=4083"}],"wp:term":[{"taxonomy":"product_brand","embeddable":true,"href":"https:\/\/www.purecook.com\/fr\/wp-json\/wp\/v2\/product_brand?post=4083"},{"taxonomy":"product_cat","embeddable":true,"href":"https:\/\/www.purecook.com\/fr\/wp-json\/wp\/v2\/product_cat?post=4083"},{"taxonomy":"product_tag","embeddable":true,"href":"https:\/\/www.purecook.com\/fr\/wp-json\/wp\/v2\/product_tag?post=4083"}],"curies":[{"name":"wp","href":"https:\/\/api.w.org\/{rel}","templated":true}]}}