{"id":4165,"date":"2025-07-22T14:14:26","date_gmt":"2025-07-22T06:14:26","guid":{"rendered":"https:\/\/www.purecook.com\/?post_type=product&#038;p=4165"},"modified":"2025-07-22T14:53:20","modified_gmt":"2025-07-22T06:53:20","slug":"wholesale-304-stainless-steel-salad-bowls","status":"publish","type":"product","link":"https:\/\/www.purecook.com\/fr\/product\/wholesale-304-stainless-steel-salad-bowls\/","title":{"rendered":"Grossiste Saladiers en acier inoxydable, 4 tailles disponibles"},"content":{"rendered":"<div class=\"wp-block-columns is-layout-flex wp-container-core-columns-is-layout-9d6595d7 wp-block-columns-is-layout-flex\">\n<div class=\"wp-block-column is-layout-flow wp-block-column-is-layout-flow\">\n<h3 class=\"wp-block-heading\">Param\u00e8tres des bols \u00e0 salade en acier inoxydable<\/h3>\n\n\n\n<p><strong>Mat\u00e9riau :<\/strong> Acier inoxydable 304<br><strong>\u00c9paisseur normale :<\/strong> 0,6 mm<br><strong>Taille :<\/strong> 19\/22\/24\/26cm<br><strong>Forme :<\/strong> Rond<br><strong>MOQ :<\/strong> 1000 pi\u00e8ces<br><strong>Poids brut : <\/strong>Moins de 1kg\/pcs<\/p>\n<\/div>\n\n\n\n<div class=\"wp-block-column is-layout-flow wp-block-column-is-layout-flow\">\n<h3 class=\"wp-block-heading\">Options d'\u00e9gouttoir \u00e0 vaisselle personnalis\u00e9es<\/h3>\n\n\n\n<p><strong>Mat\u00e9riau :<\/strong> Acier inoxydable<br><strong>Logo :<\/strong> Personnalisable avec le logo de votre marque<br><strong>Paquet :<\/strong> Bo\u00eete de couleur, carton ou autres options<br><strong>MOQ :<\/strong> 1000 pi\u00e8ces<br><a href=\"https:\/\/www.purecook.com\/fr\/custom-solution\/\" target=\"_blank\" rel=\"noopener\"><u>Solutions OEM et ODM pour les ustensiles de cuisine sur mesure<\/u><\/a><\/p>\n<\/div>\n<\/div>\n\n\n\n<div class=\"wp-block-columns is-layout-flex wp-container-core-columns-is-layout-9d6595d7 wp-block-columns-is-layout-flex\">\n<div class=\"wp-block-column is-layout-flow wp-block-column-is-layout-flow\">\n<figure class=\"wp-block-image size-full\"><img decoding=\"async\" width=\"800\" height=\"800\" src=\"https:\/\/www.purecook.com\/wp-content\/uploads\/2025\/07\/wholesale-stainless-steel-salad-bowls-6.webp\" alt=\"Saladiers en acier inoxydable en gros (6)\" class=\"wp-image-4171\" srcset=\"https:\/\/www.purecook.com\/wp-content\/uploads\/2025\/07\/wholesale-stainless-steel-salad-bowls-6.webp 800w, https:\/\/www.purecook.com\/wp-content\/uploads\/2025\/07\/wholesale-stainless-steel-salad-bowls-6-300x300.webp 300w, https:\/\/www.purecook.com\/wp-content\/uploads\/2025\/07\/wholesale-stainless-steel-salad-bowls-6-150x150.webp 150w, https:\/\/www.purecook.com\/wp-content\/uploads\/2025\/07\/wholesale-stainless-steel-salad-bowls-6-768x768.webp 768w, https:\/\/www.purecook.com\/wp-content\/uploads\/2025\/07\/wholesale-stainless-steel-salad-bowls-6-12x12.webp 12w, https:\/\/www.purecook.com\/wp-content\/uploads\/2025\/07\/wholesale-stainless-steel-salad-bowls-6-600x600.webp 600w, https:\/\/www.purecook.com\/wp-content\/uploads\/2025\/07\/wholesale-stainless-steel-salad-bowls-6-100x100.webp 100w\" sizes=\"(max-width: 800px) 100vw, 800px\" \/><\/figure>\n<\/div>\n\n\n\n<div class=\"wp-block-column is-layout-flow wp-block-column-is-layout-flow\">\n<figure class=\"wp-block-image size-full\"><img decoding=\"async\" width=\"800\" height=\"800\" src=\"https:\/\/www.purecook.com\/wp-content\/uploads\/2025\/07\/wholesale-stainless-steel-salad-bowls-7.webp\" alt=\"Saladiers en acier inoxydable en gros (7)\" class=\"wp-image-4172\" srcset=\"https:\/\/www.purecook.com\/wp-content\/uploads\/2025\/07\/wholesale-stainless-steel-salad-bowls-7.webp 800w, https:\/\/www.purecook.com\/wp-content\/uploads\/2025\/07\/wholesale-stainless-steel-salad-bowls-7-300x300.webp 300w, https:\/\/www.purecook.com\/wp-content\/uploads\/2025\/07\/wholesale-stainless-steel-salad-bowls-7-150x150.webp 150w, https:\/\/www.purecook.com\/wp-content\/uploads\/2025\/07\/wholesale-stainless-steel-salad-bowls-7-768x768.webp 768w, https:\/\/www.purecook.com\/wp-content\/uploads\/2025\/07\/wholesale-stainless-steel-salad-bowls-7-12x12.webp 12w, https:\/\/www.purecook.com\/wp-content\/uploads\/2025\/07\/wholesale-stainless-steel-salad-bowls-7-600x600.webp 600w, https:\/\/www.purecook.com\/wp-content\/uploads\/2025\/07\/wholesale-stainless-steel-salad-bowls-7-100x100.webp 100w\" sizes=\"(max-width: 800px) 100vw, 800px\" \/><\/figure>\n<\/div>\n<\/div>","protected":false},"excerpt":{"rendered":"<p>Vente en gros de saladiers. Fabriqu\u00e9s en acier inoxydable 304 de qualit\u00e9 alimentaire, ces saladiers sont durables et s\u00fbrs, avec une base en silicone antid\u00e9rapante pour une vari\u00e9t\u00e9 de t\u00e2ches de cuisine, du m\u00e9lange au service. Disponibles en quatre tailles, la commande minimum en gros est de 1 000. Contactez Purecook pour obtenir le meilleur devis du fabricant professionnel d'ustensiles de cuisine.<\/p>\n<h2><strong><b>Caract\u00e9ristiques du saladier en acier inoxydable<\/b><\/strong><\/h2>\n<p><strong>Mat\u00e9riaux s\u00fbrs et de haute qualit\u00e9 :<\/strong> Ces saladiers sont fabriqu\u00e9s en acier inoxydable 304 de qualit\u00e9 alimentaire, qui r\u00e9pond aux normes strictes d'hygi\u00e8ne des ustensiles de cuisine, r\u00e9siste \u00e0 la corrosion et \u00e0 la chaleur et ne contient pas de substances nocives.<\/p>\n<p><strong>Plusieurs options de taille :<\/strong> Ce bol est disponible en quatre tailles (19 cm, 22 cm, 24 cm et 26 cm), ce qui permet de r\u00e9aliser de nombreuses t\u00e2ches dans la cuisine : pr\u00e9parer des ingr\u00e9dients, m\u00e9langer de la p\u00e2te, servir de la salade, etc.<\/p>\n<p><strong>Conception pratique et conviviale :<\/strong> Ces saladiers ont une surface int\u00e9rieure lisse et peuvent \u00eatre facilement nettoy\u00e9s apr\u00e8s chaque utilisation. Le design rond est pratique pour remuer et m\u00e9langer, et la base antid\u00e9rapante en silicone assure la stabilit\u00e9 pour \u00e9viter tout glissement accidentel pendant l'utilisation.<\/p>\n<p><strong>Vente en gros de saladiers :<\/strong> Ce saladier en acier inoxydable a une quantit\u00e9 minimale de commande de 1 000 et offre des prix d'usine, ce qui le rend id\u00e9al pour les commandes en vrac, le commerce de gros et les marques personnalis\u00e9es.<\/p>\n<p><a href=\"https:\/\/www.purecook.com\/fr\/custom-solution\/\"><u>Purecook propose des ustensiles de cuisine personnalis\u00e9s OEM et ODM <\/u><u>solutions<\/u><u>.<\/u><\/a><\/p>","protected":false},"featured_media":4166,"comment_status":"closed","ping_status":"closed","template":"","meta":{"_acf_changed":false},"product_brand":[],"product_cat":[52,90],"product_tag":[],"class_list":{"0":"post-4165","1":"product","2":"type-product","3":"status-publish","4":"has-post-thumbnail","6":"product_cat-kitchen-utensils","7":"product_cat-mixing-bowl","9":"first","10":"instock","11":"shipping-taxable","12":"product-type-simple"},"acf":[],"_links":{"self":[{"href":"https:\/\/www.purecook.com\/fr\/wp-json\/wp\/v2\/product\/4165","targetHints":{"allow":["GET"]}}],"collection":[{"href":"https:\/\/www.purecook.com\/fr\/wp-json\/wp\/v2\/product"}],"about":[{"href":"https:\/\/www.purecook.com\/fr\/wp-json\/wp\/v2\/types\/product"}],"replies":[{"embeddable":true,"href":"https:\/\/www.purecook.com\/fr\/wp-json\/wp\/v2\/comments?post=4165"}],"wp:featuredmedia":[{"embeddable":true,"href":"https:\/\/www.purecook.com\/fr\/wp-json\/wp\/v2\/media\/4166"}],"wp:attachment":[{"href":"https:\/\/www.purecook.com\/fr\/wp-json\/wp\/v2\/media?parent=4165"}],"wp:term":[{"taxonomy":"product_brand","embeddable":true,"href":"https:\/\/www.purecook.com\/fr\/wp-json\/wp\/v2\/product_brand?post=4165"},{"taxonomy":"product_cat","embeddable":true,"href":"https:\/\/www.purecook.com\/fr\/wp-json\/wp\/v2\/product_cat?post=4165"},{"taxonomy":"product_tag","embeddable":true,"href":"https:\/\/www.purecook.com\/fr\/wp-json\/wp\/v2\/product_tag?post=4165"}],"curies":[{"name":"wp","href":"https:\/\/api.w.org\/{rel}","templated":true}]}}