{"id":4275,"date":"2025-08-02T12:17:40","date_gmt":"2025-08-02T04:17:40","guid":{"rendered":"https:\/\/www.purecook.com\/?post_type=product&#038;p=4275"},"modified":"2025-08-14T16:53:53","modified_gmt":"2025-08-14T08:53:53","slug":"wholesale-3-compartment-lunch-boxes","status":"publish","type":"product","link":"https:\/\/www.purecook.com\/fr\/product\/wholesale-3-compartment-lunch-boxes\/","title":{"rendered":"Grosses bo\u00eetes \u00e0 lunch en acier inoxydable - Bo\u00eete \u00e0 lunch \u00e0 3 compartiments, Bo\u00eete \u00e0 lunch mignonne pour enfants"},"content":{"rendered":"<div class=\"wp-block-columns is-layout-flex wp-container-core-columns-is-layout-9d6595d7 wp-block-columns-is-layout-flex\">\n<div class=\"wp-block-column is-layout-flow wp-block-column-is-layout-flow\">\n<h3 class=\"wp-block-heading\">Param\u00e8tres des bo\u00eetes \u00e0 lunch en acier inoxydable<\/h3>\n\n\n\n<p><strong>Mat\u00e9riau : <\/strong>SS304+PP<br><strong>Couleur :<\/strong> Vert\/Rose<br><strong>Forme : <\/strong>Rectangulaire<br><strong>Capacit\u00e9 : <\/strong>960ml<br><strong>Poids brut : <\/strong>Moins de 1 kg par pi\u00e8ce<br><br><\/p>\n<\/div>\n\n\n\n<div class=\"wp-block-column is-layout-flow wp-block-column-is-layout-flow\">\n<h3 class=\"wp-block-heading\">Options de bo\u00eetes \u00e0 lunch personnalis\u00e9es<\/h3>\n\n\n\n<p><strong>Logo :<\/strong> Personnalisable avec le logo de votre marque<br><strong>Couleur :<\/strong> Personnalisable<br><strong>Emballage :<\/strong>\u00a0Bo\u00eete de couleur\/Carton, etc.<\/p>\n<\/div>\n<\/div>\n\n\n\n<div class=\"wp-block-columns is-layout-flex wp-container-core-columns-is-layout-9d6595d7 wp-block-columns-is-layout-flex\">\n<div class=\"wp-block-column is-layout-flow wp-block-column-is-layout-flow\">\n<figure class=\"wp-block-image size-full\"><img decoding=\"async\" width=\"800\" height=\"800\" src=\"https:\/\/www.purecook.com\/wp-content\/uploads\/2025\/08\/wholesale-stainless-steel-lunch-boxes-4.webp\" alt=\"bo\u00eetes \u00e0 lunch en gros en acier inoxydable (4)\" class=\"wp-image-4279\" srcset=\"https:\/\/www.purecook.com\/wp-content\/uploads\/2025\/08\/wholesale-stainless-steel-lunch-boxes-4.webp 800w, https:\/\/www.purecook.com\/wp-content\/uploads\/2025\/08\/wholesale-stainless-steel-lunch-boxes-4-300x300.webp 300w, https:\/\/www.purecook.com\/wp-content\/uploads\/2025\/08\/wholesale-stainless-steel-lunch-boxes-4-150x150.webp 150w, https:\/\/www.purecook.com\/wp-content\/uploads\/2025\/08\/wholesale-stainless-steel-lunch-boxes-4-768x768.webp 768w, https:\/\/www.purecook.com\/wp-content\/uploads\/2025\/08\/wholesale-stainless-steel-lunch-boxes-4-12x12.webp 12w, https:\/\/www.purecook.com\/wp-content\/uploads\/2025\/08\/wholesale-stainless-steel-lunch-boxes-4-600x600.webp 600w, https:\/\/www.purecook.com\/wp-content\/uploads\/2025\/08\/wholesale-stainless-steel-lunch-boxes-4-100x100.webp 100w\" sizes=\"(max-width: 800px) 100vw, 800px\" \/><\/figure>\n<\/div>\n\n\n\n<div class=\"wp-block-column is-layout-flow wp-block-column-is-layout-flow\">\n<figure class=\"wp-block-image size-full\"><img decoding=\"async\" width=\"800\" height=\"800\" src=\"https:\/\/www.purecook.com\/wp-content\/uploads\/2025\/08\/wholesale-stainless-steel-lunch-boxes-6.webp\" alt=\"bo\u00eetes \u00e0 lunch en gros en acier inoxydable (6)\" class=\"wp-image-4281\" srcset=\"https:\/\/www.purecook.com\/wp-content\/uploads\/2025\/08\/wholesale-stainless-steel-lunch-boxes-6.webp 800w, https:\/\/www.purecook.com\/wp-content\/uploads\/2025\/08\/wholesale-stainless-steel-lunch-boxes-6-300x300.webp 300w, https:\/\/www.purecook.com\/wp-content\/uploads\/2025\/08\/wholesale-stainless-steel-lunch-boxes-6-150x150.webp 150w, https:\/\/www.purecook.com\/wp-content\/uploads\/2025\/08\/wholesale-stainless-steel-lunch-boxes-6-768x768.webp 768w, https:\/\/www.purecook.com\/wp-content\/uploads\/2025\/08\/wholesale-stainless-steel-lunch-boxes-6-12x12.webp 12w, https:\/\/www.purecook.com\/wp-content\/uploads\/2025\/08\/wholesale-stainless-steel-lunch-boxes-6-600x600.webp 600w, https:\/\/www.purecook.com\/wp-content\/uploads\/2025\/08\/wholesale-stainless-steel-lunch-boxes-6-100x100.webp 100w\" sizes=\"(max-width: 800px) 100vw, 800px\" \/><\/figure>\n<\/div>\n<\/div>\n\n\n\n<div class=\"wp-block-columns is-layout-flex wp-container-core-columns-is-layout-9d6595d7 wp-block-columns-is-layout-flex\">\n<div class=\"wp-block-column is-layout-flow wp-block-column-is-layout-flow\"><\/div>\n\n\n\n<div class=\"wp-block-column is-layout-flow wp-block-column-is-layout-flow\"><\/div>\n<\/div>","protected":false},"excerpt":{"rendered":"<p>Vente en gros de bo\u00eetes \u00e0 lunch en acier inoxydable. Ces bo\u00eetes \u00e0 lunch sont fabriqu\u00e9es en acier inoxydable de qualit\u00e9 alimentaire, ce qui garantit leur s\u00e9curit\u00e9 au quotidien. Leurs adorables dessins humoristiques ajoutent une touche d'amusement et d'espi\u00e8glerie \u00e0 l'heure des repas. Purecook propose des prix d'usine et la personnalisation OEM. Contactez-nous pour obtenir le meilleur devis d'un fabricant de bo\u00eetes \u00e0 lunch fiable.<\/p>\n<h2>Caract\u00e9ristiques et avantages des bo\u00eetes \u00e0 lunch en acier inoxydable<\/h2>\n<p><strong>Un design ludique pour stimuler l'app\u00e9tit :<\/strong> Cette bo\u00eete \u00e0 lunch amusante pr\u00e9sente un joli motif de dinosaure qui captive les enfants et ajoute une touche d'espi\u00e8glerie \u00e0 l'heure des repas.<\/p>\n<p><strong>Deux options :<\/strong> La bo\u00eete \u00e0 lunch en acier inoxydable est disponible en deux versions : une version verte avec un joyeux motif de dinosaure jouant dans l'eau, et une version rose avec une sc\u00e8ne de dinosaure r\u00e9confortante, afin de r\u00e9pondre aux diff\u00e9rentes pr\u00e9f\u00e9rences des enfants.<\/p>\n<p><strong>Conception \u00e0 trois compartiments :<\/strong> Des compartiments scientifiquement con\u00e7us emp\u00eachent les diff\u00e9rents aliments de se m\u00e9langer ; un grand espace permet d'accueillir diff\u00e9rents types d'aliments, ce qui favorise une alimentation \u00e9quilibr\u00e9e.<\/p>\n<p><strong>Portable, s\u00fbr et r\u00e9fl\u00e9chi :<\/strong> Cette bo\u00eete \u00e0 lunch est fabriqu\u00e9e en plastique l\u00e9ger avec des bords arrondis pour une prise en main facile et une manipulation s\u00fbre, r\u00e9duisant ainsi le risque de coupures ou d'inconfort pendant l'utilisation.<\/p>\n<p><strong>Facile \u00e0 nettoyer :<\/strong> Le compartiment int\u00e9rieur en acier inoxydable est amovible pour faciliter le nettoyage. Le mat\u00e9riau durable garantit que la bo\u00eete \u00e0 lunch est r\u00e9sistante aux taches et aux odeurs, et qu'elle conserve son aspect propre m\u00eame apr\u00e8s une utilisation prolong\u00e9e.<\/p>\n<p><strong>Service de bo\u00eetes \u00e0 lunch en gros :<\/strong> En tant que fabricant de bo\u00eetes \u00e0 lunch en acier inoxydable, nous fournissons des services de bo\u00eetes \u00e0 lunch en acier inoxydable en gros aux prix d'usine, soutenons les services OEM et ODM, et fournissons de riches options de personnalisation pour r\u00e9pondre \u00e0 votre marque et aux pr\u00e9f\u00e9rences du march\u00e9.<\/p>","protected":false},"featured_media":4276,"comment_status":"closed","ping_status":"closed","template":"","meta":{"_acf_changed":false},"product_brand":[],"product_cat":[102],"product_tag":[],"class_list":{"0":"post-4275","1":"product","2":"type-product","3":"status-publish","4":"has-post-thumbnail","6":"product_cat-lunch-boxes","8":"first","9":"instock","10":"shipping-taxable","11":"product-type-simple"},"acf":[],"_links":{"self":[{"href":"https:\/\/www.purecook.com\/fr\/wp-json\/wp\/v2\/product\/4275","targetHints":{"allow":["GET"]}}],"collection":[{"href":"https:\/\/www.purecook.com\/fr\/wp-json\/wp\/v2\/product"}],"about":[{"href":"https:\/\/www.purecook.com\/fr\/wp-json\/wp\/v2\/types\/product"}],"replies":[{"embeddable":true,"href":"https:\/\/www.purecook.com\/fr\/wp-json\/wp\/v2\/comments?post=4275"}],"wp:featuredmedia":[{"embeddable":true,"href":"https:\/\/www.purecook.com\/fr\/wp-json\/wp\/v2\/media\/4276"}],"wp:attachment":[{"href":"https:\/\/www.purecook.com\/fr\/wp-json\/wp\/v2\/media?parent=4275"}],"wp:term":[{"taxonomy":"product_brand","embeddable":true,"href":"https:\/\/www.purecook.com\/fr\/wp-json\/wp\/v2\/product_brand?post=4275"},{"taxonomy":"product_cat","embeddable":true,"href":"https:\/\/www.purecook.com\/fr\/wp-json\/wp\/v2\/product_cat?post=4275"},{"taxonomy":"product_tag","embeddable":true,"href":"https:\/\/www.purecook.com\/fr\/wp-json\/wp\/v2\/product_tag?post=4275"}],"curies":[{"name":"wp","href":"https:\/\/api.w.org\/{rel}","templated":true}]}}