{"id":4289,"date":"2025-08-04T12:43:35","date_gmt":"2025-08-04T04:43:35","guid":{"rendered":"https:\/\/www.purecook.com\/?post_type=product&#038;p=4289"},"modified":"2025-08-14T16:53:26","modified_gmt":"2025-08-14T08:53:26","slug":"wholesal-food-grade-stainless-steel-lunch-boxes","status":"publish","type":"product","link":"https:\/\/www.purecook.com\/fr\/product\/wholesal-food-grade-stainless-steel-lunch-boxes\/","title":{"rendered":"Bo\u00eetes \u00e0 lunch de gros en acier inoxydable de qualit\u00e9 alimentaire - Compartiments et conception \u00e9tanche"},"content":{"rendered":"<div class=\"wp-block-columns is-layout-flex wp-container-core-columns-is-layout-9d6595d7 wp-block-columns-is-layout-flex\">\n<div class=\"wp-block-column is-layout-flow wp-block-column-is-layout-flow\">\n<h3 class=\"wp-block-heading\">Param\u00e8tres des bo\u00eetes \u00e0 lunch en acier inoxydable<\/h3>\n\n\n\n<p><strong>Mat\u00e9riau : <\/strong>SS304+PP<br><strong>Couleur :<\/strong> Blanc-brun<br><strong>Forme : <\/strong>Rectangulaire<br><strong>Capacit\u00e9 : <\/strong>960ml<br><strong>Poids brut : <\/strong>Moins de 1 kg par pi\u00e8ce<br><br><\/p>\n<\/div>\n\n\n\n<div class=\"wp-block-column is-layout-flow wp-block-column-is-layout-flow\">\n<h3 class=\"wp-block-heading\">Options de bo\u00eetes \u00e0 lunch personnalis\u00e9es<\/h3>\n\n\n\n<p><strong>Logo :<\/strong> Personnalisable avec le logo de votre marque<br><strong>Couleur :<\/strong> Personnalisable<br><strong>Emballage :<\/strong>&nbsp;Bo\u00eete de couleur\/Carton, etc.<\/p>\n<\/div>\n<\/div>\n\n\n\n<div class=\"wp-block-columns is-layout-flex wp-container-core-columns-is-layout-9d6595d7 wp-block-columns-is-layout-flex\">\n<div class=\"wp-block-column is-layout-flow wp-block-column-is-layout-flow\">\n<figure class=\"wp-block-image size-full\"><img decoding=\"async\" width=\"800\" height=\"800\" src=\"https:\/\/www.purecook.com\/wp-content\/uploads\/2025\/08\/wholesale-food-storage-lunch-box-2.webp\" alt=\"bo\u00eete \u00e0 lunch pour le stockage des aliments en gros (2)\" class=\"wp-image-4296\" srcset=\"https:\/\/www.purecook.com\/wp-content\/uploads\/2025\/08\/wholesale-food-storage-lunch-box-2.webp 800w, https:\/\/www.purecook.com\/wp-content\/uploads\/2025\/08\/wholesale-food-storage-lunch-box-2-300x300.webp 300w, https:\/\/www.purecook.com\/wp-content\/uploads\/2025\/08\/wholesale-food-storage-lunch-box-2-150x150.webp 150w, https:\/\/www.purecook.com\/wp-content\/uploads\/2025\/08\/wholesale-food-storage-lunch-box-2-768x768.webp 768w, https:\/\/www.purecook.com\/wp-content\/uploads\/2025\/08\/wholesale-food-storage-lunch-box-2-12x12.webp 12w, https:\/\/www.purecook.com\/wp-content\/uploads\/2025\/08\/wholesale-food-storage-lunch-box-2-600x600.webp 600w, https:\/\/www.purecook.com\/wp-content\/uploads\/2025\/08\/wholesale-food-storage-lunch-box-2-100x100.webp 100w\" sizes=\"(max-width: 800px) 100vw, 800px\" \/><\/figure>\n<\/div>\n\n\n\n<div class=\"wp-block-column is-layout-flow wp-block-column-is-layout-flow\">\n<figure class=\"wp-block-image size-full\"><img decoding=\"async\" width=\"800\" height=\"800\" src=\"https:\/\/www.purecook.com\/wp-content\/uploads\/2025\/08\/wholesale-food-storage-lunch-box-3.webp\" alt=\"Bo\u00eete \u00e0 lunch pour le stockage d&#039;aliments en gros (3)\" class=\"wp-image-4297\" srcset=\"https:\/\/www.purecook.com\/wp-content\/uploads\/2025\/08\/wholesale-food-storage-lunch-box-3.webp 800w, https:\/\/www.purecook.com\/wp-content\/uploads\/2025\/08\/wholesale-food-storage-lunch-box-3-300x300.webp 300w, https:\/\/www.purecook.com\/wp-content\/uploads\/2025\/08\/wholesale-food-storage-lunch-box-3-150x150.webp 150w, https:\/\/www.purecook.com\/wp-content\/uploads\/2025\/08\/wholesale-food-storage-lunch-box-3-768x768.webp 768w, https:\/\/www.purecook.com\/wp-content\/uploads\/2025\/08\/wholesale-food-storage-lunch-box-3-12x12.webp 12w, https:\/\/www.purecook.com\/wp-content\/uploads\/2025\/08\/wholesale-food-storage-lunch-box-3-600x600.webp 600w, https:\/\/www.purecook.com\/wp-content\/uploads\/2025\/08\/wholesale-food-storage-lunch-box-3-100x100.webp 100w\" sizes=\"(max-width: 800px) 100vw, 800px\" \/><\/figure>\n<\/div>\n<\/div>","protected":false},"excerpt":{"rendered":"<p>Vente en gros de bo\u00eetes \u00e0 lunch en acier inoxydable. Ces bo\u00eetes \u00e0 lunch sont fabriqu\u00e9es en acier inoxydable de qualit\u00e9 alimentaire, ce qui garantit leur s\u00e9curit\u00e9 au quotidien. Leurs adorables dessins de petits ours de bande dessin\u00e9e ajoutent une touche d'amusement et d'espi\u00e8glerie \u00e0 l'heure des repas. Purecook propose des prix d'usine et la personnalisation OEM. Contactez-nous pour obtenir le meilleur devis d'un fabricant de bo\u00eetes \u00e0 lunch fiable.<\/p>\n<h2>Caract\u00e9ristiques et avantages des bo\u00eetes \u00e0 lunch en acier inoxydable<\/h2>\n<p data-pm-slice=\"1 1 []\"><strong>Mat\u00e9riau de qualit\u00e9 alimentaire :<\/strong> Fabriqu\u00e9 en acier inoxydable 304, il est r\u00e9sistant \u00e0 la corrosion. Il assure une bonne conservation des aliments.<\/p>\n<p><strong>Conception en plusieurs sections :<\/strong>\u00a0Dans une cloison int\u00e9rieure, les saveurs de chaque aliment ne seront pas m\u00e9lang\u00e9es, ce qui pourrait nuire \u00e0 l'exp\u00e9rience gastronomique.<\/p>\n<p><strong>Joints \u00e9tanches :<\/strong> Les joints en silicone permettent de bloquer les aliments en position, ce qui s\u00e9curise la bo\u00eete \u00e0 lunch et les utilisateurs.<\/p>\n<p data-pm-slice=\"1 1 []\"><strong>Dessin de l'ours en peluche :<\/strong> Il cr\u00e9e une atmosph\u00e8re agr\u00e9able lors des repas, ce qui t\u00e9moigne de la personnalit\u00e9 de chacun.<\/p>\n<p><b>Couvercle transparent :\u00a0<\/b>Vous pouvez facilement jeter un coup d'\u0153il au repas d'aujourd'hui sans l'ouvrir ; sinon, la saveur risque d'\u00eatre perdue lors de l'ouverture.<\/p>\n<p><strong>Service de bo\u00eetes \u00e0 lunch en gros :<\/strong> En tant que <strong>Fabricant de bo\u00eetes \u00e0 lunch en acier inoxydable<\/strong>, Nous fournissons en gros des bo\u00eetes \u00e0 lunch en acier inoxydable \u00e0 des prix d'usine, des services OEM et ODM, et de nombreuses options de personnalisation pour r\u00e9pondre aux pr\u00e9f\u00e9rences de votre marque et de votre march\u00e9.<\/p>","protected":false},"featured_media":4299,"comment_status":"closed","ping_status":"closed","template":"","meta":{"_acf_changed":false},"product_brand":[],"product_cat":[102],"product_tag":[],"class_list":{"0":"post-4289","1":"product","2":"type-product","3":"status-publish","4":"has-post-thumbnail","6":"product_cat-lunch-boxes","8":"first","9":"instock","10":"shipping-taxable","11":"product-type-simple"},"acf":[],"_links":{"self":[{"href":"https:\/\/www.purecook.com\/fr\/wp-json\/wp\/v2\/product\/4289","targetHints":{"allow":["GET"]}}],"collection":[{"href":"https:\/\/www.purecook.com\/fr\/wp-json\/wp\/v2\/product"}],"about":[{"href":"https:\/\/www.purecook.com\/fr\/wp-json\/wp\/v2\/types\/product"}],"replies":[{"embeddable":true,"href":"https:\/\/www.purecook.com\/fr\/wp-json\/wp\/v2\/comments?post=4289"}],"wp:featuredmedia":[{"embeddable":true,"href":"https:\/\/www.purecook.com\/fr\/wp-json\/wp\/v2\/media\/4299"}],"wp:attachment":[{"href":"https:\/\/www.purecook.com\/fr\/wp-json\/wp\/v2\/media?parent=4289"}],"wp:term":[{"taxonomy":"product_brand","embeddable":true,"href":"https:\/\/www.purecook.com\/fr\/wp-json\/wp\/v2\/product_brand?post=4289"},{"taxonomy":"product_cat","embeddable":true,"href":"https:\/\/www.purecook.com\/fr\/wp-json\/wp\/v2\/product_cat?post=4289"},{"taxonomy":"product_tag","embeddable":true,"href":"https:\/\/www.purecook.com\/fr\/wp-json\/wp\/v2\/product_tag?post=4289"}],"curies":[{"name":"wp","href":"https:\/\/api.w.org\/{rel}","templated":true}]}}