{"id":4302,"date":"2025-08-04T12:31:39","date_gmt":"2025-08-04T04:31:39","guid":{"rendered":"https:\/\/www.purecook.com\/?post_type=product&#038;p=4302"},"modified":"2025-08-04T12:34:00","modified_gmt":"2025-08-04T04:34:00","slug":"wholesale-food-grade-pp-cutting-boards","status":"publish","type":"product","link":"https:\/\/www.purecook.com\/fr\/product\/wholesale-food-grade-pp-cutting-boards\/","title":{"rendered":"Planches \u00e0 d\u00e9couper en PP de qualit\u00e9 alimentaire - Trou de suspension, options multi-couleurs et stockage facile"},"content":{"rendered":"<div class=\"wp-block-columns is-layout-flex wp-container-core-columns-is-layout-9d6595d7 wp-block-columns-is-layout-flex\">\n<div class=\"wp-block-column is-layout-flow wp-block-column-is-layout-flow\">\n<h3 class=\"wp-block-heading\">Param\u00e8tres de la planche \u00e0 d\u00e9couper en PP de qualit\u00e9 alimentaire<\/h3>\n\n\n\n<p><strong>Mat\u00e9riau : <\/strong>PP<br><strong>Couleur :<\/strong> Bleu clair \/ Jaune \/ Rose \/ Cr\u00e8me \/ Bleu ciel \/ Jaune citron<br><strong>Forme : <\/strong>Rectangulaire<br><strong>Taille :<\/strong> <em>20\u00d730\u00d71.2cm\/34\u00d724\u00d71.5cm\/<br>38\u00d726\u00d71.5cm\/42\u00d730\u00d71.8cm<\/em><br><strong>Poids brut : <\/strong>Moins de 1 kg par pi\u00e8ce<br><br><\/p>\n<\/div>\n\n\n\n<div class=\"wp-block-column is-layout-flow wp-block-column-is-layout-flow\">\n<h3 class=\"wp-block-heading\">Options de planches \u00e0 d\u00e9couper personnalis\u00e9es<\/h3>\n\n\n\n<p><strong>Logo :<\/strong> Personnalisable avec le logo de votre marque<br><strong>Couleur :<\/strong> Personnalisable<br><strong>Emballage :<\/strong>\u00a0Bo\u00eete de couleur\/Carton, etc.<\/p>\n\n\n\n<p><strong><a href=\"https:\/\/www.purecook.com\/fr\/custom-solution\/\" target=\"_blank\" rel=\"noreferrer noopener\">Solutions personnalis\u00e9es OEM et ODM pour les ustensiles de cuisine<\/a><\/strong><\/p>\n<\/div>\n<\/div>\n\n\n\n<div class=\"wp-block-columns is-layout-flex wp-container-core-columns-is-layout-9d6595d7 wp-block-columns-is-layout-flex\">\n<div class=\"wp-block-column is-layout-flow wp-block-column-is-layout-flow\">\n<figure class=\"wp-block-image size-full\"><img decoding=\"async\" width=\"800\" height=\"800\" src=\"https:\/\/www.purecook.com\/wp-content\/uploads\/2025\/08\/wholesale-cutting-board-6.webp\" alt=\"Planche \u00e0 d\u00e9couper en gros (6)\" class=\"wp-image-4307\" srcset=\"https:\/\/www.purecook.com\/wp-content\/uploads\/2025\/08\/wholesale-cutting-board-6.webp 800w, https:\/\/www.purecook.com\/wp-content\/uploads\/2025\/08\/wholesale-cutting-board-6-300x300.webp 300w, https:\/\/www.purecook.com\/wp-content\/uploads\/2025\/08\/wholesale-cutting-board-6-150x150.webp 150w, https:\/\/www.purecook.com\/wp-content\/uploads\/2025\/08\/wholesale-cutting-board-6-768x768.webp 768w, https:\/\/www.purecook.com\/wp-content\/uploads\/2025\/08\/wholesale-cutting-board-6-12x12.webp 12w, https:\/\/www.purecook.com\/wp-content\/uploads\/2025\/08\/wholesale-cutting-board-6-600x600.webp 600w, https:\/\/www.purecook.com\/wp-content\/uploads\/2025\/08\/wholesale-cutting-board-6-100x100.webp 100w\" sizes=\"(max-width: 800px) 100vw, 800px\" \/><\/figure>\n<\/div>\n\n\n\n<div class=\"wp-block-column is-layout-flow wp-block-column-is-layout-flow\">\n<figure class=\"wp-block-image size-full\"><img decoding=\"async\" width=\"800\" height=\"800\" src=\"https:\/\/www.purecook.com\/wp-content\/uploads\/2025\/08\/wholesale-cutting-board-4.webp\" alt=\"planche \u00e0 d\u00e9couper en gros (4)\" class=\"wp-image-4305\" srcset=\"https:\/\/www.purecook.com\/wp-content\/uploads\/2025\/08\/wholesale-cutting-board-4.webp 800w, https:\/\/www.purecook.com\/wp-content\/uploads\/2025\/08\/wholesale-cutting-board-4-300x300.webp 300w, https:\/\/www.purecook.com\/wp-content\/uploads\/2025\/08\/wholesale-cutting-board-4-150x150.webp 150w, https:\/\/www.purecook.com\/wp-content\/uploads\/2025\/08\/wholesale-cutting-board-4-768x768.webp 768w, https:\/\/www.purecook.com\/wp-content\/uploads\/2025\/08\/wholesale-cutting-board-4-12x12.webp 12w, https:\/\/www.purecook.com\/wp-content\/uploads\/2025\/08\/wholesale-cutting-board-4-600x600.webp 600w, https:\/\/www.purecook.com\/wp-content\/uploads\/2025\/08\/wholesale-cutting-board-4-100x100.webp 100w\" sizes=\"(max-width: 800px) 100vw, 800px\" \/><\/figure>\n<\/div>\n<\/div>\n\n\n\n<div class=\"wp-block-columns is-layout-flex wp-container-core-columns-is-layout-9d6595d7 wp-block-columns-is-layout-flex\">\n<div class=\"wp-block-column is-layout-flow wp-block-column-is-layout-flow\"><\/div>\n\n\n\n<div class=\"wp-block-column is-layout-flow wp-block-column-is-layout-flow\"><\/div>\n<\/div>","protected":false},"excerpt":{"rendered":"<p>Planches \u00e0 d\u00e9couper en gros. 4 tailles disponibles. La planche \u00e0 d\u00e9couper en PP de qualit\u00e9 alimentaire est con\u00e7ue pour la s\u00e9curit\u00e9 et la commodit\u00e9. Plusieurs couleurs sont disponibles. Elles sont lisses et durables, faisant de la d\u00e9coupe une exp\u00e9rience agr\u00e9able. De plus, le trou d'accrochage facilite la mise en place et le rangement. Une large gamme d'options de couleurs permet de l'adapter \u00e0 presque tous les styles de d\u00e9coration de cuisine.<\/p>\n<p>Purecook propose des prix d'usine et une personnalisation OEM. Contactez-nous pour obtenir le meilleur devis de la part d'un fournisseur fiable. <a href=\"https:\/\/www.purecook.com\/fr\/\" target=\"_blank\" rel=\"noopener\"><strong>fabricant d'ustensiles de cuisine<\/strong><\/a>.<\/p>\n<h2>Caract\u00e9ristiques et avantages de la planche \u00e0 d\u00e9couper en PP de qualit\u00e9 alimentaire<\/h2>\n<p data-pm-slice=\"1 1 []\"><strong>S\u00e9curit\u00e9 alimentaire, mat\u00e9riau durable :<\/strong> Cette planche \u00e0 d\u00e9couper en gros est fabriqu\u00e9e en PP de qualit\u00e9 alimentaire, non toxique, inodore et conforme aux normes alimentaires. Quels que soient les ingr\u00e9dients, vous pouvez y travailler en toute s\u00e9curit\u00e9.<\/p>\n<p><strong>Couleurs polyvalentes :<\/strong> Ces couleurs sont n\u00e9es pour renforcer la popularit\u00e9 de cette planche \u00e0 d\u00e9couper en s'adaptant \u00e0 presque tous les styles de d\u00e9coration de cuisine.<\/p>\n<p><strong>Durabilit\u00e9 :<\/strong> Le mat\u00e9riau PP est r\u00e9sistant au vieillissement ; qu'il s'agisse de couper des fruits, des l\u00e9gumes ou de la viande, c'est un choix durable. Gr\u00e2ce \u00e0 sa surface lisse, l'eau n'a aucune chance d'y p\u00e9n\u00e9trer.<\/p>\n<p><strong>Facile \u00e0 nettoyer :<\/strong> Le mat\u00e9riau durable garantit que la planche \u00e0 d\u00e9couper est r\u00e9sistante aux taches et aux odeurs, et qu'elle conserve son aspect propre m\u00eame apr\u00e8s une utilisation prolong\u00e9e.<\/p>\n<p><strong>Service de bo\u00eetes \u00e0 lunch en gros :<\/strong> En tant que fabricant d'ustensiles de cuisine, nous proposons de nombreux types d'ustensiles de cuisine en gros \u00e0 des prix d'usine, des services OEM et ODM, ainsi que de nombreuses options de personnalisation pour r\u00e9pondre aux pr\u00e9f\u00e9rences de votre marque et de votre march\u00e9.<\/p>","protected":false},"featured_media":4308,"comment_status":"closed","ping_status":"closed","template":"","meta":{"_acf_changed":false},"product_brand":[],"product_cat":[67],"product_tag":[],"class_list":{"0":"post-4302","1":"product","2":"type-product","3":"status-publish","4":"has-post-thumbnail","6":"product_cat-cutting-board","8":"first","9":"instock","10":"shipping-taxable","11":"product-type-simple"},"acf":[],"_links":{"self":[{"href":"https:\/\/www.purecook.com\/fr\/wp-json\/wp\/v2\/product\/4302","targetHints":{"allow":["GET"]}}],"collection":[{"href":"https:\/\/www.purecook.com\/fr\/wp-json\/wp\/v2\/product"}],"about":[{"href":"https:\/\/www.purecook.com\/fr\/wp-json\/wp\/v2\/types\/product"}],"replies":[{"embeddable":true,"href":"https:\/\/www.purecook.com\/fr\/wp-json\/wp\/v2\/comments?post=4302"}],"wp:featuredmedia":[{"embeddable":true,"href":"https:\/\/www.purecook.com\/fr\/wp-json\/wp\/v2\/media\/4308"}],"wp:attachment":[{"href":"https:\/\/www.purecook.com\/fr\/wp-json\/wp\/v2\/media?parent=4302"}],"wp:term":[{"taxonomy":"product_brand","embeddable":true,"href":"https:\/\/www.purecook.com\/fr\/wp-json\/wp\/v2\/product_brand?post=4302"},{"taxonomy":"product_cat","embeddable":true,"href":"https:\/\/www.purecook.com\/fr\/wp-json\/wp\/v2\/product_cat?post=4302"},{"taxonomy":"product_tag","embeddable":true,"href":"https:\/\/www.purecook.com\/fr\/wp-json\/wp\/v2\/product_tag?post=4302"}],"curies":[{"name":"wp","href":"https:\/\/api.w.org\/{rel}","templated":true}]}}