{"id":4309,"date":"2025-08-04T12:17:23","date_gmt":"2025-08-04T04:17:23","guid":{"rendered":"https:\/\/www.purecook.com\/?post_type=product&#038;p=4309"},"modified":"2025-08-04T12:17:24","modified_gmt":"2025-08-04T04:17:24","slug":"wholesale-stainless-steel-food-containers","status":"publish","type":"product","link":"https:\/\/www.purecook.com\/fr\/product\/wholesale-stainless-steel-food-containers\/","title":{"rendered":"R\u00e9cipient alimentaire en acier inoxydable avec couvercle transparent - 8 capacit\u00e9s au choix"},"content":{"rendered":"<div class=\"wp-block-columns is-layout-flex wp-container-core-columns-is-layout-9d6595d7 wp-block-columns-is-layout-flex\">\n<div class=\"wp-block-column is-layout-flow wp-block-column-is-layout-flow\">\n<h3 class=\"wp-block-heading\">Param\u00e8tres du r\u00e9cipient de stockage alimentaire en acier inoxydable<\/h3>\n\n\n\n<p><strong>Mat\u00e9riau : <\/strong>SS304+PP<br><strong>Couleur :<\/strong> Argent fin<br><strong>Forme : <\/strong>Rectangulaire<br><strong>Capacit\u00e9 : <\/strong>1400ML\/1900ML\/2400ML\/<br>2800ML\/3800ML\/4600ML\/<br>5500ML\/6600ML<br><strong>Poids brut : <\/strong>Moins de 1 kg par pi\u00e8ce<\/p>\n<\/div>\n\n\n\n<div class=\"wp-block-column is-layout-flow wp-block-column-is-layout-flow\">\n<h3 class=\"wp-block-heading\">Options de contenants alimentaires personnalis\u00e9s<\/h3>\n\n\n\n<p><strong>Logo :<\/strong> Personnalisable avec le logo de votre marque<br><strong>Couleur :<\/strong> Personnalisable<br><strong>Emballage :<\/strong>&nbsp;Bo\u00eete de couleur\/Carton, etc.<\/p>\n<\/div>\n<\/div>\n\n\n\n<div class=\"wp-block-columns is-layout-flex wp-container-core-columns-is-layout-9d6595d7 wp-block-columns-is-layout-flex\">\n<div class=\"wp-block-column is-layout-flow wp-block-column-is-layout-flow\">\n<figure class=\"wp-block-image size-full\"><img decoding=\"async\" width=\"800\" height=\"800\" src=\"https:\/\/www.purecook.com\/wp-content\/uploads\/2025\/08\/wholesale-stainless-steel-food-containers5.webp\" alt=\"R\u00e9cipients alimentaires en acier inoxydable en gros(5)\" class=\"wp-image-4342\" srcset=\"https:\/\/www.purecook.com\/wp-content\/uploads\/2025\/08\/wholesale-stainless-steel-food-containers5.webp 800w, https:\/\/www.purecook.com\/wp-content\/uploads\/2025\/08\/wholesale-stainless-steel-food-containers5-300x300.webp 300w, https:\/\/www.purecook.com\/wp-content\/uploads\/2025\/08\/wholesale-stainless-steel-food-containers5-150x150.webp 150w, https:\/\/www.purecook.com\/wp-content\/uploads\/2025\/08\/wholesale-stainless-steel-food-containers5-768x768.webp 768w, https:\/\/www.purecook.com\/wp-content\/uploads\/2025\/08\/wholesale-stainless-steel-food-containers5-12x12.webp 12w, https:\/\/www.purecook.com\/wp-content\/uploads\/2025\/08\/wholesale-stainless-steel-food-containers5-600x600.webp 600w, https:\/\/www.purecook.com\/wp-content\/uploads\/2025\/08\/wholesale-stainless-steel-food-containers5-100x100.webp 100w\" sizes=\"(max-width: 800px) 100vw, 800px\" \/><\/figure>\n<\/div>\n\n\n\n<div class=\"wp-block-column is-layout-flow wp-block-column-is-layout-flow\">\n<figure class=\"wp-block-image size-full\"><img decoding=\"async\" width=\"800\" height=\"800\" src=\"https:\/\/www.purecook.com\/wp-content\/uploads\/2025\/08\/wholesale-stainless-steel-food-containers6.webp\" alt=\"R\u00e9cipients alimentaires en acier inoxydable en gros(6)\" class=\"wp-image-4343\" srcset=\"https:\/\/www.purecook.com\/wp-content\/uploads\/2025\/08\/wholesale-stainless-steel-food-containers6.webp 800w, https:\/\/www.purecook.com\/wp-content\/uploads\/2025\/08\/wholesale-stainless-steel-food-containers6-300x300.webp 300w, https:\/\/www.purecook.com\/wp-content\/uploads\/2025\/08\/wholesale-stainless-steel-food-containers6-150x150.webp 150w, https:\/\/www.purecook.com\/wp-content\/uploads\/2025\/08\/wholesale-stainless-steel-food-containers6-768x768.webp 768w, https:\/\/www.purecook.com\/wp-content\/uploads\/2025\/08\/wholesale-stainless-steel-food-containers6-12x12.webp 12w, https:\/\/www.purecook.com\/wp-content\/uploads\/2025\/08\/wholesale-stainless-steel-food-containers6-600x600.webp 600w, https:\/\/www.purecook.com\/wp-content\/uploads\/2025\/08\/wholesale-stainless-steel-food-containers6-100x100.webp 100w\" sizes=\"(max-width: 800px) 100vw, 800px\" \/><\/figure>\n<\/div>\n<\/div>\n\n\n\n<div class=\"wp-block-columns is-layout-flex wp-container-core-columns-is-layout-9d6595d7 wp-block-columns-is-layout-flex\">\n<div class=\"wp-block-column is-layout-flow wp-block-column-is-layout-flow\"><\/div>\n\n\n\n<div class=\"wp-block-column is-layout-flow wp-block-column-is-layout-flow\"><\/div>\n<\/div>","protected":false},"excerpt":{"rendered":"<p>Vente en gros de r\u00e9cipients alimentaires en acier inoxydable. Ces r\u00e9cipients de conservation des aliments en acier inoxydable allient un design \u00e9l\u00e9gant \u00e0 une capacit\u00e9 pratique. Les couvercles transparents permettent de voir facilement le contenu et le joint \u00e9tanche garantit la fra\u00eecheur. Le design carr\u00e9 et compact permet un stockage efficace. Ils sont id\u00e9aux pour conserver les aliments frais et s\u00fbrs \u00e0 la maison ou en d\u00e9placement.<\/p>\n<p>Le fabricant de contenants alimentaires Purecook offre des prix d'usine et des services de personnalisation OEM. Contactez-nous pour obtenir un catalogue et un devis.<\/p>\n<h2>Caract\u00e9ristiques et avantages des r\u00e9cipients de stockage des aliments en acier inoxydable<\/h2>\n<p data-pm-slice=\"1 1 []\"><strong>Mat\u00e9riau de qualit\u00e9 alimentaire :<\/strong> Cette bo\u00eete de conservation en acier inoxydable personnalis\u00e9e est fabriqu\u00e9e en acier inoxydable de qualit\u00e9 alimentaire, totalement non toxique, durable et fiable. Id\u00e9ale pour conserver les aliments acides ou p\u00e9rissables, cette bo\u00eete passe au micro-ondes pour de courtes p\u00e9riodes de chauffage et ne se d\u00e9forme pas en cas d'utilisation r\u00e9guli\u00e8re.<\/p>\n<p data-pm-slice=\"1 1 []\"><strong>Commodit\u00e9 :<\/strong> le couvercle transparent vous permet d'avoir un aper\u00e7u du contenu sans l'ouvrir. D'une part, cela permet de prot\u00e9ger les aliments de la pollution, mais aussi de les v\u00e9rifier rapidement.<\/p>\n<p><strong>Conception des joints :<\/strong> Cette conception emp\u00eache efficacement l'air et l'humidit\u00e9 de p\u00e9n\u00e9trer dans le r\u00e9cipient, ce qui pr\u00e9serve la fra\u00eecheur de vos aliments. M\u00eame pour les aliments liquides tels que les rago\u00fbts ou les sauces, ce conteneur emp\u00eache les fuites, ce qui en fait une excellente option pour transporter des soupes ou des ingr\u00e9dients humides.<\/p>\n<p><strong>Conception empilable peu encombrante :<\/strong> Les conteneurs ont une forme carr\u00e9e standard qui leur permet d'\u00eatre empil\u00e9s pour gagner de l'espace. La conception compacte r\u00e9sout les probl\u00e8mes d'espace souvent rencontr\u00e9s par les conteneurs ronds, ce qui permet un stockage efficace et pratique.<\/p>\n<p><strong>Service de vente en gros de r\u00e9cipients pour le stockage des aliments :<\/strong> En tant que fabricant de conteneurs de stockage alimentaire en acier inoxydable, nous fournissons des services de conteneurs de stockage alimentaire en acier inoxydable en gros \u00e0 des prix d'usine, nous soutenons les services OEM et ODM et fournissons de nombreuses options de personnalisation pour s'adapter \u00e0 votre marque et aux pr\u00e9f\u00e9rences du march\u00e9.<\/p>","protected":false},"featured_media":4338,"comment_status":"closed","ping_status":"closed","template":"","meta":{"_acf_changed":false},"product_brand":[],"product_cat":[25],"product_tag":[],"class_list":{"0":"post-4309","1":"product","2":"type-product","3":"status-publish","4":"has-post-thumbnail","6":"product_cat-food-storage","8":"first","9":"instock","10":"shipping-taxable","11":"product-type-simple"},"acf":[],"_links":{"self":[{"href":"https:\/\/www.purecook.com\/fr\/wp-json\/wp\/v2\/product\/4309","targetHints":{"allow":["GET"]}}],"collection":[{"href":"https:\/\/www.purecook.com\/fr\/wp-json\/wp\/v2\/product"}],"about":[{"href":"https:\/\/www.purecook.com\/fr\/wp-json\/wp\/v2\/types\/product"}],"replies":[{"embeddable":true,"href":"https:\/\/www.purecook.com\/fr\/wp-json\/wp\/v2\/comments?post=4309"}],"wp:featuredmedia":[{"embeddable":true,"href":"https:\/\/www.purecook.com\/fr\/wp-json\/wp\/v2\/media\/4338"}],"wp:attachment":[{"href":"https:\/\/www.purecook.com\/fr\/wp-json\/wp\/v2\/media?parent=4309"}],"wp:term":[{"taxonomy":"product_brand","embeddable":true,"href":"https:\/\/www.purecook.com\/fr\/wp-json\/wp\/v2\/product_brand?post=4309"},{"taxonomy":"product_cat","embeddable":true,"href":"https:\/\/www.purecook.com\/fr\/wp-json\/wp\/v2\/product_cat?post=4309"},{"taxonomy":"product_tag","embeddable":true,"href":"https:\/\/www.purecook.com\/fr\/wp-json\/wp\/v2\/product_tag?post=4309"}],"curies":[{"name":"wp","href":"https:\/\/api.w.org\/{rel}","templated":true}]}}