{"id":4316,"date":"2025-08-04T17:17:14","date_gmt":"2025-08-04T09:17:14","guid":{"rendered":"https:\/\/www.purecook.com\/?post_type=product&#038;p=4316"},"modified":"2025-08-04T18:31:24","modified_gmt":"2025-08-04T10:31:24","slug":"wholesale-non-stick-woks","status":"publish","type":"product","link":"https:\/\/www.purecook.com\/fr\/product\/wholesale-non-stick-woks\/","title":{"rendered":"Wholesale Woks antiadh\u00e9sifs - Texture nid d'abeille et fond en acier inoxydable tripl\u00e9"},"content":{"rendered":"<div class=\"wp-block-columns is-layout-flex wp-container-core-columns-is-layout-9d6595d7 wp-block-columns-is-layout-flex\">\n<div class=\"wp-block-column is-layout-flow wp-block-column-is-layout-flow\">\n<h3 class=\"wp-block-heading\">Param\u00e8tres de la po\u00eale wok en acier inoxydable triple \u00e9paisseur<\/h3>\n\n\n\n<p><strong>Mat\u00e9riau : <\/strong>Tri-plis ss304<br><strong>Couleur :<\/strong> Argent<br><strong>Forme : <\/strong>Circulaire<br><strong>taille : <\/strong>32cm\/34cm<br><strong>\u00c9paisseur normale :<\/strong> 2,3 mm<\/p>\n<\/div>\n\n\n\n<div class=\"wp-block-column is-layout-flow wp-block-column-is-layout-flow\">\n<h3 class=\"wp-block-heading\">Options de po\u00eales wok en acier inoxydable triplis personnalis\u00e9es<\/h3>\n\n\n\n<p><strong>Logo :<\/strong> Personnalisable avec le logo de votre marque<br><strong>Couleur :<\/strong> Personnalisable<br><strong>Emballage :<\/strong>&nbsp;Bo\u00eete de couleur\/Carton, etc.<\/p>\n<\/div>\n<\/div>\n\n\n\n<div class=\"wp-block-columns is-layout-flex wp-container-core-columns-is-layout-9d6595d7 wp-block-columns-is-layout-flex\">\n<div class=\"wp-block-column is-layout-flow wp-block-column-is-layout-flow\">\n<figure class=\"wp-block-image size-full\"><img decoding=\"async\" width=\"800\" height=\"800\" src=\"https:\/\/www.purecook.com\/wp-content\/uploads\/2025\/08\/wholesale-non-stick-wok\u200bs-6.webp\" alt=\"woks antiadh\u00e9sifs en gros (6)\" class=\"wp-image-4365\" srcset=\"https:\/\/www.purecook.com\/wp-content\/uploads\/2025\/08\/wholesale-non-stick-wok\u200bs-6.webp 800w, https:\/\/www.purecook.com\/wp-content\/uploads\/2025\/08\/wholesale-non-stick-wok\u200bs-6-300x300.webp 300w, https:\/\/www.purecook.com\/wp-content\/uploads\/2025\/08\/wholesale-non-stick-wok\u200bs-6-150x150.webp 150w, https:\/\/www.purecook.com\/wp-content\/uploads\/2025\/08\/wholesale-non-stick-wok\u200bs-6-768x768.webp 768w, https:\/\/www.purecook.com\/wp-content\/uploads\/2025\/08\/wholesale-non-stick-wok\u200bs-6-12x12.webp 12w, https:\/\/www.purecook.com\/wp-content\/uploads\/2025\/08\/wholesale-non-stick-wok\u200bs-6-600x600.webp 600w, https:\/\/www.purecook.com\/wp-content\/uploads\/2025\/08\/wholesale-non-stick-wok\u200bs-6-100x100.webp 100w\" sizes=\"(max-width: 800px) 100vw, 800px\" \/><\/figure>\n<\/div>\n\n\n\n<div class=\"wp-block-column is-layout-flow wp-block-column-is-layout-flow\">\n<figure class=\"wp-block-image size-full\"><img decoding=\"async\" width=\"800\" height=\"800\" src=\"https:\/\/www.purecook.com\/wp-content\/uploads\/2025\/08\/wholesale-non-stick-wok\u200bs-5.webp\" alt=\"woks antiadh\u00e9sifs en gros (5)\" class=\"wp-image-4364\" srcset=\"https:\/\/www.purecook.com\/wp-content\/uploads\/2025\/08\/wholesale-non-stick-wok\u200bs-5.webp 800w, https:\/\/www.purecook.com\/wp-content\/uploads\/2025\/08\/wholesale-non-stick-wok\u200bs-5-300x300.webp 300w, https:\/\/www.purecook.com\/wp-content\/uploads\/2025\/08\/wholesale-non-stick-wok\u200bs-5-150x150.webp 150w, https:\/\/www.purecook.com\/wp-content\/uploads\/2025\/08\/wholesale-non-stick-wok\u200bs-5-768x768.webp 768w, https:\/\/www.purecook.com\/wp-content\/uploads\/2025\/08\/wholesale-non-stick-wok\u200bs-5-12x12.webp 12w, https:\/\/www.purecook.com\/wp-content\/uploads\/2025\/08\/wholesale-non-stick-wok\u200bs-5-600x600.webp 600w, https:\/\/www.purecook.com\/wp-content\/uploads\/2025\/08\/wholesale-non-stick-wok\u200bs-5-100x100.webp 100w\" sizes=\"(max-width: 800px) 100vw, 800px\" \/><\/figure>\n<\/div>\n<\/div>","protected":false},"excerpt":{"rendered":"<p>Woks antiadh\u00e9sifs en gros. Ce wok en acier inoxydable \u00e0 trois couches pr\u00e9sente une texture alv\u00e9ol\u00e9e pour d'excellentes performances antiadh\u00e9sives. La base est en acier inoxydable triple \u00e9paisseur pour une excellente r\u00e9partition de la chaleur. Sa poign\u00e9e ergonomique garantit s\u00e9curit\u00e9 et confort. Ce wok antiadh\u00e9sif en acier inoxydable est id\u00e9al pour faire sauter, mijoter et saisir les aliments.<\/p>\n<p>Purecook <a href=\"https:\/\/www.purecook.com\/fr\/categorie-produit\/cookware\/\" target=\"_blank\" rel=\"noopener\"><strong>fabricant d'ustensiles de cuisine<\/strong><\/a> propose des prix d'usine et des services de personnalisation OEM. Veuillez nous contacter pour obtenir le meilleur devis.<\/p>\n<h2>Caract\u00e9ristiques et avantages du wok antiadh\u00e9sif<\/h2>\n<p data-pm-slice=\"1 1 []\"><strong>R\u00e9partition uniforme de la chaleur :<\/strong> Ce type de structure composite, compos\u00e9e d'une couche magn\u00e9tique, d'une couche thermoconductrice et d'une couche antiadh\u00e9sive, rend la conduction thermique plus efficace. Gr\u00e2ce \u00e0 cette structure, la chaleur se r\u00e9partit uniform\u00e9ment en quelques secondes, ce qui \u00e9vite le gaspillage d'\u00e9nergie et convient parfaitement \u00e0 la cuisson \u00e0 la po\u00eale.<\/p>\n<p><strong>Texture en nid d'abeille :<\/strong> Dans cette conception, la surface de contact entre les aliments et la surface de la po\u00eale est augment\u00e9e, ce qui permet de r\u00e9duire la friction. Cela permet donc d'\u00e9viter que les aliments ne collent.<\/p>\n<p><strong>Poign\u00e9e ergonomique :<\/strong> La courbe de cette po\u00eale est ergonomique, afin d'offrir une exp\u00e9rience de cuisson confortable \u00e0 haute temp\u00e9rature. La poign\u00e9e auxiliaire, de l'autre c\u00f4t\u00e9, sert \u00e0 ajouter de la stabilit\u00e9 lors du versement de liquide ou du r\u00e9glage de l'angle.<\/p>\n<p><strong>Facile \u00e0 nettoyer :<\/strong> Le compartiment int\u00e9rieur en acier inoxydable est facile \u00e0 nettoyer. Le mat\u00e9riau durable garantit que la po\u00eale wok en acier inoxydable \u00e0 triple \u00e9paisseur est r\u00e9sistante aux taches et aux odeurs, conservant son aspect propre m\u00eame apr\u00e8s une utilisation prolong\u00e9e.<\/p>\n<p><strong>Service de vente en gros d'ustensiles de cuisine :<\/strong> En tant que fabricant d'ustensiles de cuisine en acier inoxydable, nous proposons des services de vente en gros de woks en acier inoxydable \u00e0 prix d'usine, prenons en charge les services OEM et ODM, et offrons de nombreuses options de personnalisation adapt\u00e9es \u00e0 votre marque et aux pr\u00e9f\u00e9rences du march\u00e9.<\/p>","protected":false},"featured_media":4360,"comment_status":"closed","ping_status":"closed","template":"","meta":{"_acf_changed":false},"product_brand":[],"product_cat":[24,75],"product_tag":[97,98],"class_list":{"0":"post-4316","1":"product","2":"type-product","3":"status-publish","4":"has-post-thumbnail","6":"product_cat-cookware","7":"product_cat-wok","8":"product_tag-wholesale-commercial-cookware","9":"product_tag-wholesale-home-cookware","11":"first","12":"instock","13":"shipping-taxable","14":"product-type-simple"},"acf":[],"_links":{"self":[{"href":"https:\/\/www.purecook.com\/fr\/wp-json\/wp\/v2\/product\/4316","targetHints":{"allow":["GET"]}}],"collection":[{"href":"https:\/\/www.purecook.com\/fr\/wp-json\/wp\/v2\/product"}],"about":[{"href":"https:\/\/www.purecook.com\/fr\/wp-json\/wp\/v2\/types\/product"}],"replies":[{"embeddable":true,"href":"https:\/\/www.purecook.com\/fr\/wp-json\/wp\/v2\/comments?post=4316"}],"wp:featuredmedia":[{"embeddable":true,"href":"https:\/\/www.purecook.com\/fr\/wp-json\/wp\/v2\/media\/4360"}],"wp:attachment":[{"href":"https:\/\/www.purecook.com\/fr\/wp-json\/wp\/v2\/media?parent=4316"}],"wp:term":[{"taxonomy":"product_brand","embeddable":true,"href":"https:\/\/www.purecook.com\/fr\/wp-json\/wp\/v2\/product_brand?post=4316"},{"taxonomy":"product_cat","embeddable":true,"href":"https:\/\/www.purecook.com\/fr\/wp-json\/wp\/v2\/product_cat?post=4316"},{"taxonomy":"product_tag","embeddable":true,"href":"https:\/\/www.purecook.com\/fr\/wp-json\/wp\/v2\/product_tag?post=4316"}],"curies":[{"name":"wp","href":"https:\/\/api.w.org\/{rel}","templated":true}]}}