{"id":4323,"date":"2025-08-04T16:52:19","date_gmt":"2025-08-04T08:52:19","guid":{"rendered":"https:\/\/www.purecook.com\/?post_type=product&#038;p=4323"},"modified":"2025-08-04T18:31:40","modified_gmt":"2025-08-04T10:31:40","slug":"wholesale-stainless-steel-milk-pots","status":"publish","type":"product","link":"https:\/\/www.purecook.com\/fr\/product\/wholesale-stainless-steel-milk-pots\/","title":{"rendered":"Gros pots \u00e0 lait en acier inoxydable - Poign\u00e9es ergonomiques et rep\u00e8res de mesure pr\u00e9cis"},"content":{"rendered":"<div class=\"wp-block-columns is-layout-flex wp-container-core-columns-is-layout-9d6595d7 wp-block-columns-is-layout-flex\">\n<div class=\"wp-block-column is-layout-flow wp-block-column-is-layout-flow\">\n<h3 class=\"wp-block-heading\">Param\u00e8tres du pot \u00e0 lait en acier inoxydable<\/h3>\n\n\n\n<p><strong>Mat\u00e9riau : <\/strong>Acier inoxydable SUS#304<br><strong>Couleur :<\/strong> Argent<br><strong>Forme : <\/strong>Colonne<br><strong>Capacit\u00e9 : <\/strong>2000ml<br><strong>Taille :<\/strong> 16*14cm<br><strong>\u00c9paisseur normale :<\/strong> 0,6 mm<br><br><\/p>\n<\/div>\n\n\n\n<div class=\"wp-block-column is-layout-flow wp-block-column-is-layout-flow\">\n<h3 class=\"wp-block-heading\">Options de pots \u00e0 lait en acier inoxydable personnalis\u00e9s<\/h3>\n\n\n\n<p><strong>Logo :<\/strong> Personnalisable avec le logo de votre marque<br><strong>Couleur :<\/strong> Personnalisable<br><strong>Emballage :<\/strong>&nbsp;Bo\u00eete de couleur\/Carton, etc.<\/p>\n<\/div>\n<\/div>\n\n\n\n<div class=\"wp-block-columns is-layout-flex wp-container-core-columns-is-layout-9d6595d7 wp-block-columns-is-layout-flex\">\n<div class=\"wp-block-column is-layout-flow wp-block-column-is-layout-flow\">\n<figure class=\"wp-block-image size-full\"><img decoding=\"async\" width=\"800\" height=\"800\" src=\"https:\/\/www.purecook.com\/wp-content\/uploads\/2025\/08\/wholesale-stainless-steel-milk-pot-2.webp\" alt=\"pot \u00e0 lait en gros en acier inoxydable (2)\" class=\"wp-image-4324\" srcset=\"https:\/\/www.purecook.com\/wp-content\/uploads\/2025\/08\/wholesale-stainless-steel-milk-pot-2.webp 800w, https:\/\/www.purecook.com\/wp-content\/uploads\/2025\/08\/wholesale-stainless-steel-milk-pot-2-300x300.webp 300w, https:\/\/www.purecook.com\/wp-content\/uploads\/2025\/08\/wholesale-stainless-steel-milk-pot-2-150x150.webp 150w, https:\/\/www.purecook.com\/wp-content\/uploads\/2025\/08\/wholesale-stainless-steel-milk-pot-2-768x768.webp 768w, https:\/\/www.purecook.com\/wp-content\/uploads\/2025\/08\/wholesale-stainless-steel-milk-pot-2-12x12.webp 12w, https:\/\/www.purecook.com\/wp-content\/uploads\/2025\/08\/wholesale-stainless-steel-milk-pot-2-600x600.webp 600w, https:\/\/www.purecook.com\/wp-content\/uploads\/2025\/08\/wholesale-stainless-steel-milk-pot-2-100x100.webp 100w\" sizes=\"(max-width: 800px) 100vw, 800px\" \/><\/figure>\n<\/div>\n\n\n\n<div class=\"wp-block-column is-layout-flow wp-block-column-is-layout-flow\">\n<figure class=\"wp-block-image size-full\"><img decoding=\"async\" width=\"800\" height=\"800\" src=\"https:\/\/www.purecook.com\/wp-content\/uploads\/2025\/08\/wholesale-stainless-steel-milk-pot-4.webp\" alt=\"pot \u00e0 lait en gros en acier inoxydable (4)\" class=\"wp-image-4326\" srcset=\"https:\/\/www.purecook.com\/wp-content\/uploads\/2025\/08\/wholesale-stainless-steel-milk-pot-4.webp 800w, https:\/\/www.purecook.com\/wp-content\/uploads\/2025\/08\/wholesale-stainless-steel-milk-pot-4-300x300.webp 300w, https:\/\/www.purecook.com\/wp-content\/uploads\/2025\/08\/wholesale-stainless-steel-milk-pot-4-150x150.webp 150w, https:\/\/www.purecook.com\/wp-content\/uploads\/2025\/08\/wholesale-stainless-steel-milk-pot-4-768x768.webp 768w, https:\/\/www.purecook.com\/wp-content\/uploads\/2025\/08\/wholesale-stainless-steel-milk-pot-4-12x12.webp 12w, https:\/\/www.purecook.com\/wp-content\/uploads\/2025\/08\/wholesale-stainless-steel-milk-pot-4-600x600.webp 600w, https:\/\/www.purecook.com\/wp-content\/uploads\/2025\/08\/wholesale-stainless-steel-milk-pot-4-100x100.webp 100w\" sizes=\"(max-width: 800px) 100vw, 800px\" \/><\/figure>\n<\/div>\n<\/div>\n\n\n\n<div class=\"wp-block-columns is-layout-flex wp-container-core-columns-is-layout-9d6595d7 wp-block-columns-is-layout-flex\">\n<div class=\"wp-block-column is-layout-flow wp-block-column-is-layout-flow\"><\/div>\n\n\n\n<div class=\"wp-block-column is-layout-flow wp-block-column-is-layout-flow\"><\/div>\n<\/div>","protected":false},"excerpt":{"rendered":"<p>Vente en gros de pots \u00e0 lait en acier inoxydable. Ce pot \u00e0 lait en acier inoxydable pr\u00e9sente une finition lisse et bross\u00e9e et un design ergonomique. Le couvercle en verre transparent dot\u00e9 d'une soupape de s\u00e9curit\u00e9, de rep\u00e8res de volume pr\u00e9cis et d'un bec verseur bien con\u00e7u sont autant d'atouts pratiques pour faire bouillir du lait, pr\u00e9parer du porridge, etc. <\/p>\n<p>Purecook propose des prix d'usine et une personnalisation OEM. Contactez-nous pour obtenir le meilleur devis d'un fabricant d'ustensiles de cuisine fiable.<\/p>\n<h2>Caract\u00e9ristiques et avantages des pots \u00e0 lait en acier inoxydable<\/h2>\n<p><strong>Acier inoxydable de qualit\u00e9 alimentaire :<\/strong> Fabriqu\u00e9 en acier inoxydable 304, il r\u00e9pond aux normes de qualit\u00e9 alimentaire et convient parfaitement pour contenir du lait, du porridge et d'autres aliments.<\/p>\n<p><strong>Poign\u00e9e ergonomique :<\/strong> Maintenu en place par des rivets doubles. Con\u00e7ue pour \u00e9pouser la courbe naturelle de votre main et offrir une prise en main ergonomique.<\/p>\n<p><strong>Couvercle en verre transparent avec soupape de s\u00e9curit\u00e9 :<\/strong> Il est fabriqu\u00e9 en verre tremp\u00e9 transparent et vous permet de suivre visuellement le processus de cuisson. Il emp\u00eache la surcuisson et maintient la temp\u00e9rature sous contr\u00f4le. La soupape de s\u00e9curit\u00e9 permet d'\u00e9vacuer la vapeur en toute s\u00e9curit\u00e9, en \u00e9galisant les pressions internes et externes pour \u00e9viter les d\u00e9bordements et une cuisson sans danger.<\/p>\n<p><strong>\u00c9chelle pr\u00e9cise :<\/strong> Elle permet de saisir facilement le volume de lait et de caf\u00e9. Il convient \u00e9galement tr\u00e8s bien aux personnes qui suivent un r\u00e9gime ou aux adeptes de la remise en forme pour les aider \u00e0 contr\u00f4ler leur consommation quotidienne.<\/p>\n<p><strong>Service de vente en gros de pots \u00e0 lait :<\/strong> En tant qu'acier inoxydable <a href=\"https:\/\/www.purecook.com\/fr\/categorie-produit\/cookware\/\" target=\"_blank\" rel=\"noopener\"><strong>fabricant d'ustensiles de cuisine<\/strong><\/a>Nous fournissons en gros des pots \u00e0 lait en acier inoxydable \u00e0 des prix d'usine, nous soutenons les services OEM et ODM, et fournissons de nombreuses options de personnalisation pour r\u00e9pondre \u00e0 votre marque et aux pr\u00e9f\u00e9rences du march\u00e9.<\/p>","protected":false},"featured_media":4330,"comment_status":"closed","ping_status":"closed","template":"","meta":{"_acf_changed":false},"product_brand":[],"product_cat":[24,80],"product_tag":[98],"class_list":{"0":"post-4323","1":"product","2":"type-product","3":"status-publish","4":"has-post-thumbnail","6":"product_cat-cookware","7":"product_cat-milk-pot","8":"product_tag-wholesale-home-cookware","10":"first","11":"instock","12":"shipping-taxable","13":"product-type-simple"},"acf":[],"_links":{"self":[{"href":"https:\/\/www.purecook.com\/fr\/wp-json\/wp\/v2\/product\/4323","targetHints":{"allow":["GET"]}}],"collection":[{"href":"https:\/\/www.purecook.com\/fr\/wp-json\/wp\/v2\/product"}],"about":[{"href":"https:\/\/www.purecook.com\/fr\/wp-json\/wp\/v2\/types\/product"}],"replies":[{"embeddable":true,"href":"https:\/\/www.purecook.com\/fr\/wp-json\/wp\/v2\/comments?post=4323"}],"wp:featuredmedia":[{"embeddable":true,"href":"https:\/\/www.purecook.com\/fr\/wp-json\/wp\/v2\/media\/4330"}],"wp:attachment":[{"href":"https:\/\/www.purecook.com\/fr\/wp-json\/wp\/v2\/media?parent=4323"}],"wp:term":[{"taxonomy":"product_brand","embeddable":true,"href":"https:\/\/www.purecook.com\/fr\/wp-json\/wp\/v2\/product_brand?post=4323"},{"taxonomy":"product_cat","embeddable":true,"href":"https:\/\/www.purecook.com\/fr\/wp-json\/wp\/v2\/product_cat?post=4323"},{"taxonomy":"product_tag","embeddable":true,"href":"https:\/\/www.purecook.com\/fr\/wp-json\/wp\/v2\/product_tag?post=4323"}],"curies":[{"name":"wp","href":"https:\/\/api.w.org\/{rel}","templated":true}]}}