{"id":4331,"date":"2025-08-04T16:25:48","date_gmt":"2025-08-04T08:25:48","guid":{"rendered":"https:\/\/www.purecook.com\/?post_type=product&#038;p=4331"},"modified":"2025-08-04T18:32:01","modified_gmt":"2025-08-04T10:32:01","slug":"wholesale-stainless-steel-jam-pots","status":"publish","type":"product","link":"https:\/\/www.purecook.com\/fr\/product\/wholesale-stainless-steel-jam-pots\/","title":{"rendered":"Gros pots \u00e0 confiture en acier inoxydable - Grande capacit\u00e9 et poign\u00e9e confortable"},"content":{"rendered":"<div class=\"wp-block-columns is-layout-flex wp-container-core-columns-is-layout-9d6595d7 wp-block-columns-is-layout-flex\">\n<div class=\"wp-block-column is-layout-flow wp-block-column-is-layout-flow\">\n<h3 class=\"wp-block-heading\">Param\u00e8tres du pot \u00e0 confiture en acier inoxydable<\/h3>\n\n\n\n<p><strong>Mat\u00e9riau : <\/strong>SS201<br><strong>Couleur :<\/strong> Argent<br><strong>\u00c9paisseur normale : <\/strong>0,6 mm<br><strong>Le fond :<\/strong> Fond sandwich \u00e0 induction (SUS+1mm Alu+SUS)<br><strong>Poids brut : <\/strong>Moins de 1 kg par pi\u00e8ce<br><br><\/p>\n<\/div>\n\n\n\n<div class=\"wp-block-column is-layout-flow wp-block-column-is-layout-flow\">\n<h3 class=\"wp-block-heading\">Options de pots de confiture personnalis\u00e9s<\/h3>\n\n\n\n<p><strong>Logo :<\/strong> Personnalisable avec le logo de votre marque<br><strong>Couleur :<\/strong> Personnalisable<br><strong>Emballage :<\/strong>&nbsp;Bo\u00eete de couleur\/Carton, etc.<\/p>\n<\/div>\n<\/div>\n\n\n\n<div class=\"wp-block-columns is-layout-flex wp-container-core-columns-is-layout-9d6595d7 wp-block-columns-is-layout-flex\">\n<div class=\"wp-block-column is-layout-flow wp-block-column-is-layout-flow\">\n<figure class=\"wp-block-image size-full\"><img decoding=\"async\" width=\"800\" height=\"800\" src=\"https:\/\/www.purecook.com\/wp-content\/uploads\/2025\/08\/wholesale-stainless-steel-jam-pot.webp\" alt=\"pot de confiture en gros en acier inoxydable\" class=\"wp-image-4337\" srcset=\"https:\/\/www.purecook.com\/wp-content\/uploads\/2025\/08\/wholesale-stainless-steel-jam-pot.webp 800w, https:\/\/www.purecook.com\/wp-content\/uploads\/2025\/08\/wholesale-stainless-steel-jam-pot-300x300.webp 300w, https:\/\/www.purecook.com\/wp-content\/uploads\/2025\/08\/wholesale-stainless-steel-jam-pot-150x150.webp 150w, https:\/\/www.purecook.com\/wp-content\/uploads\/2025\/08\/wholesale-stainless-steel-jam-pot-768x768.webp 768w, https:\/\/www.purecook.com\/wp-content\/uploads\/2025\/08\/wholesale-stainless-steel-jam-pot-12x12.webp 12w, https:\/\/www.purecook.com\/wp-content\/uploads\/2025\/08\/wholesale-stainless-steel-jam-pot-600x600.webp 600w, https:\/\/www.purecook.com\/wp-content\/uploads\/2025\/08\/wholesale-stainless-steel-jam-pot-100x100.webp 100w\" sizes=\"(max-width: 800px) 100vw, 800px\" \/><\/figure>\n<\/div>\n\n\n\n<div class=\"wp-block-column is-layout-flow wp-block-column-is-layout-flow\">\n<figure class=\"wp-block-image size-full\"><img decoding=\"async\" width=\"800\" height=\"800\" src=\"https:\/\/www.purecook.com\/wp-content\/uploads\/2025\/08\/wholesale-stainless-steel-jam-pot-3.webp\" alt=\"pot de confiture en gros en acier inoxydable (3)\" class=\"wp-image-4333\" srcset=\"https:\/\/www.purecook.com\/wp-content\/uploads\/2025\/08\/wholesale-stainless-steel-jam-pot-3.webp 800w, https:\/\/www.purecook.com\/wp-content\/uploads\/2025\/08\/wholesale-stainless-steel-jam-pot-3-300x300.webp 300w, https:\/\/www.purecook.com\/wp-content\/uploads\/2025\/08\/wholesale-stainless-steel-jam-pot-3-150x150.webp 150w, https:\/\/www.purecook.com\/wp-content\/uploads\/2025\/08\/wholesale-stainless-steel-jam-pot-3-768x768.webp 768w, https:\/\/www.purecook.com\/wp-content\/uploads\/2025\/08\/wholesale-stainless-steel-jam-pot-3-12x12.webp 12w, https:\/\/www.purecook.com\/wp-content\/uploads\/2025\/08\/wholesale-stainless-steel-jam-pot-3-600x600.webp 600w, https:\/\/www.purecook.com\/wp-content\/uploads\/2025\/08\/wholesale-stainless-steel-jam-pot-3-100x100.webp 100w\" sizes=\"(max-width: 800px) 100vw, 800px\" \/><\/figure>\n<\/div>\n<\/div>\n\n\n\n<div class=\"wp-block-columns is-layout-flex wp-container-core-columns-is-layout-9d6595d7 wp-block-columns-is-layout-flex\">\n<div class=\"wp-block-column is-layout-flow wp-block-column-is-layout-flow\"><\/div>\n\n\n\n<div class=\"wp-block-column is-layout-flow wp-block-column-is-layout-flow\"><\/div>\n<\/div>","protected":false},"excerpt":{"rendered":"<p>Vente en gros de pots \u00e0 confiture en acier inoxydable. Ces pots sont parfaits pour pr\u00e9parer des confitures, des gel\u00e9es et des sauces. Ils sont de construction robuste pour une plus grande durabilit\u00e9. Leur grande capacit\u00e9 vous permet de pr\u00e9parer de grandes quantit\u00e9s de confitures, gel\u00e9es, sauces et autres conserves. Nous proposons des pots de confiture en vrac \u00e0 des prix comp\u00e9titifs. Contactez nous.<\/p>\n<h2>Caract\u00e9ristiques et avantages des pots \u00e0 confiture en acier inoxydable<\/h2>\n<p><strong>Mat\u00e9riau de qualit\u00e9 alimentaire :<\/strong> Fabriqu\u00e9 en acier inoxydable de premi\u00e8re qualit\u00e9, ce pot \u00e0 confiture r\u00e9siste durablement \u00e0 la corrosion et \u00e0 la rouille. La surface \u00e9l\u00e9gante ajoute un attrait esth\u00e9tique \u00e0 votre cuisine.<\/p>\n<p><strong>Poign\u00e9es ergonomiques :<\/strong> Sa poign\u00e9e en m\u00e9tal a \u00e9t\u00e9 fix\u00e9e par des rivets doubles pour renforcer sa solidit\u00e9 et sa durabilit\u00e9. La poign\u00e9e en forme d'\u00e9tau, de l'autre c\u00f4t\u00e9, sert de support et d'\u00e9quilibre suppl\u00e9mentaires. Cette conception permet de r\u00e9duire consid\u00e9rablement les accidents lors du transvasement, pour votre s\u00e9curit\u00e9.<\/p>\n<p><strong>Facile \u00e0 nettoyer :<\/strong> Gr\u00e2ce \u00e0 son ouverture, il est facile de nettoyer l'int\u00e9rieur du pot. De plus, gr\u00e2ce \u00e0 son mat\u00e9riau de qualit\u00e9 sup\u00e9rieure, il suffit de l'essuyer pour qu'il soit propre.<\/p>\n<p><strong>Prise en charge de plusieurs cuisini\u00e8res :<\/strong> Le pot \u00e0 confiture en acier inoxydable est dot\u00e9 d'une base \u00e0 trois couches pour garantir un chauffage homog\u00e8ne. Il est compatible avec diverses sources de chaleur, notamment les cuisini\u00e8res \u00e0 gaz, les cuisini\u00e8res \u00e9lectriques et les cuisini\u00e8res \u00e0 induction.<\/p>\n<p><strong>Service de vente en gros de pots de confiture :<\/strong> En tant que fabricant de pots \u00e0 confiture en acier inoxydable, nous fournissons des services de pots \u00e0 confiture en acier inoxydable en gros \u00e0 des prix d'usine, nous soutenons les services OEM et ODM, et nous fournissons de riches options de personnalisation pour r\u00e9pondre \u00e0 votre marque et aux pr\u00e9f\u00e9rences du march\u00e9.<\/p>","protected":false},"featured_media":4336,"comment_status":"closed","ping_status":"closed","template":"","meta":{"_acf_changed":false},"product_brand":[],"product_cat":[24,101],"product_tag":[97,98],"class_list":{"0":"post-4331","1":"product","2":"type-product","3":"status-publish","4":"has-post-thumbnail","6":"product_cat-cookware","7":"product_cat-wholesale-jam-pots","8":"product_tag-wholesale-commercial-cookware","9":"product_tag-wholesale-home-cookware","11":"first","12":"instock","13":"shipping-taxable","14":"product-type-simple"},"acf":[],"_links":{"self":[{"href":"https:\/\/www.purecook.com\/fr\/wp-json\/wp\/v2\/product\/4331","targetHints":{"allow":["GET"]}}],"collection":[{"href":"https:\/\/www.purecook.com\/fr\/wp-json\/wp\/v2\/product"}],"about":[{"href":"https:\/\/www.purecook.com\/fr\/wp-json\/wp\/v2\/types\/product"}],"replies":[{"embeddable":true,"href":"https:\/\/www.purecook.com\/fr\/wp-json\/wp\/v2\/comments?post=4331"}],"wp:featuredmedia":[{"embeddable":true,"href":"https:\/\/www.purecook.com\/fr\/wp-json\/wp\/v2\/media\/4336"}],"wp:attachment":[{"href":"https:\/\/www.purecook.com\/fr\/wp-json\/wp\/v2\/media?parent=4331"}],"wp:term":[{"taxonomy":"product_brand","embeddable":true,"href":"https:\/\/www.purecook.com\/fr\/wp-json\/wp\/v2\/product_brand?post=4331"},{"taxonomy":"product_cat","embeddable":true,"href":"https:\/\/www.purecook.com\/fr\/wp-json\/wp\/v2\/product_cat?post=4331"},{"taxonomy":"product_tag","embeddable":true,"href":"https:\/\/www.purecook.com\/fr\/wp-json\/wp\/v2\/product_tag?post=4331"}],"curies":[{"name":"wp","href":"https:\/\/api.w.org\/{rel}","templated":true}]}}