{"id":4345,"date":"2025-08-04T16:36:17","date_gmt":"2025-08-04T08:36:17","guid":{"rendered":"https:\/\/www.purecook.com\/?post_type=product&#038;p=4345"},"modified":"2025-08-14T16:53:07","modified_gmt":"2025-08-14T08:53:07","slug":"bulk-multi-layer-lunch-boxes-wholesale","status":"publish","type":"product","link":"https:\/\/www.purecook.com\/fr\/product\/bulk-multi-layer-lunch-boxes-wholesale\/","title":{"rendered":"Bo\u00eetes \u00e0 lunch en acier inoxydable en vrac - empilables"},"content":{"rendered":"<div class=\"wp-block-columns is-layout-flex wp-container-core-columns-is-layout-9d6595d7 wp-block-columns-is-layout-flex\">\n<div class=\"wp-block-column is-layout-flow wp-block-column-is-layout-flow\">\n<h3 class=\"wp-block-heading\">Param\u00e8tres des bo\u00eetes \u00e0 lunch en acier inoxydable<\/h3>\n\n\n\n<p><strong>Mat\u00e9riau : <\/strong>SS304+PP<br><strong>Couleur :<\/strong> Blanc cass\u00e9\/Marron clair<br><strong>Forme : <\/strong>Circulaire<br><strong>Capacit\u00e9 : <\/strong>1200\/1800\/2400ml<br><strong>Poids brut : <\/strong>Moins de 1 kg par pi\u00e8ce<br><br><\/p>\n<\/div>\n\n\n\n<div class=\"wp-block-column is-layout-flow wp-block-column-is-layout-flow\">\n<h3 class=\"wp-block-heading\">Options de bo\u00eetes \u00e0 lunch personnalis\u00e9es<\/h3>\n\n\n\n<p><strong>Logo :<\/strong> Personnalisable avec le logo de votre marque<br><strong>Couleur :<\/strong> Personnalisable<br><strong>Emballage :<\/strong>&nbsp;Bo\u00eete de couleur\/Carton, etc.<\/p>\n<\/div>\n<\/div>\n\n\n\n<div class=\"wp-block-columns is-layout-flex wp-container-core-columns-is-layout-9d6595d7 wp-block-columns-is-layout-flex\">\n<div class=\"wp-block-column is-layout-flow wp-block-column-is-layout-flow\">\n<figure class=\"wp-block-image size-full\"><img decoding=\"async\" width=\"800\" height=\"800\" src=\"https:\/\/www.purecook.com\/wp-content\/uploads\/2025\/08\/bulk-lunch-box-4.webp\" alt=\"bo\u00eete \u00e0 lunch en vrac (4)\" class=\"wp-image-4348\" srcset=\"https:\/\/www.purecook.com\/wp-content\/uploads\/2025\/08\/bulk-lunch-box-4.webp 800w, https:\/\/www.purecook.com\/wp-content\/uploads\/2025\/08\/bulk-lunch-box-4-300x300.webp 300w, https:\/\/www.purecook.com\/wp-content\/uploads\/2025\/08\/bulk-lunch-box-4-150x150.webp 150w, https:\/\/www.purecook.com\/wp-content\/uploads\/2025\/08\/bulk-lunch-box-4-768x768.webp 768w, https:\/\/www.purecook.com\/wp-content\/uploads\/2025\/08\/bulk-lunch-box-4-12x12.webp 12w, https:\/\/www.purecook.com\/wp-content\/uploads\/2025\/08\/bulk-lunch-box-4-600x600.webp 600w, https:\/\/www.purecook.com\/wp-content\/uploads\/2025\/08\/bulk-lunch-box-4-100x100.webp 100w\" sizes=\"(max-width: 800px) 100vw, 800px\" \/><\/figure>\n<\/div>\n\n\n\n<div class=\"wp-block-column is-layout-flow wp-block-column-is-layout-flow\">\n<figure class=\"wp-block-image size-full\"><img decoding=\"async\" width=\"800\" height=\"800\" src=\"https:\/\/www.purecook.com\/wp-content\/uploads\/2025\/08\/bulk-lunch-box-2.webp\" alt=\"bo\u00eete \u00e0 lunch en vrac (2)\" class=\"wp-image-4346\" srcset=\"https:\/\/www.purecook.com\/wp-content\/uploads\/2025\/08\/bulk-lunch-box-2.webp 800w, https:\/\/www.purecook.com\/wp-content\/uploads\/2025\/08\/bulk-lunch-box-2-300x300.webp 300w, https:\/\/www.purecook.com\/wp-content\/uploads\/2025\/08\/bulk-lunch-box-2-150x150.webp 150w, https:\/\/www.purecook.com\/wp-content\/uploads\/2025\/08\/bulk-lunch-box-2-768x768.webp 768w, https:\/\/www.purecook.com\/wp-content\/uploads\/2025\/08\/bulk-lunch-box-2-12x12.webp 12w, https:\/\/www.purecook.com\/wp-content\/uploads\/2025\/08\/bulk-lunch-box-2-600x600.webp 600w, https:\/\/www.purecook.com\/wp-content\/uploads\/2025\/08\/bulk-lunch-box-2-100x100.webp 100w\" sizes=\"(max-width: 800px) 100vw, 800px\" \/><\/figure>\n<\/div>\n<\/div>\n\n\n\n<div class=\"wp-block-columns is-layout-flex wp-container-core-columns-is-layout-9d6595d7 wp-block-columns-is-layout-flex\">\n<div class=\"wp-block-column is-layout-flow wp-block-column-is-layout-flow\"><\/div>\n\n\n\n<div class=\"wp-block-column is-layout-flow wp-block-column-is-layout-flow\"><\/div>\n<\/div>","protected":false},"excerpt":{"rendered":"<p>Bo\u00eetes \u00e0 lunch multicouches en gros et en vrac. Fabriqu\u00e9es en acier inoxydable 304 de qualit\u00e9 alimentaire, ces bo\u00eetes \u00e0 lunch garantissent la s\u00e9curit\u00e9 alimentaire au quotidien. Leur conception empilable permet une meilleure organisation lors des repas ou de la livraison des repas aux amis et \u00e0 la famille. Purecook propose des prix d'usine et la personnalisation OEM. Contactez-nous pour obtenir le meilleur devis d'un fabricant de bo\u00eetes \u00e0 lunch fiable.<\/p>\n<h2>Caract\u00e9ristiques et avantages des bo\u00eetes \u00e0 lunch en acier inoxydable<\/h2>\n<p><strong>Mat\u00e9riau de qualit\u00e9 alimentaire :<\/strong> Avec l'acier inoxydable 304, vous n'avez pas \u00e0 craindre que votre d\u00e9licieux repas soit contamin\u00e9, car ce type de mat\u00e9riau r\u00e9pond aux normes de s\u00e9curit\u00e9 alimentaire en mati\u00e8re de stockage. Il est donc durable et pratique.<\/p>\n<p><strong>Design empilable :<\/strong> Sa conception empilable permet de ne pas m\u00e9langer les saveurs de chaque aliment. La couche sup\u00e9rieure convient parfaitement \u00e0 la conservation du riz, et la couche inf\u00e9rieure \u00e0 la conservation des soupes.<\/p>\n<p><strong>Conception \u00e9tanche :<\/strong> Le joint herm\u00e9tique \u00e9loigne l'air et les contaminants ext\u00e9rieurs de vos d\u00e9licieux repas, et enferme parfaitement votre soupe dans la bo\u00eete \u00e0 lunch.<\/p>\n<p><strong>Facile \u00e0 nettoyer :<\/strong> Le compartiment int\u00e9rieur en acier inoxydable est largement ouvert pour faciliter le nettoyage. Le mat\u00e9riau durable garantit que la bo\u00eete \u00e0 lunch est r\u00e9sistante aux taches et aux odeurs, et qu'elle conserve son aspect propre et son int\u00e9rieur, m\u00eame apr\u00e8s une utilisation prolong\u00e9e.<\/p>\n<p><strong>Service de bo\u00eetes \u00e0 lunch en gros :<\/strong> En tant que fabricant de bo\u00eetes \u00e0 lunch en acier inoxydable, nous fournissons des services de bo\u00eetes \u00e0 lunch en acier inoxydable en gros aux prix d'usine, soutenons les services OEM et ODM, et fournissons de riches options de personnalisation pour r\u00e9pondre \u00e0 votre marque et aux pr\u00e9f\u00e9rences du march\u00e9.<\/p>","protected":false},"featured_media":4351,"comment_status":"closed","ping_status":"closed","template":"","meta":{"_acf_changed":false},"product_brand":[],"product_cat":[102],"product_tag":[],"class_list":{"0":"post-4345","1":"product","2":"type-product","3":"status-publish","4":"has-post-thumbnail","6":"product_cat-lunch-boxes","8":"first","9":"instock","10":"shipping-taxable","11":"product-type-simple"},"acf":[],"_links":{"self":[{"href":"https:\/\/www.purecook.com\/fr\/wp-json\/wp\/v2\/product\/4345","targetHints":{"allow":["GET"]}}],"collection":[{"href":"https:\/\/www.purecook.com\/fr\/wp-json\/wp\/v2\/product"}],"about":[{"href":"https:\/\/www.purecook.com\/fr\/wp-json\/wp\/v2\/types\/product"}],"replies":[{"embeddable":true,"href":"https:\/\/www.purecook.com\/fr\/wp-json\/wp\/v2\/comments?post=4345"}],"wp:featuredmedia":[{"embeddable":true,"href":"https:\/\/www.purecook.com\/fr\/wp-json\/wp\/v2\/media\/4351"}],"wp:attachment":[{"href":"https:\/\/www.purecook.com\/fr\/wp-json\/wp\/v2\/media?parent=4345"}],"wp:term":[{"taxonomy":"product_brand","embeddable":true,"href":"https:\/\/www.purecook.com\/fr\/wp-json\/wp\/v2\/product_brand?post=4345"},{"taxonomy":"product_cat","embeddable":true,"href":"https:\/\/www.purecook.com\/fr\/wp-json\/wp\/v2\/product_cat?post=4345"},{"taxonomy":"product_tag","embeddable":true,"href":"https:\/\/www.purecook.com\/fr\/wp-json\/wp\/v2\/product_tag?post=4345"}],"curies":[{"name":"wp","href":"https:\/\/api.w.org\/{rel}","templated":true}]}}