{"id":4352,"date":"2025-08-04T17:29:58","date_gmt":"2025-08-04T09:29:58","guid":{"rendered":"https:\/\/www.purecook.com\/?post_type=product&#038;p=4352"},"modified":"2025-08-04T18:31:08","modified_gmt":"2025-08-04T10:31:08","slug":"wholesale-stainless-steel-stock-pots","status":"publish","type":"product","link":"https:\/\/www.purecook.com\/fr\/product\/wholesale-stainless-steel-stock-pots\/","title":{"rendered":"Grosses marmites en acier inoxydable - Grande capacit\u00e9 et durabilit\u00e9"},"content":{"rendered":"<div class=\"wp-block-columns is-layout-flex wp-container-core-columns-is-layout-9d6595d7 wp-block-columns-is-layout-flex\">\n<div class=\"wp-block-column is-layout-flow wp-block-column-is-layout-flow\">\n<h3 class=\"wp-block-heading\">Param\u00e8tres des marmites en acier inoxydable<\/h3>\n\n\n\n<p><strong>Mat\u00e9riau :<\/strong> SS201<br><strong>Couleur :<\/strong> Argent<br><strong>Forme : <\/strong>Colonne<br><strong>Diam\u00e8tre : <\/strong>24cm\/26cm\/28cm<br><strong>Hauteur :<\/strong> 14.5cm<br><strong>Poids brut : <\/strong>15,6 kg par pi\u00e8ce<br><br><\/p>\n<\/div>\n\n\n\n<div class=\"wp-block-column is-layout-flow wp-block-column-is-layout-flow\">\n<h3 class=\"wp-block-heading\">Options de pot de r\u00e9serve personnalis\u00e9es<\/h3>\n\n\n\n<p><strong>Logo :<\/strong> Personnalisable avec le logo de votre marque<br><strong>Couleur :<\/strong> Personnalisable<br><strong>Emballage :<\/strong>&nbsp;Bo\u00eete de couleur\/Carton, etc.<\/p>\n<\/div>\n<\/div>\n\n\n\n<div class=\"wp-block-columns is-layout-flex wp-container-core-columns-is-layout-9d6595d7 wp-block-columns-is-layout-flex\">\n<div class=\"wp-block-column is-layout-flow wp-block-column-is-layout-flow\">\n<figure class=\"wp-block-image size-full\"><img decoding=\"async\" width=\"800\" height=\"800\" src=\"https:\/\/www.purecook.com\/wp-content\/uploads\/2025\/08\/wholesale-stainless-steel-stock-pot-6.webp\" alt=\"Grossiste marmite en acier inoxydable (6)\" class=\"wp-image-4357\" srcset=\"https:\/\/www.purecook.com\/wp-content\/uploads\/2025\/08\/wholesale-stainless-steel-stock-pot-6.webp 800w, https:\/\/www.purecook.com\/wp-content\/uploads\/2025\/08\/wholesale-stainless-steel-stock-pot-6-300x300.webp 300w, https:\/\/www.purecook.com\/wp-content\/uploads\/2025\/08\/wholesale-stainless-steel-stock-pot-6-150x150.webp 150w, https:\/\/www.purecook.com\/wp-content\/uploads\/2025\/08\/wholesale-stainless-steel-stock-pot-6-768x768.webp 768w, https:\/\/www.purecook.com\/wp-content\/uploads\/2025\/08\/wholesale-stainless-steel-stock-pot-6-12x12.webp 12w, https:\/\/www.purecook.com\/wp-content\/uploads\/2025\/08\/wholesale-stainless-steel-stock-pot-6-600x600.webp 600w, https:\/\/www.purecook.com\/wp-content\/uploads\/2025\/08\/wholesale-stainless-steel-stock-pot-6-100x100.webp 100w\" sizes=\"(max-width: 800px) 100vw, 800px\" \/><\/figure>\n<\/div>\n\n\n\n<div class=\"wp-block-column is-layout-flow wp-block-column-is-layout-flow\">\n<figure class=\"wp-block-image size-full\"><img decoding=\"async\" width=\"800\" height=\"800\" src=\"https:\/\/www.purecook.com\/wp-content\/uploads\/2025\/08\/wholesale-stainless-steel-stock-pot-2.webp\" alt=\"marmite en gros en acier inoxydable (2)\" class=\"wp-image-4353\" srcset=\"https:\/\/www.purecook.com\/wp-content\/uploads\/2025\/08\/wholesale-stainless-steel-stock-pot-2.webp 800w, https:\/\/www.purecook.com\/wp-content\/uploads\/2025\/08\/wholesale-stainless-steel-stock-pot-2-300x300.webp 300w, https:\/\/www.purecook.com\/wp-content\/uploads\/2025\/08\/wholesale-stainless-steel-stock-pot-2-150x150.webp 150w, https:\/\/www.purecook.com\/wp-content\/uploads\/2025\/08\/wholesale-stainless-steel-stock-pot-2-768x768.webp 768w, https:\/\/www.purecook.com\/wp-content\/uploads\/2025\/08\/wholesale-stainless-steel-stock-pot-2-12x12.webp 12w, https:\/\/www.purecook.com\/wp-content\/uploads\/2025\/08\/wholesale-stainless-steel-stock-pot-2-600x600.webp 600w, https:\/\/www.purecook.com\/wp-content\/uploads\/2025\/08\/wholesale-stainless-steel-stock-pot-2-100x100.webp 100w\" sizes=\"(max-width: 800px) 100vw, 800px\" \/><\/figure>\n<\/div>\n<\/div>\n\n\n\n<div class=\"wp-block-columns is-layout-flex wp-container-core-columns-is-layout-9d6595d7 wp-block-columns-is-layout-flex\">\n<div class=\"wp-block-column is-layout-flow wp-block-column-is-layout-flow\"><\/div>\n\n\n\n<div class=\"wp-block-column is-layout-flow wp-block-column-is-layout-flow\"><\/div>\n<\/div>","protected":false},"excerpt":{"rendered":"<p>Grossiste marmite en acier inoxydable. Fabriqu\u00e9e en acier inoxydable de haute qualit\u00e9, cette marmite pr\u00e9sente un design \u00e9l\u00e9gant et durable. Le couvercle \u00e0 ajustement pr\u00e9cis permet d'emprisonner l'essence des ingr\u00e9dients, ce qui la rend id\u00e9ale pour la cuisson lente, les soupes et les rago\u00fbts. Sa grande capacit\u00e9 la rend id\u00e9ale pour une utilisation commerciale ou familiale.<\/p>\n<p>Purecook <a href=\"https:\/\/www.purecook.com\/fr\/categorie-produit\/cookware\/\" target=\"_blank\" rel=\"noopener\"><strong>fabricant d'ustensiles de cuisine<\/strong> <\/a>propose des prix d'usine et des services de personnalisation OEM. Contactez-nous pour obtenir le meilleur devis d'un fabricant d'ustensiles de cuisine fiable.<\/p>\n<h2>Caract\u00e9ristiques et avantages des marmites en acier inoxydable<\/h2>\n<p><strong>Mat\u00e9riau de premi\u00e8re qualit\u00e9 :\u00a0<\/strong>Cette marmite est fabriqu\u00e9e en acier inoxydable haut de gamme. Ce mat\u00e9riau permet au produit d'\u00eatre lisse et exempt de bavures ou d'imperfections.<\/p>\n<p><strong>Couvercle de pr\u00e9cision :<\/strong> Lorsqu'il est ferm\u00e9, il s'adapte pr\u00e9cis\u00e9ment \u00e0 la marmite. Il emprisonne l'humidit\u00e9 et la saveur de vos plats. La valve qui l'\u00e9quipe permet d'\u00e9vacuer efficacement la vapeur, ce qui rend la cuisson plus s\u00fbre et mieux ma\u00eetris\u00e9e.<\/p>\n<p><strong>Poign\u00e9es faciles \u00e0 utiliser :<\/strong> La poign\u00e9e m\u00e9tallique incurv\u00e9e offre une prise confortable tout en garantissant la s\u00e9curit\u00e9. Pour \u00e9viter les br\u00fblures lors de la manipulation.<\/p>\n<p><strong>Facile \u00e0 nettoyer :<\/strong> La surface en acier inoxydable emp\u00eache les r\u00e9sidus alimentaires d'adh\u00e9rer et est donc tr\u00e8s facile \u00e0 nettoyer ; un simple rin\u00e7age \u00e0 l'eau et au d\u00e9tergent suffit.<\/p>\n<p><strong>Service de vente en gros de pots en stock :<\/strong> En tant que fabricant d'ustensiles de cuisine en acier inoxydable, nous fournissons des services de marmites en acier inoxydable en gros \u00e0 des prix d'usine, nous soutenons les services OEM et ODM, et nous fournissons de nombreuses options de personnalisation pour r\u00e9pondre \u00e0 votre marque et aux pr\u00e9f\u00e9rences du march\u00e9.<\/p>","protected":false},"featured_media":4358,"comment_status":"closed","ping_status":"closed","template":"","meta":{"_acf_changed":false},"product_brand":[],"product_cat":[24,70],"product_tag":[97],"class_list":{"0":"post-4352","1":"product","2":"type-product","3":"status-publish","4":"has-post-thumbnail","6":"product_cat-cookware","7":"product_cat-soup-and-stock-pots","8":"product_tag-wholesale-commercial-cookware","10":"first","11":"instock","12":"shipping-taxable","13":"product-type-simple"},"acf":[],"_links":{"self":[{"href":"https:\/\/www.purecook.com\/fr\/wp-json\/wp\/v2\/product\/4352","targetHints":{"allow":["GET"]}}],"collection":[{"href":"https:\/\/www.purecook.com\/fr\/wp-json\/wp\/v2\/product"}],"about":[{"href":"https:\/\/www.purecook.com\/fr\/wp-json\/wp\/v2\/types\/product"}],"replies":[{"embeddable":true,"href":"https:\/\/www.purecook.com\/fr\/wp-json\/wp\/v2\/comments?post=4352"}],"wp:featuredmedia":[{"embeddable":true,"href":"https:\/\/www.purecook.com\/fr\/wp-json\/wp\/v2\/media\/4358"}],"wp:attachment":[{"href":"https:\/\/www.purecook.com\/fr\/wp-json\/wp\/v2\/media?parent=4352"}],"wp:term":[{"taxonomy":"product_brand","embeddable":true,"href":"https:\/\/www.purecook.com\/fr\/wp-json\/wp\/v2\/product_brand?post=4352"},{"taxonomy":"product_cat","embeddable":true,"href":"https:\/\/www.purecook.com\/fr\/wp-json\/wp\/v2\/product_cat?post=4352"},{"taxonomy":"product_tag","embeddable":true,"href":"https:\/\/www.purecook.com\/fr\/wp-json\/wp\/v2\/product_tag?post=4352"}],"curies":[{"name":"wp","href":"https:\/\/api.w.org\/{rel}","templated":true}]}}