{"id":4366,"date":"2025-08-04T17:45:19","date_gmt":"2025-08-04T09:45:19","guid":{"rendered":"https:\/\/www.purecook.com\/?post_type=product&#038;p=4366"},"modified":"2025-08-21T11:09:24","modified_gmt":"2025-08-21T03:09:24","slug":"wholesale-stainless-steel-double-ended-whisks","status":"publish","type":"product","link":"https:\/\/www.purecook.com\/fr\/product\/wholesale-stainless-steel-double-ended-whisks\/","title":{"rendered":"Fouet \u00e0 oeufs Wholesale - Fouet \u00e0 double extr\u00e9mit\u00e9 en acier inoxydable"},"content":{"rendered":"<div class=\"wp-block-columns is-layout-flex wp-container-core-columns-is-layout-9d6595d7 wp-block-columns-is-layout-flex\">\n<div class=\"wp-block-column is-layout-flow wp-block-column-is-layout-flow\">\n<h3 class=\"wp-block-heading\">Param\u00e8tres du fouet \u00e0 \u0153ufs <\/h3>\n\n\n\n<p><strong>Mat\u00e9riau :<\/strong> Acier inoxydable 304<br><strong>Logo :<\/strong> S\u00e9rigraphie\/Gravure au laser\/Tampon en relief<br><strong>Couleur :<\/strong> Argent<br><strong>Taille : <\/strong>20cm<br><strong>Poids brut : <\/strong>Moins de 50g par pi\u00e8ce<\/p>\n<\/div>\n\n\n\n<div class=\"wp-block-column is-layout-flow wp-block-column-is-layout-flow\">\n<h3 class=\"wp-block-heading\">Options de fouets \u00e0 \u0153ufs personnalis\u00e9s<\/h3>\n\n\n\n<p><strong>Logo :<\/strong> Personnalisable avec le logo de votre marque<br><strong>Emballage :<\/strong>\u00a0Bo\u00eete de couleur\/Carton, etc.<\/p>\n<\/div>\n<\/div>\n\n\n\n<div class=\"wp-block-columns is-layout-flex wp-container-core-columns-is-layout-9d6595d7 wp-block-columns-is-layout-flex\">\n<div class=\"wp-block-column is-layout-flow wp-block-column-is-layout-flow\">\n<figure class=\"wp-block-image size-full\"><img decoding=\"async\" width=\"800\" height=\"800\" src=\"https:\/\/www.purecook.com\/wp-content\/uploads\/2025\/08\/wholesale-egg-whisk-1.webp\" alt=\"fouet \u00e0 oeufs en gros (1)\" class=\"wp-image-4562\" srcset=\"https:\/\/www.purecook.com\/wp-content\/uploads\/2025\/08\/wholesale-egg-whisk-1.webp 800w, https:\/\/www.purecook.com\/wp-content\/uploads\/2025\/08\/wholesale-egg-whisk-1-300x300.webp 300w, https:\/\/www.purecook.com\/wp-content\/uploads\/2025\/08\/wholesale-egg-whisk-1-150x150.webp 150w, https:\/\/www.purecook.com\/wp-content\/uploads\/2025\/08\/wholesale-egg-whisk-1-768x768.webp 768w, https:\/\/www.purecook.com\/wp-content\/uploads\/2025\/08\/wholesale-egg-whisk-1-12x12.webp 12w, https:\/\/www.purecook.com\/wp-content\/uploads\/2025\/08\/wholesale-egg-whisk-1-600x600.webp 600w, https:\/\/www.purecook.com\/wp-content\/uploads\/2025\/08\/wholesale-egg-whisk-1-100x100.webp 100w\" sizes=\"(max-width: 800px) 100vw, 800px\" \/><\/figure>\n<\/div>\n\n\n\n<div class=\"wp-block-column is-layout-flow wp-block-column-is-layout-flow\">\n<figure class=\"wp-block-image size-full\"><img decoding=\"async\" width=\"800\" height=\"800\" src=\"https:\/\/www.purecook.com\/wp-content\/uploads\/2025\/08\/wholesale-egg-whisk-2.webp\" alt=\"Fouet \u00e0 oeufs en gros (2)\" class=\"wp-image-4563\" srcset=\"https:\/\/www.purecook.com\/wp-content\/uploads\/2025\/08\/wholesale-egg-whisk-2.webp 800w, https:\/\/www.purecook.com\/wp-content\/uploads\/2025\/08\/wholesale-egg-whisk-2-300x300.webp 300w, https:\/\/www.purecook.com\/wp-content\/uploads\/2025\/08\/wholesale-egg-whisk-2-150x150.webp 150w, https:\/\/www.purecook.com\/wp-content\/uploads\/2025\/08\/wholesale-egg-whisk-2-768x768.webp 768w, https:\/\/www.purecook.com\/wp-content\/uploads\/2025\/08\/wholesale-egg-whisk-2-12x12.webp 12w, https:\/\/www.purecook.com\/wp-content\/uploads\/2025\/08\/wholesale-egg-whisk-2-600x600.webp 600w, https:\/\/www.purecook.com\/wp-content\/uploads\/2025\/08\/wholesale-egg-whisk-2-100x100.webp 100w\" sizes=\"(max-width: 800px) 100vw, 800px\" \/><\/figure>\n<\/div>\n<\/div>","protected":false},"excerpt":{"rendered":"<p>Ce fouet \u00e0 \u0153ufs de gros \u00e0 double extr\u00e9mit\u00e9 est fabriqu\u00e9 en acier inoxydable de haute qualit\u00e9. Sa conception sym\u00e9trique unique facilite son utilisation et permet d'intervertir les extr\u00e9mit\u00e9s sans nettoyage. Il s'agit d'un outil efficace et peu encombrant qui convient \u00e0 de nombreuses t\u00e2ches de cuisine.<\/p>\n<h2>Caract\u00e9ristiques des sifflets \u00e0 double extr\u00e9mit\u00e9 en acier inoxydable<\/h2>\n<p><strong>Pratique et efficace :<\/strong> Le fouet \u00e0 double extr\u00e9mit\u00e9 permet d'effectuer plusieurs t\u00e2ches de mixage simultan\u00e9ment. Si vous utilisez l'autre extr\u00e9mit\u00e9 pour un autre ingr\u00e9dient, vous pouvez rapidement passer \u00e0 l'extr\u00e9mit\u00e9 propre sans avoir \u00e0 nettoyer le fouet au milieu de la t\u00e2che.<\/p>\n<p><strong>Gain de place :<\/strong> Il comprend deux fouets dans un seul appareil, ce qui permet de r\u00e9duire l'encombrement dans les tiroirs de la cuisine.<\/p>\n<p><strong>Hygi\u00e9nique et facile \u00e0 nettoyer :<\/strong> Fabriqu\u00e9 en acier inoxydable 304, le fouet \u00e0 double extr\u00e9mit\u00e9 n'absorbe pas facilement les odeurs ou les saveurs des aliments. Le fouet en acier inoxydable est \u00e9galement tr\u00e8s facile \u00e0 nettoyer et passe au lave-vaisselle.<\/p>\n<p><strong>R\u00e9sistant \u00e0 la chaleur :<\/strong> L'acier inoxydable r\u00e9siste aux temp\u00e9ratures \u00e9lev\u00e9es et peut \u00eatre utilis\u00e9 en toute s\u00e9curit\u00e9 pour m\u00e9langer les sauces sans risque de fonte ou de d\u00e9formation.<\/p>","protected":false},"featured_media":4562,"comment_status":"closed","ping_status":"closed","template":"","meta":{"_acf_changed":false},"product_brand":[],"product_cat":[52],"product_tag":[],"class_list":{"0":"post-4366","1":"product","2":"type-product","3":"status-publish","4":"has-post-thumbnail","6":"product_cat-kitchen-utensils","8":"first","9":"instock","10":"shipping-taxable","11":"product-type-simple"},"acf":[],"_links":{"self":[{"href":"https:\/\/www.purecook.com\/fr\/wp-json\/wp\/v2\/product\/4366","targetHints":{"allow":["GET"]}}],"collection":[{"href":"https:\/\/www.purecook.com\/fr\/wp-json\/wp\/v2\/product"}],"about":[{"href":"https:\/\/www.purecook.com\/fr\/wp-json\/wp\/v2\/types\/product"}],"replies":[{"embeddable":true,"href":"https:\/\/www.purecook.com\/fr\/wp-json\/wp\/v2\/comments?post=4366"}],"wp:featuredmedia":[{"embeddable":true,"href":"https:\/\/www.purecook.com\/fr\/wp-json\/wp\/v2\/media\/4562"}],"wp:attachment":[{"href":"https:\/\/www.purecook.com\/fr\/wp-json\/wp\/v2\/media?parent=4366"}],"wp:term":[{"taxonomy":"product_brand","embeddable":true,"href":"https:\/\/www.purecook.com\/fr\/wp-json\/wp\/v2\/product_brand?post=4366"},{"taxonomy":"product_cat","embeddable":true,"href":"https:\/\/www.purecook.com\/fr\/wp-json\/wp\/v2\/product_cat?post=4366"},{"taxonomy":"product_tag","embeddable":true,"href":"https:\/\/www.purecook.com\/fr\/wp-json\/wp\/v2\/product_tag?post=4366"}],"curies":[{"name":"wp","href":"https:\/\/api.w.org\/{rel}","templated":true}]}}