{"id":4367,"date":"2025-08-04T17:53:59","date_gmt":"2025-08-04T09:53:59","guid":{"rendered":"https:\/\/www.purecook.com\/?post_type=product&#038;p=4367"},"modified":"2025-08-04T18:26:08","modified_gmt":"2025-08-04T10:26:08","slug":"wholesale-stainless-steel-colander-sets","status":"publish","type":"product","link":"https:\/\/www.purecook.com\/fr\/product\/wholesale-stainless-steel-colander-sets\/","title":{"rendered":"Lot de passoires en acier inoxydable en gros, bols de lavage de riz en vrac - Pores ultrafines"},"content":{"rendered":"<div class=\"wp-block-columns is-layout-flex wp-container-core-columns-is-layout-9d6595d7 wp-block-columns-is-layout-flex\">\n<div class=\"wp-block-column is-layout-flow wp-block-column-is-layout-flow\">\n<h3 class=\"wp-block-heading\">Param\u00e8tres de l'ensemble de passoires en acier inoxydable<\/h3>\n\n\n\n<p><strong>Mat\u00e9riau :<\/strong> SS304<br><strong>Couleur :<\/strong> Argent<br><strong>\u00c9paisseur :<\/strong> 0,5 mm<br><strong>Taille :<\/strong> 25.5cm<br><strong>Poids brut : <\/strong>Moins de 1 kg par pi\u00e8ce<\/p>\n<\/div>\n\n\n\n<div class=\"wp-block-column is-layout-flow wp-block-column-is-layout-flow\">\n<h3 class=\"wp-block-heading\">Options de pot de r\u00e9serve personnalis\u00e9es<\/h3>\n\n\n\n<p><strong>Logo :<\/strong> Personnalisable avec le logo de votre marque<br><strong>Couleur :<\/strong> Personnalisable<br><strong>Emballage :<\/strong>&nbsp;Bo\u00eete de couleur\/Carton, etc.<br><strong>MOQ : <\/strong>1000pcs<\/p>\n<\/div>\n<\/div>\n\n\n\n<div class=\"wp-block-columns is-layout-flex wp-container-core-columns-is-layout-9d6595d7 wp-block-columns-is-layout-flex\">\n<div class=\"wp-block-column is-layout-flow wp-block-column-is-layout-flow\">\n<figure class=\"wp-block-image size-full\"><img decoding=\"async\" width=\"800\" height=\"800\" src=\"https:\/\/www.purecook.com\/wp-content\/uploads\/2025\/08\/wholesale-stainless-steel-colander-sets-6.webp\" alt=\"Grosses passoires en acier inoxydable (6)\" class=\"wp-image-4373\" srcset=\"https:\/\/www.purecook.com\/wp-content\/uploads\/2025\/08\/wholesale-stainless-steel-colander-sets-6.webp 800w, https:\/\/www.purecook.com\/wp-content\/uploads\/2025\/08\/wholesale-stainless-steel-colander-sets-6-300x300.webp 300w, https:\/\/www.purecook.com\/wp-content\/uploads\/2025\/08\/wholesale-stainless-steel-colander-sets-6-150x150.webp 150w, https:\/\/www.purecook.com\/wp-content\/uploads\/2025\/08\/wholesale-stainless-steel-colander-sets-6-768x768.webp 768w, https:\/\/www.purecook.com\/wp-content\/uploads\/2025\/08\/wholesale-stainless-steel-colander-sets-6-12x12.webp 12w, https:\/\/www.purecook.com\/wp-content\/uploads\/2025\/08\/wholesale-stainless-steel-colander-sets-6-600x600.webp 600w, https:\/\/www.purecook.com\/wp-content\/uploads\/2025\/08\/wholesale-stainless-steel-colander-sets-6-100x100.webp 100w\" sizes=\"(max-width: 800px) 100vw, 800px\" \/><\/figure>\n<\/div>\n\n\n\n<div class=\"wp-block-column is-layout-flow wp-block-column-is-layout-flow\">\n<figure class=\"wp-block-image size-full\"><img decoding=\"async\" width=\"800\" height=\"800\" src=\"https:\/\/www.purecook.com\/wp-content\/uploads\/2025\/08\/wholesale-stainless-steel-colander-sets-7.webp\" alt=\"Grosses passoires en acier inoxydable (7)\" class=\"wp-image-4374\" srcset=\"https:\/\/www.purecook.com\/wp-content\/uploads\/2025\/08\/wholesale-stainless-steel-colander-sets-7.webp 800w, https:\/\/www.purecook.com\/wp-content\/uploads\/2025\/08\/wholesale-stainless-steel-colander-sets-7-300x300.webp 300w, https:\/\/www.purecook.com\/wp-content\/uploads\/2025\/08\/wholesale-stainless-steel-colander-sets-7-150x150.webp 150w, https:\/\/www.purecook.com\/wp-content\/uploads\/2025\/08\/wholesale-stainless-steel-colander-sets-7-768x768.webp 768w, https:\/\/www.purecook.com\/wp-content\/uploads\/2025\/08\/wholesale-stainless-steel-colander-sets-7-12x12.webp 12w, https:\/\/www.purecook.com\/wp-content\/uploads\/2025\/08\/wholesale-stainless-steel-colander-sets-7-600x600.webp 600w, https:\/\/www.purecook.com\/wp-content\/uploads\/2025\/08\/wholesale-stainless-steel-colander-sets-7-100x100.webp 100w\" sizes=\"(max-width: 800px) 100vw, 800px\" \/><\/figure>\n<\/div>\n<\/div>\n\n\n\n<div class=\"wp-block-columns is-layout-flex wp-container-core-columns-is-layout-9d6595d7 wp-block-columns-is-layout-flex\">\n<div class=\"wp-block-column is-layout-flow wp-block-column-is-layout-flow\"><\/div>\n\n\n\n<div class=\"wp-block-column is-layout-flow wp-block-column-is-layout-flow\"><\/div>\n<\/div>","protected":false},"excerpt":{"rendered":"<p>Jeu de passoires en gros en acier inoxydable. Sa structure \u00e0 mailles fines permet un drainage efficace et filtre facilement les grains fins. Elle est parfaite pour laver les fruits et les l\u00e9gumes, \u00e9goutter les p\u00e2tes et rincer le riz. Elle peut \u00e9galement servir de bol \u00e0 m\u00e9langer, ce qui est parfait pour une vari\u00e9t\u00e9 de t\u00e2ches en cuisine. Contactez-nous pour un devis.<\/p>\n<p>Purecook <a href=\"https:\/\/www.purecook.com\/fr\/categorie-produit\/kitchen-utensils\/\" target=\"_blank\" rel=\"noopener\"><strong>fabricant d'ustensiles de cuisine <\/strong><\/a>offre des prix d'usine et des services de personnalisation OEM. Contactez-nous pour obtenir le meilleur devis d'un fabricant d'ustensiles de cuisine fiable.<\/p>\n<h2>Caract\u00e9ristiques et avantages des ensembles de passoires en acier inoxydable<\/h2>\n<p><strong>Mat\u00e9riaux de qualit\u00e9 alimentaire sup\u00e9rieure :<\/strong> Les sets de passoires en acier inoxydable sont m\u00e9ticuleusement fabriqu\u00e9s en acier inoxydable de qualit\u00e9 alimentaire, offrant une r\u00e9sistance exceptionnelle \u00e0 la rouille et \u00e0 la corrosion, ce qui leur permet de rester en parfait \u00e9tat pendant des ann\u00e9es.<\/p>\n<p><strong>Conception polyvalente :<\/strong> L'ensemble de passoires en acier inoxydable permet de r\u00e9aliser facilement de nombreuses t\u00e2ches culinaires, notamment laver les fruits et les l\u00e9gumes, \u00e9goutter les p\u00e2tes, rincer le riz et m\u00e9langer les salades, r\u00e9pondant ainsi aux besoins vari\u00e9s de toute cuisine.<\/p>\n<p><strong>D\u00e9tails conviviaux :<\/strong> Gr\u00e2ce \u00e0 l'attention port\u00e9e aux d\u00e9tails conviviaux, l'ensemble de passoires en acier inoxydable est dot\u00e9 d'une poign\u00e9e ergonomique incurv\u00e9e et d'un bec verseur pratique, ce qui rend votre travail de cuisine plus rapide, plus propre et plus efficace.<\/p>\n<p><strong>Conception \u00e0 mailles fines :<\/strong> La maille finement tiss\u00e9e emp\u00eache m\u00eame les petits grains de glisser \u00e0 travers, ce qui en fait l'outil id\u00e9al pour les t\u00e2ches d\u00e9licates telles que le rin\u00e7age du riz, le lavage des baies ou l'\u00e9gouttage des fines particules alimentaires.<\/p>\n<p><strong>Service de vente en gros de passoires :<\/strong> En tant que fabricant d'ustensiles de cuisine en acier inoxydable, nous fournissons en gros des passoires en acier inoxydable \u00e0 des prix d'usine, nous soutenons les services OEM et ODM et fournissons de nombreuses options de personnalisation pour r\u00e9pondre aux pr\u00e9f\u00e9rences de votre marque et de votre march\u00e9.<\/p>","protected":false},"featured_media":4368,"comment_status":"closed","ping_status":"closed","template":"","meta":{"_acf_changed":false},"product_brand":[],"product_cat":[52,65],"product_tag":[],"class_list":{"0":"post-4367","1":"product","2":"type-product","3":"status-publish","4":"has-post-thumbnail","6":"product_cat-kitchen-utensils","7":"product_cat-kitchen-strainer-and-colander","9":"first","10":"instock","11":"shipping-taxable","12":"product-type-simple"},"acf":[],"_links":{"self":[{"href":"https:\/\/www.purecook.com\/fr\/wp-json\/wp\/v2\/product\/4367","targetHints":{"allow":["GET"]}}],"collection":[{"href":"https:\/\/www.purecook.com\/fr\/wp-json\/wp\/v2\/product"}],"about":[{"href":"https:\/\/www.purecook.com\/fr\/wp-json\/wp\/v2\/types\/product"}],"replies":[{"embeddable":true,"href":"https:\/\/www.purecook.com\/fr\/wp-json\/wp\/v2\/comments?post=4367"}],"wp:featuredmedia":[{"embeddable":true,"href":"https:\/\/www.purecook.com\/fr\/wp-json\/wp\/v2\/media\/4368"}],"wp:attachment":[{"href":"https:\/\/www.purecook.com\/fr\/wp-json\/wp\/v2\/media?parent=4367"}],"wp:term":[{"taxonomy":"product_brand","embeddable":true,"href":"https:\/\/www.purecook.com\/fr\/wp-json\/wp\/v2\/product_brand?post=4367"},{"taxonomy":"product_cat","embeddable":true,"href":"https:\/\/www.purecook.com\/fr\/wp-json\/wp\/v2\/product_cat?post=4367"},{"taxonomy":"product_tag","embeddable":true,"href":"https:\/\/www.purecook.com\/fr\/wp-json\/wp\/v2\/product_tag?post=4367"}],"curies":[{"name":"wp","href":"https:\/\/api.w.org\/{rel}","templated":true}]}}