{"id":4413,"date":"2025-08-08T17:41:09","date_gmt":"2025-08-08T09:41:09","guid":{"rendered":"https:\/\/www.purecook.com\/?post_type=product&#038;p=4413"},"modified":"2025-08-09T10:17:00","modified_gmt":"2025-08-09T02:17:00","slug":"wholesale-stainless-steel-dinner-plates-with-handle","status":"publish","type":"product","link":"https:\/\/www.purecook.com\/fr\/product\/wholesale-stainless-steel-dinner-plates-with-handle\/","title":{"rendered":"Wholesale Oval Stainless Steel Dinner Plates with Handle - Can also be Fruit and Snack Plates"},"content":{"rendered":"<div class=\"wp-block-columns is-layout-flex wp-container-core-columns-is-layout-9d6595d7 wp-block-columns-is-layout-flex\">\n<div class=\"wp-block-column is-layout-flow wp-block-column-is-layout-flow\">\n<h3 class=\"wp-block-heading\">Param\u00e8tres de l'assiette en acier inoxydable<\/h3>\n\n\n\n<p><strong>Mat\u00e9riau :<\/strong> SS430<br><strong>Couleur :<\/strong> Argent\/Or<br><strong>\u00c9paisseur normale :<\/strong> 1,8 mm<br><strong>Taille :<\/strong>25\u00d717\u00d73.6cm\/30\u00d720\u00d74.1cm\/35\u00d723\u00d74.6cm\/40\u00d726\u00d75.2cm<br><strong>Poids brut : <\/strong>Moins de 2 kg par pi\u00e8ce<\/p>\n<\/div>\n\n\n\n<div class=\"wp-block-column is-layout-flow wp-block-column-is-layout-flow\">\n<h3 class=\"wp-block-heading\">Options d'assiettes plates en acier inoxydable personnalis\u00e9es<\/h3>\n\n\n\n<p><strong>Logo :<\/strong> Personnalisable avec le logo de votre marque<br><strong>Emballage :<\/strong>\u00a0Bo\u00eete de couleur\/Carton, etc.<\/p>\n<\/div>\n<\/div>\n\n\n\n<div class=\"wp-block-columns is-layout-flex wp-container-core-columns-is-layout-9d6595d7 wp-block-columns-is-layout-flex\">\n<div class=\"wp-block-column is-layout-flow wp-block-column-is-layout-flow\">\n<figure class=\"wp-block-image size-full\"><img decoding=\"async\" width=\"800\" height=\"800\" src=\"https:\/\/www.purecook.com\/wp-content\/uploads\/2025\/08\/wholesale-stainless-steel-dinner-plates-with-handle-6.webp\" alt=\"grossiste assiettes \u00e0 d\u00eener en acier inoxydable avec poign\u00e9e (6)\" class=\"wp-image-4420\" srcset=\"https:\/\/www.purecook.com\/wp-content\/uploads\/2025\/08\/wholesale-stainless-steel-dinner-plates-with-handle-6.webp 800w, https:\/\/www.purecook.com\/wp-content\/uploads\/2025\/08\/wholesale-stainless-steel-dinner-plates-with-handle-6-300x300.webp 300w, https:\/\/www.purecook.com\/wp-content\/uploads\/2025\/08\/wholesale-stainless-steel-dinner-plates-with-handle-6-150x150.webp 150w, https:\/\/www.purecook.com\/wp-content\/uploads\/2025\/08\/wholesale-stainless-steel-dinner-plates-with-handle-6-768x768.webp 768w, https:\/\/www.purecook.com\/wp-content\/uploads\/2025\/08\/wholesale-stainless-steel-dinner-plates-with-handle-6-12x12.webp 12w, https:\/\/www.purecook.com\/wp-content\/uploads\/2025\/08\/wholesale-stainless-steel-dinner-plates-with-handle-6-600x600.webp 600w, https:\/\/www.purecook.com\/wp-content\/uploads\/2025\/08\/wholesale-stainless-steel-dinner-plates-with-handle-6-100x100.webp 100w\" sizes=\"(max-width: 800px) 100vw, 800px\" \/><\/figure>\n<\/div>\n\n\n\n<div class=\"wp-block-column is-layout-flow wp-block-column-is-layout-flow\">\n<figure class=\"wp-block-image size-full\"><img decoding=\"async\" width=\"800\" height=\"800\" src=\"https:\/\/www.purecook.com\/wp-content\/uploads\/2025\/08\/wholesale-stainless-steel-dinner-plates-with-handle-7.webp\" alt=\"grossiste assiettes \u00e0 d\u00eener en acier inoxydable avec poign\u00e9e (7)\" class=\"wp-image-4421\" srcset=\"https:\/\/www.purecook.com\/wp-content\/uploads\/2025\/08\/wholesale-stainless-steel-dinner-plates-with-handle-7.webp 800w, https:\/\/www.purecook.com\/wp-content\/uploads\/2025\/08\/wholesale-stainless-steel-dinner-plates-with-handle-7-300x300.webp 300w, https:\/\/www.purecook.com\/wp-content\/uploads\/2025\/08\/wholesale-stainless-steel-dinner-plates-with-handle-7-150x150.webp 150w, https:\/\/www.purecook.com\/wp-content\/uploads\/2025\/08\/wholesale-stainless-steel-dinner-plates-with-handle-7-768x768.webp 768w, https:\/\/www.purecook.com\/wp-content\/uploads\/2025\/08\/wholesale-stainless-steel-dinner-plates-with-handle-7-12x12.webp 12w, https:\/\/www.purecook.com\/wp-content\/uploads\/2025\/08\/wholesale-stainless-steel-dinner-plates-with-handle-7-600x600.webp 600w, https:\/\/www.purecook.com\/wp-content\/uploads\/2025\/08\/wholesale-stainless-steel-dinner-plates-with-handle-7-100x100.webp 100w\" sizes=\"(max-width: 800px) 100vw, 800px\" \/><\/figure>\n<\/div>\n<\/div>\n\n\n\n<div class=\"wp-block-columns is-layout-flex wp-container-core-columns-is-layout-9d6595d7 wp-block-columns-is-layout-flex\">\n<div class=\"wp-block-column is-layout-flow wp-block-column-is-layout-flow\"><\/div>\n\n\n\n<div class=\"wp-block-column is-layout-flow wp-block-column-is-layout-flow\"><\/div>\n<\/div>\n\n\n\n<div class=\"wp-block-columns is-layout-flex wp-container-core-columns-is-layout-9d6595d7 wp-block-columns-is-layout-flex\">\n<div class=\"wp-block-column is-layout-flow wp-block-column-is-layout-flow\"><\/div>\n\n\n\n<div class=\"wp-block-column is-layout-flow wp-block-column-is-layout-flow\"><\/div>\n<\/div>","protected":false},"excerpt":{"rendered":"<p>Vente en gros d'assiettes en acier inoxydable avec poign\u00e9es. Durables, r\u00e9sistantes \u00e0 la corrosion et faciles \u00e0 nettoyer, ces assiettes sont id\u00e9ales pour les restaurants, les traiteurs et les repas \u00e0 domicile. Nous acceptons les commandes en gros et pouvons personnaliser les tailles pour r\u00e9pondre aux besoins de votre march\u00e9.<\/p>\n<h2>Caract\u00e9ristiques et avantages des assiettes en acier inoxydable<\/h2>\n<p><strong>Design haut de gamme :<\/strong> Fabriqu\u00e9es en acier inoxydable de haute qualit\u00e9 avec une finition polie miroir, les assiettes \u00e0 d\u00eener en acier inoxydable donnent une touche de classe \u00e0 votre table \u00e0 manger.<\/p>\n<p><strong>Praticit\u00e9 et polyvalence :<\/strong> Les assiettes ovales sont id\u00e9ales pour servir la cuisine chinoise et occidentale, les soupes ou les fruits frais.<\/p>\n<p><strong>Entretien facile :<\/strong> La surface lisse de ces plaques se nettoie facilement \u00e0 la brosse et r\u00e9siste tr\u00e8s bien aux graisses persistantes et aux r\u00e9sidus alimentaires. Elles peuvent \u00e9galement \u00eatre mises au lave-vaisselle, ce qui les rend id\u00e9ales pour une utilisation dans des installations commerciales.<\/p>\n<p><strong>Empilable :<\/strong> Disponibles en diff\u00e9rentes tailles, ces assiettes en acier inoxydable sont empilables et n'occupent que peu d'espace dans votre cuisine. Elles sont id\u00e9ales pour les repas au restaurant ou \u00e0 la maison.<\/p>\n<p><strong>Service polyvalent :<\/strong> Ces assiettes \u00e0 d\u00eener modernes en acier inoxydable sont parfaitement \u00e0 leur place sur une planche \u00e0 d\u00e9couper en bois, un comptoir en marbre ou m\u00eame un buffet de banquet.<\/p>","protected":false},"featured_media":4415,"comment_status":"closed","ping_status":"closed","template":"","meta":{"_acf_changed":false},"product_brand":[],"product_cat":[55,51],"product_tag":[],"class_list":{"0":"post-4413","1":"product","2":"type-product","3":"status-publish","4":"has-post-thumbnail","6":"product_cat-dish-and-plate","7":"product_cat-dinnerware","9":"first","10":"instock","11":"shipping-taxable","12":"product-type-simple"},"acf":[],"_links":{"self":[{"href":"https:\/\/www.purecook.com\/fr\/wp-json\/wp\/v2\/product\/4413","targetHints":{"allow":["GET"]}}],"collection":[{"href":"https:\/\/www.purecook.com\/fr\/wp-json\/wp\/v2\/product"}],"about":[{"href":"https:\/\/www.purecook.com\/fr\/wp-json\/wp\/v2\/types\/product"}],"replies":[{"embeddable":true,"href":"https:\/\/www.purecook.com\/fr\/wp-json\/wp\/v2\/comments?post=4413"}],"wp:featuredmedia":[{"embeddable":true,"href":"https:\/\/www.purecook.com\/fr\/wp-json\/wp\/v2\/media\/4415"}],"wp:attachment":[{"href":"https:\/\/www.purecook.com\/fr\/wp-json\/wp\/v2\/media?parent=4413"}],"wp:term":[{"taxonomy":"product_brand","embeddable":true,"href":"https:\/\/www.purecook.com\/fr\/wp-json\/wp\/v2\/product_brand?post=4413"},{"taxonomy":"product_cat","embeddable":true,"href":"https:\/\/www.purecook.com\/fr\/wp-json\/wp\/v2\/product_cat?post=4413"},{"taxonomy":"product_tag","embeddable":true,"href":"https:\/\/www.purecook.com\/fr\/wp-json\/wp\/v2\/product_tag?post=4413"}],"curies":[{"name":"wp","href":"https:\/\/api.w.org\/{rel}","templated":true}]}}