{"id":4422,"date":"2025-08-09T10:23:57","date_gmt":"2025-08-09T02:23:57","guid":{"rendered":"https:\/\/www.purecook.com\/?post_type=product&#038;p=4422"},"modified":"2025-08-09T11:00:22","modified_gmt":"2025-08-09T03:00:22","slug":"bulk-stainless-steel-colanders","status":"publish","type":"product","link":"https:\/\/www.purecook.com\/fr\/product\/bulk-stainless-steel-colanders\/","title":{"rendered":"Bassines en acier inoxydable en vrac, bols de lavage de riz en gros"},"content":{"rendered":"<div class=\"wp-block-columns is-layout-flex wp-container-core-columns-is-layout-9d6595d7 wp-block-columns-is-layout-flex\">\n<div class=\"wp-block-column is-layout-flow wp-block-column-is-layout-flow\">\n<h3 class=\"wp-block-heading\">Param\u00e8tres de la passoire en acier inoxydable<\/h3>\n\n\n\n<p><strong>Mat\u00e9riau :<\/strong> SS201<br><strong>Couleur :<\/strong> Argent<br><strong>\u00c9paisseur :<\/strong> 0,3 mm<\/p>\n<\/div>\n\n\n\n<div class=\"wp-block-column is-layout-flow wp-block-column-is-layout-flow\">\n<h3 class=\"wp-block-heading\">Options d'ustensiles de cuisine personnalis\u00e9s<\/h3>\n\n\n\n<p><strong>Logo :<\/strong> Personnalisable avec le logo de votre marque<br><strong>Emballage :<\/strong>&nbsp;Bo\u00eete de couleur\/Carton, etc.<\/p>\n<\/div>\n<\/div>\n\n\n\n<div class=\"wp-block-columns is-layout-flex wp-container-core-columns-is-layout-9d6595d7 wp-block-columns-is-layout-flex\">\n<div class=\"wp-block-column is-layout-flow wp-block-column-is-layout-flow\">\n<figure class=\"wp-block-image size-full\"><img decoding=\"async\" width=\"800\" height=\"800\" src=\"https:\/\/www.purecook.com\/wp-content\/uploads\/2025\/08\/wholesale-rice-washing-bowls-3.webp\" alt=\"bols de lavage de riz en gros (3)\" class=\"wp-image-4425\" srcset=\"https:\/\/www.purecook.com\/wp-content\/uploads\/2025\/08\/wholesale-rice-washing-bowls-3.webp 800w, https:\/\/www.purecook.com\/wp-content\/uploads\/2025\/08\/wholesale-rice-washing-bowls-3-300x300.webp 300w, https:\/\/www.purecook.com\/wp-content\/uploads\/2025\/08\/wholesale-rice-washing-bowls-3-150x150.webp 150w, https:\/\/www.purecook.com\/wp-content\/uploads\/2025\/08\/wholesale-rice-washing-bowls-3-768x768.webp 768w, https:\/\/www.purecook.com\/wp-content\/uploads\/2025\/08\/wholesale-rice-washing-bowls-3-12x12.webp 12w, https:\/\/www.purecook.com\/wp-content\/uploads\/2025\/08\/wholesale-rice-washing-bowls-3-600x600.webp 600w, https:\/\/www.purecook.com\/wp-content\/uploads\/2025\/08\/wholesale-rice-washing-bowls-3-100x100.webp 100w\" sizes=\"(max-width: 800px) 100vw, 800px\" \/><\/figure>\n<\/div>\n\n\n\n<div class=\"wp-block-column is-layout-flow wp-block-column-is-layout-flow\">\n<figure class=\"wp-block-image size-full\"><img decoding=\"async\" width=\"800\" height=\"800\" src=\"https:\/\/www.purecook.com\/wp-content\/uploads\/2025\/08\/wholesale-rice-washing-bowls-4.webp\" alt=\"bols de lavage du riz en gros (4)\" class=\"wp-image-4426\" srcset=\"https:\/\/www.purecook.com\/wp-content\/uploads\/2025\/08\/wholesale-rice-washing-bowls-4.webp 800w, https:\/\/www.purecook.com\/wp-content\/uploads\/2025\/08\/wholesale-rice-washing-bowls-4-300x300.webp 300w, https:\/\/www.purecook.com\/wp-content\/uploads\/2025\/08\/wholesale-rice-washing-bowls-4-150x150.webp 150w, https:\/\/www.purecook.com\/wp-content\/uploads\/2025\/08\/wholesale-rice-washing-bowls-4-768x768.webp 768w, https:\/\/www.purecook.com\/wp-content\/uploads\/2025\/08\/wholesale-rice-washing-bowls-4-12x12.webp 12w, https:\/\/www.purecook.com\/wp-content\/uploads\/2025\/08\/wholesale-rice-washing-bowls-4-600x600.webp 600w, https:\/\/www.purecook.com\/wp-content\/uploads\/2025\/08\/wholesale-rice-washing-bowls-4-100x100.webp 100w\" sizes=\"(max-width: 800px) 100vw, 800px\" \/><\/figure>\n<\/div>\n<\/div>\n\n\n\n<div class=\"wp-block-columns is-layout-flex wp-container-core-columns-is-layout-9d6595d7 wp-block-columns-is-layout-flex\">\n<div class=\"wp-block-column is-layout-flow wp-block-column-is-layout-flow\"><\/div>\n\n\n\n<div class=\"wp-block-column is-layout-flow wp-block-column-is-layout-flow\"><\/div>\n<\/div>","protected":false},"excerpt":{"rendered":"<p>Les passoires en gros en acier inoxydable, les bols pour le lavage du riz, ont des bords lisses et arrondis pour \u00e9viter les rayures pendant l'utilisation. Leur forme \u00e9quilibr\u00e9e permet de les incliner et de les verser facilement, ce qui r\u00e9duit la charge de travail pendant la pr\u00e9paration des aliments. La densit\u00e9 des trous de drainage assure un \u00e9coulement rapide. Nous proposons des services de personnalisation OEM et ODM. Contactez-nous pour un devis.<\/p>\n<p>Purecook <a class=\"___SBox_epc1q-ko_ kwo-widget-keyword-ideas-done__link ___SLink_zko9t-ko_ __noWrapText_zko9t-ko_ ___SText_ai1ow-ko_\" tabindex=\"0\" role=\"link\" href=\"https:\/\/www.purecook.com\/fr\/categorie-produit\/kitchen-utensils\/\" target=\"_blank\" rel=\"noopener\" data-ui-name=\"Link\" data-testid=\"suggestion-keyword\" data-path=\"overview.ideas_widget.broad_widget.table.keyword_cell.keyword_link\"><span class=\"___SBox_epc1q-ko_ ___SText_zko9t-ko_\" data-ui-name=\"Link.Text\">fabricant d'ustensiles de cuisine<\/span><\/a><a href=\"https:\/\/www.purecook.com\/fr\/categorie-produit\/cookware\/\" target=\"_blank\" rel=\"noopener\">\u00a0<\/a>propose des prix d'usine pour <a href=\"https:\/\/www.purecook.com\/fr\/categorie-produit\/kitchen-utensils\/\" target=\"_blank\" rel=\"noopener\"><strong>commerce de gros <span class=\"___SBox_epc1q-ko_ ___SText_zko9t-ko_\" data-ui-name=\"Link.Text\">ustensiles de cuisine<\/span><\/strong><\/a>. Contactez-nous pour obtenir le meilleur devis d'un fabricant d'ustensiles de cuisine fiable.<\/p>\n<h2>Caract\u00e9ristiques de la passoire en acier inoxydable<\/h2>\n<p><strong>Conception d'un syst\u00e8me de drainage efficace :<\/strong> Les passoires en acier inoxydable sont dot\u00e9es de trous de drainage denses et d'une ouverture inclin\u00e9e sur le fond, ce qui permet de laver rapidement et soigneusement le riz et d'\u00e9goutter les l\u00e9gumes et les fruits.<\/p>\n<p><strong>Pratique et \u00e9l\u00e9gant :<\/strong> Ces passoires en acier inoxydable pr\u00e9sentent une finition m\u00e9tallique \u00e9l\u00e9gante et sont dot\u00e9es d'un trou de suspension qui peut \u00eatre accroch\u00e9 \u00e0 l'aide d'un crochet \u00e0 ventouse ou plac\u00e9 directement sur le plan de travail pour un design propre et peu encombrant.<\/p>\n<p><strong>Sain et hygi\u00e9nique :<\/strong> Les passoires en acier inoxydable sont con\u00e7ues sans angles, ce qui \u00e9limine le risque d'accumulation de salet\u00e9s dans les angles, facilite le nettoyage et pr\u00e9serve l'hygi\u00e8ne de la cuisine.<\/p>\n<p><strong>Ustensile de cuisine polyvalent :<\/strong> Id\u00e9ales pour laver et \u00e9goutter les l\u00e9gumes, les fruits, les p\u00e2tes, les nouilles, le riz et les haricots, elles conviennent aussi bien \u00e0 la cuisine familiale qu'\u00e0 la restauration professionnelle.<\/p>\n<p><strong>Vente en gros d'ustensiles de cuisine :<\/strong> Nous sommes une usine exp\u00e9riment\u00e9e qui propose des ustensiles de cuisine en acier inoxydable de haute qualit\u00e9, tels que des passoires, des bouilloires et des bidons d'huile. Nous proposons des services de personnalisation OEM et ODM et offrons des prix de gros comp\u00e9titifs.<\/p>","protected":false},"featured_media":4423,"comment_status":"closed","ping_status":"closed","template":"","meta":{"_acf_changed":false},"product_brand":[],"product_cat":[52,65],"product_tag":[],"class_list":{"0":"post-4422","1":"product","2":"type-product","3":"status-publish","4":"has-post-thumbnail","6":"product_cat-kitchen-utensils","7":"product_cat-kitchen-strainer-and-colander","9":"first","10":"instock","11":"shipping-taxable","12":"product-type-simple"},"acf":[],"_links":{"self":[{"href":"https:\/\/www.purecook.com\/fr\/wp-json\/wp\/v2\/product\/4422","targetHints":{"allow":["GET"]}}],"collection":[{"href":"https:\/\/www.purecook.com\/fr\/wp-json\/wp\/v2\/product"}],"about":[{"href":"https:\/\/www.purecook.com\/fr\/wp-json\/wp\/v2\/types\/product"}],"replies":[{"embeddable":true,"href":"https:\/\/www.purecook.com\/fr\/wp-json\/wp\/v2\/comments?post=4422"}],"wp:featuredmedia":[{"embeddable":true,"href":"https:\/\/www.purecook.com\/fr\/wp-json\/wp\/v2\/media\/4423"}],"wp:attachment":[{"href":"https:\/\/www.purecook.com\/fr\/wp-json\/wp\/v2\/media?parent=4422"}],"wp:term":[{"taxonomy":"product_brand","embeddable":true,"href":"https:\/\/www.purecook.com\/fr\/wp-json\/wp\/v2\/product_brand?post=4422"},{"taxonomy":"product_cat","embeddable":true,"href":"https:\/\/www.purecook.com\/fr\/wp-json\/wp\/v2\/product_cat?post=4422"},{"taxonomy":"product_tag","embeddable":true,"href":"https:\/\/www.purecook.com\/fr\/wp-json\/wp\/v2\/product_tag?post=4422"}],"curies":[{"name":"wp","href":"https:\/\/api.w.org\/{rel}","templated":true}]}}