{"id":4429,"date":"2025-08-09T10:58:53","date_gmt":"2025-08-09T02:58:53","guid":{"rendered":"https:\/\/www.purecook.com\/?post_type=product&#038;p=4429"},"modified":"2025-08-09T11:33:19","modified_gmt":"2025-08-09T03:33:19","slug":"wholesale-4-piece-cookware-sets","status":"publish","type":"product","link":"https:\/\/www.purecook.com\/fr\/product\/wholesale-4-piece-cookware-sets\/","title":{"rendered":"Ensemble d'ustensiles de cuisine 4 pi\u00e8ces - Compatible avec diff\u00e9rents types de po\u00eales"},"content":{"rendered":"<div class=\"wp-block-columns is-layout-flex wp-container-core-columns-is-layout-9d6595d7 wp-block-columns-is-layout-flex\">\n<div class=\"wp-block-column is-layout-flow wp-block-column-is-layout-flow\">\n<h3 class=\"wp-block-heading\">Param\u00e8tres de la batterie de cuisine 4 pi\u00e8ces<\/h3>\n\n\n\n<p><strong>Mat\u00e9riau :<\/strong> SS201<br><strong>Couleur :<\/strong> Argent<br><strong>Le fond :<\/strong> Base encapsul\u00e9e (SUS+1.2mm Alu+SUS)<br><strong>Couvercle :<\/strong> Couvercles en verre<br><strong>Tailles :<\/strong>16\u00d79,5cm, 20\u00d711cm, 24\u00d713cm, 24\u00d78cm<\/p>\n<\/div>\n\n\n\n<div class=\"wp-block-column is-layout-flow wp-block-column-is-layout-flow\">\n<h3 class=\"wp-block-heading\">Options d'ustensiles de cuisine personnalis\u00e9s<\/h3>\n\n\n\n<p><strong>Logo :<\/strong> Personnalisable avec le logo de votre marque<br><strong>Poign\u00e9e :<\/strong> Une poign\u00e9e adapt\u00e9e \u00e0 votre style<br><strong>Emballage :<\/strong>\u00a0Bo\u00eete de couleur\/Carton, etc.<\/p>\n<\/div>\n<\/div>\n\n\n\n<div class=\"wp-block-columns is-layout-flex wp-container-core-columns-is-layout-9d6595d7 wp-block-columns-is-layout-flex\">\n<div class=\"wp-block-column is-layout-flow wp-block-column-is-layout-flow\">\n<figure class=\"wp-block-image size-full\"><img decoding=\"async\" width=\"800\" height=\"800\" src=\"https:\/\/www.purecook.com\/wp-content\/uploads\/2025\/08\/wholesale-4-piece-cookware-set-1.webp\" alt=\"batterie de cuisine 4 pi\u00e8ces en gros (1)\" class=\"wp-image-4430\" srcset=\"https:\/\/www.purecook.com\/wp-content\/uploads\/2025\/08\/wholesale-4-piece-cookware-set-1.webp 800w, https:\/\/www.purecook.com\/wp-content\/uploads\/2025\/08\/wholesale-4-piece-cookware-set-1-300x300.webp 300w, https:\/\/www.purecook.com\/wp-content\/uploads\/2025\/08\/wholesale-4-piece-cookware-set-1-150x150.webp 150w, https:\/\/www.purecook.com\/wp-content\/uploads\/2025\/08\/wholesale-4-piece-cookware-set-1-768x768.webp 768w, https:\/\/www.purecook.com\/wp-content\/uploads\/2025\/08\/wholesale-4-piece-cookware-set-1-12x12.webp 12w, https:\/\/www.purecook.com\/wp-content\/uploads\/2025\/08\/wholesale-4-piece-cookware-set-1-600x600.webp 600w, https:\/\/www.purecook.com\/wp-content\/uploads\/2025\/08\/wholesale-4-piece-cookware-set-1-100x100.webp 100w\" sizes=\"(max-width: 800px) 100vw, 800px\" \/><\/figure>\n<\/div>\n\n\n\n<div class=\"wp-block-column is-layout-flow wp-block-column-is-layout-flow\">\n<figure class=\"wp-block-image size-full\"><img decoding=\"async\" width=\"1328\" height=\"1328\" src=\"https:\/\/www.purecook.com\/wp-content\/uploads\/2025\/08\/wholesale-4-piece-cookware-set-6.webp\" alt=\"batterie de cuisine 4 pi\u00e8ces en gros (6)\" class=\"wp-image-4435\" srcset=\"https:\/\/www.purecook.com\/wp-content\/uploads\/2025\/08\/wholesale-4-piece-cookware-set-6.webp 1328w, https:\/\/www.purecook.com\/wp-content\/uploads\/2025\/08\/wholesale-4-piece-cookware-set-6-300x300.webp 300w, https:\/\/www.purecook.com\/wp-content\/uploads\/2025\/08\/wholesale-4-piece-cookware-set-6-150x150.webp 150w, https:\/\/www.purecook.com\/wp-content\/uploads\/2025\/08\/wholesale-4-piece-cookware-set-6-768x768.webp 768w, https:\/\/www.purecook.com\/wp-content\/uploads\/2025\/08\/wholesale-4-piece-cookware-set-6-12x12.webp 12w, https:\/\/www.purecook.com\/wp-content\/uploads\/2025\/08\/wholesale-4-piece-cookware-set-6-600x600.webp 600w, https:\/\/www.purecook.com\/wp-content\/uploads\/2025\/08\/wholesale-4-piece-cookware-set-6-100x100.webp 100w\" sizes=\"(max-width: 1328px) 100vw, 1328px\" \/><\/figure>\n<\/div>\n<\/div>","protected":false},"excerpt":{"rendered":"<p>Ensemble d'ustensiles de cuisine 4 pi\u00e8ces en gros. Cet ensemble comprend une marmite \u00e0 lait, une marmite \u00e0 soupe et une marmite \u00e0 feu vif pour divers besoins de cuisson, y compris l'\u00e9bullition, la cuisson \u00e0 l'\u00e9touff\u00e9e et la cuisson \u00e0 la vapeur. Le fond \u00e0 trois couches assure une conduction rapide de la chaleur. Fabriqu\u00e9s en acier inoxydable durable, ils peuvent \u00eatre lav\u00e9s au lave-vaisselle et conviennent aussi bien \u00e0 un usage commercial que domestique. Contactez-nous pour obtenir le catalogue des produits et un devis.<\/p>\n<p>Purecook <a href=\"https:\/\/www.purecook.com\/fr\/categorie-produit\/cookware\/\" target=\"_blank\" rel=\"noopener\"><strong>fabricant d'ustensiles de cuisine,<\/strong> <\/a>propose des prix d'usine et des services de personnalisation OEM. Contactez-nous pour obtenir le meilleur devis d'un fabricant d'ustensiles de cuisine fiable.<\/p>\n<h2>Caract\u00e9ristiques de la batterie de cuisine 4 pi\u00e8ces<\/h2>\n<p><strong>Performance de cuisson professionnelle :<\/strong> Le fond de la casserole est en mat\u00e9riau triply, ce qui permet de r\u00e9partir uniform\u00e9ment la chaleur et d'\u00e9viter efficacement la surchauffe, garantissant ainsi d'excellents r\u00e9sultats de cuisson.<\/p>\n<p><strong>Ensemble polyvalent :<\/strong> Cette batterie de cuisine compl\u00e8te comprend une marmite, un faitout et une marmite chaude, r\u00e9pondant \u00e0 diff\u00e9rents besoins de cuisson, notamment l'\u00e9bullition, la cuisson \u00e0 l'\u00e9touff\u00e9e et la cuisson \u00e0 la vapeur, ce qui la rend adapt\u00e9e aux chefs \u00e0 domicile et aux restaurants.<\/p>\n<p><strong>Facile \u00e0 nettoyer et \u00e0 entretenir :<\/strong> La surface en acier inoxydable non rev\u00eatu est r\u00e9sistante aux rayures et aux taches, et les ustensiles de cuisine de cet ensemble peuvent \u00eatre lav\u00e9s au lave-vaisselle, ce qui les rend adapt\u00e9s aux cuisines commerciales qui exigent un nettoyage efficace et pratique.<\/p>\n<p><strong>Excellente conception d\u00e9taill\u00e9e :<\/strong> Le couvercle ajust\u00e9 avec pr\u00e9cision assure une fermeture s\u00fbre et une meilleure r\u00e9tention de la chaleur. La poign\u00e9e fix\u00e9e par rivet offre une r\u00e9sistance et une durabilit\u00e9 accrues pour une utilisation \u00e0 long terme.<\/p>\n<p><strong>Service de vente en gros d'ustensiles de cuisine :<\/strong> En tant que fabricant fiable d'ustensiles de cuisine en Chine, nous offrons des ustensiles de cuisine en gros aux acheteurs B2B mondiaux dans une grande vari\u00e9t\u00e9 de styles \u00e0 des prix d'usine. Nous proposons \u00e9galement des services OEM.<\/p>","protected":false},"featured_media":4430,"comment_status":"closed","ping_status":"closed","template":"","meta":{"_acf_changed":false},"product_brand":[],"product_cat":[24,69],"product_tag":[],"class_list":{"0":"post-4429","1":"product","2":"type-product","3":"status-publish","4":"has-post-thumbnail","6":"product_cat-cookware","7":"product_cat-cookware-sets","9":"first","10":"instock","11":"shipping-taxable","12":"product-type-simple"},"acf":[],"_links":{"self":[{"href":"https:\/\/www.purecook.com\/fr\/wp-json\/wp\/v2\/product\/4429","targetHints":{"allow":["GET"]}}],"collection":[{"href":"https:\/\/www.purecook.com\/fr\/wp-json\/wp\/v2\/product"}],"about":[{"href":"https:\/\/www.purecook.com\/fr\/wp-json\/wp\/v2\/types\/product"}],"replies":[{"embeddable":true,"href":"https:\/\/www.purecook.com\/fr\/wp-json\/wp\/v2\/comments?post=4429"}],"wp:featuredmedia":[{"embeddable":true,"href":"https:\/\/www.purecook.com\/fr\/wp-json\/wp\/v2\/media\/4430"}],"wp:attachment":[{"href":"https:\/\/www.purecook.com\/fr\/wp-json\/wp\/v2\/media?parent=4429"}],"wp:term":[{"taxonomy":"product_brand","embeddable":true,"href":"https:\/\/www.purecook.com\/fr\/wp-json\/wp\/v2\/product_brand?post=4429"},{"taxonomy":"product_cat","embeddable":true,"href":"https:\/\/www.purecook.com\/fr\/wp-json\/wp\/v2\/product_cat?post=4429"},{"taxonomy":"product_tag","embeddable":true,"href":"https:\/\/www.purecook.com\/fr\/wp-json\/wp\/v2\/product_tag?post=4429"}],"curies":[{"name":"wp","href":"https:\/\/api.w.org\/{rel}","templated":true}]}}