{"id":4444,"date":"2025-08-09T12:05:38","date_gmt":"2025-08-09T04:05:38","guid":{"rendered":"https:\/\/www.purecook.com\/?post_type=product&#038;p=4444"},"modified":"2025-08-31T16:33:58","modified_gmt":"2025-08-31T08:33:58","slug":"wholesale-stainless-steel-coffee-pot-sets","status":"publish","type":"product","link":"https:\/\/www.purecook.com\/fr\/product\/wholesale-stainless-steel-coffee-pot-sets\/","title":{"rendered":"Wholesale Stainless Steel Coffee Pot Set - Pour-Over Coffee Set"},"content":{"rendered":"<div class=\"wp-block-columns is-layout-flex wp-container-core-columns-is-layout-9d6595d7 wp-block-columns-is-layout-flex\">\n<div class=\"wp-block-column is-layout-flow wp-block-column-is-layout-flow\">\n<h3 class=\"wp-block-heading\">Param\u00e8tres de l'ensemble de cafeti\u00e8res<\/h3>\n\n\n\n<p><strong>Mat\u00e9riau : <\/strong>SS304<br><strong>Couleur :<\/strong> Marron\/Rose<br><strong>\u00c9paisseur :<\/strong> 0,5 mm<br><strong>Taille : <\/strong>Tasse de 200 ml \u00d7 2, r\u00e9servoir \u00e0 grains de 420 ml, bouilloire \u00e0 caf\u00e9, entonnoir \u00e0 caf\u00e9<\/p>\n<\/div>\n\n\n\n<div class=\"wp-block-column is-layout-flow wp-block-column-is-layout-flow\">\n<h3 class=\"wp-block-heading\">Options de l'ensemble de cafeti\u00e8res personnalis\u00e9es<\/h3>\n\n\n\n<p><strong>Logo :<\/strong> Personnalisable avec le logo de votre marque<br><strong>Emballage :<\/strong>\u00a0Bo\u00eete de couleur\/Carton, etc.<\/p>\n<\/div>\n<\/div>\n\n\n\n<div class=\"wp-block-columns is-layout-flex wp-container-core-columns-is-layout-9d6595d7 wp-block-columns-is-layout-flex\">\n<div class=\"wp-block-column is-layout-flow wp-block-column-is-layout-flow\">\n<figure class=\"wp-block-image size-full\"><img decoding=\"async\" width=\"800\" height=\"800\" src=\"https:\/\/www.purecook.com\/wp-content\/uploads\/2025\/08\/wholesale-coffee-pot-sets-1-1.webp\" alt=\"sets de cafeti\u00e8res en gros (1)\" class=\"wp-image-4450\" srcset=\"https:\/\/www.purecook.com\/wp-content\/uploads\/2025\/08\/wholesale-coffee-pot-sets-1-1.webp 800w, https:\/\/www.purecook.com\/wp-content\/uploads\/2025\/08\/wholesale-coffee-pot-sets-1-1-300x300.webp 300w, https:\/\/www.purecook.com\/wp-content\/uploads\/2025\/08\/wholesale-coffee-pot-sets-1-1-150x150.webp 150w, https:\/\/www.purecook.com\/wp-content\/uploads\/2025\/08\/wholesale-coffee-pot-sets-1-1-768x768.webp 768w, https:\/\/www.purecook.com\/wp-content\/uploads\/2025\/08\/wholesale-coffee-pot-sets-1-1-12x12.webp 12w, https:\/\/www.purecook.com\/wp-content\/uploads\/2025\/08\/wholesale-coffee-pot-sets-1-1-600x600.webp 600w, https:\/\/www.purecook.com\/wp-content\/uploads\/2025\/08\/wholesale-coffee-pot-sets-1-1-100x100.webp 100w\" sizes=\"(max-width: 800px) 100vw, 800px\" \/><\/figure>\n<\/div>\n\n\n\n<div class=\"wp-block-column is-layout-flow wp-block-column-is-layout-flow\">\n<figure class=\"wp-block-image size-full\"><img decoding=\"async\" width=\"800\" height=\"800\" src=\"https:\/\/www.purecook.com\/wp-content\/uploads\/2025\/08\/wholesale-coffee-pot-sets-5-1.webp\" alt=\"Set de cafeti\u00e8res en gros (5)\" class=\"wp-image-4454\" srcset=\"https:\/\/www.purecook.com\/wp-content\/uploads\/2025\/08\/wholesale-coffee-pot-sets-5-1.webp 800w, https:\/\/www.purecook.com\/wp-content\/uploads\/2025\/08\/wholesale-coffee-pot-sets-5-1-300x300.webp 300w, https:\/\/www.purecook.com\/wp-content\/uploads\/2025\/08\/wholesale-coffee-pot-sets-5-1-150x150.webp 150w, https:\/\/www.purecook.com\/wp-content\/uploads\/2025\/08\/wholesale-coffee-pot-sets-5-1-768x768.webp 768w, https:\/\/www.purecook.com\/wp-content\/uploads\/2025\/08\/wholesale-coffee-pot-sets-5-1-12x12.webp 12w, https:\/\/www.purecook.com\/wp-content\/uploads\/2025\/08\/wholesale-coffee-pot-sets-5-1-600x600.webp 600w, https:\/\/www.purecook.com\/wp-content\/uploads\/2025\/08\/wholesale-coffee-pot-sets-5-1-100x100.webp 100w\" sizes=\"(max-width: 800px) 100vw, 800px\" \/><\/figure>\n<\/div>\n<\/div>\n\n\n\n<div class=\"wp-block-columns is-layout-flex wp-container-core-columns-is-layout-9d6595d7 wp-block-columns-is-layout-flex\">\n<div class=\"wp-block-column is-layout-flow wp-block-column-is-layout-flow\"><\/div>\n\n\n\n<div class=\"wp-block-column is-layout-flow wp-block-column-is-layout-flow\"><\/div>\n<\/div>","protected":false},"excerpt":{"rendered":"<p>Set de cafeti\u00e8re \u00e0 bec verseur en gros, fabriqu\u00e9 en acier inoxydable de qualit\u00e9 alimentaire, avec une \u00e9l\u00e9gante poign\u00e9e gain\u00e9e de cuir et des accents en bois. Con\u00e7u pour une pr\u00e9paration pr\u00e9cise et durable, l'ensemble comprend une bouilloire, un \u00e9gouttoir en m\u00e9tal, des tasses \u00e0 caf\u00e9 et un pot de conservation herm\u00e9tique. Id\u00e9al pour les caf\u00e9s-boutiques, les magasins de d\u00e9tail et les march\u00e9s de cadeaux. Contactez-nous pour obtenir des prix de gros.<\/p>\n<h2>Caract\u00e9ristiques de l'ensemble de cafeti\u00e8res en acier inoxydable<\/h2>\n<p><strong>Design exquis : <\/strong>Alliant le m\u00e9tal, le cuir et le bois, ce design minimaliste convient \u00e0 toute maison ou bureau moderne.<\/p>\n<p><strong>L'exp\u00e9rience d'un caf\u00e9 de qualit\u00e9 professionnelle :<\/strong> Con\u00e7u pour les vrais amateurs de caf\u00e9, le bec verseur \u00e9lanc\u00e9 vous permet de contr\u00f4ler le d\u00e9bit d'eau. Le goutteur en m\u00e9tal est finement perfor\u00e9, ce qui permet de filtrer enti\u00e8rement le marc de caf\u00e9, tout en conservant son ar\u00f4me et ses huiles intactes.<\/p>\n<p><strong>D\u00e9tails ergonomiques bien pens\u00e9s :<\/strong> Le rev\u00eatement en cuir de la bouilloire et de la tasse ajoute une isolation pour \u00e9viter les br\u00fblures. Elle est \u00e9galement dot\u00e9e d'une poign\u00e9e antid\u00e9rapante pour plus de s\u00e9curit\u00e9.<\/p>\n<p><strong>Personnalisation de la marque :<\/strong> Vous pouvez personnaliser l'insert en cuir avec votre marque pour am\u00e9liorer la reconnaissance de votre produit.<\/p>","protected":false},"featured_media":4450,"comment_status":"closed","ping_status":"closed","template":"","meta":{"_acf_changed":false},"product_brand":[],"product_cat":[52,105],"product_tag":[],"class_list":{"0":"post-4444","1":"product","2":"type-product","3":"status-publish","4":"has-post-thumbnail","6":"product_cat-kitchen-utensils","7":"product_cat-coffee-pot-sets","9":"first","10":"instock","11":"shipping-taxable","12":"product-type-simple"},"acf":[],"_links":{"self":[{"href":"https:\/\/www.purecook.com\/fr\/wp-json\/wp\/v2\/product\/4444","targetHints":{"allow":["GET"]}}],"collection":[{"href":"https:\/\/www.purecook.com\/fr\/wp-json\/wp\/v2\/product"}],"about":[{"href":"https:\/\/www.purecook.com\/fr\/wp-json\/wp\/v2\/types\/product"}],"replies":[{"embeddable":true,"href":"https:\/\/www.purecook.com\/fr\/wp-json\/wp\/v2\/comments?post=4444"}],"wp:featuredmedia":[{"embeddable":true,"href":"https:\/\/www.purecook.com\/fr\/wp-json\/wp\/v2\/media\/4450"}],"wp:attachment":[{"href":"https:\/\/www.purecook.com\/fr\/wp-json\/wp\/v2\/media?parent=4444"}],"wp:term":[{"taxonomy":"product_brand","embeddable":true,"href":"https:\/\/www.purecook.com\/fr\/wp-json\/wp\/v2\/product_brand?post=4444"},{"taxonomy":"product_cat","embeddable":true,"href":"https:\/\/www.purecook.com\/fr\/wp-json\/wp\/v2\/product_cat?post=4444"},{"taxonomy":"product_tag","embeddable":true,"href":"https:\/\/www.purecook.com\/fr\/wp-json\/wp\/v2\/product_tag?post=4444"}],"curies":[{"name":"wp","href":"https:\/\/api.w.org\/{rel}","templated":true}]}}