{"id":4455,"date":"2025-08-09T14:12:01","date_gmt":"2025-08-09T06:12:01","guid":{"rendered":"https:\/\/www.purecook.com\/?post_type=product&#038;p=4455"},"modified":"2025-12-04T12:08:30","modified_gmt":"2025-12-04T04:08:30","slug":"wholesale-baking-sheets-with-rack","status":"publish","type":"product","link":"https:\/\/www.purecook.com\/fr\/product\/wholesale-baking-sheets-with-rack\/","title":{"rendered":"Feuilles de cuisson en gros avec support - Multifonctionnelles et durables"},"content":{"rendered":"<div class=\"wp-block-columns is-layout-flex wp-container-core-columns-is-layout-9d6595d7 wp-block-columns-is-layout-flex\">\n<div class=\"wp-block-column is-layout-flow wp-block-column-is-layout-flow\">\n<h3 class=\"wp-block-heading\">Param\u00e8tres de la plaque \u00e0 p\u00e2tisserie <\/h3>\n\n\n\n<p><strong>Mat\u00e9riau :<\/strong> Magn\u00e9tique SS430<br><strong>Couleur : <\/strong>Argent<br><strong>\u00c9paisseur normale : <\/strong>0,6 mm<br><strong>Taille :<\/strong>23.5\u00d717.5\u00d72.5cm\/26.5\u00d720.5\u00d72.5cm\/31.5\u00d724.5\u00d72.5cm\/40.5\u00d730.5\u00d72.5cm\/44\u00d731\u00d72.5cm<br><strong>Poids brut : <\/strong>Moins de 1 kg par pi\u00e8ce<\/p>\n<\/div>\n\n\n\n<div class=\"wp-block-column is-layout-flow wp-block-column-is-layout-flow\">\n<h3 class=\"wp-block-heading\">Options de pot de r\u00e9serve personnalis\u00e9es<\/h3>\n\n\n\n<p><strong>Logo :<\/strong> Personnalisable avec le logo de votre marque<br><strong>Couleur :<\/strong> Personnalisable<br><strong>Emballage :<\/strong>&nbsp;Bo\u00eete de couleur\/Carton, etc.<\/p>\n<\/div>\n<\/div>\n\n\n\n<div class=\"wp-block-columns is-layout-flex wp-container-core-columns-is-layout-9d6595d7 wp-block-columns-is-layout-flex\">\n<div class=\"wp-block-column is-layout-flow wp-block-column-is-layout-flow\">\n<figure class=\"wp-block-image size-full\"><img decoding=\"async\" width=\"800\" height=\"800\" src=\"https:\/\/www.purecook.com\/wp-content\/uploads\/2025\/08\/wholesale-baking-sheets-5.webp\" alt=\"plaques de cuisson en gros (5)\" class=\"wp-image-4460\" srcset=\"https:\/\/www.purecook.com\/wp-content\/uploads\/2025\/08\/wholesale-baking-sheets-5.webp 800w, https:\/\/www.purecook.com\/wp-content\/uploads\/2025\/08\/wholesale-baking-sheets-5-300x300.webp 300w, https:\/\/www.purecook.com\/wp-content\/uploads\/2025\/08\/wholesale-baking-sheets-5-150x150.webp 150w, https:\/\/www.purecook.com\/wp-content\/uploads\/2025\/08\/wholesale-baking-sheets-5-768x768.webp 768w, https:\/\/www.purecook.com\/wp-content\/uploads\/2025\/08\/wholesale-baking-sheets-5-12x12.webp 12w, https:\/\/www.purecook.com\/wp-content\/uploads\/2025\/08\/wholesale-baking-sheets-5-600x600.webp 600w, https:\/\/www.purecook.com\/wp-content\/uploads\/2025\/08\/wholesale-baking-sheets-5-100x100.webp 100w\" sizes=\"(max-width: 800px) 100vw, 800px\" \/><\/figure>\n<\/div>\n\n\n\n<div class=\"wp-block-column is-layout-flow wp-block-column-is-layout-flow\">\n<figure class=\"wp-block-image size-full\"><img decoding=\"async\" width=\"800\" height=\"800\" src=\"https:\/\/www.purecook.com\/wp-content\/uploads\/2025\/08\/wholesale-baking-sheets-6.webp\" alt=\"plaques de cuisson en gros (6)\" class=\"wp-image-4461\" srcset=\"https:\/\/www.purecook.com\/wp-content\/uploads\/2025\/08\/wholesale-baking-sheets-6.webp 800w, https:\/\/www.purecook.com\/wp-content\/uploads\/2025\/08\/wholesale-baking-sheets-6-300x300.webp 300w, https:\/\/www.purecook.com\/wp-content\/uploads\/2025\/08\/wholesale-baking-sheets-6-150x150.webp 150w, https:\/\/www.purecook.com\/wp-content\/uploads\/2025\/08\/wholesale-baking-sheets-6-768x768.webp 768w, https:\/\/www.purecook.com\/wp-content\/uploads\/2025\/08\/wholesale-baking-sheets-6-12x12.webp 12w, https:\/\/www.purecook.com\/wp-content\/uploads\/2025\/08\/wholesale-baking-sheets-6-600x600.webp 600w, https:\/\/www.purecook.com\/wp-content\/uploads\/2025\/08\/wholesale-baking-sheets-6-100x100.webp 100w\" sizes=\"(max-width: 800px) 100vw, 800px\" \/><\/figure>\n<\/div>\n<\/div>\n\n\n\n<div class=\"wp-block-columns is-layout-flex wp-container-core-columns-is-layout-9d6595d7 wp-block-columns-is-layout-flex\">\n<div class=\"wp-block-column is-layout-flow wp-block-column-is-layout-flow\"><\/div>\n\n\n\n<div class=\"wp-block-column is-layout-flow wp-block-column-is-layout-flow\"><\/div>\n<\/div>","protected":false},"excerpt":{"rendered":"<p>Vente en gros de plaques de cuisson. Faites l'exp\u00e9rience d'une cuisson professionnelle avec notre ensemble polyvalent de trois plaques \u00e0 p\u00e2tisserie, comprenant une plaque \u00e0 p\u00e2tisserie ordinaire, une plaque \u00e0 p\u00e2tisserie en nid d'abeille et une grille \u00e0 p\u00e2tisserie. Parfaites pour cuire \u00e0 la vapeur, r\u00f4tir et griller dans les cuisines domestiques ou commerciales. Contactez-nous pour un devis.<\/p>\n<h2>Caract\u00e9ristiques et avantages des plaques \u00e0 p\u00e2tisserie en acier inoxydable<\/h2>\n<p><strong>Performance de cuisson de niveau professionnel :<\/strong> Cet ensemble de plaques \u00e0 p\u00e2tisserie comprend une plaque \u00e0 p\u00e2tisserie innovante en nid d'abeille avec un design perfor\u00e9 qui assure une circulation uniforme de la chaleur pour des r\u00e9sultats de cuisson et de r\u00f4tissage homog\u00e8nes.<\/p>\n<p><strong>Construction multicouche :<\/strong> Cet ensemble de trois plaques \u00e0 p\u00e2tisserie pr\u00e9sente un design en gradins qui permet de r\u00e9pondre \u00e0 diff\u00e9rents besoins de cuisson, y compris la cuisson \u00e0 la vapeur et au four.<\/p>\n<p><strong>Empilable Stockage :<\/strong> Les plateaux empilables et peu encombrants simplifient l'organisation de la cuisine et maximisent l'efficacit\u00e9 du stockage.<\/p>\n<p><strong>Bords \u00e9paissis renforc\u00e9s :<\/strong> Les bords m\u00e9talliques renforc\u00e9s emp\u00eachent toute d\u00e9formation, m\u00eame en cas de temp\u00e9ratures \u00e9lev\u00e9es ou de charges lourdes, ce qui prolonge la dur\u00e9e de vie du produit.<\/p>\n<p><strong>Service de feuilles de cuisson en gros :<\/strong> En tant que fabricant, Purecook propose des plaques de cuisson en gros \u00e0 des prix d'usine. Nous proposons \u00e9galement un service de personnalisation OEM pour r\u00e9pondre aux besoins sp\u00e9cifiques du march\u00e9.<\/p>","protected":false},"featured_media":4456,"comment_status":"closed","ping_status":"closed","template":"","meta":{"_acf_changed":false},"product_brand":[],"product_cat":[27,107],"product_tag":[],"class_list":{"0":"post-4455","1":"product","2":"type-product","3":"status-publish","4":"has-post-thumbnail","6":"product_cat-bakeware","7":"product_cat-baking-sheet","9":"first","10":"instock","11":"shipping-taxable","12":"product-type-simple"},"acf":[],"_links":{"self":[{"href":"https:\/\/www.purecook.com\/fr\/wp-json\/wp\/v2\/product\/4455","targetHints":{"allow":["GET"]}}],"collection":[{"href":"https:\/\/www.purecook.com\/fr\/wp-json\/wp\/v2\/product"}],"about":[{"href":"https:\/\/www.purecook.com\/fr\/wp-json\/wp\/v2\/types\/product"}],"replies":[{"embeddable":true,"href":"https:\/\/www.purecook.com\/fr\/wp-json\/wp\/v2\/comments?post=4455"}],"wp:featuredmedia":[{"embeddable":true,"href":"https:\/\/www.purecook.com\/fr\/wp-json\/wp\/v2\/media\/4456"}],"wp:attachment":[{"href":"https:\/\/www.purecook.com\/fr\/wp-json\/wp\/v2\/media?parent=4455"}],"wp:term":[{"taxonomy":"product_brand","embeddable":true,"href":"https:\/\/www.purecook.com\/fr\/wp-json\/wp\/v2\/product_brand?post=4455"},{"taxonomy":"product_cat","embeddable":true,"href":"https:\/\/www.purecook.com\/fr\/wp-json\/wp\/v2\/product_cat?post=4455"},{"taxonomy":"product_tag","embeddable":true,"href":"https:\/\/www.purecook.com\/fr\/wp-json\/wp\/v2\/product_tag?post=4455"}],"curies":[{"name":"wp","href":"https:\/\/api.w.org\/{rel}","templated":true}]}}