{"id":4535,"date":"2025-08-21T09:58:12","date_gmt":"2025-08-21T01:58:12","guid":{"rendered":"https:\/\/www.purecook.com\/?post_type=product&#038;p=4535"},"modified":"2025-08-21T10:33:41","modified_gmt":"2025-08-21T02:33:41","slug":"wholesale-stylish-compact-stainless-steel-cookware-set","status":"publish","type":"product","link":"https:\/\/www.purecook.com\/fr\/product\/wholesale-stylish-compact-stainless-steel-cookware-set\/","title":{"rendered":"Ensemble d'ustensiles de cuisine en acier inoxydable non abrasif - pour une cuisson rapide et facile"},"content":{"rendered":"<div class=\"wp-block-columns is-layout-flex wp-container-core-columns-is-layout-9d6595d7 wp-block-columns-is-layout-flex\">\n<div class=\"wp-block-column is-layout-flow wp-block-column-is-layout-flow\">\n<h3 class=\"wp-block-heading\">Param\u00e8tres de la batterie de cuisine en acier inoxydable<\/h3>\n\n\n\n<p><strong>Mat\u00e9riau :<\/strong> Acier inoxydable \u00e0 trois couches<br><strong>\u00c9paisseur normale :<\/strong> 2mm<br><strong>Taille :<\/strong>16\/18\/20cm<br><strong>Logo<em>:<\/em><\/strong> S\u00e9rigraphie\/Gravure au laser\/Tampon en relief<br><strong>Accessoires : <\/strong>avec une poign\u00e9e en silicone et des accessoires pour le couvercle<br><strong>Poids brut : <\/strong>Moins de 4 kg par pi\u00e8ce<\/p>\n<\/div>\n\n\n\n<div class=\"wp-block-column is-layout-flow wp-block-column-is-layout-flow\">\n<h3 class=\"wp-block-heading\">Options de pot de r\u00e9serve personnalis\u00e9es<\/h3>\n\n\n\n<p><strong>Logo :<\/strong> Personnalisable avec le logo de votre marque<br><strong>Emballage :<\/strong>\u00a0Bo\u00eete de couleur\/Carton, etc.<\/p>\n<\/div>\n<\/div>\n\n\n\n<div class=\"wp-block-columns is-layout-flex wp-container-core-columns-is-layout-9d6595d7 wp-block-columns-is-layout-flex\">\n<div class=\"wp-block-column is-layout-flow wp-block-column-is-layout-flow\">\n<figure class=\"wp-block-image size-full\"><img decoding=\"async\" width=\"800\" height=\"800\" src=\"https:\/\/www.purecook.com\/wp-content\/uploads\/2025\/08\/wholesale-stylish-stainless-steel-cookware-set-1.webp\" alt=\"batterie de cuisine en acier inoxydable (1)\" class=\"wp-image-4536\" srcset=\"https:\/\/www.purecook.com\/wp-content\/uploads\/2025\/08\/wholesale-stylish-stainless-steel-cookware-set-1.webp 800w, https:\/\/www.purecook.com\/wp-content\/uploads\/2025\/08\/wholesale-stylish-stainless-steel-cookware-set-1-300x300.webp 300w, https:\/\/www.purecook.com\/wp-content\/uploads\/2025\/08\/wholesale-stylish-stainless-steel-cookware-set-1-150x150.webp 150w, https:\/\/www.purecook.com\/wp-content\/uploads\/2025\/08\/wholesale-stylish-stainless-steel-cookware-set-1-768x768.webp 768w, https:\/\/www.purecook.com\/wp-content\/uploads\/2025\/08\/wholesale-stylish-stainless-steel-cookware-set-1-12x12.webp 12w, https:\/\/www.purecook.com\/wp-content\/uploads\/2025\/08\/wholesale-stylish-stainless-steel-cookware-set-1-600x600.webp 600w, https:\/\/www.purecook.com\/wp-content\/uploads\/2025\/08\/wholesale-stylish-stainless-steel-cookware-set-1-100x100.webp 100w\" sizes=\"(max-width: 800px) 100vw, 800px\" \/><\/figure>\n<\/div>\n\n\n\n<div class=\"wp-block-column is-layout-flow wp-block-column-is-layout-flow\">\n<figure class=\"wp-block-image size-full\"><img decoding=\"async\" width=\"1328\" height=\"1328\" src=\"https:\/\/www.purecook.com\/wp-content\/uploads\/2025\/08\/wholesale-stylish-stainless-steel-cookware-set-2.webp\" alt=\"Ensemble d&#039;ustensiles de cuisine en acier inoxydable de gros style (2)\" class=\"wp-image-4537\" srcset=\"https:\/\/www.purecook.com\/wp-content\/uploads\/2025\/08\/wholesale-stylish-stainless-steel-cookware-set-2.webp 1328w, https:\/\/www.purecook.com\/wp-content\/uploads\/2025\/08\/wholesale-stylish-stainless-steel-cookware-set-2-300x300.webp 300w, https:\/\/www.purecook.com\/wp-content\/uploads\/2025\/08\/wholesale-stylish-stainless-steel-cookware-set-2-150x150.webp 150w, https:\/\/www.purecook.com\/wp-content\/uploads\/2025\/08\/wholesale-stylish-stainless-steel-cookware-set-2-768x768.webp 768w, https:\/\/www.purecook.com\/wp-content\/uploads\/2025\/08\/wholesale-stylish-stainless-steel-cookware-set-2-12x12.webp 12w, https:\/\/www.purecook.com\/wp-content\/uploads\/2025\/08\/wholesale-stylish-stainless-steel-cookware-set-2-600x600.webp 600w, https:\/\/www.purecook.com\/wp-content\/uploads\/2025\/08\/wholesale-stylish-stainless-steel-cookware-set-2-100x100.webp 100w\" sizes=\"(max-width: 1328px) 100vw, 1328px\" \/><\/figure>\n<\/div>\n<\/div>\n\n\n\n<div class=\"wp-block-columns is-layout-flex wp-container-core-columns-is-layout-9d6595d7 wp-block-columns-is-layout-flex\">\n<div class=\"wp-block-column is-layout-flow wp-block-column-is-layout-flow\"><\/div>\n\n\n\n<div class=\"wp-block-column is-layout-flow wp-block-column-is-layout-flow\"><\/div>\n<\/div>\n\n\n\n<div class=\"wp-block-columns is-layout-flex wp-container-core-columns-is-layout-9d6595d7 wp-block-columns-is-layout-flex\">\n<div class=\"wp-block-column is-layout-flow wp-block-column-is-layout-flow\"><\/div>\n\n\n\n<div class=\"wp-block-column is-layout-flow wp-block-column-is-layout-flow\"><\/div>\n<\/div>","protected":false},"excerpt":{"rendered":"<p>Ensemble d'ustensiles de cuisine en acier inoxydable de grande qualit\u00e9. Cette batterie de cuisine polyvalente et compacte est con\u00e7ue pour la vie moderne. Il comprend une po\u00eale en acier inoxydable pour les plats chauds et plusieurs petites assiettes assorties, parfaites pour les besoins de la cuisine individuelle ou familiale.<\/p>\n<p>En tant que professionnel <a href=\"https:\/\/www.purecook.com\/fr\/categorie-produit\/cookware\/\" target=\"_blank\" rel=\"noopener\"><strong>fabricant d'ustensiles de cuisine<\/strong><\/a>Purecook propose des prix d'usine et des services OEM. Veuillez nous contacter.<\/p>\n<h2>Caract\u00e9ristiques des batteries de cuisine en acier inoxydable<\/h2>\n<p><strong>Polyvalence :<\/strong> Cette \u00e9l\u00e9gante batterie de cuisine en acier inoxydable comprend une casserole et quatre assiettes. Les assiettes peuvent \u00eatre utilis\u00e9es \u00e0 la fois pour le service et la cuisson, ce qui rend cette batterie de cuisine adapt\u00e9e \u00e0 une vari\u00e9t\u00e9 de m\u00e9thodes de cuisson et de service.<\/p>\n<p><strong>Excellente performance de cuisson :<\/strong> Fabriqu\u00e9e en acier inoxydable triple, cette batterie de cuisine en acier inoxydable offre une excellente conductivit\u00e9 thermique et garantit une cuisson uniforme.<\/p>\n<p><strong>Nettoyage facile :<\/strong> Cette batterie de cuisine en acier inoxydable \u00e9limine les zones cach\u00e9es et, comme elle est fabriqu\u00e9e en acier inoxydable, les taches peuvent \u00eatre facilement \u00e9limin\u00e9es \u00e0 l'aide d'un simple coup d'\u00e9ponge avec du d\u00e9tergent et de l'eau.<\/p>\n<p><strong>Pratique pour les individus ou les petits groupes :<\/strong> Les casseroles et les assiettes sont parfaitement dimensionn\u00e9es pour des repas individuels, comme un pot chaud, ou pour partager une vari\u00e9t\u00e9 de plats avec un petit groupe. Chaque assiette est munie d'une petite poign\u00e9e pour faciliter la manipulation.<\/p>\n<p><strong>Excellente esth\u00e9tique :<\/strong> Le design simple et moderne avec une finition m\u00e9tallique cr\u00e9e un aspect \u00e9pur\u00e9, attirant les jeunes consommateurs et les maisons \u00e0 la d\u00e9coration moderne.<\/p>","protected":false},"featured_media":4536,"comment_status":"closed","ping_status":"closed","template":"","meta":{"_acf_changed":false},"product_brand":[],"product_cat":[24,69],"product_tag":[],"class_list":{"0":"post-4535","1":"product","2":"type-product","3":"status-publish","4":"has-post-thumbnail","6":"product_cat-cookware","7":"product_cat-cookware-sets","9":"first","10":"instock","11":"shipping-taxable","12":"product-type-simple"},"acf":[],"_links":{"self":[{"href":"https:\/\/www.purecook.com\/fr\/wp-json\/wp\/v2\/product\/4535","targetHints":{"allow":["GET"]}}],"collection":[{"href":"https:\/\/www.purecook.com\/fr\/wp-json\/wp\/v2\/product"}],"about":[{"href":"https:\/\/www.purecook.com\/fr\/wp-json\/wp\/v2\/types\/product"}],"replies":[{"embeddable":true,"href":"https:\/\/www.purecook.com\/fr\/wp-json\/wp\/v2\/comments?post=4535"}],"wp:featuredmedia":[{"embeddable":true,"href":"https:\/\/www.purecook.com\/fr\/wp-json\/wp\/v2\/media\/4536"}],"wp:attachment":[{"href":"https:\/\/www.purecook.com\/fr\/wp-json\/wp\/v2\/media?parent=4535"}],"wp:term":[{"taxonomy":"product_brand","embeddable":true,"href":"https:\/\/www.purecook.com\/fr\/wp-json\/wp\/v2\/product_brand?post=4535"},{"taxonomy":"product_cat","embeddable":true,"href":"https:\/\/www.purecook.com\/fr\/wp-json\/wp\/v2\/product_cat?post=4535"},{"taxonomy":"product_tag","embeddable":true,"href":"https:\/\/www.purecook.com\/fr\/wp-json\/wp\/v2\/product_tag?post=4535"}],"curies":[{"name":"wp","href":"https:\/\/api.w.org\/{rel}","templated":true}]}}