{"id":4568,"date":"2025-08-21T11:11:19","date_gmt":"2025-08-21T03:11:19","guid":{"rendered":"https:\/\/www.purecook.com\/?post_type=product&#038;p=4568"},"modified":"2025-08-24T11:34:57","modified_gmt":"2025-08-24T03:34:57","slug":"wholesale-stainless-steel-kitchen-tongs","status":"publish","type":"product","link":"https:\/\/www.purecook.com\/fr\/product\/wholesale-stainless-steel-kitchen-tongs\/","title":{"rendered":"Pince de cuisine en acier inoxydable pour la cuisson, le barbecue, la salade et le service"},"content":{"rendered":"<div class=\"wp-block-columns is-layout-flex wp-container-core-columns-is-layout-9d6595d7 wp-block-columns-is-layout-flex\">\n<div class=\"wp-block-column is-layout-flow wp-block-column-is-layout-flow\">\n<h3 class=\"wp-block-heading\">Param\u00e8tres de la pince de cuisine en acier inoxydable<\/h3>\n\n\n\n<p><strong>Mat\u00e9riau : <\/strong>Acier inoxydable 304<br><strong>Logo :<\/strong> S\u00e9rigraphie\/Gravure au laser\/Tampon en relief<br><strong>Couleur :<\/strong> Argent<br><strong>Taille :<\/strong> 24\u00d72.5cm<br><strong>Poids brut : <\/strong>Moins de 100g par pi\u00e8ce<br><\/p>\n<\/div>\n\n\n\n<div class=\"wp-block-column is-layout-flow wp-block-column-is-layout-flow\">\n<h3 class=\"wp-block-heading\">Options de pinces de cuisine personnalis\u00e9es<\/h3>\n\n\n\n<p><strong>Logo :<\/strong> Personnalisable avec le logo de votre marque<br><strong>Emballage :<\/strong>\u00a0Bo\u00eete de couleur\/Carton, etc.<\/p>\n<\/div>\n<\/div>\n\n\n\n<div class=\"wp-block-columns is-layout-flex wp-container-core-columns-is-layout-9d6595d7 wp-block-columns-is-layout-flex\">\n<div class=\"wp-block-column is-layout-flow wp-block-column-is-layout-flow\">\n<figure class=\"wp-block-image size-full\"><img decoding=\"async\" width=\"800\" height=\"800\" src=\"https:\/\/www.purecook.com\/wp-content\/uploads\/2025\/08\/wholesale-stainless-steel-kitchen-tongs-2.webp\" alt=\"Pince de cuisine en acier inoxydable (2)\" class=\"wp-image-4570\" srcset=\"https:\/\/www.purecook.com\/wp-content\/uploads\/2025\/08\/wholesale-stainless-steel-kitchen-tongs-2.webp 800w, https:\/\/www.purecook.com\/wp-content\/uploads\/2025\/08\/wholesale-stainless-steel-kitchen-tongs-2-300x300.webp 300w, https:\/\/www.purecook.com\/wp-content\/uploads\/2025\/08\/wholesale-stainless-steel-kitchen-tongs-2-150x150.webp 150w, https:\/\/www.purecook.com\/wp-content\/uploads\/2025\/08\/wholesale-stainless-steel-kitchen-tongs-2-768x768.webp 768w, https:\/\/www.purecook.com\/wp-content\/uploads\/2025\/08\/wholesale-stainless-steel-kitchen-tongs-2-12x12.webp 12w, https:\/\/www.purecook.com\/wp-content\/uploads\/2025\/08\/wholesale-stainless-steel-kitchen-tongs-2-600x600.webp 600w, https:\/\/www.purecook.com\/wp-content\/uploads\/2025\/08\/wholesale-stainless-steel-kitchen-tongs-2-100x100.webp 100w\" sizes=\"(max-width: 800px) 100vw, 800px\" \/><\/figure>\n<\/div>\n\n\n\n<div class=\"wp-block-column is-layout-flow wp-block-column-is-layout-flow\">\n<figure class=\"wp-block-image size-full\"><img decoding=\"async\" width=\"800\" height=\"800\" src=\"https:\/\/www.purecook.com\/wp-content\/uploads\/2025\/08\/wholesale-stainless-steel-kitchen-tongs-5.webp\" alt=\"Pince de cuisine en acier inoxydable en gros (5)\" class=\"wp-image-4573\" srcset=\"https:\/\/www.purecook.com\/wp-content\/uploads\/2025\/08\/wholesale-stainless-steel-kitchen-tongs-5.webp 800w, https:\/\/www.purecook.com\/wp-content\/uploads\/2025\/08\/wholesale-stainless-steel-kitchen-tongs-5-300x300.webp 300w, https:\/\/www.purecook.com\/wp-content\/uploads\/2025\/08\/wholesale-stainless-steel-kitchen-tongs-5-150x150.webp 150w, https:\/\/www.purecook.com\/wp-content\/uploads\/2025\/08\/wholesale-stainless-steel-kitchen-tongs-5-768x768.webp 768w, https:\/\/www.purecook.com\/wp-content\/uploads\/2025\/08\/wholesale-stainless-steel-kitchen-tongs-5-12x12.webp 12w, https:\/\/www.purecook.com\/wp-content\/uploads\/2025\/08\/wholesale-stainless-steel-kitchen-tongs-5-600x600.webp 600w, https:\/\/www.purecook.com\/wp-content\/uploads\/2025\/08\/wholesale-stainless-steel-kitchen-tongs-5-100x100.webp 100w\" sizes=\"(max-width: 800px) 100vw, 800px\" \/><\/figure>\n<\/div>\n<\/div>\n\n\n\n<div class=\"wp-block-columns is-layout-flex wp-container-core-columns-is-layout-9d6595d7 wp-block-columns-is-layout-flex\">\n<div class=\"wp-block-column is-layout-flow wp-block-column-is-layout-flow\"><\/div>\n\n\n\n<div class=\"wp-block-column is-layout-flow wp-block-column-is-layout-flow\"><\/div>\n<\/div>","protected":false},"excerpt":{"rendered":"<p>Pince de cuisine en gros en acier inoxydable. Leur design ergonomique et \u00e9l\u00e9gant offre une prise en main confortable et est id\u00e9al pour une vari\u00e9t\u00e9 de t\u00e2ches culinaires, du service \u00e0 la cuisson en passant par le dressage des assiettes. Contactez-nous pour un devis.<\/p>\n<h2>Caract\u00e9ristiques de la pince de cuisine en acier inoxydable<\/h2>\n<p><strong>Conception ergonomique :<\/strong> Ces pinces de cuisine en acier inoxydable sont dot\u00e9es d'une poign\u00e9e sculpt\u00e9e avec des cr\u00eates sur\u00e9lev\u00e9es. Ce design permet une prise en main confortable et s\u00fbre, r\u00e9duisant ainsi la fatigue des mains.<\/p>\n<p><strong>Non r\u00e9actif :<\/strong> Fabriqu\u00e9es en acier inoxydable 304, ces pinces de cuisine en acier inoxydable ne r\u00e9agissent pas aux aliments acides, ce qui les emp\u00eache d'alt\u00e9rer la saveur ou la couleur des ingr\u00e9dients, garantissant ainsi qu'ils restent purs.<\/p>\n<p><strong>Polyvalence :<\/strong> Ces pinces de cuisine en acier inoxydable conviennent \u00e0 un large \u00e9ventail de t\u00e2ches, qu'il s'agisse de servir des aliments d\u00e9licats comme des p\u00e2tisseries ou de manipuler de grandes portions.<\/p>\n<p><strong>Hygi\u00e9nique :<\/strong> Fabriqu\u00e9es en acier inoxydable, elles sont moins susceptibles d'abriter des bact\u00e9ries, d'absorber les odeurs ou de retenir les particules d'aliments. Les pinces sont donc faciles \u00e0 nettoyer, ce qui garantit une manipulation hygi\u00e9nique des aliments.<\/p>","protected":false},"featured_media":4569,"comment_status":"closed","ping_status":"closed","template":"","meta":{"_acf_changed":false},"product_brand":[],"product_cat":[52,103],"product_tag":[],"class_list":{"0":"post-4568","1":"product","2":"type-product","3":"status-publish","4":"has-post-thumbnail","6":"product_cat-kitchen-utensils","7":"product_cat-wholesale-stainless-steel-tongs","9":"first","10":"instock","11":"shipping-taxable","12":"product-type-simple"},"acf":[],"_links":{"self":[{"href":"https:\/\/www.purecook.com\/fr\/wp-json\/wp\/v2\/product\/4568","targetHints":{"allow":["GET"]}}],"collection":[{"href":"https:\/\/www.purecook.com\/fr\/wp-json\/wp\/v2\/product"}],"about":[{"href":"https:\/\/www.purecook.com\/fr\/wp-json\/wp\/v2\/types\/product"}],"replies":[{"embeddable":true,"href":"https:\/\/www.purecook.com\/fr\/wp-json\/wp\/v2\/comments?post=4568"}],"wp:featuredmedia":[{"embeddable":true,"href":"https:\/\/www.purecook.com\/fr\/wp-json\/wp\/v2\/media\/4569"}],"wp:attachment":[{"href":"https:\/\/www.purecook.com\/fr\/wp-json\/wp\/v2\/media?parent=4568"}],"wp:term":[{"taxonomy":"product_brand","embeddable":true,"href":"https:\/\/www.purecook.com\/fr\/wp-json\/wp\/v2\/product_brand?post=4568"},{"taxonomy":"product_cat","embeddable":true,"href":"https:\/\/www.purecook.com\/fr\/wp-json\/wp\/v2\/product_cat?post=4568"},{"taxonomy":"product_tag","embeddable":true,"href":"https:\/\/www.purecook.com\/fr\/wp-json\/wp\/v2\/product_tag?post=4568"}],"curies":[{"name":"wp","href":"https:\/\/api.w.org\/{rel}","templated":true}]}}