{"id":4576,"date":"2025-08-21T11:46:07","date_gmt":"2025-08-21T03:46:07","guid":{"rendered":"https:\/\/www.purecook.com\/?post_type=product&#038;p=4576"},"modified":"2025-08-21T12:13:22","modified_gmt":"2025-08-21T04:13:22","slug":"wholesale-stainless-steel-food-container-and-strainer-set","status":"publish","type":"product","link":"https:\/\/www.purecook.com\/fr\/product\/wholesale-stainless-steel-food-container-and-strainer-set\/","title":{"rendered":"Set de r\u00e9cipients et de passoires en acier inoxydable (vente en gros)"},"content":{"rendered":"<div class=\"wp-block-columns is-layout-flex wp-container-core-columns-is-layout-9d6595d7 wp-block-columns-is-layout-flex\">\n<div class=\"wp-block-column is-layout-flow wp-block-column-is-layout-flow\">\n<h3 class=\"wp-block-heading\">Param\u00e8tres du r\u00e9cipient alimentaire en acier inoxydable avec filtre<\/h3>\n\n\n\n<p><strong>Mat\u00e9riau : <\/strong>Acier inoxydable 304+PP<br><strong>Logo :<\/strong> S\u00e9rigraphie\/Gravure au laser\/Tampon en relief<br><strong>Couleur :<\/strong> Argent<br><strong>Dimensions du produit :<\/strong><br>Capacit\u00e9 : 1500ml ; Taille : 19\u00d719\u00d75.6cm<br>Capacit\u00e9 2000ml ; Taille:19\u00d719\u00d77.2cm<br>Capacit\u00e9 2500ml ; 19\u00d719\u00d79cm<br><strong>Poids brut : <\/strong>Moins de 500g par pi\u00e8ce<\/p>\n<\/div>\n\n\n\n<div class=\"wp-block-column is-layout-flow wp-block-column-is-layout-flow\">\n<h3 class=\"wp-block-heading\">Options de pot de r\u00e9serve personnalis\u00e9es<\/h3>\n\n\n\n<p><strong>Logo :<\/strong> Personnalisable avec le logo de votre marque<br><strong>Emballage :<\/strong>\u00a0Bo\u00eete de couleur\/Carton, etc.<\/p>\n<\/div>\n<\/div>\n\n\n\n<div class=\"wp-block-columns is-layout-flex wp-container-core-columns-is-layout-9d6595d7 wp-block-columns-is-layout-flex\">\n<div class=\"wp-block-column is-layout-flow wp-block-column-is-layout-flow\">\n<figure class=\"wp-block-image size-full\"><img decoding=\"async\" width=\"800\" height=\"800\" src=\"https:\/\/www.purecook.com\/wp-content\/uploads\/2025\/08\/wholesale-stainless-steel-food-container-and-strainer-set-5.webp\" alt=\"Ensemble de r\u00e9cipients et de passoires en acier inoxydable (5)\" class=\"wp-image-4582\" srcset=\"https:\/\/www.purecook.com\/wp-content\/uploads\/2025\/08\/wholesale-stainless-steel-food-container-and-strainer-set-5.webp 800w, https:\/\/www.purecook.com\/wp-content\/uploads\/2025\/08\/wholesale-stainless-steel-food-container-and-strainer-set-5-300x300.webp 300w, https:\/\/www.purecook.com\/wp-content\/uploads\/2025\/08\/wholesale-stainless-steel-food-container-and-strainer-set-5-150x150.webp 150w, https:\/\/www.purecook.com\/wp-content\/uploads\/2025\/08\/wholesale-stainless-steel-food-container-and-strainer-set-5-768x768.webp 768w, https:\/\/www.purecook.com\/wp-content\/uploads\/2025\/08\/wholesale-stainless-steel-food-container-and-strainer-set-5-12x12.webp 12w, https:\/\/www.purecook.com\/wp-content\/uploads\/2025\/08\/wholesale-stainless-steel-food-container-and-strainer-set-5-600x600.webp 600w, https:\/\/www.purecook.com\/wp-content\/uploads\/2025\/08\/wholesale-stainless-steel-food-container-and-strainer-set-5-100x100.webp 100w\" sizes=\"(max-width: 800px) 100vw, 800px\" \/><\/figure>\n<\/div>\n\n\n\n<div class=\"wp-block-column is-layout-flow wp-block-column-is-layout-flow\">\n<figure class=\"wp-block-image size-full\"><img decoding=\"async\" width=\"800\" height=\"800\" src=\"https:\/\/www.purecook.com\/wp-content\/uploads\/2025\/08\/wholesale-stainless-steel-food-container-and-strainer-set-6.webp\" alt=\"Set de 6 r\u00e9cipients et passoires en acier inoxydable (grossiste)\" class=\"wp-image-4583\" srcset=\"https:\/\/www.purecook.com\/wp-content\/uploads\/2025\/08\/wholesale-stainless-steel-food-container-and-strainer-set-6.webp 800w, https:\/\/www.purecook.com\/wp-content\/uploads\/2025\/08\/wholesale-stainless-steel-food-container-and-strainer-set-6-300x300.webp 300w, https:\/\/www.purecook.com\/wp-content\/uploads\/2025\/08\/wholesale-stainless-steel-food-container-and-strainer-set-6-150x150.webp 150w, https:\/\/www.purecook.com\/wp-content\/uploads\/2025\/08\/wholesale-stainless-steel-food-container-and-strainer-set-6-768x768.webp 768w, https:\/\/www.purecook.com\/wp-content\/uploads\/2025\/08\/wholesale-stainless-steel-food-container-and-strainer-set-6-12x12.webp 12w, https:\/\/www.purecook.com\/wp-content\/uploads\/2025\/08\/wholesale-stainless-steel-food-container-and-strainer-set-6-600x600.webp 600w, https:\/\/www.purecook.com\/wp-content\/uploads\/2025\/08\/wholesale-stainless-steel-food-container-and-strainer-set-6-100x100.webp 100w\" sizes=\"(max-width: 800px) 100vw, 800px\" \/><\/figure>\n<\/div>\n<\/div>\n\n\n\n<div class=\"wp-block-columns is-layout-flex wp-container-core-columns-is-layout-9d6595d7 wp-block-columns-is-layout-flex\">\n<div class=\"wp-block-column is-layout-flow wp-block-column-is-layout-flow\"><\/div>\n\n\n\n<div class=\"wp-block-column is-layout-flow wp-block-column-is-layout-flow\"><\/div>\n<\/div>","protected":false},"excerpt":{"rendered":"<p>Cet ensemble r\u00e9cipient et passoire en acier inoxydable, moderne et fonctionnel, allie l'efficacit\u00e9 \u00e0 un design \u00e9l\u00e9gant. Disponible en trois tailles - 1500 ml, 2000 ml et 2500 ml - il comprend un r\u00e9cipient solide polyvalent et un panier \u00e0 mailles assorti, parfait pour tout ce qui concerne le rin\u00e7age des produits, le marinage et le service des plats.<\/p>\n<h2>Caract\u00e9ristiques du r\u00e9cipient alimentaire en acier inoxydable avec passoire<\/h2>\n<p><strong>Polyvalent :<\/strong> Ce produit offre une solution deux en un. Le panier en filet sert de passoire pratique pour laver les l\u00e9gumes ou \u00e9goutter les aliments cuits, tandis que le r\u00e9cipient solide peut \u00eatre utilis\u00e9 pour faire mariner les aliments, les conserver ou les servir.<\/p>\n<p><strong>Conception peu encombrante :<\/strong> Les deux \u00e9l\u00e9ments s'embo\u00eetent parfaitement, ce qui permet un rangement compact et efficace dans l'armoire.<\/p>\n<p><strong>Diverses options de capacit\u00e9 :<\/strong> Disponible en trois capacit\u00e9s diff\u00e9rentes (1500 ml, 2000 ml et 2500 ml), vous pouvez choisir la taille id\u00e9ale pour chaque t\u00e2che, qu'il s'agisse de pr\u00e9parer des portions individuelles ou des repas familiaux.<\/p>\n<p><strong>Pratique et adapt\u00e9 au four \u00e0 micro-ondes :<\/strong>\u00a0Nos r\u00e9cipients alimentaires en acier inoxydable sont sp\u00e9cialement con\u00e7us pour passer au micro-ondes, ce qui vous permet de r\u00e9chauffer vos repas rapidement et en toute s\u00e9curit\u00e9 sans avoir \u00e0 les transf\u00e9rer dans un autre plat.<\/p>","protected":false},"featured_media":4578,"comment_status":"closed","ping_status":"closed","template":"","meta":{"_acf_changed":false},"product_brand":[],"product_cat":[51,25],"product_tag":[],"class_list":{"0":"post-4576","1":"product","2":"type-product","3":"status-publish","4":"has-post-thumbnail","6":"product_cat-dinnerware","7":"product_cat-food-storage","9":"first","10":"instock","11":"shipping-taxable","12":"product-type-simple"},"acf":[],"_links":{"self":[{"href":"https:\/\/www.purecook.com\/fr\/wp-json\/wp\/v2\/product\/4576","targetHints":{"allow":["GET"]}}],"collection":[{"href":"https:\/\/www.purecook.com\/fr\/wp-json\/wp\/v2\/product"}],"about":[{"href":"https:\/\/www.purecook.com\/fr\/wp-json\/wp\/v2\/types\/product"}],"replies":[{"embeddable":true,"href":"https:\/\/www.purecook.com\/fr\/wp-json\/wp\/v2\/comments?post=4576"}],"wp:featuredmedia":[{"embeddable":true,"href":"https:\/\/www.purecook.com\/fr\/wp-json\/wp\/v2\/media\/4578"}],"wp:attachment":[{"href":"https:\/\/www.purecook.com\/fr\/wp-json\/wp\/v2\/media?parent=4576"}],"wp:term":[{"taxonomy":"product_brand","embeddable":true,"href":"https:\/\/www.purecook.com\/fr\/wp-json\/wp\/v2\/product_brand?post=4576"},{"taxonomy":"product_cat","embeddable":true,"href":"https:\/\/www.purecook.com\/fr\/wp-json\/wp\/v2\/product_cat?post=4576"},{"taxonomy":"product_tag","embeddable":true,"href":"https:\/\/www.purecook.com\/fr\/wp-json\/wp\/v2\/product_tag?post=4576"}],"curies":[{"name":"wp","href":"https:\/\/api.w.org\/{rel}","templated":true}]}}