{"id":4584,"date":"2025-08-21T14:04:59","date_gmt":"2025-08-21T06:04:59","guid":{"rendered":"https:\/\/www.purecook.com\/?post_type=product&#038;p=4584"},"modified":"2025-09-08T11:29:35","modified_gmt":"2025-09-08T03:29:35","slug":"wholesale-mini-colander-and-bowl-set","status":"publish","type":"product","link":"https:\/\/www.purecook.com\/fr\/product\/wholesale-mini-colander-and-bowl-set\/","title":{"rendered":"Lot de mini passoires et de bols en gros, 2 tailles"},"content":{"rendered":"<div class=\"wp-block-columns is-layout-flex wp-container-core-columns-is-layout-9d6595d7 wp-block-columns-is-layout-flex\">\n<div class=\"wp-block-column is-layout-flow wp-block-column-is-layout-flow\">\n<h3 class=\"wp-block-heading\">Param\u00e8tres de la Mini passoire 2 pi\u00e8ces <\/h3>\n\n\n\n<p><strong>Mat\u00e9riau :<\/strong> Acier inoxydable 304<br><strong>Logo : <\/strong>S\u00e9rigraphie\/Gravure au laser\/Tampon en relief<br><strong>Couleur :<\/strong> Argent<br><strong>14 cm Panier<\/strong><\/p>\n\n\n\n<ul class=\"wp-block-list\">\n<li>Diam\u00e8tre (en haut) : 14,3 cm<\/li>\n\n\n\n<li>Diam\u00e8tre (base) : 8,0 cm<\/li>\n\n\n\n<li>Hauteur : 6,5 cm<\/li>\n\n\n\n<li>Capacit\u00e9 : 600 ml<\/li>\n<\/ul>\n\n\n\n<p><strong>16 cm Panier<\/strong><\/p>\n\n\n\n<ul class=\"wp-block-list\">\n<li>Diam\u00e8tre (en haut) : 16,3 cm<\/li>\n\n\n\n<li>Diam\u00e8tre (base) : 9,0 cm<\/li>\n\n\n\n<li>Hauteur : 7,5 cm<\/li>\n\n\n\n<li>Capacit\u00e9 : 1000 ml<\/li>\n<\/ul>\n<\/div>\n\n\n\n<div class=\"wp-block-column is-layout-flow wp-block-column-is-layout-flow\">\n<h3 class=\"wp-block-heading\">Options de pot de r\u00e9serve personnalis\u00e9es<\/h3>\n\n\n\n<p><strong>Logo :<\/strong> Personnalisable avec le logo de votre marque<br><strong>Couleur :<\/strong> Personnalisable<br><strong>Emballage :<\/strong>\u00a0Bo\u00eete de couleur\/Carton, etc.<\/p>\n<\/div>\n<\/div>\n\n\n\n<div class=\"wp-block-columns is-layout-flex wp-container-core-columns-is-layout-9d6595d7 wp-block-columns-is-layout-flex\">\n<div class=\"wp-block-column is-layout-flow wp-block-column-is-layout-flow\">\n<figure class=\"wp-block-image size-full\"><img decoding=\"async\" width=\"800\" height=\"800\" src=\"https:\/\/www.purecook.com\/wp-content\/uploads\/2025\/08\/mini-colander-and-bowl-set-5.webp\" alt=\"mini passoire et bol (5)\" class=\"wp-image-4589\" srcset=\"https:\/\/www.purecook.com\/wp-content\/uploads\/2025\/08\/mini-colander-and-bowl-set-5.webp 800w, https:\/\/www.purecook.com\/wp-content\/uploads\/2025\/08\/mini-colander-and-bowl-set-5-300x300.webp 300w, https:\/\/www.purecook.com\/wp-content\/uploads\/2025\/08\/mini-colander-and-bowl-set-5-150x150.webp 150w, https:\/\/www.purecook.com\/wp-content\/uploads\/2025\/08\/mini-colander-and-bowl-set-5-768x768.webp 768w, https:\/\/www.purecook.com\/wp-content\/uploads\/2025\/08\/mini-colander-and-bowl-set-5-12x12.webp 12w, https:\/\/www.purecook.com\/wp-content\/uploads\/2025\/08\/mini-colander-and-bowl-set-5-600x600.webp 600w, https:\/\/www.purecook.com\/wp-content\/uploads\/2025\/08\/mini-colander-and-bowl-set-5-100x100.webp 100w\" sizes=\"(max-width: 800px) 100vw, 800px\" \/><\/figure>\n<\/div>\n\n\n\n<div class=\"wp-block-column is-layout-flow wp-block-column-is-layout-flow\">\n<figure class=\"wp-block-image size-full\"><img decoding=\"async\" width=\"800\" height=\"800\" src=\"https:\/\/www.purecook.com\/wp-content\/uploads\/2025\/08\/mini-colander-and-bowl-set-6.webp\" alt=\"mini passoire et bol (6)\" class=\"wp-image-4590\" srcset=\"https:\/\/www.purecook.com\/wp-content\/uploads\/2025\/08\/mini-colander-and-bowl-set-6.webp 800w, https:\/\/www.purecook.com\/wp-content\/uploads\/2025\/08\/mini-colander-and-bowl-set-6-300x300.webp 300w, https:\/\/www.purecook.com\/wp-content\/uploads\/2025\/08\/mini-colander-and-bowl-set-6-150x150.webp 150w, https:\/\/www.purecook.com\/wp-content\/uploads\/2025\/08\/mini-colander-and-bowl-set-6-768x768.webp 768w, https:\/\/www.purecook.com\/wp-content\/uploads\/2025\/08\/mini-colander-and-bowl-set-6-12x12.webp 12w, https:\/\/www.purecook.com\/wp-content\/uploads\/2025\/08\/mini-colander-and-bowl-set-6-600x600.webp 600w, https:\/\/www.purecook.com\/wp-content\/uploads\/2025\/08\/mini-colander-and-bowl-set-6-100x100.webp 100w\" sizes=\"(max-width: 800px) 100vw, 800px\" \/><\/figure>\n<\/div>\n<\/div>\n\n\n\n<div class=\"wp-block-columns is-layout-flex wp-container-core-columns-is-layout-9d6595d7 wp-block-columns-is-layout-flex\">\n<div class=\"wp-block-column is-layout-flow wp-block-column-is-layout-flow\"><\/div>\n\n\n\n<div class=\"wp-block-column is-layout-flow wp-block-column-is-layout-flow\"><\/div>\n<\/div>\n\n\n\n<div class=\"wp-block-columns is-layout-flex wp-container-core-columns-is-layout-9d6595d7 wp-block-columns-is-layout-flex\">\n<div class=\"wp-block-column is-layout-flow wp-block-column-is-layout-flow\"><\/div>\n\n\n\n<div class=\"wp-block-column is-layout-flow wp-block-column-is-layout-flow\"><\/div>\n<\/div>","protected":false},"excerpt":{"rendered":"<p>Parfaite pour \u00e9goutter les produits, rincer les c\u00e9r\u00e9ales et servir les salades, cette passoire polyvalente et hygi\u00e9nique en acier inoxydable est dot\u00e9e d'une passoire \u00e0 mailles fines qui s'ins\u00e8re parfaitement dans le bol. Il s'agit d'un compl\u00e9ment pratique et peu encombrant pour toute cuisine.<\/p>\n<h2>Caract\u00e9ristiques et avantages des marmites en acier inoxydable<\/h2>\n<p><strong>Polyvalent :<\/strong> Cet ensemble peut \u00eatre utilis\u00e9 pour laver et rincer les fruits et les l\u00e9gumes, \u00e9goutter les p\u00e2tes ou le riz, et le bol peut \u00eatre utilis\u00e9 seul pour m\u00e9langer, servir ou comme bol de service.<\/p>\n<p><strong>Drainage efficace :<\/strong> Les mailles fines de la passoire permettent d'\u00e9goutter rapidement et compl\u00e8tement les liquides tout en emp\u00eachant les petites particules d'aliments de passer au travers.<\/p>\n<p><strong>Durable et hygi\u00e9nique :<\/strong> Fabriqu\u00e9 en acier inoxydable r\u00e9sistant \u00e0 la rouille, non poreux et facile \u00e0 nettoyer, il garantit une pr\u00e9paration hygi\u00e9nique des aliments.<\/p>\n<p><strong>L'attrait esth\u00e9tique :<\/strong> Le design \u00e9pur\u00e9 et minimaliste offre un aspect moderne et propre, parfait pour servir directement \u00e0 table.<\/p>","protected":false},"featured_media":4585,"comment_status":"closed","ping_status":"closed","template":"","meta":{"_acf_changed":false},"product_brand":[],"product_cat":[51,52,54,65],"product_tag":[],"class_list":{"0":"post-4584","1":"product","2":"type-product","3":"status-publish","4":"has-post-thumbnail","6":"product_cat-dinnerware","7":"product_cat-kitchen-utensils","8":"product_cat-stainless-steel-bowl","9":"product_cat-kitchen-strainer-and-colander","11":"first","12":"instock","13":"shipping-taxable","14":"product-type-simple"},"acf":[],"_links":{"self":[{"href":"https:\/\/www.purecook.com\/fr\/wp-json\/wp\/v2\/product\/4584","targetHints":{"allow":["GET"]}}],"collection":[{"href":"https:\/\/www.purecook.com\/fr\/wp-json\/wp\/v2\/product"}],"about":[{"href":"https:\/\/www.purecook.com\/fr\/wp-json\/wp\/v2\/types\/product"}],"replies":[{"embeddable":true,"href":"https:\/\/www.purecook.com\/fr\/wp-json\/wp\/v2\/comments?post=4584"}],"wp:featuredmedia":[{"embeddable":true,"href":"https:\/\/www.purecook.com\/fr\/wp-json\/wp\/v2\/media\/4585"}],"wp:attachment":[{"href":"https:\/\/www.purecook.com\/fr\/wp-json\/wp\/v2\/media?parent=4584"}],"wp:term":[{"taxonomy":"product_brand","embeddable":true,"href":"https:\/\/www.purecook.com\/fr\/wp-json\/wp\/v2\/product_brand?post=4584"},{"taxonomy":"product_cat","embeddable":true,"href":"https:\/\/www.purecook.com\/fr\/wp-json\/wp\/v2\/product_cat?post=4584"},{"taxonomy":"product_tag","embeddable":true,"href":"https:\/\/www.purecook.com\/fr\/wp-json\/wp\/v2\/product_tag?post=4584"}],"curies":[{"name":"wp","href":"https:\/\/api.w.org\/{rel}","templated":true}]}}