{"id":4599,"date":"2025-08-24T10:02:59","date_gmt":"2025-08-24T02:02:59","guid":{"rendered":"https:\/\/www.purecook.com\/?post_type=product&#038;p=4599"},"modified":"2025-08-24T10:27:47","modified_gmt":"2025-08-24T02:27:47","slug":"wholesale-slotted-spoon-for-easy-draining-and-serving-of-food","status":"publish","type":"product","link":"https:\/\/www.purecook.com\/fr\/product\/wholesale-slotted-spoon-for-easy-draining-and-serving-of-food\/","title":{"rendered":"Cuill\u00e8re fendue en gros pour faciliter l'\u00e9gouttage et le service des aliments"},"content":{"rendered":"<div class=\"wp-block-columns is-layout-flex wp-container-core-columns-is-layout-9d6595d7 wp-block-columns-is-layout-flex\">\n<div class=\"wp-block-column is-layout-flow wp-block-column-is-layout-flow\">\n<h3 class=\"wp-block-heading\">Param\u00e8tres de la cuill\u00e8re fendue en acier inoxydable<\/h3>\n\n\n\n<p><strong>Mat\u00e9riau : <\/strong>Acier inoxydable 304<br><strong>Couleur : <\/strong>argent<br><strong>Poids : <\/strong>140\/155g -<br><strong>Logo : <\/strong>S\u00e9rigraphie \/ Gravure laser \/ Tampon en relief<br><strong>Taille : <\/strong>31.4\u00d710.6cm \/ 32.5\u00d712.6cm<br><strong>Poids brut : <\/strong>Moins de 1 kg par pi\u00e8ce<\/p>\n<\/div>\n\n\n\n<div class=\"wp-block-column is-layout-flow wp-block-column-is-layout-flow\">\n<h3 class=\"wp-block-heading\">Options de pot de r\u00e9serve personnalis\u00e9es<\/h3>\n\n\n\n<p><strong>Logo :<\/strong> Personnalisable avec le logo de votre marque<br><strong>Couleur :<\/strong> Personnalisable<br><strong>Emballage :<\/strong>&nbsp;Bo\u00eete de couleur\/Carton, etc.<br><strong>MOQ : <\/strong>1000pcs<\/p>\n<\/div>\n<\/div>\n\n\n\n<div class=\"wp-block-columns is-layout-flex wp-container-core-columns-is-layout-9d6595d7 wp-block-columns-is-layout-flex\">\n<div class=\"wp-block-column is-layout-flow wp-block-column-is-layout-flow\">\n<figure class=\"wp-block-image size-full\"><img decoding=\"async\" width=\"800\" height=\"800\" src=\"https:\/\/www.purecook.com\/wp-content\/uploads\/2025\/08\/wholesale-stainless-steel-slotted-spoon-2.webp\" alt=\"cuill\u00e8re \u00e0 fente en acier inoxydable (2)\" class=\"wp-image-4601\" srcset=\"https:\/\/www.purecook.com\/wp-content\/uploads\/2025\/08\/wholesale-stainless-steel-slotted-spoon-2.webp 800w, https:\/\/www.purecook.com\/wp-content\/uploads\/2025\/08\/wholesale-stainless-steel-slotted-spoon-2-300x300.webp 300w, https:\/\/www.purecook.com\/wp-content\/uploads\/2025\/08\/wholesale-stainless-steel-slotted-spoon-2-150x150.webp 150w, https:\/\/www.purecook.com\/wp-content\/uploads\/2025\/08\/wholesale-stainless-steel-slotted-spoon-2-768x768.webp 768w, https:\/\/www.purecook.com\/wp-content\/uploads\/2025\/08\/wholesale-stainless-steel-slotted-spoon-2-12x12.webp 12w, https:\/\/www.purecook.com\/wp-content\/uploads\/2025\/08\/wholesale-stainless-steel-slotted-spoon-2-600x600.webp 600w, https:\/\/www.purecook.com\/wp-content\/uploads\/2025\/08\/wholesale-stainless-steel-slotted-spoon-2-100x100.webp 100w\" sizes=\"(max-width: 800px) 100vw, 800px\" \/><\/figure>\n<\/div>\n\n\n\n<div class=\"wp-block-column is-layout-flow wp-block-column-is-layout-flow\">\n<figure class=\"wp-block-image size-full\"><img decoding=\"async\" width=\"800\" height=\"800\" src=\"https:\/\/www.purecook.com\/wp-content\/uploads\/2025\/08\/wholesale-stainless-steel-slotted-spoon-3.webp\" alt=\"cuill\u00e8re \u00e0 fente en acier inoxydable (3)\" class=\"wp-image-4602\" srcset=\"https:\/\/www.purecook.com\/wp-content\/uploads\/2025\/08\/wholesale-stainless-steel-slotted-spoon-3.webp 800w, https:\/\/www.purecook.com\/wp-content\/uploads\/2025\/08\/wholesale-stainless-steel-slotted-spoon-3-300x300.webp 300w, https:\/\/www.purecook.com\/wp-content\/uploads\/2025\/08\/wholesale-stainless-steel-slotted-spoon-3-150x150.webp 150w, https:\/\/www.purecook.com\/wp-content\/uploads\/2025\/08\/wholesale-stainless-steel-slotted-spoon-3-768x768.webp 768w, https:\/\/www.purecook.com\/wp-content\/uploads\/2025\/08\/wholesale-stainless-steel-slotted-spoon-3-12x12.webp 12w, https:\/\/www.purecook.com\/wp-content\/uploads\/2025\/08\/wholesale-stainless-steel-slotted-spoon-3-600x600.webp 600w, https:\/\/www.purecook.com\/wp-content\/uploads\/2025\/08\/wholesale-stainless-steel-slotted-spoon-3-100x100.webp 100w\" sizes=\"(max-width: 800px) 100vw, 800px\" \/><\/figure>\n<\/div>\n<\/div>\n\n\n\n<div class=\"wp-block-columns is-layout-flex wp-container-core-columns-is-layout-9d6595d7 wp-block-columns-is-layout-flex\">\n<div class=\"wp-block-column is-layout-flow wp-block-column-is-layout-flow\"><\/div>\n\n\n\n<div class=\"wp-block-column is-layout-flow wp-block-column-is-layout-flow\"><\/div>\n<\/div>","protected":false},"excerpt":{"rendered":"<p>Vente en gros de cuill\u00e8res \u00e0 fente en acier inoxydable. Fabriqu\u00e9es en acier inoxydable 304 de qualit\u00e9 alimentaire, ces cuill\u00e8res offrent des performances sup\u00e9rieures. Elles sont polyvalentes et permettent d'\u00e9goutter et de filtrer rapidement les p\u00e2tes, les l\u00e9gumes et les boulettes. Contactez-nous pour obtenir des prix de gros.<\/p>\n<h2>Caract\u00e9ristiques des cuill\u00e8res \u00e0 fente en acier inoxydable<\/h2>\n<p><strong>\u00c9gouttage et \u00e9gouttage faciles :<\/strong> Les cuill\u00e8res \u00e0 fente permettent de retirer facilement les aliments solides des liquides. Vidange rapide de l'eau, de l'huile ou de la soupe.<\/p>\n<p><strong>La s\u00e9curit\u00e9 :<\/strong> Les cuill\u00e8res \u00e0 fente sont dot\u00e9es d'un manche allong\u00e9 qui prot\u00e8ge les mains des \u00e9claboussures d'huile, de l'eau bouillante et de la vapeur chaude.<\/p>\n<p><strong>Polyvalence :<\/strong> Les cuill\u00e8res \u00e0 fente permettent d'effectuer de nombreuses t\u00e2ches, notamment d'\u00e9cumer ou de d\u00e9graisser les soupes et les rago\u00fbts, de blanchir les l\u00e9gumes dans l'eau bouillante et de retirer les p\u00e2tes de la soupe.<\/p>\n<p><strong>Mat\u00e9riau de qualit\u00e9 alimentaire :<\/strong> Les cuill\u00e8res \u00e0 fente en gros sont fabriqu\u00e9es en acier inoxydable 304 de qualit\u00e9 alimentaire, qui n'est pas r\u00e9actif avec les aliments et r\u00e9siste tr\u00e8s bien \u00e0 la chaleur, ce qui garantit la tranquillit\u00e9 d'esprit.<\/p>\n<p><strong>Prix d'usine :<\/strong> En tant que fabricant d'ustensiles de cuisine, nous proposons des ustensiles de cuisine en gros \u00e0 des prix d'usine et prenons en charge la personnalisation et les commandes en gros.<\/p>","protected":false},"featured_media":4600,"comment_status":"closed","ping_status":"closed","template":"","meta":{"_acf_changed":false},"product_brand":[],"product_cat":[52,65],"product_tag":[],"class_list":{"0":"post-4599","1":"product","2":"type-product","3":"status-publish","4":"has-post-thumbnail","6":"product_cat-kitchen-utensils","7":"product_cat-kitchen-strainer-and-colander","9":"first","10":"instock","11":"shipping-taxable","12":"product-type-simple"},"acf":[],"_links":{"self":[{"href":"https:\/\/www.purecook.com\/fr\/wp-json\/wp\/v2\/product\/4599","targetHints":{"allow":["GET"]}}],"collection":[{"href":"https:\/\/www.purecook.com\/fr\/wp-json\/wp\/v2\/product"}],"about":[{"href":"https:\/\/www.purecook.com\/fr\/wp-json\/wp\/v2\/types\/product"}],"replies":[{"embeddable":true,"href":"https:\/\/www.purecook.com\/fr\/wp-json\/wp\/v2\/comments?post=4599"}],"wp:featuredmedia":[{"embeddable":true,"href":"https:\/\/www.purecook.com\/fr\/wp-json\/wp\/v2\/media\/4600"}],"wp:attachment":[{"href":"https:\/\/www.purecook.com\/fr\/wp-json\/wp\/v2\/media?parent=4599"}],"wp:term":[{"taxonomy":"product_brand","embeddable":true,"href":"https:\/\/www.purecook.com\/fr\/wp-json\/wp\/v2\/product_brand?post=4599"},{"taxonomy":"product_cat","embeddable":true,"href":"https:\/\/www.purecook.com\/fr\/wp-json\/wp\/v2\/product_cat?post=4599"},{"taxonomy":"product_tag","embeddable":true,"href":"https:\/\/www.purecook.com\/fr\/wp-json\/wp\/v2\/product_tag?post=4599"}],"curies":[{"name":"wp","href":"https:\/\/api.w.org\/{rel}","templated":true}]}}