{"id":4605,"date":"2025-08-24T10:32:23","date_gmt":"2025-08-24T02:32:23","guid":{"rendered":"https:\/\/www.purecook.com\/?post_type=product&#038;p=4605"},"modified":"2025-08-24T10:56:48","modified_gmt":"2025-08-24T02:56:48","slug":"wholesale-stainless-steel-food-container-and-strainer-set-2","status":"publish","type":"product","link":"https:\/\/www.purecook.com\/fr\/product\/wholesale-stainless-steel-food-container-and-strainer-set-2\/","title":{"rendered":"Ensemble de r\u00e9cipients et de passoires en acier inoxydable - pour la cuisson sur cuisini\u00e8re \u00e0 induction"},"content":{"rendered":"<div class=\"wp-block-columns is-layout-flex wp-container-core-columns-is-layout-9d6595d7 wp-block-columns-is-layout-flex\">\n<div class=\"wp-block-column is-layout-flow wp-block-column-is-layout-flow\">\n<h3 class=\"wp-block-heading\">Param\u00e8tres de l'ensemble r\u00e9cipient alimentaire et passoire<\/h3>\n\n\n\n<p><strong>Mat\u00e9riau : <\/strong>Acier inoxydable<br><strong>Logo : <\/strong>S\u00e9rigraphie \/ Gravure laser \/ Tampon en relief<br><strong>Couleur :<\/strong> Argent<br><strong>Taille :<\/strong> 16,8\u00d716,8\u00d76,8cm \/ 16,8\u00d716,8\u00d78,8 cm \/ 20,8\u00d720,8\u00d78,3cm \/ 20,8\u00d720,8\u00d710,3cm<br><strong>Poids brut : <\/strong>Moins de 1 kg par pi\u00e8ce<\/p>\n<\/div>\n\n\n\n<div class=\"wp-block-column is-layout-flow wp-block-column-is-layout-flow\">\n<h3 class=\"wp-block-heading\">Options de pot de r\u00e9serve personnalis\u00e9es<\/h3>\n\n\n\n<p>Mat\u00e9riau : acier inoxydable 201 \/ 304<br><strong>Logo :<\/strong> Personnalisable avec le logo de votre marque<br><strong>Emballage :<\/strong>\u00a0Bo\u00eete de couleur\/Carton, etc.<br><\/p>\n<\/div>\n<\/div>\n\n\n\n<div class=\"wp-block-columns is-layout-flex wp-container-core-columns-is-layout-9d6595d7 wp-block-columns-is-layout-flex\">\n<div class=\"wp-block-column is-layout-flow wp-block-column-is-layout-flow\">\n<figure class=\"wp-block-image size-full\"><img decoding=\"async\" width=\"800\" height=\"800\" src=\"https:\/\/www.purecook.com\/wp-content\/uploads\/2025\/08\/stainless-steel-food-container-and-strainer-set-2.webp\" alt=\"ensemble de r\u00e9cipients et de passoires en acier inoxydable (2)\" class=\"wp-image-4607\" srcset=\"https:\/\/www.purecook.com\/wp-content\/uploads\/2025\/08\/stainless-steel-food-container-and-strainer-set-2.webp 800w, https:\/\/www.purecook.com\/wp-content\/uploads\/2025\/08\/stainless-steel-food-container-and-strainer-set-2-300x300.webp 300w, https:\/\/www.purecook.com\/wp-content\/uploads\/2025\/08\/stainless-steel-food-container-and-strainer-set-2-150x150.webp 150w, https:\/\/www.purecook.com\/wp-content\/uploads\/2025\/08\/stainless-steel-food-container-and-strainer-set-2-768x768.webp 768w, https:\/\/www.purecook.com\/wp-content\/uploads\/2025\/08\/stainless-steel-food-container-and-strainer-set-2-12x12.webp 12w, https:\/\/www.purecook.com\/wp-content\/uploads\/2025\/08\/stainless-steel-food-container-and-strainer-set-2-600x600.webp 600w, https:\/\/www.purecook.com\/wp-content\/uploads\/2025\/08\/stainless-steel-food-container-and-strainer-set-2-100x100.webp 100w\" sizes=\"(max-width: 800px) 100vw, 800px\" \/><\/figure>\n<\/div>\n\n\n\n<div class=\"wp-block-column is-layout-flow wp-block-column-is-layout-flow\">\n<figure class=\"wp-block-image size-full\"><img decoding=\"async\" width=\"800\" height=\"800\" src=\"https:\/\/www.purecook.com\/wp-content\/uploads\/2025\/08\/stainless-steel-food-container-and-strainer-set-4.webp\" alt=\"ensemble de r\u00e9cipients et de passoires en acier inoxydable (4)\" class=\"wp-image-4609\" srcset=\"https:\/\/www.purecook.com\/wp-content\/uploads\/2025\/08\/stainless-steel-food-container-and-strainer-set-4.webp 800w, https:\/\/www.purecook.com\/wp-content\/uploads\/2025\/08\/stainless-steel-food-container-and-strainer-set-4-300x300.webp 300w, https:\/\/www.purecook.com\/wp-content\/uploads\/2025\/08\/stainless-steel-food-container-and-strainer-set-4-150x150.webp 150w, https:\/\/www.purecook.com\/wp-content\/uploads\/2025\/08\/stainless-steel-food-container-and-strainer-set-4-768x768.webp 768w, https:\/\/www.purecook.com\/wp-content\/uploads\/2025\/08\/stainless-steel-food-container-and-strainer-set-4-12x12.webp 12w, https:\/\/www.purecook.com\/wp-content\/uploads\/2025\/08\/stainless-steel-food-container-and-strainer-set-4-600x600.webp 600w, https:\/\/www.purecook.com\/wp-content\/uploads\/2025\/08\/stainless-steel-food-container-and-strainer-set-4-100x100.webp 100w\" sizes=\"(max-width: 800px) 100vw, 800px\" \/><\/figure>\n<\/div>\n<\/div>","protected":false},"excerpt":{"rendered":"<p>L'ensemble r\u00e9cipient et passoire en acier inoxydable convient \u00e0 de nombreuses t\u00e2ches, notamment l'\u00e9gouttage des fruits et l\u00e9gumes, la conservation des aliments, la cuisson et l'utilisation d'un filtre pour \u00e9liminer les aliments solides. Il convient parfaitement \u00e0 un usage personnel ou \u00e0 une petite famille. Contactez-nous pour un devis.<\/p>\n<h2>Caract\u00e9ristiques de l'ensemble r\u00e9cipient et passoire en acier inoxydable<\/h2>\n<p><strong>Polyvalent :<\/strong> Cet ensemble de r\u00e9cipients et de filtres en acier inoxydable est polyvalent : il peut servir de saladier, de rangement dans le r\u00e9frig\u00e9rateur ou m\u00eame pour faire mariner les viandes.<\/p>\n<p><strong>Pratique :<\/strong> La conception en deux parties facilite le lavage, l'\u00e9gouttage et le service des aliments, \u00e9liminant ainsi le besoin de plusieurs bols ou de passoires s\u00e9par\u00e9es. La passoire peut \u00eatre facilement soulev\u00e9e pour vider le bol.<\/p>\n<p><strong>Compatible avec les cuisini\u00e8res \u00e0 induction :<\/strong> Ce r\u00e9cipient alimentaire peut \u00eatre utilis\u00e9 sur une table de cuisson \u00e0 induction. Apr\u00e8s la cuisson, la passoire vous permet d'\u00e9goutter le liquide et d'\u00e9liminer les solides, ce qui simplifie l'ensemble du processus de cuisson.<\/p>\n<p><strong>Personnalisable :<\/strong> En tant que fabricant de r\u00e9cipients alimentaires, Purecook soutient les r\u00e9cipients alimentaires personnalisables, offrant une large gamme d'options de personnalisation, y compris des mat\u00e9riaux, des tailles et des logos personnalis\u00e9s.<\/p>","protected":false},"featured_media":4606,"comment_status":"closed","ping_status":"closed","template":"","meta":{"_acf_changed":false},"product_brand":[],"product_cat":[51,25,52,65],"product_tag":[],"class_list":{"0":"post-4605","1":"product","2":"type-product","3":"status-publish","4":"has-post-thumbnail","6":"product_cat-dinnerware","7":"product_cat-food-storage","8":"product_cat-kitchen-utensils","9":"product_cat-kitchen-strainer-and-colander","11":"first","12":"instock","13":"shipping-taxable","14":"product-type-simple"},"acf":[],"_links":{"self":[{"href":"https:\/\/www.purecook.com\/fr\/wp-json\/wp\/v2\/product\/4605","targetHints":{"allow":["GET"]}}],"collection":[{"href":"https:\/\/www.purecook.com\/fr\/wp-json\/wp\/v2\/product"}],"about":[{"href":"https:\/\/www.purecook.com\/fr\/wp-json\/wp\/v2\/types\/product"}],"replies":[{"embeddable":true,"href":"https:\/\/www.purecook.com\/fr\/wp-json\/wp\/v2\/comments?post=4605"}],"wp:featuredmedia":[{"embeddable":true,"href":"https:\/\/www.purecook.com\/fr\/wp-json\/wp\/v2\/media\/4606"}],"wp:attachment":[{"href":"https:\/\/www.purecook.com\/fr\/wp-json\/wp\/v2\/media?parent=4605"}],"wp:term":[{"taxonomy":"product_brand","embeddable":true,"href":"https:\/\/www.purecook.com\/fr\/wp-json\/wp\/v2\/product_brand?post=4605"},{"taxonomy":"product_cat","embeddable":true,"href":"https:\/\/www.purecook.com\/fr\/wp-json\/wp\/v2\/product_cat?post=4605"},{"taxonomy":"product_tag","embeddable":true,"href":"https:\/\/www.purecook.com\/fr\/wp-json\/wp\/v2\/product_tag?post=4605"}],"curies":[{"name":"wp","href":"https:\/\/api.w.org\/{rel}","templated":true}]}}