{"id":4611,"date":"2025-08-24T11:07:46","date_gmt":"2025-08-24T03:07:46","guid":{"rendered":"https:\/\/www.purecook.com\/?post_type=product&#038;p=4611"},"modified":"2025-08-24T11:34:40","modified_gmt":"2025-08-24T03:34:40","slug":"wholesale-stainless-steel-grilling-tongs-food-grade-kitchen-food-tongs-for-sale","status":"publish","type":"product","link":"https:\/\/www.purecook.com\/fr\/product\/wholesale-stainless-steel-grilling-tongs-food-grade-kitchen-food-tongs-for-sale\/","title":{"rendered":"Pince \u00e0 griller en acier inoxydable, Pince de cuisine de qualit\u00e9 alimentaire \u00e0 vendre"},"content":{"rendered":"<div class=\"wp-block-columns is-layout-flex wp-container-core-columns-is-layout-9d6595d7 wp-block-columns-is-layout-flex\">\n<div class=\"wp-block-column is-layout-flow wp-block-column-is-layout-flow\">\n<h3 class=\"wp-block-heading\">Param\u00e8tres de l'ensemble de passoires en acier inoxydable<\/h3>\n\n\n\n<p><strong>Mat\u00e9riau :<\/strong> Acier inoxydable 304\uff0c<br><strong>Poids :<\/strong> 75g <br><strong>Logo : <\/strong>S\u00e9rigraphie \/ Gravure laser \/ Tampon en relief<br><strong>Couleur :<\/strong> Argent<br><strong>\u00c9paisseur :<\/strong> 0,5 mm<br><strong>Taille :<\/strong> 24,8 \u00d7 7,5 cm<br><strong>Poids brut : <\/strong>Moins de 100g par pi\u00e8ce<\/p>\n<\/div>\n\n\n\n<div class=\"wp-block-column is-layout-flow wp-block-column-is-layout-flow\">\n<h3 class=\"wp-block-heading\">Options de pot de r\u00e9serve personnalis\u00e9es<\/h3>\n\n\n\n<p><strong>Logo :<\/strong> Personnalisable avec le logo de votre marque<br><strong>Emballage :<\/strong>\u00a0Bo\u00eete de couleur\/Carton, etc.<\/p>\n<\/div>\n<\/div>\n\n\n\n<div class=\"wp-block-columns is-layout-flex wp-container-core-columns-is-layout-9d6595d7 wp-block-columns-is-layout-flex\">\n<div class=\"wp-block-column is-layout-flow wp-block-column-is-layout-flow\">\n<figure class=\"wp-block-image size-full\"><img decoding=\"async\" width=\"800\" height=\"800\" src=\"https:\/\/www.purecook.com\/wp-content\/uploads\/2025\/08\/wholesale-stainless-steel-grilling-tongs-1-1.webp\" alt=\"Pince \u00e0 griller en gros en acier inoxydable (1)\" class=\"wp-image-4618\" srcset=\"https:\/\/www.purecook.com\/wp-content\/uploads\/2025\/08\/wholesale-stainless-steel-grilling-tongs-1-1.webp 800w, https:\/\/www.purecook.com\/wp-content\/uploads\/2025\/08\/wholesale-stainless-steel-grilling-tongs-1-1-300x300.webp 300w, https:\/\/www.purecook.com\/wp-content\/uploads\/2025\/08\/wholesale-stainless-steel-grilling-tongs-1-1-150x150.webp 150w, https:\/\/www.purecook.com\/wp-content\/uploads\/2025\/08\/wholesale-stainless-steel-grilling-tongs-1-1-768x768.webp 768w, https:\/\/www.purecook.com\/wp-content\/uploads\/2025\/08\/wholesale-stainless-steel-grilling-tongs-1-1-12x12.webp 12w, https:\/\/www.purecook.com\/wp-content\/uploads\/2025\/08\/wholesale-stainless-steel-grilling-tongs-1-1-600x600.webp 600w, https:\/\/www.purecook.com\/wp-content\/uploads\/2025\/08\/wholesale-stainless-steel-grilling-tongs-1-1-100x100.webp 100w\" sizes=\"(max-width: 800px) 100vw, 800px\" \/><\/figure>\n<\/div>\n\n\n\n<div class=\"wp-block-column is-layout-flow wp-block-column-is-layout-flow\">\n<figure class=\"wp-block-image size-full\"><img decoding=\"async\" width=\"800\" height=\"800\" src=\"https:\/\/www.purecook.com\/wp-content\/uploads\/2025\/08\/wholesale-stainless-steel-grilling-tongs-2-1.webp\" alt=\"Pince \u00e0 griller en acier inoxydable (2)\" class=\"wp-image-4619\" srcset=\"https:\/\/www.purecook.com\/wp-content\/uploads\/2025\/08\/wholesale-stainless-steel-grilling-tongs-2-1.webp 800w, https:\/\/www.purecook.com\/wp-content\/uploads\/2025\/08\/wholesale-stainless-steel-grilling-tongs-2-1-300x300.webp 300w, https:\/\/www.purecook.com\/wp-content\/uploads\/2025\/08\/wholesale-stainless-steel-grilling-tongs-2-1-150x150.webp 150w, https:\/\/www.purecook.com\/wp-content\/uploads\/2025\/08\/wholesale-stainless-steel-grilling-tongs-2-1-768x768.webp 768w, https:\/\/www.purecook.com\/wp-content\/uploads\/2025\/08\/wholesale-stainless-steel-grilling-tongs-2-1-12x12.webp 12w, https:\/\/www.purecook.com\/wp-content\/uploads\/2025\/08\/wholesale-stainless-steel-grilling-tongs-2-1-600x600.webp 600w, https:\/\/www.purecook.com\/wp-content\/uploads\/2025\/08\/wholesale-stainless-steel-grilling-tongs-2-1-100x100.webp 100w\" sizes=\"(max-width: 800px) 100vw, 800px\" \/><\/figure>\n<\/div>\n<\/div>\n\n\n\n<div class=\"wp-block-columns is-layout-flex wp-container-core-columns-is-layout-9d6595d7 wp-block-columns-is-layout-flex\">\n<div class=\"wp-block-column is-layout-flow wp-block-column-is-layout-flow\"><\/div>\n\n\n\n<div class=\"wp-block-column is-layout-flow wp-block-column-is-layout-flow\"><\/div>\n<\/div>","protected":false},"excerpt":{"rendered":"<p>Pince \u00e0 griller en gros. Fabriqu\u00e9es en acier inoxydable 304 de qualit\u00e9 alimentaire, ces pinces sont durables et r\u00e9sistantes \u00e0 la chaleur. Elles conviennent \u00e0 une grande vari\u00e9t\u00e9 d'aliments, y compris les p\u00e2tisseries et les viandes grill\u00e9es. Contactez-nous pour un devis.<\/p>\n<h2>Caract\u00e9ristiques de la pince \u00e0 griller en acier inoxydable<\/h2>\n<p><strong>Durabilit\u00e9 sup\u00e9rieure et performances durables :<\/strong> Les pinces \u00e0 griller sont fabriqu\u00e9es en acier inoxydable 304 de qualit\u00e9 alimentaire, con\u00e7u pour r\u00e9sister \u00e0 un usage fr\u00e9quent sans se d\u00e9former ni se casser.<\/p>\n<p><strong>R\u00e9sistance aux hautes temp\u00e9ratures :<\/strong> Fabriqu\u00e9es en acier inoxydable de haute qualit\u00e9, les pinces \u00e0 grillades r\u00e9sistent \u00e0 la d\u00e9formation ou aux dommages caus\u00e9s par la chaleur \u00e9lev\u00e9e, ce qui en fait un compagnon fiable pour les grillades.<\/p>\n<p><strong>Utilisation polyvalente :<\/strong> Les pinces alimentaires peuvent accomplir un large \u00e9ventail de t\u00e2ches, en saisissant en toute s\u00e9curit\u00e9 des p\u00e2tisseries et des l\u00e9gumes d\u00e9licats, mais aussi des articles plus lourds comme les viandes ou les poissons grill\u00e9s.<\/p>\n<p><strong>Conception ergonomique et s\u00fbre :<\/strong> Les pinces sont dot\u00e9es d'une poign\u00e9e allong\u00e9e qui offre une prise confortable et s\u00fbre tout en maintenant les mains \u00e0 l'\u00e9cart des surfaces chaudes telles que les grils ou les casseroles.<\/p>","protected":false},"featured_media":4618,"comment_status":"closed","ping_status":"closed","template":"","meta":{"_acf_changed":false},"product_brand":[],"product_cat":[52,103],"product_tag":[],"class_list":{"0":"post-4611","1":"product","2":"type-product","3":"status-publish","4":"has-post-thumbnail","6":"product_cat-kitchen-utensils","7":"product_cat-wholesale-stainless-steel-tongs","9":"first","10":"instock","11":"shipping-taxable","12":"product-type-simple"},"acf":[],"_links":{"self":[{"href":"https:\/\/www.purecook.com\/fr\/wp-json\/wp\/v2\/product\/4611","targetHints":{"allow":["GET"]}}],"collection":[{"href":"https:\/\/www.purecook.com\/fr\/wp-json\/wp\/v2\/product"}],"about":[{"href":"https:\/\/www.purecook.com\/fr\/wp-json\/wp\/v2\/types\/product"}],"replies":[{"embeddable":true,"href":"https:\/\/www.purecook.com\/fr\/wp-json\/wp\/v2\/comments?post=4611"}],"wp:featuredmedia":[{"embeddable":true,"href":"https:\/\/www.purecook.com\/fr\/wp-json\/wp\/v2\/media\/4618"}],"wp:attachment":[{"href":"https:\/\/www.purecook.com\/fr\/wp-json\/wp\/v2\/media?parent=4611"}],"wp:term":[{"taxonomy":"product_brand","embeddable":true,"href":"https:\/\/www.purecook.com\/fr\/wp-json\/wp\/v2\/product_brand?post=4611"},{"taxonomy":"product_cat","embeddable":true,"href":"https:\/\/www.purecook.com\/fr\/wp-json\/wp\/v2\/product_cat?post=4611"},{"taxonomy":"product_tag","embeddable":true,"href":"https:\/\/www.purecook.com\/fr\/wp-json\/wp\/v2\/product_tag?post=4611"}],"curies":[{"name":"wp","href":"https:\/\/api.w.org\/{rel}","templated":true}]}}