{"id":4631,"date":"2025-08-31T14:09:51","date_gmt":"2025-08-31T06:09:51","guid":{"rendered":"https:\/\/www.purecook.com\/?post_type=product&#038;p=4631"},"modified":"2025-08-31T14:38:44","modified_gmt":"2025-08-31T06:38:44","slug":"wholesale-tri-ply-stainless-steel-cookware-set","status":"publish","type":"product","link":"https:\/\/www.purecook.com\/fr\/product\/wholesale-tri-ply-stainless-steel-cookware-set\/","title":{"rendered":"Grossiste Batterie de cuisine en acier inoxydable triple \u00e9paisseur - Batterie de cuisine 3 pi\u00e8ces"},"content":{"rendered":"<div class=\"wp-block-columns is-layout-flex wp-container-core-columns-is-layout-9d6595d7 wp-block-columns-is-layout-flex\">\n<div class=\"wp-block-column is-layout-flow wp-block-column-is-layout-flow\">\n<h3 class=\"wp-block-heading\">Param\u00e8tres de la batterie de cuisine en acier inoxydable Tri-Ply<\/h3>\n\n\n\n<p><strong>Mat\u00e9riau : <\/strong>Acier inoxydable triple \u00e9paisseur<br><strong>\u00c9paisseur normale :<\/strong> 2\/1,2 mm<br><strong>Logo : <\/strong>S\u00e9rigraphie\/Gravure au laser\/Tampon en relief<br><strong>Poign\u00e9e et bouton du couvercle : <\/strong>Acier inoxydable<br><strong>Taille :<\/strong> 16\/18\/20\/24cm<\/p>\n<\/div>\n\n\n\n<div class=\"wp-block-column is-layout-flow wp-block-column-is-layout-flow\">\n<h3 class=\"wp-block-heading\">Options d'ustensiles de cuisine personnalis\u00e9s<\/h3>\n\n\n\n<p><strong>Logo :<\/strong> Personnalisable avec le logo de votre marque<br><strong>Poign\u00e9e : <\/strong>Une poign\u00e9e adapt\u00e9e \u00e0 votre style<br><strong>Emballage :<\/strong>\u00a0Bo\u00eete de couleur\/Carton, etc.<\/p>\n<\/div>\n<\/div>\n\n\n\n<div class=\"wp-block-columns is-layout-flex wp-container-core-columns-is-layout-9d6595d7 wp-block-columns-is-layout-flex\">\n<div class=\"wp-block-column is-layout-flow wp-block-column-is-layout-flow\">\n<figure class=\"wp-block-image size-full\"><img decoding=\"async\" width=\"800\" height=\"800\" src=\"https:\/\/www.purecook.com\/wp-content\/uploads\/2025\/08\/wholesale-3-piece-tri-ply-stainless-steel-cookware-set-6.webp\" alt=\"Grossiste batterie de cuisine 3 pi\u00e8ces en acier inoxydable tripl\u00e9 (6)\" class=\"wp-image-4637\" srcset=\"https:\/\/www.purecook.com\/wp-content\/uploads\/2025\/08\/wholesale-3-piece-tri-ply-stainless-steel-cookware-set-6.webp 800w, https:\/\/www.purecook.com\/wp-content\/uploads\/2025\/08\/wholesale-3-piece-tri-ply-stainless-steel-cookware-set-6-300x300.webp 300w, https:\/\/www.purecook.com\/wp-content\/uploads\/2025\/08\/wholesale-3-piece-tri-ply-stainless-steel-cookware-set-6-150x150.webp 150w, https:\/\/www.purecook.com\/wp-content\/uploads\/2025\/08\/wholesale-3-piece-tri-ply-stainless-steel-cookware-set-6-768x768.webp 768w, https:\/\/www.purecook.com\/wp-content\/uploads\/2025\/08\/wholesale-3-piece-tri-ply-stainless-steel-cookware-set-6-12x12.webp 12w, https:\/\/www.purecook.com\/wp-content\/uploads\/2025\/08\/wholesale-3-piece-tri-ply-stainless-steel-cookware-set-6-600x600.webp 600w, https:\/\/www.purecook.com\/wp-content\/uploads\/2025\/08\/wholesale-3-piece-tri-ply-stainless-steel-cookware-set-6-100x100.webp 100w\" sizes=\"(max-width: 800px) 100vw, 800px\" \/><\/figure>\n<\/div>\n\n\n\n<div class=\"wp-block-column is-layout-flow wp-block-column-is-layout-flow\">\n<figure class=\"wp-block-image size-full\"><img decoding=\"async\" width=\"800\" height=\"800\" src=\"https:\/\/www.purecook.com\/wp-content\/uploads\/2025\/08\/wholesale-3-piece-tri-ply-stainless-steel-cookware-set-7.webp\" alt=\"Grossiste batterie de cuisine 3 pi\u00e8ces en acier inoxydable tripl\u00e9 (7)\" class=\"wp-image-4638\" srcset=\"https:\/\/www.purecook.com\/wp-content\/uploads\/2025\/08\/wholesale-3-piece-tri-ply-stainless-steel-cookware-set-7.webp 800w, https:\/\/www.purecook.com\/wp-content\/uploads\/2025\/08\/wholesale-3-piece-tri-ply-stainless-steel-cookware-set-7-300x300.webp 300w, https:\/\/www.purecook.com\/wp-content\/uploads\/2025\/08\/wholesale-3-piece-tri-ply-stainless-steel-cookware-set-7-150x150.webp 150w, https:\/\/www.purecook.com\/wp-content\/uploads\/2025\/08\/wholesale-3-piece-tri-ply-stainless-steel-cookware-set-7-768x768.webp 768w, https:\/\/www.purecook.com\/wp-content\/uploads\/2025\/08\/wholesale-3-piece-tri-ply-stainless-steel-cookware-set-7-12x12.webp 12w, https:\/\/www.purecook.com\/wp-content\/uploads\/2025\/08\/wholesale-3-piece-tri-ply-stainless-steel-cookware-set-7-600x600.webp 600w, https:\/\/www.purecook.com\/wp-content\/uploads\/2025\/08\/wholesale-3-piece-tri-ply-stainless-steel-cookware-set-7-100x100.webp 100w\" sizes=\"(max-width: 800px) 100vw, 800px\" \/><\/figure>\n<\/div>\n<\/div>\n\n\n\n<div class=\"wp-block-columns is-layout-flex wp-container-core-columns-is-layout-9d6595d7 wp-block-columns-is-layout-flex\">\n<div class=\"wp-block-column is-layout-flow wp-block-column-is-layout-flow\"><\/div>\n\n\n\n<div class=\"wp-block-column is-layout-flow wp-block-column-is-layout-flow\"><\/div>\n<\/div>","protected":false},"excerpt":{"rendered":"<p>Nous vous invitons \u00e0 acheter en gros des batteries de cuisine en acier inoxydable \u00e0 trois couches. Cette batterie de cuisine offre une excellente r\u00e9partition de la chaleur et une grande durabilit\u00e9. Elle est compatible avec une grande vari\u00e9t\u00e9 de tables de cuisson, y compris l'induction, le gaz et l'\u00e9lectricit\u00e9. Elle peut \u00eatre vendue dans les supermarch\u00e9s d'ustensiles de cuisine et les magasins de d\u00e9tail. Nous proposons des prix d'usine, n'h\u00e9sitez pas \u00e0 nous contacter.<\/p>\n<h2>Caract\u00e9ristiques de la batterie de cuisine en acier inoxydable Tri-Ply<\/h2>\n<p><strong>Excellente r\u00e9partition de la chaleur :<\/strong> Notre batterie de cuisine en gros pr\u00e9sente une structure \u00e0 trois couches. La structure \u00e0 trois couches comprend un noyau en aluminium pris en sandwich entre deux couches d'acier inoxydable. Cette conception garantit une r\u00e9partition rapide et uniforme de la chaleur sur toute la surface, ce qui la rend plus adapt\u00e9e \u00e0 la cuisson que les ustensiles de cuisine en acier inoxydable standard.<\/p>\n<p><strong>Compatibilit\u00e9 avec plusieurs plaques de cuisson :<\/strong> La couche ext\u00e9rieure de notre batterie de cuisine en gros est fabriqu\u00e9e en acier inoxydable magn\u00e9tique 430, ce qui la rend compatible avec une large gamme de tables de cuisson, y compris au gaz, \u00e0 l'\u00e9lectricit\u00e9, au four et \u00e0 l'induction.<\/p>\n<p><strong>Facile \u00e0 nettoyer :<\/strong> La batterie de cuisine est lavable au lave-vaisselle, ce qui facilite le nettoyage et vous laisse plus de temps pour savourer vos repas.<\/p>\n<p><strong>Prix comp\u00e9titifs :<\/strong> En nous approvisionnant directement aupr\u00e8s de l'usine de fabrication d'ustensiles de cuisine, nous offrons des prix comp\u00e9titifs pour nos produits d'ustensiles de cuisine, ce qui est id\u00e9al pour les acheteurs en gros.<\/p>","protected":false},"featured_media":4632,"comment_status":"closed","ping_status":"closed","template":"","meta":{"_acf_changed":false},"product_brand":[],"product_cat":[24,69],"product_tag":[],"class_list":{"0":"post-4631","1":"product","2":"type-product","3":"status-publish","4":"has-post-thumbnail","6":"product_cat-cookware","7":"product_cat-cookware-sets","9":"first","10":"instock","11":"shipping-taxable","12":"product-type-simple"},"acf":[],"_links":{"self":[{"href":"https:\/\/www.purecook.com\/fr\/wp-json\/wp\/v2\/product\/4631","targetHints":{"allow":["GET"]}}],"collection":[{"href":"https:\/\/www.purecook.com\/fr\/wp-json\/wp\/v2\/product"}],"about":[{"href":"https:\/\/www.purecook.com\/fr\/wp-json\/wp\/v2\/types\/product"}],"replies":[{"embeddable":true,"href":"https:\/\/www.purecook.com\/fr\/wp-json\/wp\/v2\/comments?post=4631"}],"wp:featuredmedia":[{"embeddable":true,"href":"https:\/\/www.purecook.com\/fr\/wp-json\/wp\/v2\/media\/4632"}],"wp:attachment":[{"href":"https:\/\/www.purecook.com\/fr\/wp-json\/wp\/v2\/media?parent=4631"}],"wp:term":[{"taxonomy":"product_brand","embeddable":true,"href":"https:\/\/www.purecook.com\/fr\/wp-json\/wp\/v2\/product_brand?post=4631"},{"taxonomy":"product_cat","embeddable":true,"href":"https:\/\/www.purecook.com\/fr\/wp-json\/wp\/v2\/product_cat?post=4631"},{"taxonomy":"product_tag","embeddable":true,"href":"https:\/\/www.purecook.com\/fr\/wp-json\/wp\/v2\/product_tag?post=4631"}],"curies":[{"name":"wp","href":"https:\/\/api.w.org\/{rel}","templated":true}]}}