{"id":4639,"date":"2025-08-31T14:39:23","date_gmt":"2025-08-31T06:39:23","guid":{"rendered":"https:\/\/www.purecook.com\/?post_type=product&#038;p=4639"},"modified":"2025-08-31T15:11:39","modified_gmt":"2025-08-31T07:11:39","slug":"wholesale-stylish-thermos-jugs","status":"publish","type":"product","link":"https:\/\/www.purecook.com\/fr\/product\/wholesale-stylish-thermos-jugs\/","title":{"rendered":"Wholesale Thermos Jugs - Design \u00e9l\u00e9gant disponible en 6 couleurs"},"content":{"rendered":"<div class=\"wp-block-columns is-layout-flex wp-container-core-columns-is-layout-9d6595d7 wp-block-columns-is-layout-flex\">\n<div class=\"wp-block-column is-layout-flow wp-block-column-is-layout-flow\">\n<h3 class=\"wp-block-heading\">Param\u00e8tres des thermos<\/h3>\n\n\n\n<p><strong>Mat\u00e9riau : <\/strong>Acier inoxydable 304<br><strong>Couleur : <\/strong>Noir, blanc, vert, gris, poudre de caoutchouc et rouge vif<br><strong>Logo : <\/strong>S\u00e9rigraphie\/Gravure au laser\/Tampon en relief<br><strong>Capacit\u00e9 :<\/strong> 1.2L<\/p>\n<\/div>\n\n\n\n<div class=\"wp-block-column is-layout-flow wp-block-column-is-layout-flow\">\n<h3 class=\"wp-block-heading\">Options de thermos personnalis\u00e9s<\/h3>\n\n\n\n<p><strong>Logo :<\/strong> Personnalisable avec le logo de votre marque<br><strong>Emballage :<\/strong>\u00a0Bo\u00eete de couleur\/Carton, etc.<\/p>\n<\/div>\n<\/div>\n\n\n\n<div class=\"wp-block-columns is-layout-flex wp-container-core-columns-is-layout-9d6595d7 wp-block-columns-is-layout-flex\">\n<div class=\"wp-block-column is-layout-flow wp-block-column-is-layout-flow\">\n<figure class=\"wp-block-image size-full\"><img decoding=\"async\" width=\"800\" height=\"800\" src=\"https:\/\/www.purecook.com\/wp-content\/uploads\/2025\/08\/wholesale-thermos-jugs-4-1.webp\" alt=\"Thermos en gros (4)\" class=\"wp-image-4653\" srcset=\"https:\/\/www.purecook.com\/wp-content\/uploads\/2025\/08\/wholesale-thermos-jugs-4-1.webp 800w, https:\/\/www.purecook.com\/wp-content\/uploads\/2025\/08\/wholesale-thermos-jugs-4-1-300x300.webp 300w, https:\/\/www.purecook.com\/wp-content\/uploads\/2025\/08\/wholesale-thermos-jugs-4-1-150x150.webp 150w, https:\/\/www.purecook.com\/wp-content\/uploads\/2025\/08\/wholesale-thermos-jugs-4-1-768x768.webp 768w, https:\/\/www.purecook.com\/wp-content\/uploads\/2025\/08\/wholesale-thermos-jugs-4-1-12x12.webp 12w, https:\/\/www.purecook.com\/wp-content\/uploads\/2025\/08\/wholesale-thermos-jugs-4-1-600x600.webp 600w, https:\/\/www.purecook.com\/wp-content\/uploads\/2025\/08\/wholesale-thermos-jugs-4-1-100x100.webp 100w\" sizes=\"(max-width: 800px) 100vw, 800px\" \/><\/figure>\n<\/div>\n\n\n\n<div class=\"wp-block-column is-layout-flow wp-block-column-is-layout-flow\">\n<figure class=\"wp-block-image size-full\"><img decoding=\"async\" width=\"800\" height=\"800\" src=\"https:\/\/www.purecook.com\/wp-content\/uploads\/2025\/08\/wholesale-thermos-jugs-5-1.webp\" alt=\"Thermos en gros (5)\" class=\"wp-image-4654\" srcset=\"https:\/\/www.purecook.com\/wp-content\/uploads\/2025\/08\/wholesale-thermos-jugs-5-1.webp 800w, https:\/\/www.purecook.com\/wp-content\/uploads\/2025\/08\/wholesale-thermos-jugs-5-1-300x300.webp 300w, https:\/\/www.purecook.com\/wp-content\/uploads\/2025\/08\/wholesale-thermos-jugs-5-1-150x150.webp 150w, https:\/\/www.purecook.com\/wp-content\/uploads\/2025\/08\/wholesale-thermos-jugs-5-1-768x768.webp 768w, https:\/\/www.purecook.com\/wp-content\/uploads\/2025\/08\/wholesale-thermos-jugs-5-1-12x12.webp 12w, https:\/\/www.purecook.com\/wp-content\/uploads\/2025\/08\/wholesale-thermos-jugs-5-1-600x600.webp 600w, https:\/\/www.purecook.com\/wp-content\/uploads\/2025\/08\/wholesale-thermos-jugs-5-1-100x100.webp 100w\" sizes=\"(max-width: 800px) 100vw, 800px\" \/><\/figure>\n<\/div>\n<\/div>\n\n\n\n<div class=\"wp-block-columns is-layout-flex wp-container-core-columns-is-layout-9d6595d7 wp-block-columns-is-layout-flex\">\n<div class=\"wp-block-column is-layout-flow wp-block-column-is-layout-flow\"><\/div>\n\n\n\n<div class=\"wp-block-column is-layout-flow wp-block-column-is-layout-flow\"><\/div>\n<\/div>","protected":false},"excerpt":{"rendered":"<p>Bienvenue aux acheteurs en gros de thermos. Ce thermos de 1,2 litre pr\u00e9sente un design \u00e9l\u00e9gant et une poign\u00e9e en bois naturel. Il est dot\u00e9 d'un rev\u00eatement en acier inoxydable et d'une isolation sous vide, ce qui lui permet de conserver votre boisson chaude ou froide pendant des heures.<\/p>\n<p>Purecook propose des quantit\u00e9s en vrac \u00e0 des prix d'usine et prend en charge la personnalisation des marques. Les grossistes, les d\u00e9taillants et les distributeurs sont invit\u00e9s \u00e0 nous contacter.<\/p>\n<h2>Caract\u00e9ristiques des Thermos<\/h2>\n<p><strong>Excellente r\u00e9tention de la chaleur :<\/strong> Les thermos sont dot\u00e9s d'un int\u00e9rieur en acier inoxydable. L'isolation sous vide permet de conserver les boissons \u00e0 leur temp\u00e9rature id\u00e9ale pendant des heures, qu'il s'agisse de caf\u00e9 chaud ou d'eau glac\u00e9e.<\/p>\n<p><strong>Design \u00e9l\u00e9gant et moderne :<\/strong> Nos thermos en gros se distinguent par leur esth\u00e9tique propre et minimaliste et leurs lignes \u00e9pur\u00e9es. Plus que de simples r\u00e9cipients pour l'eau, ils constituent un compl\u00e9ment \u00e9l\u00e9gant \u00e0 toute cuisine ou bureau moderne.<\/p>\n<p><strong>Convient aux h\u00f4tels et aux restaurants :<\/strong> En tant que thermos, il est con\u00e7u pour conserver les boissons chaudes ou froides pendant de longues p\u00e9riodes. Son design \u00e9l\u00e9gant permet de servir du caf\u00e9, du th\u00e9 ou des boissons froides dans les locaux commerciaux.<\/p>\n<p><strong>Diverses options de couleur :<\/strong> Les thermos sont disponibles dans une grande vari\u00e9t\u00e9 de couleurs, dont le noir classique, le blanc, le vert et le gris, ainsi que le rose tendre et le rouge vif.<\/p>\n<p><strong>Grande capacit\u00e9 :<\/strong> D'une capacit\u00e9 de 1,2 litre, le thermos est suffisamment grand pour servir plusieurs personnes ou contenir de grandes quantit\u00e9s de liquide, ce qui r\u00e9duit la n\u00e9cessit\u00e9 de remplir fr\u00e9quemment la bouteille.<\/p>","protected":false},"featured_media":4650,"comment_status":"closed","ping_status":"closed","template":"","meta":{"_acf_changed":false},"product_brand":[],"product_cat":[104],"product_tag":[],"class_list":{"0":"post-4639","1":"product","2":"type-product","3":"status-publish","4":"has-post-thumbnail","6":"product_cat-thermos-jugs","8":"first","9":"instock","10":"shipping-taxable","11":"product-type-simple"},"acf":[],"_links":{"self":[{"href":"https:\/\/www.purecook.com\/fr\/wp-json\/wp\/v2\/product\/4639","targetHints":{"allow":["GET"]}}],"collection":[{"href":"https:\/\/www.purecook.com\/fr\/wp-json\/wp\/v2\/product"}],"about":[{"href":"https:\/\/www.purecook.com\/fr\/wp-json\/wp\/v2\/types\/product"}],"replies":[{"embeddable":true,"href":"https:\/\/www.purecook.com\/fr\/wp-json\/wp\/v2\/comments?post=4639"}],"wp:featuredmedia":[{"embeddable":true,"href":"https:\/\/www.purecook.com\/fr\/wp-json\/wp\/v2\/media\/4650"}],"wp:attachment":[{"href":"https:\/\/www.purecook.com\/fr\/wp-json\/wp\/v2\/media?parent=4639"}],"wp:term":[{"taxonomy":"product_brand","embeddable":true,"href":"https:\/\/www.purecook.com\/fr\/wp-json\/wp\/v2\/product_brand?post=4639"},{"taxonomy":"product_cat","embeddable":true,"href":"https:\/\/www.purecook.com\/fr\/wp-json\/wp\/v2\/product_cat?post=4639"},{"taxonomy":"product_tag","embeddable":true,"href":"https:\/\/www.purecook.com\/fr\/wp-json\/wp\/v2\/product_tag?post=4639"}],"curies":[{"name":"wp","href":"https:\/\/api.w.org\/{rel}","templated":true}]}}