{"id":4655,"date":"2025-08-31T15:23:59","date_gmt":"2025-08-31T07:23:59","guid":{"rendered":"https:\/\/www.purecook.com\/?post_type=product&#038;p=4655"},"modified":"2025-08-31T15:52:45","modified_gmt":"2025-08-31T07:52:45","slug":"wholesale-3-tier-steamer-pots","status":"publish","type":"product","link":"https:\/\/www.purecook.com\/fr\/product\/wholesale-3-tier-steamer-pots\/","title":{"rendered":"Wholesale 3 Tier Steamer Pots - ustensiles de cuisine de grande capacit\u00e9 pour une cuisine saine"},"content":{"rendered":"<div class=\"wp-block-columns is-layout-flex wp-container-core-columns-is-layout-9d6595d7 wp-block-columns-is-layout-flex\">\n<div class=\"wp-block-column is-layout-flow wp-block-column-is-layout-flow\">\n<h3 class=\"wp-block-heading\">Param\u00e8tres des marmites \u00e0 vapeur \u00e0 3 \u00e9tages<\/h3>\n\n\n\n<p><strong>Mat\u00e9riau :<\/strong> Acier inoxydable 304<br><strong>\u00c9paisseur normale<\/strong>: Corps : 0.45mm, Grille : 0.4mm<br><strong>Logo : <\/strong>S\u00e9rigraphie \/ Gravure laser \/ Tampon en relief<br><strong>Poign\u00e9e et bouton du couvercle :<\/strong> Acier inoxydable<br><strong>Logo : <\/strong>S\u00e9rigraphie\/Gravure au laser\/Tampon en relief<br><strong>Taille :<\/strong> 26\/28cm<\/p>\n<\/div>\n\n\n\n<div class=\"wp-block-column is-layout-flow wp-block-column-is-layout-flow\">\n<h3 class=\"wp-block-heading\">Options de thermos personnalis\u00e9s<\/h3>\n\n\n\n<p><strong>Logo :<\/strong> Personnalisable avec le logo de votre marque<br><strong>Emballage :<\/strong>\u00a0Bo\u00eete de couleur\/Carton, etc.<\/p>\n<\/div>\n<\/div>\n\n\n\n<div class=\"wp-block-columns is-layout-flex wp-container-core-columns-is-layout-9d6595d7 wp-block-columns-is-layout-flex\">\n<div class=\"wp-block-column is-layout-flow wp-block-column-is-layout-flow\">\n<figure class=\"wp-block-image size-full\"><img decoding=\"async\" width=\"800\" height=\"800\" src=\"https:\/\/www.purecook.com\/wp-content\/uploads\/2025\/08\/wholesale-3-tier-steamer-pot-2.webp\" alt=\"pot \u00e0 vapeur \u00e0 3 \u00e9tages en gros (2)\" class=\"wp-image-4657\" srcset=\"https:\/\/www.purecook.com\/wp-content\/uploads\/2025\/08\/wholesale-3-tier-steamer-pot-2.webp 800w, https:\/\/www.purecook.com\/wp-content\/uploads\/2025\/08\/wholesale-3-tier-steamer-pot-2-300x300.webp 300w, https:\/\/www.purecook.com\/wp-content\/uploads\/2025\/08\/wholesale-3-tier-steamer-pot-2-150x150.webp 150w, https:\/\/www.purecook.com\/wp-content\/uploads\/2025\/08\/wholesale-3-tier-steamer-pot-2-768x768.webp 768w, https:\/\/www.purecook.com\/wp-content\/uploads\/2025\/08\/wholesale-3-tier-steamer-pot-2-12x12.webp 12w, https:\/\/www.purecook.com\/wp-content\/uploads\/2025\/08\/wholesale-3-tier-steamer-pot-2-600x600.webp 600w, https:\/\/www.purecook.com\/wp-content\/uploads\/2025\/08\/wholesale-3-tier-steamer-pot-2-100x100.webp 100w\" sizes=\"(max-width: 800px) 100vw, 800px\" \/><\/figure>\n<\/div>\n\n\n\n<div class=\"wp-block-column is-layout-flow wp-block-column-is-layout-flow\">\n<figure class=\"wp-block-image size-full\"><img decoding=\"async\" width=\"800\" height=\"800\" src=\"https:\/\/www.purecook.com\/wp-content\/uploads\/2025\/08\/wholesale-3-tier-steamer-pot-6.webp\" alt=\"Grossiste pot \u00e0 vapeur \u00e0 3 \u00e9tages (6)\" class=\"wp-image-4661\" srcset=\"https:\/\/www.purecook.com\/wp-content\/uploads\/2025\/08\/wholesale-3-tier-steamer-pot-6.webp 800w, https:\/\/www.purecook.com\/wp-content\/uploads\/2025\/08\/wholesale-3-tier-steamer-pot-6-300x300.webp 300w, https:\/\/www.purecook.com\/wp-content\/uploads\/2025\/08\/wholesale-3-tier-steamer-pot-6-150x150.webp 150w, https:\/\/www.purecook.com\/wp-content\/uploads\/2025\/08\/wholesale-3-tier-steamer-pot-6-768x768.webp 768w, https:\/\/www.purecook.com\/wp-content\/uploads\/2025\/08\/wholesale-3-tier-steamer-pot-6-12x12.webp 12w, https:\/\/www.purecook.com\/wp-content\/uploads\/2025\/08\/wholesale-3-tier-steamer-pot-6-600x600.webp 600w, https:\/\/www.purecook.com\/wp-content\/uploads\/2025\/08\/wholesale-3-tier-steamer-pot-6-100x100.webp 100w\" sizes=\"(max-width: 800px) 100vw, 800px\" \/><\/figure>\n<\/div>\n<\/div>\n\n\n\n<div class=\"wp-block-columns is-layout-flex wp-container-core-columns-is-layout-9d6595d7 wp-block-columns-is-layout-flex\">\n<div class=\"wp-block-column is-layout-flow wp-block-column-is-layout-flow\"><\/div>\n\n\n\n<div class=\"wp-block-column is-layout-flow wp-block-column-is-layout-flow\"><\/div>\n<\/div>","protected":false},"excerpt":{"rendered":"<p>Nous invitons les acheteurs B2B \u00e0 acheter nos marmites \u00e0 vapeur en gros. Nos marmites \u00e0 vapeur \u00e0 3 \u00e9tages sont id\u00e9ales pour les cuisines commerciales et domestiques. Elles peuvent \u00eatre utilis\u00e9es pour cuire plusieurs plats simultan\u00e9ment, augmentant ainsi l'efficacit\u00e9 de l'utilisateur. Nous offrons des prix directs d'usine ; contactez-nous d\u00e8s aujourd'hui.<\/p>\n<h2>Caract\u00e9ristiques des marmites \u00e0 vapeur \u00e0 3 \u00e9tages<\/h2>\n<p><strong>Conception \u00e0 3 niveaux :<\/strong> La marmite \u00e0 vapeur comporte trois niveaux, ce qui permet aux utilisateurs de cuire simultan\u00e9ment diff\u00e9rents aliments \u00e0 la vapeur, am\u00e9liorant ainsi consid\u00e9rablement l'efficacit\u00e9 de la cuisson.<\/p>\n<p><strong>2 tailles :<\/strong> La marmite \u00e0 vapeur est disponible en deux tailles, 26 cm et 28 cm, ce qui permet aux consommateurs de choisir la taille qui convient le mieux \u00e0 leur famille et \u00e0 leurs besoins en mati\u00e8re de cuisine.<\/p>\n<p><strong>Polyvalence :<\/strong> Les utilisateurs peuvent empiler les \u00e9tages pour l'utiliser comme un cuiseur vapeur traditionnel, ou utiliser le pot inf\u00e9rieur seul pour faire bouillir, mijoter ou cuire \u00e0 l'\u00e9touff\u00e9e.<\/p>\n<p><strong>Haute qualit\u00e9 :<\/strong> Nos marmites \u00e0 vapeur en gros sont fabriqu\u00e9es en acier inoxydable de haute qualit\u00e9 et pr\u00e9sentent une construction robuste, offrant une durabilit\u00e9 sup\u00e9rieure \u00e0 celle des ustensiles de cuisine standard.<\/p>\n<p><strong>Prix d'usine :<\/strong> En tant que fabricant d'ustensiles de cuisine, nous pouvons vous fournir des devis directs d'usine pour la vente en gros d'ustensiles de cuisine et garantir la qualit\u00e9 des produits. N'h\u00e9sitez pas \u00e0 nous contacter pour des achats en gros.<\/p>","protected":false},"featured_media":4656,"comment_status":"closed","ping_status":"closed","template":"","meta":{"_acf_changed":false},"product_brand":[],"product_cat":[24,79],"product_tag":[],"class_list":{"0":"post-4655","1":"product","2":"type-product","3":"status-publish","4":"has-post-thumbnail","6":"product_cat-cookware","7":"product_cat-steamer-pot","9":"first","10":"instock","11":"shipping-taxable","12":"product-type-simple"},"acf":[],"_links":{"self":[{"href":"https:\/\/www.purecook.com\/fr\/wp-json\/wp\/v2\/product\/4655","targetHints":{"allow":["GET"]}}],"collection":[{"href":"https:\/\/www.purecook.com\/fr\/wp-json\/wp\/v2\/product"}],"about":[{"href":"https:\/\/www.purecook.com\/fr\/wp-json\/wp\/v2\/types\/product"}],"replies":[{"embeddable":true,"href":"https:\/\/www.purecook.com\/fr\/wp-json\/wp\/v2\/comments?post=4655"}],"wp:featuredmedia":[{"embeddable":true,"href":"https:\/\/www.purecook.com\/fr\/wp-json\/wp\/v2\/media\/4656"}],"wp:attachment":[{"href":"https:\/\/www.purecook.com\/fr\/wp-json\/wp\/v2\/media?parent=4655"}],"wp:term":[{"taxonomy":"product_brand","embeddable":true,"href":"https:\/\/www.purecook.com\/fr\/wp-json\/wp\/v2\/product_brand?post=4655"},{"taxonomy":"product_cat","embeddable":true,"href":"https:\/\/www.purecook.com\/fr\/wp-json\/wp\/v2\/product_cat?post=4655"},{"taxonomy":"product_tag","embeddable":true,"href":"https:\/\/www.purecook.com\/fr\/wp-json\/wp\/v2\/product_tag?post=4655"}],"curies":[{"name":"wp","href":"https:\/\/api.w.org\/{rel}","templated":true}]}}