{"id":4728,"date":"2025-09-07T14:55:21","date_gmt":"2025-09-07T06:55:21","guid":{"rendered":"https:\/\/www.purecook.com\/?post_type=product&#038;p=4728"},"modified":"2025-09-07T15:33:14","modified_gmt":"2025-09-07T07:33:14","slug":"wholesale-stainless-steel-2-piece-cookware-set","status":"publish","type":"product","link":"https:\/\/www.purecook.com\/fr\/product\/wholesale-stainless-steel-2-piece-cookware-set\/","title":{"rendered":"Wholesale Stainless Steel 2 Piece Cookware Set (Ensemble d'ustensiles de cuisine 2 pi\u00e8ces en acier inoxydable)"},"content":{"rendered":"<div class=\"wp-block-columns is-layout-flex wp-container-core-columns-is-layout-9d6595d7 wp-block-columns-is-layout-flex\">\n<div class=\"wp-block-column is-layout-flow wp-block-column-is-layout-flow\">\n<h3 class=\"wp-block-heading\">Param\u00e8tres de la batterie de cuisine 2 pi\u00e8ces en acier inoxydable <\/h3>\n\n\n\n<p><strong>Mat\u00e9riau :<\/strong> Acier inoxydable<br><strong>Options de logo :<\/strong> S\u00e9rigraphie \/ Gravure laser \/ Tampon en relief<br><strong>Poign\u00e9e et bouton du couvercle :<\/strong> Acier inoxydable<\/p>\n\n\n\n<p><strong>Casserole de 18 cm<\/strong><\/p>\n\n\n\n<ul class=\"wp-block-list\">\n<li><strong>Mat\u00e9riau :<\/strong> Acier inoxydable<\/li>\n\n\n\n<li><strong>\u00c9paisseur :<\/strong> 0,5 mm<\/li>\n\n\n\n<li><strong>Le fond :<\/strong> Fond sandwich \u00e0 induction (SUS + 1 mm d'aluminium + 1 mm de fer)<\/li>\n<\/ul>\n\n\n\n<p><strong>22 cm Marmite \u00e0 soupe<\/strong><\/p>\n\n\n\n<ul class=\"wp-block-list\">\n<li><strong>Mat\u00e9riau :<\/strong> Acier inoxydable \u00e0 trois couches<\/li>\n\n\n\n<li><strong>\u00c9paisseur :<\/strong> 2 mm<\/li>\n<\/ul>\n<\/div>\n\n\n\n<div class=\"wp-block-column is-layout-flow wp-block-column-is-layout-flow\">\n<h3 class=\"wp-block-heading\">Options de pot de r\u00e9serve personnalis\u00e9es<\/h3>\n\n\n\n<p><strong>Logo :<\/strong> Personnalisable avec le logo de votre marque<br><strong>Couleur :<\/strong> Personnalisable<br><strong>Emballage :<\/strong>\u00a0Bo\u00eete de couleur\/Carton, etc.<\/p>\n<\/div>\n<\/div>\n\n\n\n<div class=\"wp-block-columns is-layout-flex wp-container-core-columns-is-layout-9d6595d7 wp-block-columns-is-layout-flex\">\n<div class=\"wp-block-column is-layout-flow wp-block-column-is-layout-flow\">\n<figure class=\"wp-block-image size-full\"><img decoding=\"async\" width=\"3070\" height=\"2998\" src=\"https:\/\/www.purecook.com\/wp-content\/uploads\/2025\/09\/wholesale-2-piece-cookware-set-4.webp\" alt=\"Ensemble d&#039;ustensiles de cuisine 2 pi\u00e8ces en gros (4)\" class=\"wp-image-4732\" srcset=\"https:\/\/www.purecook.com\/wp-content\/uploads\/2025\/09\/wholesale-2-piece-cookware-set-4.webp 3070w, https:\/\/www.purecook.com\/wp-content\/uploads\/2025\/09\/wholesale-2-piece-cookware-set-4-300x293.webp 300w, https:\/\/www.purecook.com\/wp-content\/uploads\/2025\/09\/wholesale-2-piece-cookware-set-4-768x750.webp 768w, https:\/\/www.purecook.com\/wp-content\/uploads\/2025\/09\/wholesale-2-piece-cookware-set-4-12x12.webp 12w, https:\/\/www.purecook.com\/wp-content\/uploads\/2025\/09\/wholesale-2-piece-cookware-set-4-600x586.webp 600w\" sizes=\"(max-width: 3070px) 100vw, 3070px\" \/><\/figure>\n<\/div>\n\n\n\n<div class=\"wp-block-column is-layout-flow wp-block-column-is-layout-flow\">\n<figure class=\"wp-block-image size-full\"><img decoding=\"async\" width=\"3070\" height=\"2998\" src=\"https:\/\/www.purecook.com\/wp-content\/uploads\/2025\/09\/wholesale-2-piece-cookware-set-5.webp\" alt=\"Ensemble d&#039;ustensiles de cuisine 2 pi\u00e8ces (5)\" class=\"wp-image-4733\" srcset=\"https:\/\/www.purecook.com\/wp-content\/uploads\/2025\/09\/wholesale-2-piece-cookware-set-5.webp 3070w, https:\/\/www.purecook.com\/wp-content\/uploads\/2025\/09\/wholesale-2-piece-cookware-set-5-300x293.webp 300w, https:\/\/www.purecook.com\/wp-content\/uploads\/2025\/09\/wholesale-2-piece-cookware-set-5-768x750.webp 768w, https:\/\/www.purecook.com\/wp-content\/uploads\/2025\/09\/wholesale-2-piece-cookware-set-5-12x12.webp 12w, https:\/\/www.purecook.com\/wp-content\/uploads\/2025\/09\/wholesale-2-piece-cookware-set-5-600x586.webp 600w\" sizes=\"(max-width: 3070px) 100vw, 3070px\" \/><\/figure>\n<\/div>\n<\/div>\n\n\n\n<div class=\"wp-block-columns is-layout-flex wp-container-core-columns-is-layout-9d6595d7 wp-block-columns-is-layout-flex\">\n<div class=\"wp-block-column is-layout-flow wp-block-column-is-layout-flow\"><\/div>\n\n\n\n<div class=\"wp-block-column is-layout-flow wp-block-column-is-layout-flow\"><\/div>\n<\/div>\n\n\n\n<div class=\"wp-block-columns is-layout-flex wp-container-core-columns-is-layout-9d6595d7 wp-block-columns-is-layout-flex\">\n<div class=\"wp-block-column is-layout-flow wp-block-column-is-layout-flow\"><\/div>\n\n\n\n<div class=\"wp-block-column is-layout-flow wp-block-column-is-layout-flow\"><\/div>\n<\/div>","protected":false},"excerpt":{"rendered":"<p>Batterie de cuisine 2 pi\u00e8ces en gros. Cette batterie de cuisine deux pi\u00e8ces en acier inoxydable allie durabilit\u00e9, performances sup\u00e9rieures et chauffage homog\u00e8ne. Compatible avec les tables de cuisson \u00e0 induction, \u00e0 gaz et \u00e9lectriques, elle offre une exp\u00e9rience de cuisson fiable aux cuisiniers amateurs et professionnels. Des logos personnalis\u00e9s peuvent \u00eatre ajout\u00e9s pour cr\u00e9er votre propre batterie de cuisine. Ce produit est strictement conforme aux normes ISO, FDA et LFGB. Les achats en gros sont les bienvenus.<\/p>\n<p>Purecook <a href=\"https:\/\/www.purecook.com\/fr\/categorie-produit\/cookware\/\" target=\"_blank\" rel=\"noopener\"><strong>fabricant d'ustensiles de cuisine<\/strong> <\/a>propose des prix d'usine et des services de personnalisation OEM. Contactez-nous pour obtenir le meilleur devis d'un fabricant d'ustensiles de cuisine fiable.<\/p>\n<h2>Caract\u00e9ristiques et avantages de la batterie de cuisine en acier inoxydable<\/h2>\n<p><strong>Construction durable en acier inoxydable :<\/strong> Les deux casseroles sont fabriqu\u00e9es en acier inoxydable de haute qualit\u00e9 pour des performances sup\u00e9rieures, ce qui fait de cette batterie de cuisine un choix fiable pour les cuisiniers amateurs et professionnels.<\/p>\n<p><strong>Distribution efficace et homog\u00e8ne de la chaleur :<\/strong> Le fond de chaque batterie de cuisine est compos\u00e9 de trois couches d'acier inoxydable, ce qui garantit une distribution rapide et uniforme de la chaleur, \u00e9vite les points chauds et permet d'obtenir d'excellents r\u00e9sultats de cuisson.<\/p>\n<p><strong>Personnalisation du logo :<\/strong> Les entreprises, les marques ou les organisations culinaires peuvent personnaliser cet ensemble en fonction de leur personnalit\u00e9 unique.<\/p>\n<p><strong>Compatible avec plusieurs tables de cuisson :<\/strong> Cette batterie de cuisine en deux parties est polyvalente et compatible avec diverses sources de chaleur, y compris les cuisini\u00e8res \u00e0 induction, \u00e0 gaz et \u00e9lectriques.<\/p>\n<p><strong>Des normes de qualit\u00e9 \u00e9lev\u00e9es :<\/strong> En tant que fabricant chinois d'ustensiles de cuisine de premier plan, nous respectons strictement les normes ISO 9001, FDA, LFGB et d'autres certifications de qualit\u00e9 internationales, ce qui garantit la vente de nos produits dans le monde entier.<\/p>","protected":false},"featured_media":4729,"comment_status":"closed","ping_status":"closed","template":"","meta":{"_acf_changed":false},"product_brand":[],"product_cat":[24,69],"product_tag":[],"class_list":{"0":"post-4728","1":"product","2":"type-product","3":"status-publish","4":"has-post-thumbnail","6":"product_cat-cookware","7":"product_cat-cookware-sets","9":"first","10":"instock","11":"shipping-taxable","12":"product-type-simple"},"acf":[],"_links":{"self":[{"href":"https:\/\/www.purecook.com\/fr\/wp-json\/wp\/v2\/product\/4728","targetHints":{"allow":["GET"]}}],"collection":[{"href":"https:\/\/www.purecook.com\/fr\/wp-json\/wp\/v2\/product"}],"about":[{"href":"https:\/\/www.purecook.com\/fr\/wp-json\/wp\/v2\/types\/product"}],"replies":[{"embeddable":true,"href":"https:\/\/www.purecook.com\/fr\/wp-json\/wp\/v2\/comments?post=4728"}],"wp:featuredmedia":[{"embeddable":true,"href":"https:\/\/www.purecook.com\/fr\/wp-json\/wp\/v2\/media\/4729"}],"wp:attachment":[{"href":"https:\/\/www.purecook.com\/fr\/wp-json\/wp\/v2\/media?parent=4728"}],"wp:term":[{"taxonomy":"product_brand","embeddable":true,"href":"https:\/\/www.purecook.com\/fr\/wp-json\/wp\/v2\/product_brand?post=4728"},{"taxonomy":"product_cat","embeddable":true,"href":"https:\/\/www.purecook.com\/fr\/wp-json\/wp\/v2\/product_cat?post=4728"},{"taxonomy":"product_tag","embeddable":true,"href":"https:\/\/www.purecook.com\/fr\/wp-json\/wp\/v2\/product_tag?post=4728"}],"curies":[{"name":"wp","href":"https:\/\/api.w.org\/{rel}","templated":true}]}}