{"id":4734,"date":"2025-09-07T15:36:45","date_gmt":"2025-09-07T07:36:45","guid":{"rendered":"https:\/\/www.purecook.com\/?post_type=product&#038;p=4734"},"modified":"2025-09-07T16:05:45","modified_gmt":"2025-09-07T08:05:45","slug":"wholesale-stainless-steel-oil-filter-pots","status":"publish","type":"product","link":"https:\/\/www.purecook.com\/fr\/product\/wholesale-stainless-steel-oil-filter-pots\/","title":{"rendered":"Grossiste Pots Filtres \u00e0 Huile en Acier Inoxydable - Pour Frire les Aliments et Filtrer les R\u00e9sidus d'Huile"},"content":{"rendered":"<div class=\"wp-block-columns is-layout-flex wp-container-core-columns-is-layout-9d6595d7 wp-block-columns-is-layout-flex\">\n<div class=\"wp-block-column is-layout-flow wp-block-column-is-layout-flow\">\n<h3 class=\"wp-block-heading\">Param\u00e8tres du pot \u00e0 filtre \u00e0 huile en acier inoxydable<\/h3>\n\n\n\n<p><strong>Mat\u00e9riau :<\/strong> Acier inoxydable 304<br>Logo : S\u00e9rigraphie \/ Gravure laser \/ Tampon en relief<br><strong>Pot \u00e0 huile :<\/strong><\/p>\n\n\n\n<ul class=\"wp-block-list\">\n<li><strong>Diam\u00e8tre (en haut) : <\/strong>14,8 cm<\/li>\n\n\n\n<li><strong>Diam\u00e8tre (en bas) :<\/strong> 16 cm<\/li>\n\n\n\n<li><strong>Hauteur : <\/strong>18,5 cm<\/li>\n<\/ul>\n\n\n\n<p><strong>Filtre \u00e0 huile :<\/strong><\/p>\n\n\n\n<ul class=\"wp-block-list\">\n<li><strong>Diam\u00e8tre sup\u00e9rieur : <\/strong>14,5 cm<\/li>\n\n\n\n<li><strong>Diam\u00e8tre moyen :<\/strong> 7 cm<\/li>\n\n\n\n<li><strong>Diam\u00e8tre du fond : <\/strong>8,5 cm<\/li>\n<\/ul>\n\n\n\n<p><strong>Panier \u00e0 friture :<\/strong><\/p>\n\n\n\n<ul class=\"wp-block-list\">\n<li><strong>Longueur totale, poign\u00e9e comprise : <\/strong>17 cm<\/li>\n\n\n\n<li><strong>Diam\u00e8tre : <\/strong>13,5 cm<\/li>\n\n\n\n<li><strong>Hauteur : <\/strong>16,5 cm<\/li>\n<\/ul>\n<\/div>\n\n\n\n<div class=\"wp-block-column is-layout-flow wp-block-column-is-layout-flow\">\n<h3 class=\"wp-block-heading\">Options d'ustensiles de cuisine personnalis\u00e9s<\/h3>\n\n\n\n<p><strong>Logo :<\/strong> Personnalisable avec le logo de votre marque<br><strong>Couleur :<\/strong> Personnalisable<br><strong>Emballage :<\/strong>\u00a0Bo\u00eete de couleur\/Carton, etc.<\/p>\n\n\n\n<figure class=\"wp-block-image size-full\"><img decoding=\"async\" width=\"800\" height=\"800\" src=\"https:\/\/www.purecook.com\/wp-content\/uploads\/2025\/09\/stainless-steel-oil-filter-pot.webp\" alt=\"pot de filtration d&#039;huile en acier inoxydable\" class=\"wp-image-4739\" srcset=\"https:\/\/www.purecook.com\/wp-content\/uploads\/2025\/09\/stainless-steel-oil-filter-pot.webp 800w, https:\/\/www.purecook.com\/wp-content\/uploads\/2025\/09\/stainless-steel-oil-filter-pot-300x300.webp 300w, https:\/\/www.purecook.com\/wp-content\/uploads\/2025\/09\/stainless-steel-oil-filter-pot-150x150.webp 150w, https:\/\/www.purecook.com\/wp-content\/uploads\/2025\/09\/stainless-steel-oil-filter-pot-768x768.webp 768w, https:\/\/www.purecook.com\/wp-content\/uploads\/2025\/09\/stainless-steel-oil-filter-pot-12x12.webp 12w, https:\/\/www.purecook.com\/wp-content\/uploads\/2025\/09\/stainless-steel-oil-filter-pot-600x600.webp 600w, https:\/\/www.purecook.com\/wp-content\/uploads\/2025\/09\/stainless-steel-oil-filter-pot-100x100.webp 100w\" sizes=\"(max-width: 800px) 100vw, 800px\" \/><\/figure>\n<\/div>\n<\/div>","protected":false},"excerpt":{"rendered":"<p>Ce filtre \u00e0 huile est fabriqu\u00e9 en acier inoxydable 304 de haute qualit\u00e9. Il est dot\u00e9 d'un filtre \u00e0 mailles fines qui \u00e9limine efficacement les impuret\u00e9s, r\u00e9duisant ainsi les substances nocives et canc\u00e9rig\u00e8nes dans l'huile de cuisson r\u00e9utilis\u00e9e. Il est \u00e9galement livr\u00e9 avec un panier \u00e0 friture pour la friture de tempuras et d'autres aliments. Nos produits sont conformes aux normes LFGB et FDA. Les marques d'ustensiles de cuisine et les grossistes sont invit\u00e9s \u00e0 acheter en gros.<\/p>\n<p>Purecook <a href=\"https:\/\/www.purecook.com\/fr\/categorie-produit\/cookware\/\" target=\"_blank\" rel=\"noopener\"><strong>fabricant d'ustensiles de cuisine<\/strong> <\/a>offre des prix d'usine et des services de personnalisation OEM. Contactez-nous pour obtenir le meilleur devis.<\/p>\n<h2>Caract\u00e9ristiques et avantages des pots \u00e0 filtre \u00e0 huile en acier inoxydable<\/h2>\n<p><strong>Durabilit\u00e9 et long\u00e9vit\u00e9 :<\/strong> Fabriqu\u00e9 en acier inoxydable 304 de haute qualit\u00e9, le pot \u00e0 filtre \u00e0 huile en acier inoxydable est con\u00e7u pour r\u00e9sister \u00e0 des temp\u00e9ratures \u00e9lev\u00e9es, garantissant ainsi une utilisation \u00e0 long terme.<br \/>Sant\u00e9 et s\u00e9curit\u00e9 : \u00c9quip\u00e9 d'un filtre \u00e0 mailles fines, il r\u00e9duit les substances nocives et canc\u00e9rig\u00e8nes pr\u00e9sentes dans l'huile de cuisson r\u00e9utilis\u00e9e.<\/p>\n<p><strong>Rapport co\u00fbt-efficacit\u00e9 :<\/strong> Le pot filtrant en acier inoxydable permet de filtrer et de r\u00e9utiliser l'huile de cuisson, r\u00e9duisant ainsi la n\u00e9cessit\u00e9 d'acheter fr\u00e9quemment de l'huile neuve et prolongeant la dur\u00e9e de vie de votre huile de cuisson pour des \u00e9conomies \u00e0 long terme.<\/p>\n<p><strong>Polyvalence :<\/strong> La marmite filtrante en acier inoxydable peut \u00eatre utilis\u00e9e pour filtrer les r\u00e9sidus d'huile et peut \u00e9galement \u00eatre utilis\u00e9e pour la friture, ce qui la rend adapt\u00e9e aux cuisines domestiques.<\/p>\n<p><strong>Conforme aux normes internationales :<\/strong> En tant que fabricant professionnel d'ustensiles de cuisine, nous accordons la priorit\u00e9 \u00e0 la s\u00e9curit\u00e9 et \u00e0 la sant\u00e9 des produits. Nos marmites \u00e0 filtre \u00e0 huile en acier inoxydable sont conformes aux normes LFGB et FDA.<\/p>","protected":false},"featured_media":4735,"comment_status":"closed","ping_status":"closed","template":"","meta":{"_acf_changed":false},"product_brand":[],"product_cat":[52,64],"product_tag":[],"class_list":{"0":"post-4734","1":"product","2":"type-product","3":"status-publish","4":"has-post-thumbnail","6":"product_cat-kitchen-utensils","7":"product_cat-oil-pot","9":"first","10":"instock","11":"shipping-taxable","12":"product-type-simple"},"acf":[],"_links":{"self":[{"href":"https:\/\/www.purecook.com\/fr\/wp-json\/wp\/v2\/product\/4734","targetHints":{"allow":["GET"]}}],"collection":[{"href":"https:\/\/www.purecook.com\/fr\/wp-json\/wp\/v2\/product"}],"about":[{"href":"https:\/\/www.purecook.com\/fr\/wp-json\/wp\/v2\/types\/product"}],"replies":[{"embeddable":true,"href":"https:\/\/www.purecook.com\/fr\/wp-json\/wp\/v2\/comments?post=4734"}],"wp:featuredmedia":[{"embeddable":true,"href":"https:\/\/www.purecook.com\/fr\/wp-json\/wp\/v2\/media\/4735"}],"wp:attachment":[{"href":"https:\/\/www.purecook.com\/fr\/wp-json\/wp\/v2\/media?parent=4734"}],"wp:term":[{"taxonomy":"product_brand","embeddable":true,"href":"https:\/\/www.purecook.com\/fr\/wp-json\/wp\/v2\/product_brand?post=4734"},{"taxonomy":"product_cat","embeddable":true,"href":"https:\/\/www.purecook.com\/fr\/wp-json\/wp\/v2\/product_cat?post=4734"},{"taxonomy":"product_tag","embeddable":true,"href":"https:\/\/www.purecook.com\/fr\/wp-json\/wp\/v2\/product_tag?post=4734"}],"curies":[{"name":"wp","href":"https:\/\/api.w.org\/{rel}","templated":true}]}}