{"id":4740,"date":"2025-09-07T16:10:43","date_gmt":"2025-09-07T08:10:43","guid":{"rendered":"https:\/\/www.purecook.com\/?post_type=product&#038;p=4740"},"modified":"2025-09-07T16:55:28","modified_gmt":"2025-09-07T08:55:28","slug":"wholesale-5-piece-cookware-set","status":"publish","type":"product","link":"https:\/\/www.purecook.com\/fr\/product\/wholesale-5-piece-cookware-set\/","title":{"rendered":"Ensemble d'ustensiles de cuisine 5 pi\u00e8ces en gros - Pour r\u00e9pondre \u00e0 divers besoins culinaires"},"content":{"rendered":"<div class=\"wp-block-columns is-layout-flex wp-container-core-columns-is-layout-9d6595d7 wp-block-columns-is-layout-flex\">\n<div class=\"wp-block-column is-layout-flow wp-block-column-is-layout-flow\">\n<h3 class=\"wp-block-heading\">Param\u00e8tres de la batterie de cuisine 5 pi\u00e8ces<\/h3>\n\n\n\n<p><strong>Mat\u00e9riau :<\/strong> Acier inoxydable 304<br><strong>\u00c9paisseur normale :<\/strong> 0,4 mm<br><strong>Couvercle : <\/strong>Couvercle en acier inoxydable<br>Logo : S\u00e9rigraphie \/ Gravure laser \/ Tampon en relief<br><strong>Poign\u00e9e et bouton du couvercle : <\/strong>Acier inoxydable<br><strong>Taille : <\/strong>16\u00d79cm, 18\u00d710cm, 20\u00d711cm, 24\u00d78cm, 24\u00d713.5cm<\/p>\n<\/div>\n\n\n\n<div class=\"wp-block-column is-layout-flow wp-block-column-is-layout-flow\">\n<h3 class=\"wp-block-heading\">Options de pot de r\u00e9serve personnalis\u00e9es<\/h3>\n\n\n\n<p><strong>Logo :<\/strong> Personnalisable avec le logo de votre marque<br><strong>Couleur :<\/strong> Personnalisable<br><strong>Emballage :<\/strong>\u00a0Bo\u00eete de couleur\/Carton, etc.<\/p>\n<\/div>\n<\/div>\n\n\n\n<div class=\"wp-block-columns is-layout-flex wp-container-core-columns-is-layout-9d6595d7 wp-block-columns-is-layout-flex\">\n<div class=\"wp-block-column is-layout-flow wp-block-column-is-layout-flow\">\n<figure class=\"wp-block-image size-full\"><img decoding=\"async\" width=\"800\" height=\"800\" src=\"https:\/\/www.purecook.com\/wp-content\/uploads\/2025\/09\/specifications-of-5-piece-cookware-set-1.webp\" alt=\"sp\u00e9cifications de la batterie de cuisine 5 pi\u00e8ces (1)\" class=\"wp-image-4747\" srcset=\"https:\/\/www.purecook.com\/wp-content\/uploads\/2025\/09\/specifications-of-5-piece-cookware-set-1.webp 800w, https:\/\/www.purecook.com\/wp-content\/uploads\/2025\/09\/specifications-of-5-piece-cookware-set-1-300x300.webp 300w, https:\/\/www.purecook.com\/wp-content\/uploads\/2025\/09\/specifications-of-5-piece-cookware-set-1-150x150.webp 150w, https:\/\/www.purecook.com\/wp-content\/uploads\/2025\/09\/specifications-of-5-piece-cookware-set-1-768x768.webp 768w, https:\/\/www.purecook.com\/wp-content\/uploads\/2025\/09\/specifications-of-5-piece-cookware-set-1-12x12.webp 12w, https:\/\/www.purecook.com\/wp-content\/uploads\/2025\/09\/specifications-of-5-piece-cookware-set-1-600x600.webp 600w, https:\/\/www.purecook.com\/wp-content\/uploads\/2025\/09\/specifications-of-5-piece-cookware-set-1-100x100.webp 100w\" sizes=\"(max-width: 800px) 100vw, 800px\" \/><\/figure>\n<\/div>\n\n\n\n<div class=\"wp-block-column is-layout-flow wp-block-column-is-layout-flow\">\n<figure class=\"wp-block-image size-full\"><img decoding=\"async\" width=\"800\" height=\"800\" src=\"https:\/\/www.purecook.com\/wp-content\/uploads\/2025\/09\/specifications-of-5-piece-cookware-set-2.webp\" alt=\"sp\u00e9cifications de la batterie de cuisine 5 pi\u00e8ces (2)\" class=\"wp-image-4748\" srcset=\"https:\/\/www.purecook.com\/wp-content\/uploads\/2025\/09\/specifications-of-5-piece-cookware-set-2.webp 800w, https:\/\/www.purecook.com\/wp-content\/uploads\/2025\/09\/specifications-of-5-piece-cookware-set-2-300x300.webp 300w, https:\/\/www.purecook.com\/wp-content\/uploads\/2025\/09\/specifications-of-5-piece-cookware-set-2-150x150.webp 150w, https:\/\/www.purecook.com\/wp-content\/uploads\/2025\/09\/specifications-of-5-piece-cookware-set-2-768x768.webp 768w, https:\/\/www.purecook.com\/wp-content\/uploads\/2025\/09\/specifications-of-5-piece-cookware-set-2-12x12.webp 12w, https:\/\/www.purecook.com\/wp-content\/uploads\/2025\/09\/specifications-of-5-piece-cookware-set-2-600x600.webp 600w, https:\/\/www.purecook.com\/wp-content\/uploads\/2025\/09\/specifications-of-5-piece-cookware-set-2-100x100.webp 100w\" sizes=\"(max-width: 800px) 100vw, 800px\" \/><\/figure>\n<\/div>\n<\/div>\n\n\n\n<div class=\"wp-block-columns is-layout-flex wp-container-core-columns-is-layout-9d6595d7 wp-block-columns-is-layout-flex\">\n<div class=\"wp-block-column is-layout-flow wp-block-column-is-layout-flow\">\n<figure class=\"wp-block-image size-full\"><img decoding=\"async\" width=\"800\" height=\"800\" src=\"https:\/\/www.purecook.com\/wp-content\/uploads\/2025\/09\/specifications-of-5-piece-cookware-set-3.webp\" alt=\"sp\u00e9cifications de la batterie de cuisine 5 pi\u00e8ces (3)\" class=\"wp-image-4749\" srcset=\"https:\/\/www.purecook.com\/wp-content\/uploads\/2025\/09\/specifications-of-5-piece-cookware-set-3.webp 800w, https:\/\/www.purecook.com\/wp-content\/uploads\/2025\/09\/specifications-of-5-piece-cookware-set-3-300x300.webp 300w, https:\/\/www.purecook.com\/wp-content\/uploads\/2025\/09\/specifications-of-5-piece-cookware-set-3-150x150.webp 150w, https:\/\/www.purecook.com\/wp-content\/uploads\/2025\/09\/specifications-of-5-piece-cookware-set-3-768x768.webp 768w, https:\/\/www.purecook.com\/wp-content\/uploads\/2025\/09\/specifications-of-5-piece-cookware-set-3-12x12.webp 12w, https:\/\/www.purecook.com\/wp-content\/uploads\/2025\/09\/specifications-of-5-piece-cookware-set-3-600x600.webp 600w, https:\/\/www.purecook.com\/wp-content\/uploads\/2025\/09\/specifications-of-5-piece-cookware-set-3-100x100.webp 100w\" sizes=\"(max-width: 800px) 100vw, 800px\" \/><\/figure>\n<\/div>\n\n\n\n<div class=\"wp-block-column is-layout-flow wp-block-column-is-layout-flow\">\n<figure class=\"wp-block-image size-full\"><img decoding=\"async\" width=\"800\" height=\"800\" src=\"https:\/\/www.purecook.com\/wp-content\/uploads\/2025\/09\/specifications-of-5-piece-cookware-set-4.webp\" alt=\"sp\u00e9cifications de la batterie de cuisine 5 pi\u00e8ces (4)\" class=\"wp-image-4750\" srcset=\"https:\/\/www.purecook.com\/wp-content\/uploads\/2025\/09\/specifications-of-5-piece-cookware-set-4.webp 800w, https:\/\/www.purecook.com\/wp-content\/uploads\/2025\/09\/specifications-of-5-piece-cookware-set-4-300x300.webp 300w, https:\/\/www.purecook.com\/wp-content\/uploads\/2025\/09\/specifications-of-5-piece-cookware-set-4-150x150.webp 150w, https:\/\/www.purecook.com\/wp-content\/uploads\/2025\/09\/specifications-of-5-piece-cookware-set-4-768x768.webp 768w, https:\/\/www.purecook.com\/wp-content\/uploads\/2025\/09\/specifications-of-5-piece-cookware-set-4-12x12.webp 12w, https:\/\/www.purecook.com\/wp-content\/uploads\/2025\/09\/specifications-of-5-piece-cookware-set-4-600x600.webp 600w, https:\/\/www.purecook.com\/wp-content\/uploads\/2025\/09\/specifications-of-5-piece-cookware-set-4-100x100.webp 100w\" sizes=\"(max-width: 800px) 100vw, 800px\" \/><\/figure>\n<\/div>\n<\/div>\n\n\n\n<div class=\"wp-block-columns is-layout-flex wp-container-core-columns-is-layout-9d6595d7 wp-block-columns-is-layout-flex\">\n<div class=\"wp-block-column is-layout-flow wp-block-column-is-layout-flow\">\n<figure class=\"wp-block-image size-full\"><img decoding=\"async\" width=\"800\" height=\"800\" src=\"https:\/\/www.purecook.com\/wp-content\/uploads\/2025\/09\/specifications-of-5-piece-cookware-set-5.webp\" alt=\"sp\u00e9cifications de la batterie de cuisine 5 pi\u00e8ces (5)\" class=\"wp-image-4751\" srcset=\"https:\/\/www.purecook.com\/wp-content\/uploads\/2025\/09\/specifications-of-5-piece-cookware-set-5.webp 800w, https:\/\/www.purecook.com\/wp-content\/uploads\/2025\/09\/specifications-of-5-piece-cookware-set-5-300x300.webp 300w, https:\/\/www.purecook.com\/wp-content\/uploads\/2025\/09\/specifications-of-5-piece-cookware-set-5-150x150.webp 150w, https:\/\/www.purecook.com\/wp-content\/uploads\/2025\/09\/specifications-of-5-piece-cookware-set-5-768x768.webp 768w, https:\/\/www.purecook.com\/wp-content\/uploads\/2025\/09\/specifications-of-5-piece-cookware-set-5-12x12.webp 12w, https:\/\/www.purecook.com\/wp-content\/uploads\/2025\/09\/specifications-of-5-piece-cookware-set-5-600x600.webp 600w, https:\/\/www.purecook.com\/wp-content\/uploads\/2025\/09\/specifications-of-5-piece-cookware-set-5-100x100.webp 100w\" sizes=\"(max-width: 800px) 100vw, 800px\" \/><\/figure>\n<\/div>\n\n\n\n<div class=\"wp-block-column is-layout-flow wp-block-column-is-layout-flow\"><\/div>\n<\/div>","protected":false},"excerpt":{"rendered":"<p>Cette batterie de cuisine durable en acier inoxydable de cinq pi\u00e8ces est parfaite pour les cuisines domestiques et commerciales. La surface est \u00e9lectropolie pour une finition professionnelle et m\u00e9tallique. Elle est facile \u00e0 nettoyer et passe au lave-vaisselle. Nous prenons en charge la personnalisation des marques et proposons de grandes quantit\u00e9s. Les n\u00e9gociants, grossistes et marques d'ustensiles de cuisine du monde entier sont invit\u00e9s \u00e0 nous contacter.<\/p>\n<p>Purecook <a href=\"https:\/\/www.purecook.com\/fr\/categorie-produit\/cookware\/\" target=\"_blank\" rel=\"noopener\"><strong>fabricant d'ustensiles de cuisine<\/strong> <\/a>propose des prix d'usine et des services de personnalisation OEM. Contactez-nous pour obtenir le meilleur devis.<\/p>\n<h2>Caract\u00e9ristiques et avantages de la batterie de cuisine 5 pi\u00e8ces<\/h2>\n<p><strong>Durabilit\u00e9 :<\/strong> Les ustensiles de cuisine en acier inoxydable offrent une excellente r\u00e9sistance \u00e0 la corrosion et une grande durabilit\u00e9. Contrairement \u00e0 l'aluminium et \u00e0 d'autres m\u00e9taux, les ustensiles de cuisine en acier inoxydable ne se bossellent pas, ne se d\u00e9forment pas et ne se fissurent pas en cas de temp\u00e9ratures \u00e9lev\u00e9es ou d'utilisation fr\u00e9quente, ce qui leur assure une longue dur\u00e9e de vie.<\/p>\n<p><strong>Surface non r\u00e9active :<\/strong> Les ustensiles de cuisine en acier inoxydable ne r\u00e9agissent pas aux aliments acides ou alcalins. La saveur naturelle des ingr\u00e9dients est pr\u00e9serv\u00e9e sans go\u00fbt m\u00e9tallique.<\/p>\n<p><strong>Solution de cuisson compl\u00e8te :<\/strong> La batterie de cuisine 5 pi\u00e8ces comprend des marmites \u00e0 bouillon et des marmites \u00e0 soupe de diff\u00e9rentes tailles pour une vari\u00e9t\u00e9 de t\u00e2ches culinaires.<\/p>\n<p><strong>Facile \u00e0 entretenir :<\/strong> La batterie de cuisine 5 pi\u00e8ces passe au lave-vaisselle et les r\u00e9sidus tenaces peuvent g\u00e9n\u00e9ralement \u00eatre \u00e9limin\u00e9s par un simple trempage ou un frottement doux. M\u00eame en cas d'utilisation fr\u00e9quente, elle conserve son aspect lustr\u00e9 et professionnel.<\/p>\n<p><strong>Technologie et processus de production avanc\u00e9s :<\/strong> En tant que fabricant leader d'ustensiles de cuisine, nous utilisons des lignes de production efficaces et professionnelles, int\u00e9grant des techniques de polissage avanc\u00e9es, afin de garantir la beaut\u00e9 et la facilit\u00e9 d'utilisation de nos produits. Nous proposons des produits en grandes quantit\u00e9s.<\/p>","protected":false},"featured_media":4741,"comment_status":"closed","ping_status":"closed","template":"","meta":{"_acf_changed":false},"product_brand":[],"product_cat":[24,69,70],"product_tag":[],"class_list":{"0":"post-4740","1":"product","2":"type-product","3":"status-publish","4":"has-post-thumbnail","6":"product_cat-cookware","7":"product_cat-cookware-sets","8":"product_cat-soup-and-stock-pots","10":"first","11":"instock","12":"shipping-taxable","13":"product-type-simple"},"acf":[],"_links":{"self":[{"href":"https:\/\/www.purecook.com\/fr\/wp-json\/wp\/v2\/product\/4740","targetHints":{"allow":["GET"]}}],"collection":[{"href":"https:\/\/www.purecook.com\/fr\/wp-json\/wp\/v2\/product"}],"about":[{"href":"https:\/\/www.purecook.com\/fr\/wp-json\/wp\/v2\/types\/product"}],"replies":[{"embeddable":true,"href":"https:\/\/www.purecook.com\/fr\/wp-json\/wp\/v2\/comments?post=4740"}],"wp:featuredmedia":[{"embeddable":true,"href":"https:\/\/www.purecook.com\/fr\/wp-json\/wp\/v2\/media\/4741"}],"wp:attachment":[{"href":"https:\/\/www.purecook.com\/fr\/wp-json\/wp\/v2\/media?parent=4740"}],"wp:term":[{"taxonomy":"product_brand","embeddable":true,"href":"https:\/\/www.purecook.com\/fr\/wp-json\/wp\/v2\/product_brand?post=4740"},{"taxonomy":"product_cat","embeddable":true,"href":"https:\/\/www.purecook.com\/fr\/wp-json\/wp\/v2\/product_cat?post=4740"},{"taxonomy":"product_tag","embeddable":true,"href":"https:\/\/www.purecook.com\/fr\/wp-json\/wp\/v2\/product_tag?post=4740"}],"curies":[{"name":"wp","href":"https:\/\/api.w.org\/{rel}","templated":true}]}}