{"id":4752,"date":"2025-09-07T16:59:10","date_gmt":"2025-09-07T08:59:10","guid":{"rendered":"https:\/\/www.purecook.com\/?post_type=product&#038;p=4752"},"modified":"2025-09-08T11:29:04","modified_gmt":"2025-09-08T03:29:04","slug":"wholesale-stainless-steel-steak-clips","status":"publish","type":"product","link":"https:\/\/www.purecook.com\/fr\/product\/wholesale-stainless-steel-steak-clips\/","title":{"rendered":"Vente en gros de pinces \u00e0 steak, pinces \u00e0 steak, pinces \u00e0 barbecue, pinces \u00e0 barbecue"},"content":{"rendered":"<div class=\"wp-block-columns is-layout-flex wp-container-core-columns-is-layout-9d6595d7 wp-block-columns-is-layout-flex\">\n<div class=\"wp-block-column is-layout-flow wp-block-column-is-layout-flow\">\n<h3 class=\"wp-block-heading\">Param\u00e8tres du Steak Clip<\/h3>\n\n\n\n<p><strong>Mat\u00e9riau :<\/strong> Acier inoxydable 304<br><strong>\u00c9paisseur :<\/strong> 0,5 mm<br><strong>Taille : <\/strong>26\u00d77.2cm<br><strong>Poids brut : <\/strong>Moins de 200g par pi\u00e8ce<br>Logo : S\u00e9rigraphie \/ Gravure laser \/ Tampon en relief<\/p>\n<\/div>\n\n\n\n<div class=\"wp-block-column is-layout-flow wp-block-column-is-layout-flow\">\n<h3 class=\"wp-block-heading\">Options d'ustensiles de cuisine personnalis\u00e9s<\/h3>\n\n\n\n<p><strong>Logo :<\/strong> Personnalisable avec le logo de votre marque<br><strong>Emballage :<\/strong>\u00a0Bo\u00eete de couleur\/Carton, etc.<\/p>\n<\/div>\n<\/div>\n\n\n\n<div class=\"wp-block-columns is-layout-flex wp-container-core-columns-is-layout-9d6595d7 wp-block-columns-is-layout-flex\">\n<div class=\"wp-block-column is-layout-flow wp-block-column-is-layout-flow\">\n<figure class=\"wp-block-image size-full\"><img decoding=\"async\" width=\"800\" height=\"800\" src=\"https:\/\/www.purecook.com\/wp-content\/uploads\/2025\/09\/wholesale-steak-clips-4.webp\" alt=\"pinces \u00e0 steak en gros (4)\" class=\"wp-image-4756\" srcset=\"https:\/\/www.purecook.com\/wp-content\/uploads\/2025\/09\/wholesale-steak-clips-4.webp 800w, https:\/\/www.purecook.com\/wp-content\/uploads\/2025\/09\/wholesale-steak-clips-4-300x300.webp 300w, https:\/\/www.purecook.com\/wp-content\/uploads\/2025\/09\/wholesale-steak-clips-4-150x150.webp 150w, https:\/\/www.purecook.com\/wp-content\/uploads\/2025\/09\/wholesale-steak-clips-4-768x768.webp 768w, https:\/\/www.purecook.com\/wp-content\/uploads\/2025\/09\/wholesale-steak-clips-4-12x12.webp 12w, https:\/\/www.purecook.com\/wp-content\/uploads\/2025\/09\/wholesale-steak-clips-4-600x600.webp 600w, https:\/\/www.purecook.com\/wp-content\/uploads\/2025\/09\/wholesale-steak-clips-4-100x100.webp 100w\" sizes=\"(max-width: 800px) 100vw, 800px\" \/><\/figure>\n<\/div>\n\n\n\n<div class=\"wp-block-column is-layout-flow wp-block-column-is-layout-flow\">\n<figure class=\"wp-block-image size-full\"><img decoding=\"async\" width=\"800\" height=\"800\" src=\"https:\/\/www.purecook.com\/wp-content\/uploads\/2025\/09\/wholesale-steak-clips-5.webp\" alt=\"Clips de steak en gros (5)\" class=\"wp-image-4757\" srcset=\"https:\/\/www.purecook.com\/wp-content\/uploads\/2025\/09\/wholesale-steak-clips-5.webp 800w, https:\/\/www.purecook.com\/wp-content\/uploads\/2025\/09\/wholesale-steak-clips-5-300x300.webp 300w, https:\/\/www.purecook.com\/wp-content\/uploads\/2025\/09\/wholesale-steak-clips-5-150x150.webp 150w, https:\/\/www.purecook.com\/wp-content\/uploads\/2025\/09\/wholesale-steak-clips-5-768x768.webp 768w, https:\/\/www.purecook.com\/wp-content\/uploads\/2025\/09\/wholesale-steak-clips-5-12x12.webp 12w, https:\/\/www.purecook.com\/wp-content\/uploads\/2025\/09\/wholesale-steak-clips-5-600x600.webp 600w, https:\/\/www.purecook.com\/wp-content\/uploads\/2025\/09\/wholesale-steak-clips-5-100x100.webp 100w\" sizes=\"(max-width: 800px) 100vw, 800px\" \/><\/figure>\n<\/div>\n<\/div>\n\n\n\n<div class=\"wp-block-columns is-layout-flex wp-container-core-columns-is-layout-9d6595d7 wp-block-columns-is-layout-flex\">\n<div class=\"wp-block-column is-layout-flow wp-block-column-is-layout-flow\"><\/div>\n\n\n\n<div class=\"wp-block-column is-layout-flow wp-block-column-is-layout-flow\"><\/div>\n<\/div>","protected":false},"excerpt":{"rendered":"<p>Cette pince \u00e0 steak multifonctionnelle est dot\u00e9e d'un manche ergonomique et d'une spatule large et plate pour une prise en main confortable. Parfaite pour retourner les steaks, le saumon, les cr\u00eapes, les hamburgers, le fromage grill\u00e9 et m\u00eame les l\u00e9gumes. Fourniture en vrac \u00e0 prix d'usine, id\u00e9ale pour les cuisines professionnelles et les commandes importantes.<\/p>\n<h2>Caract\u00e9ristiques et avantages des pinces \u00e0 steak<\/h2>\n<p><strong>Polyvalent :<\/strong> La conception unique du Steak Clip permet de manipuler une grande vari\u00e9t\u00e9 d'aliments. Il peut \u00eatre utilis\u00e9 pour retourner les steaks et le saumon, ainsi que pour soulever les sandwichs au fromage grill\u00e9. Il peut \u00e9galement \u00eatre utilis\u00e9 pour les cr\u00eapes, les hamburgers et m\u00eame les l\u00e9gumes.<\/p>\n<p><strong>Meilleure prise en main :<\/strong> Contrairement aux pinces traditionnelles, la forme de la spatule offre une surface large et plate pour soutenir les aliments, les emp\u00eachant ainsi de glisser ou de se briser. Cette caract\u00e9ristique est particuli\u00e8rement utile pour les aliments d\u00e9licats comme le poisson ou les articles fragiles comme les sandwichs au fromage grill\u00e9.<\/p>\n<p><strong>Ergonomique :<\/strong> La poign\u00e9e est con\u00e7ue de mani\u00e8re ergonomique pour un excellent contr\u00f4le et une prise en main confortable, r\u00e9duisant efficacement la fatigue des mains, en particulier pendant les longues s\u00e9ances de cuisson.<\/p>\n<p><strong>Approvisionnement en vrac :<\/strong> En tant que fabricant professionnel d'ustensiles de cuisine disposant d'une ligne de production \u00e0 grande \u00e9chelle, nous proposons des produits en vrac \u00e0 des prix d'usine, ce qui nous permet d'honorer efficacement les commandes importantes.<\/p>","protected":false},"featured_media":4753,"comment_status":"closed","ping_status":"closed","template":"","meta":{"_acf_changed":false},"product_brand":[],"product_cat":[66,52],"product_tag":[],"class_list":{"0":"post-4752","1":"product","2":"type-product","3":"status-publish","4":"has-post-thumbnail","6":"product_cat-food-tongs","7":"product_cat-kitchen-utensils","9":"first","10":"instock","11":"shipping-taxable","12":"product-type-simple"},"acf":[],"_links":{"self":[{"href":"https:\/\/www.purecook.com\/fr\/wp-json\/wp\/v2\/product\/4752","targetHints":{"allow":["GET"]}}],"collection":[{"href":"https:\/\/www.purecook.com\/fr\/wp-json\/wp\/v2\/product"}],"about":[{"href":"https:\/\/www.purecook.com\/fr\/wp-json\/wp\/v2\/types\/product"}],"replies":[{"embeddable":true,"href":"https:\/\/www.purecook.com\/fr\/wp-json\/wp\/v2\/comments?post=4752"}],"wp:featuredmedia":[{"embeddable":true,"href":"https:\/\/www.purecook.com\/fr\/wp-json\/wp\/v2\/media\/4753"}],"wp:attachment":[{"href":"https:\/\/www.purecook.com\/fr\/wp-json\/wp\/v2\/media?parent=4752"}],"wp:term":[{"taxonomy":"product_brand","embeddable":true,"href":"https:\/\/www.purecook.com\/fr\/wp-json\/wp\/v2\/product_brand?post=4752"},{"taxonomy":"product_cat","embeddable":true,"href":"https:\/\/www.purecook.com\/fr\/wp-json\/wp\/v2\/product_cat?post=4752"},{"taxonomy":"product_tag","embeddable":true,"href":"https:\/\/www.purecook.com\/fr\/wp-json\/wp\/v2\/product_tag?post=4752"}],"curies":[{"name":"wp","href":"https:\/\/api.w.org\/{rel}","templated":true}]}}