{"id":4770,"date":"2025-09-15T09:36:40","date_gmt":"2025-09-15T01:36:40","guid":{"rendered":"https:\/\/www.purecook.com\/?post_type=product&#038;p=4770"},"modified":"2025-09-15T10:01:28","modified_gmt":"2025-09-15T02:01:28","slug":"wholesale-dual-purpose-fry-pot-and-food-container","status":"publish","type":"product","link":"https:\/\/www.purecook.com\/fr\/product\/wholesale-dual-purpose-fry-pot-and-food-container\/","title":{"rendered":"Grossiste Pot \u00e0 friture et r\u00e9cipient pour aliments \u00e0 double usage"},"content":{"rendered":"<div class=\"wp-block-columns is-layout-flex wp-container-core-columns-is-layout-9d6595d7 wp-block-columns-is-layout-flex\">\n<div class=\"wp-block-column is-layout-flow wp-block-column-is-layout-flow\">\n<h3 class=\"wp-block-heading\">Param\u00e8tres de l'ensemble de passoires en acier inoxydable<\/h3>\n\n\n\n<p><strong>Mat\u00e9riau :<\/strong> Acier inoxydable<br><strong>Couvercle :<\/strong> PP \/ ABS<br><strong>Logo :<\/strong> S\u00e9rigraphie\/Gravure au laser\/Tampon en relief<br><strong>Conteneur :<\/strong> 18,5\u00d718,5\u00d79 cm<br><strong>Panier \u00e0 friture :<\/strong> 15,5\u00d715,5\u00d77 cm<br><strong>Vapeur : <\/strong>15\u00d715\u00d73 cm<\/p>\n<\/div>\n\n\n\n<div class=\"wp-block-column is-layout-flow wp-block-column-is-layout-flow\">\n<h3 class=\"wp-block-heading\">Options de pot de r\u00e9serve personnalis\u00e9es<\/h3>\n\n\n\n<p><strong>Logo :<\/strong> Personnalisable avec le logo de votre marque<br><strong>Couleur :<\/strong> Personnalisable<br><strong>Emballage :<\/strong>\u00a0Bo\u00eete de couleur \/ Carton, etc.<\/p>\n<\/div>\n<\/div>\n\n\n\n<div class=\"wp-block-columns is-layout-flex wp-container-core-columns-is-layout-9d6595d7 wp-block-columns-is-layout-flex\">\n<div class=\"wp-block-column is-layout-flow wp-block-column-is-layout-flow\">\n<figure class=\"wp-block-image size-full\"><img decoding=\"async\" width=\"800\" height=\"800\" src=\"https:\/\/www.purecook.com\/wp-content\/uploads\/2025\/09\/dual-purpose-fry-pot-and-food-container-4.webp\" alt=\"marmite \u00e0 friture et r\u00e9cipient pour aliments \u00e0 double usage (4)\" class=\"wp-image-4774\" srcset=\"https:\/\/www.purecook.com\/wp-content\/uploads\/2025\/09\/dual-purpose-fry-pot-and-food-container-4.webp 800w, https:\/\/www.purecook.com\/wp-content\/uploads\/2025\/09\/dual-purpose-fry-pot-and-food-container-4-300x300.webp 300w, https:\/\/www.purecook.com\/wp-content\/uploads\/2025\/09\/dual-purpose-fry-pot-and-food-container-4-150x150.webp 150w, https:\/\/www.purecook.com\/wp-content\/uploads\/2025\/09\/dual-purpose-fry-pot-and-food-container-4-768x768.webp 768w, https:\/\/www.purecook.com\/wp-content\/uploads\/2025\/09\/dual-purpose-fry-pot-and-food-container-4-12x12.webp 12w, https:\/\/www.purecook.com\/wp-content\/uploads\/2025\/09\/dual-purpose-fry-pot-and-food-container-4-600x600.webp 600w, https:\/\/www.purecook.com\/wp-content\/uploads\/2025\/09\/dual-purpose-fry-pot-and-food-container-4-100x100.webp 100w\" sizes=\"(max-width: 800px) 100vw, 800px\" \/><\/figure>\n<\/div>\n\n\n\n<div class=\"wp-block-column is-layout-flow wp-block-column-is-layout-flow\">\n<figure class=\"wp-block-image size-full\"><img decoding=\"async\" width=\"800\" height=\"800\" src=\"https:\/\/www.purecook.com\/wp-content\/uploads\/2025\/09\/dual-purpose-fry-pot-and-food-container-5.webp\" alt=\"marmite \u00e0 friture et r\u00e9cipient pour aliments \u00e0 double usage (5)\" class=\"wp-image-4775\" srcset=\"https:\/\/www.purecook.com\/wp-content\/uploads\/2025\/09\/dual-purpose-fry-pot-and-food-container-5.webp 800w, https:\/\/www.purecook.com\/wp-content\/uploads\/2025\/09\/dual-purpose-fry-pot-and-food-container-5-300x300.webp 300w, https:\/\/www.purecook.com\/wp-content\/uploads\/2025\/09\/dual-purpose-fry-pot-and-food-container-5-150x150.webp 150w, https:\/\/www.purecook.com\/wp-content\/uploads\/2025\/09\/dual-purpose-fry-pot-and-food-container-5-768x768.webp 768w, https:\/\/www.purecook.com\/wp-content\/uploads\/2025\/09\/dual-purpose-fry-pot-and-food-container-5-12x12.webp 12w, https:\/\/www.purecook.com\/wp-content\/uploads\/2025\/09\/dual-purpose-fry-pot-and-food-container-5-600x600.webp 600w, https:\/\/www.purecook.com\/wp-content\/uploads\/2025\/09\/dual-purpose-fry-pot-and-food-container-5-100x100.webp 100w\" sizes=\"(max-width: 800px) 100vw, 800px\" \/><\/figure>\n<\/div>\n<\/div>\n\n\n\n<div class=\"wp-block-columns is-layout-flex wp-container-core-columns-is-layout-9d6595d7 wp-block-columns-is-layout-flex\">\n<div class=\"wp-block-column is-layout-flow wp-block-column-is-layout-flow\"><\/div>\n\n\n\n<div class=\"wp-block-column is-layout-flow wp-block-column-is-layout-flow\"><\/div>\n<\/div>","protected":false},"excerpt":{"rendered":"<p>Marmite \u00e0 friture et r\u00e9cipient pour aliments en gros \u00e0 double usage. Elle est \u00e9quip\u00e9e d'un panier \u00e0 friture, d'une grille de cuisson \u00e0 la vapeur et d'un couvercle de s\u00e9curit\u00e9, ce qui vous permet de faire frire, de cuire \u00e0 la vapeur ou de conserver des aliments en toute simplicit\u00e9. Elle est fabriqu\u00e9e en acier inoxydable non toxique de qualit\u00e9 alimentaire pour garantir une cuisson s\u00fbre et saine. Cet ustensile de cuisine est compatible avec les cuisini\u00e8res \u00e0 induction et les cuisini\u00e8res \u00e0 gaz, ce qui en fait un choix id\u00e9al pour les m\u00e9nages occup\u00e9s, la pr\u00e9paration des repas ou les repas en plein air. Contactez-nous pour un devis.<\/p>\n<h2>Caract\u00e9ristiques de la marmite \u00e0 frire et du r\u00e9cipient pour aliments \u00e0 double usage<\/h2>\n<p><strong>Ustensiles de cuisine multifonctionnels :<\/strong> Ce produit offre de multiples fonctions. \u00c9quip\u00e9 d'un panier \u00e0 friture, d'une grille de cuisson \u00e0 la vapeur et d'un couvercle, il peut \u00eatre utilis\u00e9 comme friteuse, comme cuiseur \u00e0 la vapeur ou comme r\u00e9cipient avec couvercle.<\/p>\n<p><strong>Stockage compact :<\/strong> Le panier \u00e0 friture et la grille de cuisson \u00e0 la vapeur se rangent facilement \u00e0 l'int\u00e9rieur de la casserole, ce qui permet de gagner de la place lorsqu'ils ne sont pas utilis\u00e9s.<\/p>\n<p><strong>Portable :<\/strong> La poign\u00e9e et le couvercle \u00e0 loquet facilitent le transport, ce qui vous permet d'emporter vos aliments directement de chez vous apr\u00e8s les avoir cuisin\u00e9s, sans avoir besoin d'un bento ou d'une bo\u00eete \u00e0 lunch s\u00e9par\u00e9s.<\/p>\n<p><strong>S\u00fbr et sain :<\/strong>\u00a0Des mat\u00e9riaux non toxiques et sans danger pour les aliments garantissent que vos repas restent propres \u00e0 la consommation et qu'il n'y a pas de lessivage de produits chimiques pendant la cuisson ou le stockage.<\/p>\n<p><strong>Compatible avec les cuisini\u00e8res \u00e0 induction :<\/strong> Cet ustensile de cuisine multifonctionnel est con\u00e7u avec des mat\u00e9riaux magn\u00e9tiques de haute qualit\u00e9 et est compatible avec les tables de cuisson \u00e0 induction, ce qui rend la cuisine \u00e0 domicile encore plus pratique.<\/p>","protected":false},"featured_media":4771,"comment_status":"closed","ping_status":"closed","template":"","meta":{"_acf_changed":false},"product_brand":[],"product_cat":[24,51,25,72],"product_tag":[],"class_list":{"0":"post-4770","1":"product","2":"type-product","3":"status-publish","4":"has-post-thumbnail","6":"product_cat-cookware","7":"product_cat-dinnerware","8":"product_cat-food-storage","9":"product_cat-fryer-pots","11":"first","12":"instock","13":"shipping-taxable","14":"product-type-simple"},"acf":[],"_links":{"self":[{"href":"https:\/\/www.purecook.com\/fr\/wp-json\/wp\/v2\/product\/4770","targetHints":{"allow":["GET"]}}],"collection":[{"href":"https:\/\/www.purecook.com\/fr\/wp-json\/wp\/v2\/product"}],"about":[{"href":"https:\/\/www.purecook.com\/fr\/wp-json\/wp\/v2\/types\/product"}],"replies":[{"embeddable":true,"href":"https:\/\/www.purecook.com\/fr\/wp-json\/wp\/v2\/comments?post=4770"}],"wp:featuredmedia":[{"embeddable":true,"href":"https:\/\/www.purecook.com\/fr\/wp-json\/wp\/v2\/media\/4771"}],"wp:attachment":[{"href":"https:\/\/www.purecook.com\/fr\/wp-json\/wp\/v2\/media?parent=4770"}],"wp:term":[{"taxonomy":"product_brand","embeddable":true,"href":"https:\/\/www.purecook.com\/fr\/wp-json\/wp\/v2\/product_brand?post=4770"},{"taxonomy":"product_cat","embeddable":true,"href":"https:\/\/www.purecook.com\/fr\/wp-json\/wp\/v2\/product_cat?post=4770"},{"taxonomy":"product_tag","embeddable":true,"href":"https:\/\/www.purecook.com\/fr\/wp-json\/wp\/v2\/product_tag?post=4770"}],"curies":[{"name":"wp","href":"https:\/\/api.w.org\/{rel}","templated":true}]}}