{"id":4785,"date":"2025-09-26T15:29:45","date_gmt":"2025-09-26T07:29:45","guid":{"rendered":"https:\/\/www.purecook.com\/?post_type=product&#038;p=4785"},"modified":"2025-09-26T16:13:38","modified_gmt":"2025-09-26T08:13:38","slug":"wholesale-three-layer-strainer-basket-set","status":"publish","type":"product","link":"https:\/\/www.purecook.com\/fr\/product\/wholesale-three-layer-strainer-basket-set\/","title":{"rendered":"Wholesale Three-Layer Strainer Basket, Square Colander with Bowl (Panier \u00e0 tamis carr\u00e9 avec bol)"},"content":{"rendered":"<div class=\"wp-block-columns is-layout-flex wp-container-core-columns-is-layout-9d6595d7 wp-block-columns-is-layout-flex\">\n<div class=\"wp-block-column is-layout-flow wp-block-column-is-layout-flow\">\n<h3 class=\"wp-block-heading\">Param\u00e8tres du panier \u00e0 tamis<\/h3>\n\n\n\n<p><strong>Mat\u00e9riau :<\/strong> Acier inoxydable 304<br><strong>\u00c9paisseur :<\/strong> 0,5 mm<br><strong>Logo :<\/strong> S\u00e9rigraphie \/ Gravure laser \/ Tampon en relief<br><strong>Taille :<\/strong> 18\/22\/26\/30cm<br><strong>Poids brut :<\/strong> 1kg par pi\u00e8ce<\/p>\n<\/div>\n\n\n\n<div class=\"wp-block-column is-layout-flow wp-block-column-is-layout-flow\">\n<h3 class=\"wp-block-heading\">Options d'ustensiles de cuisine personnalis\u00e9s<\/h3>\n\n\n\n<p><strong>Logo :<\/strong> Personnalisable avec le logo de votre marque<br><strong>Couleur :<\/strong> Personnalisable<br><strong>Emballage :<\/strong>\u00a0Bo\u00eete de couleur \/ Carton, etc.<\/p>\n<\/div>\n<\/div>\n\n\n\n<div class=\"wp-block-columns is-layout-flex wp-container-core-columns-is-layout-9d6595d7 wp-block-columns-is-layout-flex\">\n<div class=\"wp-block-column is-layout-flow wp-block-column-is-layout-flow\">\n<figure class=\"wp-block-image size-full\"><img decoding=\"async\" width=\"800\" height=\"800\" src=\"https:\/\/www.purecook.com\/wp-content\/uploads\/2025\/09\/three-layer-strainer-basket-set-3.webp\" alt=\"panier \u00e0 trois couches (3)\" class=\"wp-image-4791\" srcset=\"https:\/\/www.purecook.com\/wp-content\/uploads\/2025\/09\/three-layer-strainer-basket-set-3.webp 800w, https:\/\/www.purecook.com\/wp-content\/uploads\/2025\/09\/three-layer-strainer-basket-set-3-300x300.webp 300w, https:\/\/www.purecook.com\/wp-content\/uploads\/2025\/09\/three-layer-strainer-basket-set-3-150x150.webp 150w, https:\/\/www.purecook.com\/wp-content\/uploads\/2025\/09\/three-layer-strainer-basket-set-3-768x768.webp 768w, https:\/\/www.purecook.com\/wp-content\/uploads\/2025\/09\/three-layer-strainer-basket-set-3-12x12.webp 12w, https:\/\/www.purecook.com\/wp-content\/uploads\/2025\/09\/three-layer-strainer-basket-set-3-600x600.webp 600w, https:\/\/www.purecook.com\/wp-content\/uploads\/2025\/09\/three-layer-strainer-basket-set-3-100x100.webp 100w\" sizes=\"(max-width: 800px) 100vw, 800px\" \/><\/figure>\n<\/div>\n\n\n\n<div class=\"wp-block-column is-layout-flow wp-block-column-is-layout-flow\">\n<figure class=\"wp-block-image size-full\"><img decoding=\"async\" width=\"800\" height=\"800\" src=\"https:\/\/www.purecook.com\/wp-content\/uploads\/2025\/09\/three-layer-strainer-basket-set-4.webp\" alt=\"panier \u00e0 trois couches (4)\" class=\"wp-image-4792\" srcset=\"https:\/\/www.purecook.com\/wp-content\/uploads\/2025\/09\/three-layer-strainer-basket-set-4.webp 800w, https:\/\/www.purecook.com\/wp-content\/uploads\/2025\/09\/three-layer-strainer-basket-set-4-300x300.webp 300w, https:\/\/www.purecook.com\/wp-content\/uploads\/2025\/09\/three-layer-strainer-basket-set-4-150x150.webp 150w, https:\/\/www.purecook.com\/wp-content\/uploads\/2025\/09\/three-layer-strainer-basket-set-4-768x768.webp 768w, https:\/\/www.purecook.com\/wp-content\/uploads\/2025\/09\/three-layer-strainer-basket-set-4-12x12.webp 12w, https:\/\/www.purecook.com\/wp-content\/uploads\/2025\/09\/three-layer-strainer-basket-set-4-600x600.webp 600w, https:\/\/www.purecook.com\/wp-content\/uploads\/2025\/09\/three-layer-strainer-basket-set-4-100x100.webp 100w\" sizes=\"(max-width: 800px) 100vw, 800px\" \/><\/figure>\n<\/div>\n<\/div>\n\n\n\n<div class=\"wp-block-columns is-layout-flex wp-container-core-columns-is-layout-9d6595d7 wp-block-columns-is-layout-flex\">\n<div class=\"wp-block-column is-layout-flow wp-block-column-is-layout-flow\"><\/div>\n\n\n\n<div class=\"wp-block-column is-layout-flow wp-block-column-is-layout-flow\"><\/div>\n<\/div>","protected":false},"excerpt":{"rendered":"<p>L'ensemble de paniers \u00e0 trois couches, con\u00e7u pour la polyvalence et la commodit\u00e9, comprend une passoire pour laver et \u00e9goutter les l\u00e9gumes, une bo\u00eete de rangement pour pr\u00e9server la fra\u00eecheur et un couvercle de planche \u00e0 d\u00e9couper pour faciliter la pr\u00e9paration des aliments. Il est parfait pour les cuisines domestiques et l'utilisation \u00e0 l'ext\u00e9rieur.<\/p>\n<h2>Caract\u00e9ristiques et avantages du panier \u00e0 tamis en acier inoxydable<\/h2>\n<p><strong>Polyvalent :<\/strong> Ce set r\u00e9unit plusieurs outils de cuisine essentiels en un seul, notamment une passoire pour laver et \u00e9goutter les l\u00e9gumes, un r\u00e9cipient de stockage et une planche \u00e0 d\u00e9couper, ce qui le rend parfait pour une utilisation \u00e0 la maison et \u00e0 l'ext\u00e9rieur.<\/p>\n<p><strong>Transport portable et s\u00fbr :<\/strong> La sangle de transport \u00e0 boucle est un atout majeur : elle fixe solidement les composants pendant le transport, emp\u00eache le couvercle de glisser et sert \u00e9galement de poign\u00e9e pour faciliter le transport.<\/p>\n<p><strong>Conception peu encombrante :<\/strong> Les composants sont con\u00e7us pour s'embo\u00eeter ou s'empiler efficacement, ce qui le rend id\u00e9al pour les petits espaces tels que les v\u00e9hicules de loisirs, les sacs de mat\u00e9riel de camping ou les cuisines minimalistes.<\/p>\n<p><strong>Mat\u00e9riau durable et s\u00fbr :<\/strong> Fabriqu\u00e9s en acier inoxydable, les principaux composants sont tr\u00e8s durables, r\u00e9sistants \u00e0 la rouille et \u00e0 la corrosion, faciles \u00e0 nettoyer et lavables au lave-vaisselle.<\/p>","protected":false},"featured_media":4789,"comment_status":"closed","ping_status":"closed","template":"","meta":{"_acf_changed":false},"product_brand":[],"product_cat":[52,65],"product_tag":[],"class_list":{"0":"post-4785","1":"product","2":"type-product","3":"status-publish","4":"has-post-thumbnail","6":"product_cat-kitchen-utensils","7":"product_cat-kitchen-strainer-and-colander","9":"first","10":"instock","11":"shipping-taxable","12":"product-type-simple"},"acf":[],"_links":{"self":[{"href":"https:\/\/www.purecook.com\/fr\/wp-json\/wp\/v2\/product\/4785","targetHints":{"allow":["GET"]}}],"collection":[{"href":"https:\/\/www.purecook.com\/fr\/wp-json\/wp\/v2\/product"}],"about":[{"href":"https:\/\/www.purecook.com\/fr\/wp-json\/wp\/v2\/types\/product"}],"replies":[{"embeddable":true,"href":"https:\/\/www.purecook.com\/fr\/wp-json\/wp\/v2\/comments?post=4785"}],"wp:featuredmedia":[{"embeddable":true,"href":"https:\/\/www.purecook.com\/fr\/wp-json\/wp\/v2\/media\/4789"}],"wp:attachment":[{"href":"https:\/\/www.purecook.com\/fr\/wp-json\/wp\/v2\/media?parent=4785"}],"wp:term":[{"taxonomy":"product_brand","embeddable":true,"href":"https:\/\/www.purecook.com\/fr\/wp-json\/wp\/v2\/product_brand?post=4785"},{"taxonomy":"product_cat","embeddable":true,"href":"https:\/\/www.purecook.com\/fr\/wp-json\/wp\/v2\/product_cat?post=4785"},{"taxonomy":"product_tag","embeddable":true,"href":"https:\/\/www.purecook.com\/fr\/wp-json\/wp\/v2\/product_tag?post=4785"}],"curies":[{"name":"wp","href":"https:\/\/api.w.org\/{rel}","templated":true}]}}