{"id":4795,"date":"2025-09-26T16:14:26","date_gmt":"2025-09-26T08:14:26","guid":{"rendered":"https:\/\/www.purecook.com\/?post_type=product&#038;p=4795"},"modified":"2025-11-24T11:38:18","modified_gmt":"2025-11-24T03:38:18","slug":"wholesale-outdoor-stainless-steel-frying-pans","status":"publish","type":"product","link":"https:\/\/www.purecook.com\/fr\/product\/wholesale-outdoor-stainless-steel-frying-pans\/","title":{"rendered":"Po\u00eales \u00e0 frire en acier inoxydable pour l'ext\u00e9rieur"},"content":{"rendered":"<div class=\"wp-block-columns is-layout-flex wp-container-core-columns-is-layout-9d6595d7 wp-block-columns-is-layout-flex\">\n<div class=\"wp-block-column is-layout-flow wp-block-column-is-layout-flow\">\n<h3 class=\"wp-block-heading\">Param\u00e8tres de la po\u00eale \u00e0 frire ext\u00e9rieure en acier inoxydable<\/h3>\n\n\n\n<p><strong>Mat\u00e9riau :<\/strong> SS304<br><strong>Logo :<\/strong> S\u00e9rigraphie \/ Gravure laser \/ Tampon en relief<br><strong>Taille :<\/strong> 20\/22\/24cm<br><br><\/p>\n<\/div>\n\n\n\n<div class=\"wp-block-column is-layout-flow wp-block-column-is-layout-flow\">\n<h3 class=\"wp-block-heading\">Options d'ustensiles de cuisine personnalis\u00e9s<\/h3>\n\n\n\n<p><strong>Logo :<\/strong> Personnalisable avec le logo de votre marque<br><strong>Emballage :<\/strong>\u00a0Bo\u00eete de couleur\/Carton, etc.<\/p>\n<\/div>\n<\/div>\n\n\n\n<div class=\"wp-block-columns is-layout-flex wp-container-core-columns-is-layout-9d6595d7 wp-block-columns-is-layout-flex\">\n<div class=\"wp-block-column is-layout-flow wp-block-column-is-layout-flow\">\n<figure class=\"wp-block-image size-full\"><img decoding=\"async\" width=\"800\" height=\"800\" src=\"https:\/\/www.purecook.com\/wp-content\/uploads\/2025\/09\/wholesale-outcoor-frying-pan-2.webp\" alt=\"po\u00eale \u00e0 frire de gros outcoor (2)\" class=\"wp-image-4797\" srcset=\"https:\/\/www.purecook.com\/wp-content\/uploads\/2025\/09\/wholesale-outcoor-frying-pan-2.webp 800w, https:\/\/www.purecook.com\/wp-content\/uploads\/2025\/09\/wholesale-outcoor-frying-pan-2-300x300.webp 300w, https:\/\/www.purecook.com\/wp-content\/uploads\/2025\/09\/wholesale-outcoor-frying-pan-2-150x150.webp 150w, https:\/\/www.purecook.com\/wp-content\/uploads\/2025\/09\/wholesale-outcoor-frying-pan-2-768x768.webp 768w, https:\/\/www.purecook.com\/wp-content\/uploads\/2025\/09\/wholesale-outcoor-frying-pan-2-12x12.webp 12w, https:\/\/www.purecook.com\/wp-content\/uploads\/2025\/09\/wholesale-outcoor-frying-pan-2-600x600.webp 600w, https:\/\/www.purecook.com\/wp-content\/uploads\/2025\/09\/wholesale-outcoor-frying-pan-2-100x100.webp 100w\" sizes=\"(max-width: 800px) 100vw, 800px\" \/><\/figure>\n<\/div>\n\n\n\n<div class=\"wp-block-column is-layout-flow wp-block-column-is-layout-flow\">\n<figure class=\"wp-block-image size-full\"><img decoding=\"async\" width=\"800\" height=\"800\" src=\"https:\/\/www.purecook.com\/wp-content\/uploads\/2025\/09\/wholesale-outcoor-frying-pan-3.webp\" alt=\"po\u00eale \u00e0 frire de gros outcoor (3)\" class=\"wp-image-4798\" srcset=\"https:\/\/www.purecook.com\/wp-content\/uploads\/2025\/09\/wholesale-outcoor-frying-pan-3.webp 800w, https:\/\/www.purecook.com\/wp-content\/uploads\/2025\/09\/wholesale-outcoor-frying-pan-3-300x300.webp 300w, https:\/\/www.purecook.com\/wp-content\/uploads\/2025\/09\/wholesale-outcoor-frying-pan-3-150x150.webp 150w, https:\/\/www.purecook.com\/wp-content\/uploads\/2025\/09\/wholesale-outcoor-frying-pan-3-768x768.webp 768w, https:\/\/www.purecook.com\/wp-content\/uploads\/2025\/09\/wholesale-outcoor-frying-pan-3-12x12.webp 12w, https:\/\/www.purecook.com\/wp-content\/uploads\/2025\/09\/wholesale-outcoor-frying-pan-3-600x600.webp 600w, https:\/\/www.purecook.com\/wp-content\/uploads\/2025\/09\/wholesale-outcoor-frying-pan-3-100x100.webp 100w\" sizes=\"(max-width: 800px) 100vw, 800px\" \/><\/figure>\n<\/div>\n<\/div>\n\n\n\n<div class=\"wp-block-columns is-layout-flex wp-container-core-columns-is-layout-9d6595d7 wp-block-columns-is-layout-flex\">\n<div class=\"wp-block-column is-layout-flow wp-block-column-is-layout-flow\"><\/div>\n\n\n\n<div class=\"wp-block-column is-layout-flow wp-block-column-is-layout-flow\"><\/div>\n<\/div>","protected":false},"excerpt":{"rendered":"<p>Po\u00eales \u00e0 frire d'ext\u00e9rieur en gros, parfaites pour cuisiner avec un r\u00e9chaud \u00e0 gaz. Le manche amovible de la po\u00eale \u00e0 frire int\u00e8gre astucieusement un couteau et une fourchette, ce qui est pratique pour le camping, les pique-niques ou les randonn\u00e9es. Contactez-nous pour un devis en gros.<\/p>\n<h2>Caract\u00e9ristiques des po\u00eales \u00e0 frire en acier inoxydable pour l'ext\u00e9rieur<\/h2>\n<p><strong>Cuisine polyvalente :<\/strong> Fabriqu\u00e9es en acier inoxydable 304, ces po\u00eales conviennent \u00e0 une vari\u00e9t\u00e9 de t\u00e2ches, y compris la friture et l'\u00e9bullition\/la cuisson \u00e0 l'\u00e9touff\u00e9e.<\/p>\n<p><strong>Poign\u00e9e innovante et pratique :<\/strong> La po\u00eale \u00e0 frire de gros comprend une poign\u00e9e amovible avec un couteau et une fourchette inclus, ce qui la rend pratique pour une utilisation en ext\u00e9rieur sans avoir \u00e0 transporter d'autres ustensiles.<\/p>\n<p><strong>Cuisson en plein air Compatibilit\u00e9 :<\/strong> Con\u00e7ues pour \u00eatre utilis\u00e9es sur des r\u00e9chauds \u00e0 gaz portables, ces casseroles sont parfaites pour le camping, les pique-niques ou d'autres aventures en plein air.<\/p>\n<p><strong>Plus facile \u00e0 nettoyer :<\/strong> Construits en acier inoxydable, ils sont r\u00e9sistants \u00e0 la corrosion et \u00e0 la rouille, et leur surface lisse r\u00e9siste aux taches de nourriture et permet un nettoyage rapide dans un petit \u00e9vier ou un bassin de camping.<\/p>","protected":false},"featured_media":4796,"comment_status":"closed","ping_status":"closed","template":"","meta":{"_acf_changed":false},"product_brand":[],"product_cat":[24,71],"product_tag":[96],"class_list":{"0":"post-4795","1":"product","2":"type-product","3":"status-publish","4":"has-post-thumbnail","6":"product_cat-cookware","7":"product_cat-frying-pan","8":"product_tag-wholesale-outdoor-cookware","10":"first","11":"instock","12":"shipping-taxable","13":"product-type-simple"},"acf":[],"_links":{"self":[{"href":"https:\/\/www.purecook.com\/fr\/wp-json\/wp\/v2\/product\/4795","targetHints":{"allow":["GET"]}}],"collection":[{"href":"https:\/\/www.purecook.com\/fr\/wp-json\/wp\/v2\/product"}],"about":[{"href":"https:\/\/www.purecook.com\/fr\/wp-json\/wp\/v2\/types\/product"}],"replies":[{"embeddable":true,"href":"https:\/\/www.purecook.com\/fr\/wp-json\/wp\/v2\/comments?post=4795"}],"wp:featuredmedia":[{"embeddable":true,"href":"https:\/\/www.purecook.com\/fr\/wp-json\/wp\/v2\/media\/4796"}],"wp:attachment":[{"href":"https:\/\/www.purecook.com\/fr\/wp-json\/wp\/v2\/media?parent=4795"}],"wp:term":[{"taxonomy":"product_brand","embeddable":true,"href":"https:\/\/www.purecook.com\/fr\/wp-json\/wp\/v2\/product_brand?post=4795"},{"taxonomy":"product_cat","embeddable":true,"href":"https:\/\/www.purecook.com\/fr\/wp-json\/wp\/v2\/product_cat?post=4795"},{"taxonomy":"product_tag","embeddable":true,"href":"https:\/\/www.purecook.com\/fr\/wp-json\/wp\/v2\/product_tag?post=4795"}],"curies":[{"name":"wp","href":"https:\/\/api.w.org\/{rel}","templated":true}]}}