{"id":4881,"date":"2025-11-01T10:36:16","date_gmt":"2025-11-01T02:36:16","guid":{"rendered":"https:\/\/www.purecook.com\/?post_type=product&#038;p=4881"},"modified":"2025-11-01T11:14:03","modified_gmt":"2025-11-01T03:14:03","slug":"wholesale-stainless-steel-pasta-pot","status":"publish","type":"product","link":"https:\/\/www.purecook.com\/fr\/product\/wholesale-stainless-steel-pasta-pot\/","title":{"rendered":"Marmite \u00e0 p\u00e2tes en acier inoxydable - Qualit\u00e9 commerciale, grande capacit\u00e9, lavable au lave-vaisselle"},"content":{"rendered":"<div class=\"wp-block-columns is-layout-flex wp-container-core-columns-is-layout-9d6595d7 wp-block-columns-is-layout-flex\">\n<div class=\"wp-block-column is-layout-flow wp-block-column-is-layout-flow\">\n<h3 class=\"wp-block-heading\">Param\u00e8tres de la po\u00eale \u00e0 frire ext\u00e9rieure en acier inoxydable<\/h3>\n\n\n\n<p><strong>Mat\u00e9riau :<\/strong> SUS#201<br><strong>\u00c9paisseur normale :<\/strong> 0,5 mm<br><strong>Couvercle :<\/strong> Couvercles en acier inoxydable<br><strong>Le fond : <\/strong>Fond sandwich \u00e0 induction (SUS201+2mm Alu.+SUS)<br><strong>Logo : <\/strong>Logo laser<br><strong>Taille :<\/strong> 20\u00d714.5cm Pot <br>        20\u00d7 15.5cm Cuit-vapeur<br><strong>Diam\u00e8tre ext\u00e9rieur<\/strong> 22cm<\/p>\n<\/div>\n\n\n\n<div class=\"wp-block-column is-layout-flow wp-block-column-is-layout-flow\">\n<h3 class=\"wp-block-heading\">Options d'ustensiles de cuisine personnalis\u00e9s<\/h3>\n\n\n\n<p><strong>Logo :<\/strong> Personnalisable avec le logo de votre marque<br><strong>Emballage :<\/strong>\u00a0Bo\u00eete de couleur\/Carton, etc.<br><strong>Poign\u00e9e : <\/strong>Une poign\u00e9e adapt\u00e9e \u00e0 votre style<\/p>\n<\/div>\n<\/div>\n\n\n\n<div class=\"wp-block-columns is-layout-flex wp-container-core-columns-is-layout-9d6595d7 wp-block-columns-is-layout-flex\">\n<div class=\"wp-block-column is-layout-flow wp-block-column-is-layout-flow\">\n<figure class=\"wp-block-image size-full\"><img decoding=\"async\" width=\"800\" height=\"800\" src=\"https:\/\/www.purecook.com\/wp-content\/uploads\/2025\/11\/wholesale-pasta-pot-3.webp\" alt=\"marmite \u00e0 p\u00e2tes en gros (3)\" class=\"wp-image-4884\" srcset=\"https:\/\/www.purecook.com\/wp-content\/uploads\/2025\/11\/wholesale-pasta-pot-3.webp 800w, https:\/\/www.purecook.com\/wp-content\/uploads\/2025\/11\/wholesale-pasta-pot-3-300x300.webp 300w, https:\/\/www.purecook.com\/wp-content\/uploads\/2025\/11\/wholesale-pasta-pot-3-150x150.webp 150w, https:\/\/www.purecook.com\/wp-content\/uploads\/2025\/11\/wholesale-pasta-pot-3-768x768.webp 768w, https:\/\/www.purecook.com\/wp-content\/uploads\/2025\/11\/wholesale-pasta-pot-3-12x12.webp 12w, https:\/\/www.purecook.com\/wp-content\/uploads\/2025\/11\/wholesale-pasta-pot-3-600x600.webp 600w, https:\/\/www.purecook.com\/wp-content\/uploads\/2025\/11\/wholesale-pasta-pot-3-100x100.webp 100w\" sizes=\"(max-width: 800px) 100vw, 800px\" \/><\/figure>\n<\/div>\n\n\n\n<div class=\"wp-block-column is-layout-flow wp-block-column-is-layout-flow\">\n<figure class=\"wp-block-image size-full\"><img decoding=\"async\" width=\"800\" height=\"800\" src=\"https:\/\/www.purecook.com\/wp-content\/uploads\/2025\/11\/wholesale-pasta-pot-dimensions.webp\" alt=\"dimensions de la marmite \u00e0 p\u00e2tes en gros\" class=\"wp-image-4887\" srcset=\"https:\/\/www.purecook.com\/wp-content\/uploads\/2025\/11\/wholesale-pasta-pot-dimensions.webp 800w, https:\/\/www.purecook.com\/wp-content\/uploads\/2025\/11\/wholesale-pasta-pot-dimensions-300x300.webp 300w, https:\/\/www.purecook.com\/wp-content\/uploads\/2025\/11\/wholesale-pasta-pot-dimensions-150x150.webp 150w, https:\/\/www.purecook.com\/wp-content\/uploads\/2025\/11\/wholesale-pasta-pot-dimensions-768x768.webp 768w, https:\/\/www.purecook.com\/wp-content\/uploads\/2025\/11\/wholesale-pasta-pot-dimensions-12x12.webp 12w, https:\/\/www.purecook.com\/wp-content\/uploads\/2025\/11\/wholesale-pasta-pot-dimensions-600x600.webp 600w, https:\/\/www.purecook.com\/wp-content\/uploads\/2025\/11\/wholesale-pasta-pot-dimensions-100x100.webp 100w\" sizes=\"(max-width: 800px) 100vw, 800px\" \/><\/figure>\n<\/div>\n<\/div>\n\n\n\n<div class=\"wp-block-columns is-layout-flex wp-container-core-columns-is-layout-9d6595d7 wp-block-columns-is-layout-flex\">\n<div class=\"wp-block-column is-layout-flow wp-block-column-is-layout-flow\"><\/div>\n\n\n\n<div class=\"wp-block-column is-layout-flow wp-block-column-is-layout-flow\"><\/div>\n<\/div>","protected":false},"excerpt":{"rendered":"<p>Nous vous invitons \u00e0 passer des commandes en gros pour nos marmites \u00e0 p\u00e2tes. Elle sert \u00e0 la fois de marmite \u00e0 soupe de grande capacit\u00e9 et de marmite \u00e0 p\u00e2tes efficace, ce qui permet d'optimiser l'espace dans la cuisine. Sa grande capacit\u00e9 est parfaite pour la cuisson d'une grande marmite de p\u00e2tes ou la pr\u00e9paration de diverses soupes chaudes pour les restaurants ou les petits restaurants, r\u00e9pondant ainsi aux besoins des familles nombreuses et des petits restaurants. Contactez-nous pour un devis.<\/p>\n<h2>Caract\u00e9ristiques de la marmite \u00e0 p\u00e2tes en acier inoxydable<\/h2>\n<p><strong>Excellente marmite \u00e0 p\u00e2tes :<\/strong> Livr\u00e9 avec une passoire amovible, vous permettant d'\u00e9goutter facilement les nouilles cuites directement dans l'\u00e9vier sans avoir besoin d'une passoire s\u00e9par\u00e9e.<\/p>\n<p><strong>Facile \u00e0 nettoyer et \u00e0 entretenir :<\/strong> Notre marmite \u00e0 p\u00e2tes en gros est fabriqu\u00e9e en acier inoxydable durable et peut \u00eatre lav\u00e9e au lave-vaisselle, ce qui vous permet d'\u00e9conomiser du temps de nettoyage.<\/p>\n<p><strong>Conception pratique :<\/strong> La marmite principale et la marmite int\u00e9rieure sont dot\u00e9es de poign\u00e9es lat\u00e9rales robustes, ce qui permet de les soulever facilement et en toute s\u00e9curit\u00e9, m\u00eame lorsqu'elles sont pleines.<\/p>\n<p><strong>Grande capacit\u00e9 :<\/strong> Avec un diam\u00e8tre de 22 cm, la marmite peut cuire plus d'aliments \u00e0 la fois, ce qui convient aux restaurants commerciaux ou aux familles nombreuses.<\/p>\n<p><strong>Support OEM :<\/strong> Nous offrons des services de personnalisation complets, y compris la gravure du logo de la marque, la s\u00e9lection de diff\u00e9rents mat\u00e9riaux ou finitions de surface, des ajustements de capacit\u00e9, etc., id\u00e9al pour les cha\u00eenes de restaurants, les h\u00f4tels et les grossistes.<\/p>","protected":false},"featured_media":4882,"comment_status":"closed","ping_status":"closed","template":"","meta":{"_acf_changed":false},"product_brand":[],"product_cat":[70,24],"product_tag":[97],"class_list":{"0":"post-4881","1":"product","2":"type-product","3":"status-publish","4":"has-post-thumbnail","6":"product_cat-soup-and-stock-pots","7":"product_cat-cookware","8":"product_tag-wholesale-commercial-cookware","10":"first","11":"instock","12":"shipping-taxable","13":"product-type-simple"},"acf":[],"_links":{"self":[{"href":"https:\/\/www.purecook.com\/fr\/wp-json\/wp\/v2\/product\/4881","targetHints":{"allow":["GET"]}}],"collection":[{"href":"https:\/\/www.purecook.com\/fr\/wp-json\/wp\/v2\/product"}],"about":[{"href":"https:\/\/www.purecook.com\/fr\/wp-json\/wp\/v2\/types\/product"}],"replies":[{"embeddable":true,"href":"https:\/\/www.purecook.com\/fr\/wp-json\/wp\/v2\/comments?post=4881"}],"wp:featuredmedia":[{"embeddable":true,"href":"https:\/\/www.purecook.com\/fr\/wp-json\/wp\/v2\/media\/4882"}],"wp:attachment":[{"href":"https:\/\/www.purecook.com\/fr\/wp-json\/wp\/v2\/media?parent=4881"}],"wp:term":[{"taxonomy":"product_brand","embeddable":true,"href":"https:\/\/www.purecook.com\/fr\/wp-json\/wp\/v2\/product_brand?post=4881"},{"taxonomy":"product_cat","embeddable":true,"href":"https:\/\/www.purecook.com\/fr\/wp-json\/wp\/v2\/product_cat?post=4881"},{"taxonomy":"product_tag","embeddable":true,"href":"https:\/\/www.purecook.com\/fr\/wp-json\/wp\/v2\/product_tag?post=4881"}],"curies":[{"name":"wp","href":"https:\/\/api.w.org\/{rel}","templated":true}]}}