{"id":4891,"date":"2025-11-01T11:14:16","date_gmt":"2025-11-01T03:14:16","guid":{"rendered":"https:\/\/www.purecook.com\/?post_type=product&#038;p=4891"},"modified":"2025-11-01T11:39:10","modified_gmt":"2025-11-01T03:39:10","slug":"wholesale-3-piece-stainless-steel-mixing-bowl-set","status":"publish","type":"product","link":"https:\/\/www.purecook.com\/fr\/product\/wholesale-3-piece-stainless-steel-mixing-bowl-set\/","title":{"rendered":"Wholesale Stainless Steel Mixing Bowls, 3-piece Stackable Set (Bols \u00e0 m\u00e9langer en acier inoxydable, 3 pi\u00e8ces empilables)"},"content":{"rendered":"<div class=\"wp-block-columns is-layout-flex wp-container-core-columns-is-layout-9d6595d7 wp-block-columns-is-layout-flex\">\n<div class=\"wp-block-column is-layout-flow wp-block-column-is-layout-flow\">\n<h3 class=\"wp-block-heading\">Param\u00e8tres de l'ensemble de bols \u00e0 m\u00e9langer<\/h3>\n\n\n\n<p><strong>Mat\u00e9riau :<\/strong> SUS#201<br><strong>\u00c9paisseur normale :<\/strong> 0,5 mm<br><strong>Couleur : <\/strong>Beige<br><strong>Processus :<\/strong> peinture c\u00e9ramique ext\u00e9rieure et pon\u00e7age int\u00e9rieur<br><strong>Sp\u00e9cifications : <\/strong>20\u00d79.7cm ; 24\u00d710.8cm ; 28\u00d712cm ;<br><strong>Diam\u00e8tre 1 :<\/strong>  20,4cm ; 24,9cm ; 28,9cm (diam\u00e8tre ext\u00e9rieur)<br><strong>Diam\u00e8tre 2 : <\/strong>21,2 ; 25,2cm ; 29,4cm (avec diam\u00e8tre ext\u00e9rieur de la d\u00e9rivation)<br><strong>Hauteur :<\/strong> 9.7cm ; 10.8cm ; 12cm<br>Poids : 235g ; 330g ; 405g<br><strong>Bo\u00eete de couleur Taille : <\/strong>29,6 \u00d7 12,5 \u00d7 29,4cm<br><strong>Taille de la bo\u00eete ext\u00e9rieure : <\/strong>64,5 \u00d7 31,5 \u00d7 62cm<br><strong>Poids net\/poids brut :<\/strong> 12.2kg\/14.2kg<br><strong>Quantit\u00e9 d'emballage : <\/strong>10 sets\/bo\u00eete<\/p>\n<\/div>\n\n\n\n<div class=\"wp-block-column is-layout-flow wp-block-column-is-layout-flow\">\n<h3 class=\"wp-block-heading\">Options de bols \u00e0 m\u00e9langer personnalis\u00e9s<\/h3>\n\n\n\n<p><strong>Logo :<\/strong> Personnalisable avec le logo de votre marque<br><strong>Emballage :<\/strong>\u00a0Bo\u00eete de couleur\/Carton, etc.<\/p>\n<\/div>\n<\/div>\n\n\n\n<div class=\"wp-block-columns is-layout-flex wp-container-core-columns-is-layout-9d6595d7 wp-block-columns-is-layout-flex\">\n<div class=\"wp-block-column is-layout-flow wp-block-column-is-layout-flow\">\n<figure class=\"wp-block-image size-full\"><img decoding=\"async\" width=\"800\" height=\"800\" src=\"https:\/\/www.purecook.com\/wp-content\/uploads\/2025\/11\/wholesale-stainless-steel-mixing-bowl-5.webp\" alt=\"bol \u00e0 m\u00e9langer en gros en acier inoxydable (5)\" class=\"wp-image-4896\" srcset=\"https:\/\/www.purecook.com\/wp-content\/uploads\/2025\/11\/wholesale-stainless-steel-mixing-bowl-5.webp 800w, https:\/\/www.purecook.com\/wp-content\/uploads\/2025\/11\/wholesale-stainless-steel-mixing-bowl-5-300x300.webp 300w, https:\/\/www.purecook.com\/wp-content\/uploads\/2025\/11\/wholesale-stainless-steel-mixing-bowl-5-150x150.webp 150w, https:\/\/www.purecook.com\/wp-content\/uploads\/2025\/11\/wholesale-stainless-steel-mixing-bowl-5-768x768.webp 768w, https:\/\/www.purecook.com\/wp-content\/uploads\/2025\/11\/wholesale-stainless-steel-mixing-bowl-5-12x12.webp 12w, https:\/\/www.purecook.com\/wp-content\/uploads\/2025\/11\/wholesale-stainless-steel-mixing-bowl-5-600x600.webp 600w, https:\/\/www.purecook.com\/wp-content\/uploads\/2025\/11\/wholesale-stainless-steel-mixing-bowl-5-100x100.webp 100w\" sizes=\"(max-width: 800px) 100vw, 800px\" \/><\/figure>\n<\/div>\n\n\n\n<div class=\"wp-block-column is-layout-flow wp-block-column-is-layout-flow\">\n<figure class=\"wp-block-image size-full\"><img decoding=\"async\" width=\"800\" height=\"800\" src=\"https:\/\/www.purecook.com\/wp-content\/uploads\/2025\/11\/wholesale-stainless-steel-mixing-bowl-6.webp\" alt=\"bol \u00e0 m\u00e9langer en gros en acier inoxydable (6)\" class=\"wp-image-4897\" srcset=\"https:\/\/www.purecook.com\/wp-content\/uploads\/2025\/11\/wholesale-stainless-steel-mixing-bowl-6.webp 800w, https:\/\/www.purecook.com\/wp-content\/uploads\/2025\/11\/wholesale-stainless-steel-mixing-bowl-6-300x300.webp 300w, https:\/\/www.purecook.com\/wp-content\/uploads\/2025\/11\/wholesale-stainless-steel-mixing-bowl-6-150x150.webp 150w, https:\/\/www.purecook.com\/wp-content\/uploads\/2025\/11\/wholesale-stainless-steel-mixing-bowl-6-768x768.webp 768w, https:\/\/www.purecook.com\/wp-content\/uploads\/2025\/11\/wholesale-stainless-steel-mixing-bowl-6-12x12.webp 12w, https:\/\/www.purecook.com\/wp-content\/uploads\/2025\/11\/wholesale-stainless-steel-mixing-bowl-6-600x600.webp 600w, https:\/\/www.purecook.com\/wp-content\/uploads\/2025\/11\/wholesale-stainless-steel-mixing-bowl-6-100x100.webp 100w\" sizes=\"(max-width: 800px) 100vw, 800px\" \/><\/figure>\n<\/div>\n<\/div>\n\n\n\n<div class=\"wp-block-columns is-layout-flex wp-container-core-columns-is-layout-9d6595d7 wp-block-columns-is-layout-flex\">\n<div class=\"wp-block-column is-layout-flow wp-block-column-is-layout-flow\"><\/div>\n\n\n\n<div class=\"wp-block-column is-layout-flow wp-block-column-is-layout-flow\"><\/div>\n<\/div>","protected":false},"excerpt":{"rendered":"<p>Nous vous invitons \u00e0 acheter nos bols \u00e0 m\u00e9langer en gros. Leurs principales caract\u00e9ristiques comprennent des graduations internes pour une mesure pr\u00e9cise des ingr\u00e9dients et un bec verseur pratique pour une distribution ais\u00e9e des liquides et des p\u00e2tes. Cette s\u00e9rie est disponible en trois tailles pour un empilage parfait et un design peu encombrant. Contactez-nous pour un prix de gros.<\/p>\n<h2>Caract\u00e9ristiques du bol \u00e0 m\u00e9langer en acier inoxydable<\/h2>\n<p><strong>Design \u00e9l\u00e9gant et pratique :<\/strong> Nos bols \u00e0 m\u00e9langer en gros pr\u00e9sentent un design \u00e9l\u00e9gant et moderne avec un rev\u00eatement de couleur c\u00e9ramique, ce qui les rend attrayants pour la pr\u00e9paration et le service des aliments.<\/p>\n<p><strong>Mat\u00e9riaux durables et sans danger pour les aliments :<\/strong> Le rev\u00eatement int\u00e9rieur de nos bols \u00e0 m\u00e9langer en gros est en acier inoxydable, qui est r\u00e9sistant \u00e0 la rouille et non r\u00e9actif, ce qui les rend s\u00fbrs pour m\u00e9langer une vari\u00e9t\u00e9 d'aliments.<\/p>\n<p><strong>Bec verseur facile :<\/strong> Chaque bol est dot\u00e9 d'un bec verseur sur le bord pour verser les p\u00e2tes, les sauces ou les liquides sans faire de d\u00e9g\u00e2ts.<\/p>\n<p><strong>Graduations int\u00e9gr\u00e9es pratiques :<\/strong> Les bols sont munis de rep\u00e8res gradu\u00e9s \u00e0 l'int\u00e9rieur, ce qui \u00e9vite d'avoir \u00e0 utiliser des tasses \u00e0 mesurer s\u00e9par\u00e9es pour ajouter des liquides, ce qui permet de gagner du temps et de simplifier la cuisine et la p\u00e2tisserie.<\/p>\n<p><strong>Conception d'embo\u00eetement permettant de gagner de la place :<\/strong> Cet ensemble comprend plusieurs tailles et est parfaitement embo\u00eetable, ce qui permet d'\u00e9conomiser de l'espace dans les armoires.<\/p>\n<p><strong>Polyvalence :<\/strong> Ces bols conviennent \u00e0 un grand nombre de t\u00e2ches culinaires, notamment pour m\u00e9langer les p\u00e2tes \u00e0 g\u00e2teau, battre les \u0153ufs, m\u00e9langer les salades, faire mariner les viandes ou simplement servir les aliments.<\/p>","protected":false},"featured_media":4892,"comment_status":"closed","ping_status":"closed","template":"","meta":{"_acf_changed":false},"product_brand":[],"product_cat":[52,90],"product_tag":[],"class_list":{"0":"post-4891","1":"product","2":"type-product","3":"status-publish","4":"has-post-thumbnail","6":"product_cat-kitchen-utensils","7":"product_cat-mixing-bowl","9":"first","10":"instock","11":"shipping-taxable","12":"product-type-simple"},"acf":[],"_links":{"self":[{"href":"https:\/\/www.purecook.com\/fr\/wp-json\/wp\/v2\/product\/4891","targetHints":{"allow":["GET"]}}],"collection":[{"href":"https:\/\/www.purecook.com\/fr\/wp-json\/wp\/v2\/product"}],"about":[{"href":"https:\/\/www.purecook.com\/fr\/wp-json\/wp\/v2\/types\/product"}],"replies":[{"embeddable":true,"href":"https:\/\/www.purecook.com\/fr\/wp-json\/wp\/v2\/comments?post=4891"}],"wp:featuredmedia":[{"embeddable":true,"href":"https:\/\/www.purecook.com\/fr\/wp-json\/wp\/v2\/media\/4892"}],"wp:attachment":[{"href":"https:\/\/www.purecook.com\/fr\/wp-json\/wp\/v2\/media?parent=4891"}],"wp:term":[{"taxonomy":"product_brand","embeddable":true,"href":"https:\/\/www.purecook.com\/fr\/wp-json\/wp\/v2\/product_brand?post=4891"},{"taxonomy":"product_cat","embeddable":true,"href":"https:\/\/www.purecook.com\/fr\/wp-json\/wp\/v2\/product_cat?post=4891"},{"taxonomy":"product_tag","embeddable":true,"href":"https:\/\/www.purecook.com\/fr\/wp-json\/wp\/v2\/product_tag?post=4891"}],"curies":[{"name":"wp","href":"https:\/\/api.w.org\/{rel}","templated":true}]}}