{"id":4899,"date":"2025-11-01T11:43:11","date_gmt":"2025-11-01T03:43:11","guid":{"rendered":"https:\/\/www.purecook.com\/?post_type=product&#038;p=4899"},"modified":"2025-11-01T12:06:24","modified_gmt":"2025-11-01T04:06:24","slug":"wholesale-stainless-steel-outdoor-camping-hanging-pot","status":"publish","type":"product","link":"https:\/\/www.purecook.com\/fr\/product\/wholesale-stainless-steel-outdoor-camping-hanging-pot\/","title":{"rendered":"Marmite de camping suspendue en acier inoxydable, pour une cuisson efficace du riz et de la soupe"},"content":{"rendered":"<div class=\"wp-block-columns is-layout-flex wp-container-core-columns-is-layout-9d6595d7 wp-block-columns-is-layout-flex\">\n<div class=\"wp-block-column is-layout-flow wp-block-column-is-layout-flow\">\n<h3 class=\"wp-block-heading\">Param\u00e8tres de la marmite de camping suspendue<\/h3>\n\n\n\n<p><strong>Mat\u00e9riau :<\/strong> SUS#304<br><strong>Le fond : <\/strong>Induction Fond sandwich (SUS201+Alu.+SUS)<br><strong>Logo : <\/strong>Logo laser<br><strong>Taille :<\/strong> 20cm<\/p>\n<\/div>\n\n\n\n<div class=\"wp-block-column is-layout-flow wp-block-column-is-layout-flow\">\n<h3 class=\"wp-block-heading\">Options d'ustensiles de cuisine personnalis\u00e9s<\/h3>\n\n\n\n<p><strong>Logo :<\/strong> Personnalisable avec le logo de votre marque<br><strong>Emballage :<\/strong>\u00a0Bo\u00eete de couleur\/Carton, etc.<\/p>\n<\/div>\n<\/div>\n\n\n\n<div class=\"wp-block-columns is-layout-flex wp-container-core-columns-is-layout-9d6595d7 wp-block-columns-is-layout-flex\">\n<div class=\"wp-block-column is-layout-flow wp-block-column-is-layout-flow\">\n<figure class=\"wp-block-image size-full\"><img decoding=\"async\" width=\"800\" height=\"800\" src=\"https:\/\/www.purecook.com\/wp-content\/uploads\/2025\/11\/camping-pot-for-cooking-rice-and-soup-5.webp\" alt=\"marmite de camping pour la cuisson du riz et de la soupe (5)\" class=\"wp-image-4904\" srcset=\"https:\/\/www.purecook.com\/wp-content\/uploads\/2025\/11\/camping-pot-for-cooking-rice-and-soup-5.webp 800w, https:\/\/www.purecook.com\/wp-content\/uploads\/2025\/11\/camping-pot-for-cooking-rice-and-soup-5-300x300.webp 300w, https:\/\/www.purecook.com\/wp-content\/uploads\/2025\/11\/camping-pot-for-cooking-rice-and-soup-5-150x150.webp 150w, https:\/\/www.purecook.com\/wp-content\/uploads\/2025\/11\/camping-pot-for-cooking-rice-and-soup-5-768x768.webp 768w, https:\/\/www.purecook.com\/wp-content\/uploads\/2025\/11\/camping-pot-for-cooking-rice-and-soup-5-12x12.webp 12w, https:\/\/www.purecook.com\/wp-content\/uploads\/2025\/11\/camping-pot-for-cooking-rice-and-soup-5-600x600.webp 600w, https:\/\/www.purecook.com\/wp-content\/uploads\/2025\/11\/camping-pot-for-cooking-rice-and-soup-5-100x100.webp 100w\" sizes=\"(max-width: 800px) 100vw, 800px\" \/><\/figure>\n<\/div>\n\n\n\n<div class=\"wp-block-column is-layout-flow wp-block-column-is-layout-flow\">\n<figure class=\"wp-block-image size-full\"><img decoding=\"async\" width=\"800\" height=\"800\" src=\"https:\/\/www.purecook.com\/wp-content\/uploads\/2025\/11\/camping-pot-for-cooking-rice-and-soup-6.webp\" alt=\"marmite de camping pour la cuisson du riz et de la soupe (6)\" class=\"wp-image-4905\" srcset=\"https:\/\/www.purecook.com\/wp-content\/uploads\/2025\/11\/camping-pot-for-cooking-rice-and-soup-6.webp 800w, https:\/\/www.purecook.com\/wp-content\/uploads\/2025\/11\/camping-pot-for-cooking-rice-and-soup-6-300x300.webp 300w, https:\/\/www.purecook.com\/wp-content\/uploads\/2025\/11\/camping-pot-for-cooking-rice-and-soup-6-150x150.webp 150w, https:\/\/www.purecook.com\/wp-content\/uploads\/2025\/11\/camping-pot-for-cooking-rice-and-soup-6-768x768.webp 768w, https:\/\/www.purecook.com\/wp-content\/uploads\/2025\/11\/camping-pot-for-cooking-rice-and-soup-6-12x12.webp 12w, https:\/\/www.purecook.com\/wp-content\/uploads\/2025\/11\/camping-pot-for-cooking-rice-and-soup-6-600x600.webp 600w, https:\/\/www.purecook.com\/wp-content\/uploads\/2025\/11\/camping-pot-for-cooking-rice-and-soup-6-100x100.webp 100w\" sizes=\"(max-width: 800px) 100vw, 800px\" \/><\/figure>\n<\/div>\n<\/div>\n\n\n\n<div class=\"wp-block-columns is-layout-flex wp-container-core-columns-is-layout-9d6595d7 wp-block-columns-is-layout-flex\">\n<div class=\"wp-block-column is-layout-flow wp-block-column-is-layout-flow\"><\/div>\n\n\n\n<div class=\"wp-block-column is-layout-flow wp-block-column-is-layout-flow\"><\/div>\n<\/div>","protected":false},"excerpt":{"rendered":"<p>Nous vous invitons \u00e0 acheter notre marmite de camping en gros. Fabriqu\u00e9e en acier inoxydable de qualit\u00e9 alimentaire, cette marmite ne rouille pas, r\u00e9siste \u00e0 la corrosion et aux temp\u00e9ratures extr\u00eames, ce qui la rend id\u00e9ale pour les environnements ext\u00e9rieurs. La base est en acier inoxydable triple \u00e9paisseur, ce qui permet de cuisiner efficacement \u00e0 l'ext\u00e9rieur. Les grossistes et les d\u00e9taillants sont invit\u00e9s \u00e0 nous contacter pour obtenir un devis.<\/p>\n<h2>Caract\u00e9ristiques de la marmite de camping suspendue en acier inoxydable<\/h2>\n<p><strong>Cuisine polyvalente pour l'ext\u00e9rieur :<\/strong> La marmite de camping est dot\u00e9e d'une solide poign\u00e9e de suspension, id\u00e9ale pour cuisiner sur une flamme nue ou sur un tr\u00e9pied.<\/p>\n<p><strong>Mat\u00e9riaux durables et adapt\u00e9s au camping :<\/strong> Fabriqu\u00e9e en acier inoxydable durable, r\u00e9sistant \u00e0 la rouille et \u00e0 la corrosion, la marmite peut r\u00e9sister aux environnements difficiles du camping en plein air.<\/p>\n<p><strong>Conductivit\u00e9 thermique sup\u00e9rieure :<\/strong> Le fond de la marmite de camping Wholesale est en acier inoxydable triple \u00e9paisseur, offrant une excellente conductivit\u00e9 thermique pour un chauffage plus rapide.<\/p>\n<p><strong>Facile \u00e0 manipuler et portable :<\/strong> La grande poign\u00e9e m\u00e9tallique permet de le suspendre, de l'\u00e9loigner des sources de chaleur et de le transporter facilement, ce qui facilite son utilisation dans les environnements ext\u00e9rieurs.<\/p>","protected":false},"featured_media":4900,"comment_status":"closed","ping_status":"closed","template":"","meta":{"_acf_changed":false},"product_brand":[],"product_cat":[24],"product_tag":[96],"class_list":{"0":"post-4899","1":"product","2":"type-product","3":"status-publish","4":"has-post-thumbnail","6":"product_cat-cookware","7":"product_tag-wholesale-outdoor-cookware","9":"first","10":"instock","11":"shipping-taxable","12":"product-type-simple"},"acf":[],"_links":{"self":[{"href":"https:\/\/www.purecook.com\/fr\/wp-json\/wp\/v2\/product\/4899","targetHints":{"allow":["GET"]}}],"collection":[{"href":"https:\/\/www.purecook.com\/fr\/wp-json\/wp\/v2\/product"}],"about":[{"href":"https:\/\/www.purecook.com\/fr\/wp-json\/wp\/v2\/types\/product"}],"replies":[{"embeddable":true,"href":"https:\/\/www.purecook.com\/fr\/wp-json\/wp\/v2\/comments?post=4899"}],"wp:featuredmedia":[{"embeddable":true,"href":"https:\/\/www.purecook.com\/fr\/wp-json\/wp\/v2\/media\/4900"}],"wp:attachment":[{"href":"https:\/\/www.purecook.com\/fr\/wp-json\/wp\/v2\/media?parent=4899"}],"wp:term":[{"taxonomy":"product_brand","embeddable":true,"href":"https:\/\/www.purecook.com\/fr\/wp-json\/wp\/v2\/product_brand?post=4899"},{"taxonomy":"product_cat","embeddable":true,"href":"https:\/\/www.purecook.com\/fr\/wp-json\/wp\/v2\/product_cat?post=4899"},{"taxonomy":"product_tag","embeddable":true,"href":"https:\/\/www.purecook.com\/fr\/wp-json\/wp\/v2\/product_tag?post=4899"}],"curies":[{"name":"wp","href":"https:\/\/api.w.org\/{rel}","templated":true}]}}