{"id":4907,"date":"2025-11-01T14:20:28","date_gmt":"2025-11-01T06:20:28","guid":{"rendered":"https:\/\/www.purecook.com\/?post_type=product&#038;p=4907"},"modified":"2025-11-01T14:34:57","modified_gmt":"2025-11-01T06:34:57","slug":"wholesale-stainless-steel-steamed-meat-cookware","status":"publish","type":"product","link":"https:\/\/www.purecook.com\/fr\/product\/wholesale-stainless-steel-steamed-meat-cookware\/","title":{"rendered":"Cuisson \u00e0 la vapeur sans fum\u00e9e en acier inoxydable, marmite pour viande cuite \u00e0 la vapeur"},"content":{"rendered":"<div class=\"wp-block-columns is-layout-flex wp-container-core-columns-is-layout-9d6595d7 wp-block-columns-is-layout-flex\">\n<div class=\"wp-block-column is-layout-flow wp-block-column-is-layout-flow\">\n<h3 class=\"wp-block-heading\">Param\u00e8tres des ustensiles de cuisine \u00e0 vapeur sans fum\u00e9e<\/h3>\n\n\n\n<p><strong>Mat\u00e9riau :<\/strong> Acier inoxydable 201<br><strong>\u00c9paisseur normale : <\/strong>grille \u00e0 vapeur 0,6 mm ; plateau 0,5 mm<br><strong>Logo : <\/strong>Logo laser<\/p>\n<\/div>\n\n\n\n<div class=\"wp-block-column is-layout-flow wp-block-column-is-layout-flow\">\n<h3 class=\"wp-block-heading\">Options d'ustensiles de cuisine personnalis\u00e9s<\/h3>\n\n\n\n<p><strong>Logo :<\/strong> Personnalisable avec le logo de votre marque<br><strong>Emballage :<\/strong>&nbsp;Bo\u00eete de couleur\/Carton, etc.<br><strong>Poign\u00e9e : <\/strong>Une poign\u00e9e adapt\u00e9e \u00e0 votre style<\/p>\n<\/div>\n<\/div>\n\n\n\n<div class=\"wp-block-columns is-layout-flex wp-container-core-columns-is-layout-9d6595d7 wp-block-columns-is-layout-flex\">\n<div class=\"wp-block-column is-layout-flow wp-block-column-is-layout-flow\"><\/div>\n\n\n\n<div class=\"wp-block-column is-layout-flow wp-block-column-is-layout-flow\"><\/div>\n<\/div>\n\n\n\n<div class=\"wp-block-columns is-layout-flex wp-container-core-columns-is-layout-9d6595d7 wp-block-columns-is-layout-flex\">\n<div class=\"wp-block-column is-layout-flow wp-block-column-is-layout-flow\">\n<figure class=\"wp-block-image size-full\"><img decoding=\"async\" width=\"800\" height=\"800\" src=\"https:\/\/www.purecook.com\/wp-content\/uploads\/2025\/11\/smokeless-steam-cookware-6.webp\" alt=\"ustensiles de cuisine \u00e0 vapeur sans fum\u00e9e (6)\" class=\"wp-image-4920\" srcset=\"https:\/\/www.purecook.com\/wp-content\/uploads\/2025\/11\/smokeless-steam-cookware-6.webp 800w, https:\/\/www.purecook.com\/wp-content\/uploads\/2025\/11\/smokeless-steam-cookware-6-300x300.webp 300w, https:\/\/www.purecook.com\/wp-content\/uploads\/2025\/11\/smokeless-steam-cookware-6-150x150.webp 150w, https:\/\/www.purecook.com\/wp-content\/uploads\/2025\/11\/smokeless-steam-cookware-6-768x768.webp 768w, https:\/\/www.purecook.com\/wp-content\/uploads\/2025\/11\/smokeless-steam-cookware-6-12x12.webp 12w, https:\/\/www.purecook.com\/wp-content\/uploads\/2025\/11\/smokeless-steam-cookware-6-600x600.webp 600w, https:\/\/www.purecook.com\/wp-content\/uploads\/2025\/11\/smokeless-steam-cookware-6-100x100.webp 100w\" sizes=\"(max-width: 800px) 100vw, 800px\" \/><\/figure>\n<\/div>\n\n\n\n<div class=\"wp-block-column is-layout-flow wp-block-column-is-layout-flow\">\n<figure class=\"wp-block-image size-full\"><img decoding=\"async\" width=\"800\" height=\"800\" src=\"https:\/\/www.purecook.com\/wp-content\/uploads\/2025\/11\/smokeless-steam-cookware-7.webp\" alt=\"ustensiles de cuisine \u00e0 vapeur sans fum\u00e9e (7)\" class=\"wp-image-4921\" srcset=\"https:\/\/www.purecook.com\/wp-content\/uploads\/2025\/11\/smokeless-steam-cookware-7.webp 800w, https:\/\/www.purecook.com\/wp-content\/uploads\/2025\/11\/smokeless-steam-cookware-7-300x300.webp 300w, https:\/\/www.purecook.com\/wp-content\/uploads\/2025\/11\/smokeless-steam-cookware-7-150x150.webp 150w, https:\/\/www.purecook.com\/wp-content\/uploads\/2025\/11\/smokeless-steam-cookware-7-768x768.webp 768w, https:\/\/www.purecook.com\/wp-content\/uploads\/2025\/11\/smokeless-steam-cookware-7-12x12.webp 12w, https:\/\/www.purecook.com\/wp-content\/uploads\/2025\/11\/smokeless-steam-cookware-7-600x600.webp 600w, https:\/\/www.purecook.com\/wp-content\/uploads\/2025\/11\/smokeless-steam-cookware-7-100x100.webp 100w\" sizes=\"(max-width: 800px) 100vw, 800px\" \/><\/figure>\n<\/div>\n<\/div>","protected":false},"excerpt":{"rendered":"<p>Marmite en acier inoxydable sans fum\u00e9e pour grillades et cuisson \u00e0 la vapeur sur table. Parfait pour les grillades \u00e0 la vapeur, les hot pot et les boulettes sur les br\u00fbleurs \u00e0 induction ou \u00e0 gaz.<\/p>\n<h2>Caract\u00e9ristiques de la batterie de cuisine \u00e0 vapeur sans fum\u00e9e en acier inoxydable<\/h2>\n<p><strong>M\u00e9thodes de cuisson polyvalentes :<\/strong> Ce produit est parfait pour les grillades \u00e0 la vapeur ou sans fum\u00e9e. La plaque perfor\u00e9e permet \u00e0 la graisse de s'\u00e9goutter dans la plaque inf\u00e9rieure, tandis que la vapeur maintient la viande\/les aliments humides.<\/p>\n<p><strong>Cuisine saine :<\/strong> Il facilite la cuisson \u00e0 la vapeur, une m\u00e9thode de cuisson saine qui emprisonne les nutriments et les saveurs sans exc\u00e8s d'huile.<\/p>\n<p><strong>Utilisation portable :<\/strong> Cette marmite a la taille id\u00e9ale pour le gaz portable, id\u00e9al pour la cuisine sociale, sur table, comme les hot pot ou les soir\u00e9es barbecue.<\/p>\n<p><strong>Durable et facile \u00e0 entretenir :<\/strong> L'ensemble du produit est fabriqu\u00e9 en acier inoxydable, ce qui le rend robuste et durable. Plus important encore, il peut \u00eatre lav\u00e9 au lave-vaisselle, ce qui permet un nettoyage rapide et facile.<\/p>","protected":false},"featured_media":4915,"comment_status":"closed","ping_status":"closed","template":"","meta":{"_acf_changed":false},"product_brand":[],"product_cat":[24],"product_tag":[],"class_list":{"0":"post-4907","1":"product","2":"type-product","3":"status-publish","4":"has-post-thumbnail","6":"product_cat-cookware","8":"first","9":"instock","10":"shipping-taxable","11":"product-type-simple"},"acf":[],"_links":{"self":[{"href":"https:\/\/www.purecook.com\/fr\/wp-json\/wp\/v2\/product\/4907","targetHints":{"allow":["GET"]}}],"collection":[{"href":"https:\/\/www.purecook.com\/fr\/wp-json\/wp\/v2\/product"}],"about":[{"href":"https:\/\/www.purecook.com\/fr\/wp-json\/wp\/v2\/types\/product"}],"replies":[{"embeddable":true,"href":"https:\/\/www.purecook.com\/fr\/wp-json\/wp\/v2\/comments?post=4907"}],"wp:featuredmedia":[{"embeddable":true,"href":"https:\/\/www.purecook.com\/fr\/wp-json\/wp\/v2\/media\/4915"}],"wp:attachment":[{"href":"https:\/\/www.purecook.com\/fr\/wp-json\/wp\/v2\/media?parent=4907"}],"wp:term":[{"taxonomy":"product_brand","embeddable":true,"href":"https:\/\/www.purecook.com\/fr\/wp-json\/wp\/v2\/product_brand?post=4907"},{"taxonomy":"product_cat","embeddable":true,"href":"https:\/\/www.purecook.com\/fr\/wp-json\/wp\/v2\/product_cat?post=4907"},{"taxonomy":"product_tag","embeddable":true,"href":"https:\/\/www.purecook.com\/fr\/wp-json\/wp\/v2\/product_tag?post=4907"}],"curies":[{"name":"wp","href":"https:\/\/api.w.org\/{rel}","templated":true}]}}