{"id":4932,"date":"2025-11-13T15:07:03","date_gmt":"2025-11-13T07:07:03","guid":{"rendered":"https:\/\/www.purecook.com\/?post_type=product&#038;p=4932"},"modified":"2025-11-13T16:16:00","modified_gmt":"2025-11-13T08:16:00","slug":"wholesale-stainless-steel-nested-strainer-and-mixing-bowl-set","status":"publish","type":"product","link":"https:\/\/www.purecook.com\/fr\/product\/wholesale-stainless-steel-nested-strainer-and-mixing-bowl-set\/","title":{"rendered":"Wholesale Professional Grade 3-Piece Stainless Steel Nested Strainer and Mixing Bowl Set - for Washing, Draining, and Food Preparation"},"content":{"rendered":"<div class=\"wp-block-columns is-layout-flex wp-container-core-columns-is-layout-9d6595d7 wp-block-columns-is-layout-flex\">\n<div class=\"wp-block-column is-layout-flow wp-block-column-is-layout-flow\">\n<h3 class=\"wp-block-heading\">Param\u00e8tres de l'ensemble de 3 pi\u00e8ces de la passoire et du bol \u00e0 m\u00e9langer<\/h3>\n\n\n\n<p><strong>Mat\u00e9riau :<\/strong> Acier inoxydable 201\/304<br><strong>Logo : <\/strong>S\u00e9rigraphie\/Gravure au laser\/Tampon en relief<\/p>\n<\/div>\n\n\n\n<div class=\"wp-block-column is-layout-flow wp-block-column-is-layout-flow\">\n<h3 class=\"wp-block-heading\">Options personnalis\u00e9es<\/h3>\n\n\n\n<p><strong>Logo :<\/strong> Personnalisable avec le logo de votre marque<br><strong>Emballage :<\/strong>\u00a0Bo\u00eete de couleur \/ Carton, etc.<\/p>\n<\/div>\n<\/div>\n\n\n\n<div class=\"wp-block-columns is-layout-flex wp-container-core-columns-is-layout-9d6595d7 wp-block-columns-is-layout-flex\">\n<div class=\"wp-block-column is-layout-flow wp-block-column-is-layout-flow\">\n<figure class=\"wp-block-image size-full\"><img decoding=\"async\" width=\"800\" height=\"800\" src=\"https:\/\/www.purecook.com\/wp-content\/uploads\/2025\/11\/stainless-steel-nested-strainer-and-mixing-bowl-set-5.webp\" alt=\"ensemble de cr\u00e9pines embo\u00eet\u00e9es et de bols en acier inoxydable (5)\" class=\"wp-image-4937\" srcset=\"https:\/\/www.purecook.com\/wp-content\/uploads\/2025\/11\/stainless-steel-nested-strainer-and-mixing-bowl-set-5.webp 800w, https:\/\/www.purecook.com\/wp-content\/uploads\/2025\/11\/stainless-steel-nested-strainer-and-mixing-bowl-set-5-300x300.webp 300w, https:\/\/www.purecook.com\/wp-content\/uploads\/2025\/11\/stainless-steel-nested-strainer-and-mixing-bowl-set-5-150x150.webp 150w, https:\/\/www.purecook.com\/wp-content\/uploads\/2025\/11\/stainless-steel-nested-strainer-and-mixing-bowl-set-5-768x768.webp 768w, https:\/\/www.purecook.com\/wp-content\/uploads\/2025\/11\/stainless-steel-nested-strainer-and-mixing-bowl-set-5-12x12.webp 12w, https:\/\/www.purecook.com\/wp-content\/uploads\/2025\/11\/stainless-steel-nested-strainer-and-mixing-bowl-set-5-600x600.webp 600w, https:\/\/www.purecook.com\/wp-content\/uploads\/2025\/11\/stainless-steel-nested-strainer-and-mixing-bowl-set-5-100x100.webp 100w\" sizes=\"(max-width: 800px) 100vw, 800px\" \/><\/figure>\n<\/div>\n\n\n\n<div class=\"wp-block-column is-layout-flow wp-block-column-is-layout-flow\">\n<figure class=\"wp-block-image size-full\"><img decoding=\"async\" width=\"800\" height=\"800\" src=\"https:\/\/www.purecook.com\/wp-content\/uploads\/2025\/11\/stainless-steel-nested-strainer-and-mixing-bowl-set-6.webp\" alt=\"ensemble de cr\u00e9pines embo\u00eet\u00e9es et de bols en acier inoxydable (6)\" class=\"wp-image-4938\" srcset=\"https:\/\/www.purecook.com\/wp-content\/uploads\/2025\/11\/stainless-steel-nested-strainer-and-mixing-bowl-set-6.webp 800w, https:\/\/www.purecook.com\/wp-content\/uploads\/2025\/11\/stainless-steel-nested-strainer-and-mixing-bowl-set-6-300x300.webp 300w, https:\/\/www.purecook.com\/wp-content\/uploads\/2025\/11\/stainless-steel-nested-strainer-and-mixing-bowl-set-6-150x150.webp 150w, https:\/\/www.purecook.com\/wp-content\/uploads\/2025\/11\/stainless-steel-nested-strainer-and-mixing-bowl-set-6-768x768.webp 768w, https:\/\/www.purecook.com\/wp-content\/uploads\/2025\/11\/stainless-steel-nested-strainer-and-mixing-bowl-set-6-12x12.webp 12w, https:\/\/www.purecook.com\/wp-content\/uploads\/2025\/11\/stainless-steel-nested-strainer-and-mixing-bowl-set-6-600x600.webp 600w, https:\/\/www.purecook.com\/wp-content\/uploads\/2025\/11\/stainless-steel-nested-strainer-and-mixing-bowl-set-6-100x100.webp 100w\" sizes=\"(max-width: 800px) 100vw, 800px\" \/><\/figure>\n<\/div>\n<\/div>","protected":false},"excerpt":{"rendered":"<p>Cet ensemble de pr\u00e9paration de cuisine 3 en 1 en acier inoxydable empilable de premi\u00e8re qualit\u00e9 combine les fonctions de lavage, d'\u00e9gouttage et de m\u00e9lange en une seule unit\u00e9 compacte, ce qui en fait une solution id\u00e9ale pour la cuisine. Sa conception embo\u00eet\u00e9e permet de gagner de la place et de r\u00e9duire les co\u00fbts d'entreposage et d'exp\u00e9dition pour les d\u00e9taillants.<\/p>\n<p>En tant que <a href=\"https:\/\/www.purecook.com\/fr\/categorie-produit\/kitchen-utensils\/\" target=\"_blank\" rel=\"noopener\"><strong>fabricant d'ustensiles de cuisine<\/strong><\/a>, Nous nous engageons \u00e0 fournir des produits de cuisine de haute qualit\u00e9, pratiques et innovants aux clients du monde entier. N'h\u00e9sitez pas \u00e0 nous contacter !<\/p>\n<h2>Caract\u00e9ristiques de l'ensemble passoire et bol \u00e0 m\u00e9langer en acier inoxydable<\/h2>\n<p><strong>Polyvalence :<\/strong> Cet ensemble innovant de pr\u00e9paration des aliments 3 en 1 est con\u00e7u pour simplifier les multiples t\u00e2ches de la cuisine, en int\u00e9grant les fonctions de lavage, d'\u00e9gouttage et de pr\u00e9paration des aliments dans un design peu encombrant.<\/p>\n<p><strong>Peu encombrant :<\/strong> Con\u00e7u pour les cuisines modernes et compactes, cet ensemble de pr\u00e9paration des aliments pr\u00e9sente une structure empilable et embo\u00eetable pour une efficacit\u00e9 de stockage maximale.<\/p>\n<p><strong>Mat\u00e9riaux de qualit\u00e9 sup\u00e9rieure :<\/strong> Cet ensemble est fabriqu\u00e9 en acier inoxydable de premi\u00e8re qualit\u00e9 pour une durabilit\u00e9 et une qualit\u00e9 professionnelle.<\/p>\n<p><strong>S\u00e9curit\u00e9 alimentaire et non-r\u00e9activit\u00e9 :<\/strong> Convient \u00e0 tous les types d'aliments, y compris les ingr\u00e9dients acides ou huileux, sans affecter la saveur ou la s\u00e9curit\u00e9.<\/p>","protected":false},"featured_media":4934,"comment_status":"closed","ping_status":"closed","template":"","meta":{"_acf_changed":false},"product_brand":[],"product_cat":[52,65],"product_tag":[],"class_list":{"0":"post-4932","1":"product","2":"type-product","3":"status-publish","4":"has-post-thumbnail","6":"product_cat-kitchen-utensils","7":"product_cat-kitchen-strainer-and-colander","9":"first","10":"instock","11":"shipping-taxable","12":"product-type-simple"},"acf":[],"_links":{"self":[{"href":"https:\/\/www.purecook.com\/fr\/wp-json\/wp\/v2\/product\/4932","targetHints":{"allow":["GET"]}}],"collection":[{"href":"https:\/\/www.purecook.com\/fr\/wp-json\/wp\/v2\/product"}],"about":[{"href":"https:\/\/www.purecook.com\/fr\/wp-json\/wp\/v2\/types\/product"}],"replies":[{"embeddable":true,"href":"https:\/\/www.purecook.com\/fr\/wp-json\/wp\/v2\/comments?post=4932"}],"wp:featuredmedia":[{"embeddable":true,"href":"https:\/\/www.purecook.com\/fr\/wp-json\/wp\/v2\/media\/4934"}],"wp:attachment":[{"href":"https:\/\/www.purecook.com\/fr\/wp-json\/wp\/v2\/media?parent=4932"}],"wp:term":[{"taxonomy":"product_brand","embeddable":true,"href":"https:\/\/www.purecook.com\/fr\/wp-json\/wp\/v2\/product_brand?post=4932"},{"taxonomy":"product_cat","embeddable":true,"href":"https:\/\/www.purecook.com\/fr\/wp-json\/wp\/v2\/product_cat?post=4932"},{"taxonomy":"product_tag","embeddable":true,"href":"https:\/\/www.purecook.com\/fr\/wp-json\/wp\/v2\/product_tag?post=4932"}],"curies":[{"name":"wp","href":"https:\/\/api.w.org\/{rel}","templated":true}]}}