{"id":5036,"date":"2024-05-01T08:40:00","date_gmt":"2024-05-01T00:40:00","guid":{"rendered":"https:\/\/www.purecook.com\/?post_type=product&#038;p=5036"},"modified":"2025-11-26T09:02:56","modified_gmt":"2025-11-26T01:02:56","slug":"wholesale-food-grade-plastic-tableware-set","status":"publish","type":"product","link":"https:\/\/www.purecook.com\/fr\/product\/wholesale-food-grade-plastic-tableware-set\/","title":{"rendered":"Set de table en plastique de qualit\u00e9 alimentaire"},"content":{"rendered":"<div class=\"wp-block-columns is-layout-flex wp-container-core-columns-is-layout-9d6595d7 wp-block-columns-is-layout-flex\">\n<div class=\"wp-block-column is-layout-flow wp-block-column-is-layout-flow\">\n<h3 class=\"wp-block-heading\">Param\u00e8tres de l'ensemble de vaisselle en plastique de qualit\u00e9 alimentaire<\/h3>\n\n\n\n<p><strong>Mat\u00e9riau :<\/strong> PP<br><strong>Couleur :<\/strong> Blanc c\u00e9ramique<br><strong>y compris : <\/strong>Bol de service, assiette ronde, baguettes, cuill\u00e8re<\/p>\n<\/div>\n\n\n\n<div class=\"wp-block-column is-layout-flow wp-block-column-is-layout-flow\">\n<h3 class=\"wp-block-heading\">Options personnalis\u00e9es<\/h3>\n\n\n\n<p><strong>Logo :<\/strong>\u00a0Personnalisable avec le logo de votre marque<br><strong>Emballage :<\/strong>\u00a0Bo\u00eete de couleur\/Carton, etc.<\/p>\n<\/div>\n<\/div>\n\n\n\n<div class=\"wp-block-columns is-layout-flex wp-container-core-columns-is-layout-9d6595d7 wp-block-columns-is-layout-flex\">\n<div class=\"wp-block-column is-layout-flow wp-block-column-is-layout-flow\">\n<figure class=\"wp-block-image size-full\"><img decoding=\"async\" width=\"800\" height=\"800\" src=\"https:\/\/www.purecook.com\/wp-content\/uploads\/2025\/11\/wholesale-food-grade-plastic-tableware-set-5.webp\" alt=\"Set de table en plastique de qualit\u00e9 alimentaire (5)\" class=\"wp-image-5041\" srcset=\"https:\/\/www.purecook.com\/wp-content\/uploads\/2025\/11\/wholesale-food-grade-plastic-tableware-set-5.webp 800w, https:\/\/www.purecook.com\/wp-content\/uploads\/2025\/11\/wholesale-food-grade-plastic-tableware-set-5-300x300.webp 300w, https:\/\/www.purecook.com\/wp-content\/uploads\/2025\/11\/wholesale-food-grade-plastic-tableware-set-5-150x150.webp 150w, https:\/\/www.purecook.com\/wp-content\/uploads\/2025\/11\/wholesale-food-grade-plastic-tableware-set-5-768x768.webp 768w, https:\/\/www.purecook.com\/wp-content\/uploads\/2025\/11\/wholesale-food-grade-plastic-tableware-set-5-12x12.webp 12w, https:\/\/www.purecook.com\/wp-content\/uploads\/2025\/11\/wholesale-food-grade-plastic-tableware-set-5-600x600.webp 600w, https:\/\/www.purecook.com\/wp-content\/uploads\/2025\/11\/wholesale-food-grade-plastic-tableware-set-5-100x100.webp 100w\" sizes=\"(max-width: 800px) 100vw, 800px\" \/><\/figure>\n<\/div>\n\n\n\n<div class=\"wp-block-column is-layout-flow wp-block-column-is-layout-flow\">\n<figure class=\"wp-block-image size-full\"><img decoding=\"async\" width=\"800\" height=\"800\" src=\"https:\/\/www.purecook.com\/wp-content\/uploads\/2025\/11\/wholesale-food-grade-plastic-tableware-set-6.webp\" alt=\"set de table en plastique de qualit\u00e9 alimentaire (6)\" class=\"wp-image-5042\" srcset=\"https:\/\/www.purecook.com\/wp-content\/uploads\/2025\/11\/wholesale-food-grade-plastic-tableware-set-6.webp 800w, https:\/\/www.purecook.com\/wp-content\/uploads\/2025\/11\/wholesale-food-grade-plastic-tableware-set-6-300x300.webp 300w, https:\/\/www.purecook.com\/wp-content\/uploads\/2025\/11\/wholesale-food-grade-plastic-tableware-set-6-150x150.webp 150w, https:\/\/www.purecook.com\/wp-content\/uploads\/2025\/11\/wholesale-food-grade-plastic-tableware-set-6-768x768.webp 768w, https:\/\/www.purecook.com\/wp-content\/uploads\/2025\/11\/wholesale-food-grade-plastic-tableware-set-6-12x12.webp 12w, https:\/\/www.purecook.com\/wp-content\/uploads\/2025\/11\/wholesale-food-grade-plastic-tableware-set-6-600x600.webp 600w, https:\/\/www.purecook.com\/wp-content\/uploads\/2025\/11\/wholesale-food-grade-plastic-tableware-set-6-100x100.webp 100w\" sizes=\"(max-width: 800px) 100vw, 800px\" \/><\/figure>\n<\/div>\n<\/div>\n\n\n\n<div class=\"wp-block-columns is-layout-flex wp-container-core-columns-is-layout-9d6595d7 wp-block-columns-is-layout-flex\">\n<div class=\"wp-block-column is-layout-flow wp-block-column-is-layout-flow\"><\/div>\n\n\n\n<div class=\"wp-block-column is-layout-flow wp-block-column-is-layout-flow\"><\/div>\n<\/div>","protected":false},"excerpt":{"rendered":"<p>Les sets de table en plastique de qualit\u00e9 alimentaire sont vendus en gros et fournissent tous les \u00e9l\u00e9ments n\u00e9cessaires \u00e0 un repas complet de plusieurs plats pour une ou deux personnes. Leur forme lisse et simple permet de les laver facilement \u00e0 la main ou au lave-vaisselle. Id\u00e9al pour les supermarch\u00e9s et les d\u00e9taillants de vaisselle. Contactez-nous d\u00e8s aujourd'hui pour un devis.<\/p>\n<h2>Caract\u00e9ristiques de l'ensemble de vaisselle en plastique de qualit\u00e9 alimentaire<\/h2>\n<p><strong>Style moderne et minimaliste :<\/strong> Cet ensemble de vaisselle en gros pr\u00e9sente un aspect propre, moderne et attrayant avec une finition simple en blanc c\u00e9ramique et des lignes courbes \u00e9l\u00e9gantes.<\/p>\n<p><strong>Plusieurs tailles :<\/strong> Cet ensemble comprend de la vaisselle de diff\u00e9rentes tailles pour s'adapter \u00e0 diff\u00e9rents types de nourriture.<\/p>\n<p><strong>Durabilit\u00e9 et r\u00e9silience :<\/strong> Fabriqu\u00e9 en plastique PP tr\u00e8s r\u00e9sistant et incassable, il ne se cassera pas m\u00eame en cas de chute, ce qui le rend id\u00e9al pour les familles avec enfants, les repas en plein air ou l'utilisation quotidienne.<\/p>\n<p><strong>La s\u00e9curit\u00e9 :<\/strong> Fabriqu\u00e9 \u00e0 partir de mat\u00e9riaux de qualit\u00e9 alimentaire, il est non toxique et exempt de produits chimiques nocifs tels que le BPA, ce qui le rend s\u00fbr pour un contact r\u00e9p\u00e9t\u00e9 avec des r\u00e9cipients de qualit\u00e9 alimentaire.<\/p>","protected":false},"featured_media":5037,"comment_status":"closed","ping_status":"closed","template":"","meta":{"_acf_changed":false},"product_brand":[],"product_cat":[51],"product_tag":[],"class_list":{"0":"post-5036","1":"product","2":"type-product","3":"status-publish","4":"has-post-thumbnail","6":"product_cat-dinnerware","8":"first","9":"instock","10":"shipping-taxable","11":"product-type-simple"},"acf":[],"_links":{"self":[{"href":"https:\/\/www.purecook.com\/fr\/wp-json\/wp\/v2\/product\/5036","targetHints":{"allow":["GET"]}}],"collection":[{"href":"https:\/\/www.purecook.com\/fr\/wp-json\/wp\/v2\/product"}],"about":[{"href":"https:\/\/www.purecook.com\/fr\/wp-json\/wp\/v2\/types\/product"}],"replies":[{"embeddable":true,"href":"https:\/\/www.purecook.com\/fr\/wp-json\/wp\/v2\/comments?post=5036"}],"wp:featuredmedia":[{"embeddable":true,"href":"https:\/\/www.purecook.com\/fr\/wp-json\/wp\/v2\/media\/5037"}],"wp:attachment":[{"href":"https:\/\/www.purecook.com\/fr\/wp-json\/wp\/v2\/media?parent=5036"}],"wp:term":[{"taxonomy":"product_brand","embeddable":true,"href":"https:\/\/www.purecook.com\/fr\/wp-json\/wp\/v2\/product_brand?post=5036"},{"taxonomy":"product_cat","embeddable":true,"href":"https:\/\/www.purecook.com\/fr\/wp-json\/wp\/v2\/product_cat?post=5036"},{"taxonomy":"product_tag","embeddable":true,"href":"https:\/\/www.purecook.com\/fr\/wp-json\/wp\/v2\/product_tag?post=5036"}],"curies":[{"name":"wp","href":"https:\/\/api.w.org\/{rel}","templated":true}]}}