{"id":5043,"date":"2025-11-26T09:04:08","date_gmt":"2025-11-26T01:04:08","guid":{"rendered":"https:\/\/www.purecook.com\/?post_type=product&#038;p=5043"},"modified":"2025-11-26T09:33:54","modified_gmt":"2025-11-26T01:33:54","slug":"wholesale-multi-function-stainless-steel-colander-and-grater-set","status":"publish","type":"product","link":"https:\/\/www.purecook.com\/fr\/product\/wholesale-multi-function-stainless-steel-colander-and-grater-set\/","title":{"rendered":"Wholesale Multi-Function Stainless Steel Colander Set with Grater (Jeu de passoires multifonctions en acier inoxydable avec r\u00e2pe)"},"content":{"rendered":"<div class=\"wp-block-columns is-layout-flex wp-container-core-columns-is-layout-9d6595d7 wp-block-columns-is-layout-flex\">\n<div class=\"wp-block-column is-layout-flow wp-block-column-is-layout-flow\">\n<h3 class=\"wp-block-heading\">Param\u00e8tres de la passoire et de l'ensemble de passoire en acier inoxydable<\/h3>\n\n\n\n<p><strong>Mat\u00e9riau :<\/strong> Acier inoxydable 201\/304<br><strong>Couleur :<\/strong> Argent<br><strong>Taille :<\/strong> 24cm<br><strong>Fonctions :<\/strong> Filtrer\/stocker\/trancher\/r\u00e2per<\/p>\n<\/div>\n\n\n\n<div class=\"wp-block-column is-layout-flow wp-block-column-is-layout-flow\">\n<h3 class=\"wp-block-heading\">Options personnalis\u00e9es<\/h3>\n\n\n\n<p><strong>Logo :<\/strong> Personnalisable avec le logo de votre marque<br><strong>Emballage :<\/strong>\u00a0Bo\u00eete de couleur\/Carton, etc.<\/p>\n<\/div>\n<\/div>\n\n\n\n<div class=\"wp-block-columns is-layout-flex wp-container-core-columns-is-layout-9d6595d7 wp-block-columns-is-layout-flex\">\n<div class=\"wp-block-column is-layout-flow wp-block-column-is-layout-flow\">\n<figure class=\"wp-block-image size-full\"><img decoding=\"async\" width=\"800\" height=\"800\" src=\"https:\/\/www.purecook.com\/wp-content\/uploads\/2025\/11\/wholesale-stainless-steel-colander-and-grater-lid-set2.webp\" alt=\"set de couvercle de r\u00e2pe et de passoire en acier inoxydable (2)\" class=\"wp-image-5045\" srcset=\"https:\/\/www.purecook.com\/wp-content\/uploads\/2025\/11\/wholesale-stainless-steel-colander-and-grater-lid-set2.webp 800w, https:\/\/www.purecook.com\/wp-content\/uploads\/2025\/11\/wholesale-stainless-steel-colander-and-grater-lid-set2-300x300.webp 300w, https:\/\/www.purecook.com\/wp-content\/uploads\/2025\/11\/wholesale-stainless-steel-colander-and-grater-lid-set2-150x150.webp 150w, https:\/\/www.purecook.com\/wp-content\/uploads\/2025\/11\/wholesale-stainless-steel-colander-and-grater-lid-set2-768x768.webp 768w, https:\/\/www.purecook.com\/wp-content\/uploads\/2025\/11\/wholesale-stainless-steel-colander-and-grater-lid-set2-12x12.webp 12w, https:\/\/www.purecook.com\/wp-content\/uploads\/2025\/11\/wholesale-stainless-steel-colander-and-grater-lid-set2-600x600.webp 600w, https:\/\/www.purecook.com\/wp-content\/uploads\/2025\/11\/wholesale-stainless-steel-colander-and-grater-lid-set2-100x100.webp 100w\" sizes=\"(max-width: 800px) 100vw, 800px\" \/><\/figure>\n<\/div>\n\n\n\n<div class=\"wp-block-column is-layout-flow wp-block-column-is-layout-flow\">\n<figure class=\"wp-block-image size-full\"><img decoding=\"async\" width=\"800\" height=\"800\" src=\"https:\/\/www.purecook.com\/wp-content\/uploads\/2025\/11\/wholesale-stainless-steel-colander-and-grater-lid-set5.webp\" alt=\"set de couvercle de r\u00e2pe et de passoire en acier inoxydable (5)\" class=\"wp-image-5048\" srcset=\"https:\/\/www.purecook.com\/wp-content\/uploads\/2025\/11\/wholesale-stainless-steel-colander-and-grater-lid-set5.webp 800w, https:\/\/www.purecook.com\/wp-content\/uploads\/2025\/11\/wholesale-stainless-steel-colander-and-grater-lid-set5-300x300.webp 300w, https:\/\/www.purecook.com\/wp-content\/uploads\/2025\/11\/wholesale-stainless-steel-colander-and-grater-lid-set5-150x150.webp 150w, https:\/\/www.purecook.com\/wp-content\/uploads\/2025\/11\/wholesale-stainless-steel-colander-and-grater-lid-set5-768x768.webp 768w, https:\/\/www.purecook.com\/wp-content\/uploads\/2025\/11\/wholesale-stainless-steel-colander-and-grater-lid-set5-12x12.webp 12w, https:\/\/www.purecook.com\/wp-content\/uploads\/2025\/11\/wholesale-stainless-steel-colander-and-grater-lid-set5-600x600.webp 600w, https:\/\/www.purecook.com\/wp-content\/uploads\/2025\/11\/wholesale-stainless-steel-colander-and-grater-lid-set5-100x100.webp 100w\" sizes=\"(max-width: 800px) 100vw, 800px\" \/><\/figure>\n<\/div>\n<\/div>","protected":false},"excerpt":{"rendered":"<p>Ensemble de passoires en acier inoxydable en gros. Cet ensemble durable et multifonctionnel simplifie la pr\u00e9paration des aliments. Lavez, rincez, \u00e9gouttez, r\u00e2pez et tranchez rapidement les l\u00e9gumes, les fruits et bien d'autres choses encore dans un syst\u00e8me int\u00e9gr\u00e9. Ce produit r\u00e9pond \u00e0 la demande croissante du march\u00e9 pour des outils de cuisine peu encombrants et multifonctionnels. Contactez-nous d\u00e8s aujourd'hui pour un devis en gros.<\/p>\n<h2>Caract\u00e9ristiques de l'ensemble passoire et r\u00e2pe en acier inoxydable<\/h2>\n<p><strong>Design multifonctionnel :<\/strong> Le couvercle de cette passoire en acier inoxydable sert \u00e0 la fois de r\u00e2pe et de trancheur, ce qui permet aux utilisateurs de pr\u00e9parer rapidement des l\u00e9gumes pour les salades et les saut\u00e9s.<\/p>\n<p><strong>Conception tout-en-un :<\/strong> Combinant les fonctions d'une r\u00e2pe, d'une passoire et d'un bol \u00e0 m\u00e9langer, ce mod\u00e8le permet de gagner de la place sur le comptoir de la cuisine et de r\u00e9duire le nombre d'outils n\u00e9cessaires \u00e0 la pr\u00e9paration des aliments.<\/p>\n<p><strong>Construction durable :<\/strong> Nos passoires en gros sont fabriqu\u00e9es en acier inoxydable durable, offrant des avantages tels que la r\u00e9sistance \u00e0 la rouille, l'hygi\u00e8ne, la facilit\u00e9 de nettoyage et la durabilit\u00e9.<\/p>\n<p><strong>Facile \u00e0 nettoyer :<\/strong> Cette passoire est dot\u00e9e d'une surface lisse en acier inoxydable qui r\u00e9siste aux taches et aux odeurs. Elle est donc tr\u00e8s facile \u00e0 nettoyer et passe au lave-vaisselle, ce qui est id\u00e9al pour les pr\u00e9parations culinaires fr\u00e9quentes.<\/p>","protected":false},"featured_media":5044,"comment_status":"closed","ping_status":"closed","template":"","meta":{"_acf_changed":false},"product_brand":[],"product_cat":[52,65],"product_tag":[],"class_list":{"0":"post-5043","1":"product","2":"type-product","3":"status-publish","4":"has-post-thumbnail","6":"product_cat-kitchen-utensils","7":"product_cat-kitchen-strainer-and-colander","9":"first","10":"instock","11":"shipping-taxable","12":"product-type-simple"},"acf":[],"_links":{"self":[{"href":"https:\/\/www.purecook.com\/fr\/wp-json\/wp\/v2\/product\/5043","targetHints":{"allow":["GET"]}}],"collection":[{"href":"https:\/\/www.purecook.com\/fr\/wp-json\/wp\/v2\/product"}],"about":[{"href":"https:\/\/www.purecook.com\/fr\/wp-json\/wp\/v2\/types\/product"}],"replies":[{"embeddable":true,"href":"https:\/\/www.purecook.com\/fr\/wp-json\/wp\/v2\/comments?post=5043"}],"wp:featuredmedia":[{"embeddable":true,"href":"https:\/\/www.purecook.com\/fr\/wp-json\/wp\/v2\/media\/5044"}],"wp:attachment":[{"href":"https:\/\/www.purecook.com\/fr\/wp-json\/wp\/v2\/media?parent=5043"}],"wp:term":[{"taxonomy":"product_brand","embeddable":true,"href":"https:\/\/www.purecook.com\/fr\/wp-json\/wp\/v2\/product_brand?post=5043"},{"taxonomy":"product_cat","embeddable":true,"href":"https:\/\/www.purecook.com\/fr\/wp-json\/wp\/v2\/product_cat?post=5043"},{"taxonomy":"product_tag","embeddable":true,"href":"https:\/\/www.purecook.com\/fr\/wp-json\/wp\/v2\/product_tag?post=5043"}],"curies":[{"name":"wp","href":"https:\/\/api.w.org\/{rel}","templated":true}]}}