{"id":5049,"date":"2025-11-26T09:37:22","date_gmt":"2025-11-26T01:37:22","guid":{"rendered":"https:\/\/www.purecook.com\/?post_type=product&#038;p=5049"},"modified":"2025-11-26T09:55:58","modified_gmt":"2025-11-26T01:55:58","slug":"wholesale-thickened-stainless-steel-steamer-pot","status":"publish","type":"product","link":"https:\/\/www.purecook.com\/fr\/product\/wholesale-thickened-stainless-steel-steamer-pot\/","title":{"rendered":"Grossiste Cuit-vapeur en acier inoxydable \u00e9paissi"},"content":{"rendered":"<div class=\"wp-block-columns is-layout-flex wp-container-core-columns-is-layout-9d6595d7 wp-block-columns-is-layout-flex\">\n<div class=\"wp-block-column is-layout-flow wp-block-column-is-layout-flow\">\n<h3 class=\"wp-block-heading\">Param\u00e8tres de la marmite \u00e0 vapeur en acier inoxydable<\/h3>\n\n\n\n<p><strong>Mat\u00e9riau :<\/strong> Acier inoxydable 201\/304<br><strong>\u00c9paisseur normale :<\/strong> 0,5 mm<br><strong>Taille :<\/strong> 20-24cm,24-28cm,28-32cm<\/p>\n<\/div>\n\n\n\n<div class=\"wp-block-column is-layout-flow wp-block-column-is-layout-flow\">\n<h3 class=\"wp-block-heading\">Options d'ustensiles de cuisine personnalis\u00e9s<\/h3>\n\n\n\n<p><strong>Logo :<\/strong> Personnalisable avec le logo de votre marque<br><strong>Emballage :<\/strong>&nbsp;Bo\u00eete de couleur\/Carton, etc.<br><strong>Poign\u00e9e : <\/strong>Une poign\u00e9e adapt\u00e9e \u00e0 votre style<\/p>\n<\/div>\n<\/div>\n\n\n\n<div class=\"wp-block-columns is-layout-flex wp-container-core-columns-is-layout-9d6595d7 wp-block-columns-is-layout-flex\">\n<div class=\"wp-block-column is-layout-flow wp-block-column-is-layout-flow\">\n<figure class=\"wp-block-image size-full\"><img decoding=\"async\" width=\"800\" height=\"800\" src=\"https:\/\/www.purecook.com\/wp-content\/uploads\/2025\/11\/wholesale-steamer-pot-2.webp\" alt=\"marmite \u00e0 vapeur en gros (2)\" class=\"wp-image-5051\" srcset=\"https:\/\/www.purecook.com\/wp-content\/uploads\/2025\/11\/wholesale-steamer-pot-2.webp 800w, https:\/\/www.purecook.com\/wp-content\/uploads\/2025\/11\/wholesale-steamer-pot-2-300x300.webp 300w, https:\/\/www.purecook.com\/wp-content\/uploads\/2025\/11\/wholesale-steamer-pot-2-150x150.webp 150w, https:\/\/www.purecook.com\/wp-content\/uploads\/2025\/11\/wholesale-steamer-pot-2-768x768.webp 768w, https:\/\/www.purecook.com\/wp-content\/uploads\/2025\/11\/wholesale-steamer-pot-2-12x12.webp 12w, https:\/\/www.purecook.com\/wp-content\/uploads\/2025\/11\/wholesale-steamer-pot-2-600x600.webp 600w, https:\/\/www.purecook.com\/wp-content\/uploads\/2025\/11\/wholesale-steamer-pot-2-100x100.webp 100w\" sizes=\"(max-width: 800px) 100vw, 800px\" \/><\/figure>\n<\/div>\n\n\n\n<div class=\"wp-block-column is-layout-flow wp-block-column-is-layout-flow\">\n<figure class=\"wp-block-image size-full\"><img decoding=\"async\" width=\"800\" height=\"800\" src=\"https:\/\/www.purecook.com\/wp-content\/uploads\/2025\/11\/wholesale-steamer-pot-3.webp\" alt=\"Pot \u00e0 vapeur en gros (3)\" class=\"wp-image-5052\" srcset=\"https:\/\/www.purecook.com\/wp-content\/uploads\/2025\/11\/wholesale-steamer-pot-3.webp 800w, https:\/\/www.purecook.com\/wp-content\/uploads\/2025\/11\/wholesale-steamer-pot-3-300x300.webp 300w, https:\/\/www.purecook.com\/wp-content\/uploads\/2025\/11\/wholesale-steamer-pot-3-150x150.webp 150w, https:\/\/www.purecook.com\/wp-content\/uploads\/2025\/11\/wholesale-steamer-pot-3-768x768.webp 768w, https:\/\/www.purecook.com\/wp-content\/uploads\/2025\/11\/wholesale-steamer-pot-3-12x12.webp 12w, https:\/\/www.purecook.com\/wp-content\/uploads\/2025\/11\/wholesale-steamer-pot-3-600x600.webp 600w, https:\/\/www.purecook.com\/wp-content\/uploads\/2025\/11\/wholesale-steamer-pot-3-100x100.webp 100w\" sizes=\"(max-width: 800px) 100vw, 800px\" \/><\/figure>\n<\/div>\n<\/div>","protected":false},"excerpt":{"rendered":"<p>Les marmites \u00e0 vapeur en gros sont parfaites pour faire bouillir, cuire \u00e0 la vapeur et \u00e9goutter les fruits de mer, les l\u00e9gumes et les brioches. Leur design peu encombrant et leur finition de qualit\u00e9 sup\u00e9rieure garantissent leur attrait sur le march\u00e9 de la vente au d\u00e9tail. Contactez-nous pour un devis.<\/p>\n<p>En tant que <a href=\"https:\/\/www.purecook.com\/fr\/categorie-produit\/cookware\/\" target=\"_blank\" rel=\"noopener\"><strong>fabricant d'ustensiles de cuisine<\/strong><\/a>, Nous proposons une gamme vari\u00e9e d'ustensiles de cuisine. Contactez-nous pour obtenir des devis et des catalogues.<\/p>\n<h2>Caract\u00e9ristiques de la marmite \u00e0 vapeur en acier inoxydable<\/h2>\n<p><strong>Polyvalence dans la cuisine :<\/strong> Cette marmite \u00e0 vapeur en gros est parfaite pour la cuisine familiale de tous les jours, offrant des fonctions de cuisson \u00e0 la vapeur, de cuisson \u00e0 l'\u00e9touff\u00e9e, de filtrage et de service.<\/p>\n<p><strong>Acier inoxydable durable :<\/strong> La marmite et le couvercle sont en acier inoxydable, ce qui leur conf\u00e8re une grande durabilit\u00e9, une r\u00e9sistance \u00e0 la rouille, une bonne hygi\u00e8ne et une absence de r\u00e9action avec les aliments.<\/p>\n<p><strong>Conception esth\u00e9tique :<\/strong> L'association d'ustensiles de cuisine de couleur cr\u00e8me neutre et d'acier inoxydable lisse conf\u00e8re \u00e0 cet ensemble une esth\u00e9tique de cuisine moderne et attrayante.<\/p>\n<p><strong>Facile \u00e0 nettoyer :<\/strong> La surface lisse de la marmite \u00e0 vapeur en acier inoxydable est facile \u00e0 nettoyer et passe au lave-vaisselle, ce qui la rend tr\u00e8s pratique.<\/p>","protected":false},"featured_media":5050,"comment_status":"closed","ping_status":"closed","template":"","meta":{"_acf_changed":false},"product_brand":[],"product_cat":[24,79],"product_tag":[98],"class_list":{"0":"post-5049","1":"product","2":"type-product","3":"status-publish","4":"has-post-thumbnail","6":"product_cat-cookware","7":"product_cat-steamer-pot","8":"product_tag-wholesale-home-cookware","10":"first","11":"instock","12":"shipping-taxable","13":"product-type-simple"},"acf":[],"_links":{"self":[{"href":"https:\/\/www.purecook.com\/fr\/wp-json\/wp\/v2\/product\/5049","targetHints":{"allow":["GET"]}}],"collection":[{"href":"https:\/\/www.purecook.com\/fr\/wp-json\/wp\/v2\/product"}],"about":[{"href":"https:\/\/www.purecook.com\/fr\/wp-json\/wp\/v2\/types\/product"}],"replies":[{"embeddable":true,"href":"https:\/\/www.purecook.com\/fr\/wp-json\/wp\/v2\/comments?post=5049"}],"wp:featuredmedia":[{"embeddable":true,"href":"https:\/\/www.purecook.com\/fr\/wp-json\/wp\/v2\/media\/5050"}],"wp:attachment":[{"href":"https:\/\/www.purecook.com\/fr\/wp-json\/wp\/v2\/media?parent=5049"}],"wp:term":[{"taxonomy":"product_brand","embeddable":true,"href":"https:\/\/www.purecook.com\/fr\/wp-json\/wp\/v2\/product_brand?post=5049"},{"taxonomy":"product_cat","embeddable":true,"href":"https:\/\/www.purecook.com\/fr\/wp-json\/wp\/v2\/product_cat?post=5049"},{"taxonomy":"product_tag","embeddable":true,"href":"https:\/\/www.purecook.com\/fr\/wp-json\/wp\/v2\/product_tag?post=5049"}],"curies":[{"name":"wp","href":"https:\/\/api.w.org\/{rel}","templated":true}]}}