{"id":5055,"date":"2025-11-26T10:00:24","date_gmt":"2025-11-26T02:00:24","guid":{"rendered":"https:\/\/www.purecook.com\/?post_type=product&#038;p=5055"},"modified":"2025-11-26T10:23:55","modified_gmt":"2025-11-26T02:23:55","slug":"wholesale-premium-stainless-steel-trash-cans","status":"publish","type":"product","link":"https:\/\/www.purecook.com\/fr\/product\/wholesale-premium-stainless-steel-trash-cans\/","title":{"rendered":"Poubelles en gros en acier inoxydable - durables et faciles \u00e0 nettoyer"},"content":{"rendered":"<div class=\"wp-block-columns is-layout-flex wp-container-core-columns-is-layout-9d6595d7 wp-block-columns-is-layout-flex\">\n<div class=\"wp-block-column is-layout-flow wp-block-column-is-layout-flow\">\n<h3 class=\"wp-block-heading\">Param\u00e8tres de la poubelle en acier inoxydable<\/h3>\n\n\n\n<p><strong>Mat\u00e9riau :<\/strong> Acier inoxydable 201\/304<br><strong>Capacit\u00e9 : <\/strong>3L<br><strong>\u00c9paisseur normale :<\/strong> 0,5 mm<br><strong>Logo :<\/strong> S\u00e9rigraphie\/Gravure au laser\/Tampon en relief<br><strong>Poign\u00e9e et couvercle :<\/strong> Acier inoxydable<\/p>\n<\/div>\n\n\n\n<div class=\"wp-block-column is-layout-flow wp-block-column-is-layout-flow\">\n<h3 class=\"wp-block-heading\">Options d'ustensiles de cuisine personnalis\u00e9s<\/h3>\n\n\n\n<p><strong>Logo :<\/strong> Personnalisable avec le logo de votre marque<br><strong>Emballage :<\/strong>\u00a0Bo\u00eete de couleur\/Carton, etc.<\/p>\n<\/div>\n<\/div>\n\n\n\n<div class=\"wp-block-columns is-layout-flex wp-container-core-columns-is-layout-9d6595d7 wp-block-columns-is-layout-flex\">\n<div class=\"wp-block-column is-layout-flow wp-block-column-is-layout-flow\">\n<figure class=\"wp-block-image size-full\"><img decoding=\"async\" width=\"800\" height=\"800\" src=\"https:\/\/www.purecook.com\/wp-content\/uploads\/2025\/11\/wholesale-stainless-steel-trash-can-2.webp\" alt=\"poubelle en gros en acier inoxydable (2)\" class=\"wp-image-5057\" srcset=\"https:\/\/www.purecook.com\/wp-content\/uploads\/2025\/11\/wholesale-stainless-steel-trash-can-2.webp 800w, https:\/\/www.purecook.com\/wp-content\/uploads\/2025\/11\/wholesale-stainless-steel-trash-can-2-300x300.webp 300w, https:\/\/www.purecook.com\/wp-content\/uploads\/2025\/11\/wholesale-stainless-steel-trash-can-2-150x150.webp 150w, https:\/\/www.purecook.com\/wp-content\/uploads\/2025\/11\/wholesale-stainless-steel-trash-can-2-768x768.webp 768w, https:\/\/www.purecook.com\/wp-content\/uploads\/2025\/11\/wholesale-stainless-steel-trash-can-2-12x12.webp 12w, https:\/\/www.purecook.com\/wp-content\/uploads\/2025\/11\/wholesale-stainless-steel-trash-can-2-600x600.webp 600w, https:\/\/www.purecook.com\/wp-content\/uploads\/2025\/11\/wholesale-stainless-steel-trash-can-2-100x100.webp 100w\" sizes=\"(max-width: 800px) 100vw, 800px\" \/><\/figure>\n<\/div>\n\n\n\n<div class=\"wp-block-column is-layout-flow wp-block-column-is-layout-flow\">\n<figure class=\"wp-block-image size-full\"><img decoding=\"async\" width=\"800\" height=\"800\" src=\"https:\/\/www.purecook.com\/wp-content\/uploads\/2025\/11\/wholesale-stainless-steel-trash-can-3.webp\" alt=\"poubelle en gros en acier inoxydable (3)\" class=\"wp-image-5058\" srcset=\"https:\/\/www.purecook.com\/wp-content\/uploads\/2025\/11\/wholesale-stainless-steel-trash-can-3.webp 800w, https:\/\/www.purecook.com\/wp-content\/uploads\/2025\/11\/wholesale-stainless-steel-trash-can-3-300x300.webp 300w, https:\/\/www.purecook.com\/wp-content\/uploads\/2025\/11\/wholesale-stainless-steel-trash-can-3-150x150.webp 150w, https:\/\/www.purecook.com\/wp-content\/uploads\/2025\/11\/wholesale-stainless-steel-trash-can-3-768x768.webp 768w, https:\/\/www.purecook.com\/wp-content\/uploads\/2025\/11\/wholesale-stainless-steel-trash-can-3-12x12.webp 12w, https:\/\/www.purecook.com\/wp-content\/uploads\/2025\/11\/wholesale-stainless-steel-trash-can-3-600x600.webp 600w, https:\/\/www.purecook.com\/wp-content\/uploads\/2025\/11\/wholesale-stainless-steel-trash-can-3-100x100.webp 100w\" sizes=\"(max-width: 800px) 100vw, 800px\" \/><\/figure>\n<\/div>\n<\/div>","protected":false},"excerpt":{"rendered":"<p>Cette poubelle en acier inoxydable, au design \u00e9l\u00e9gant et r\u00e9sistant aux traces de doigts et au couvercle herm\u00e9tique pour contr\u00f4ler les odeurs, est con\u00e7ue pour l'\u00e9limination imm\u00e9diate des pelures de fruits, du marc de caf\u00e9 et des d\u00e9chets. C'est un outil essentiel pour des op\u00e9rations de cuisine efficaces. Contactez-nous pour un devis en gros.<\/p>\n<p>En tant que leader <a href=\"https:\/\/www.purecook.com\/fr\/categorie-produit\/kitchen-utensils\/\" target=\"_blank\" rel=\"noopener\"><strong>fabricant d'ustensiles de cuisine<\/strong><\/a> en Chine, nous offrons une grande vari\u00e9t\u00e9 d'ustensiles de cuisine en acier inoxydable en gros pour r\u00e9pondre aux divers besoins des cuisines domestiques et de l'industrie de la restauration. Contactez-nous pour obtenir un catalogue et un devis.<\/p>\n<h2>Caract\u00e9ristiques de la poubelle en acier inoxydable<\/h2>\n<p><strong>Grande durabilit\u00e9 :<\/strong> Ces poubelles en acier inoxydable sont fabriqu\u00e9es \u00e0 partir d'un acier \u00e9pais de haute qualit\u00e9, ce qui les rend beaucoup plus durables que les poubelles en plastique. Elles sont moins sujettes aux bosses et aux d\u00e9formations et peuvent r\u00e9sister aux chocs quotidiens.<\/p>\n<p><strong>Acier inoxydable Mat\u00e9riau :<\/strong> Les poubelles en acier inoxydable sont hygi\u00e9niques, r\u00e9sistantes \u00e0 la rouille et non poreuses. Contrairement au plastique, l'acier inoxydable n'absorbe pas facilement les odeurs et n'est pas tach\u00e9 par les restes de nourriture.<\/p>\n<p><strong>Conception compacte :<\/strong> Nos poubelles en gros en acier inoxydable ont une taille compacte, parfaite pour \u00eatre plac\u00e9e directement sur le plan de travail de la cuisine afin de faciliter l'\u00e9limination des \u00e9pluchures, des restes et des miettes pendant la cuisson.<\/p>\n<p><strong>Esth\u00e9tique :<\/strong> Les poubelles pr\u00e9sentent un aspect \u00e9l\u00e9gant et moderne en acier inoxydable bross\u00e9, s'int\u00e9grant parfaitement \u00e0 l'esth\u00e9tique des cuisines contemporaines.<\/p>","protected":false},"featured_media":5056,"comment_status":"closed","ping_status":"closed","template":"","meta":{"_acf_changed":false},"product_brand":[],"product_cat":[52,110],"product_tag":[],"class_list":{"0":"post-5055","1":"product","2":"type-product","3":"status-publish","4":"has-post-thumbnail","6":"product_cat-kitchen-utensils","7":"product_cat-stainless-steel-trash-can","9":"first","10":"instock","11":"shipping-taxable","12":"product-type-simple"},"acf":[],"_links":{"self":[{"href":"https:\/\/www.purecook.com\/fr\/wp-json\/wp\/v2\/product\/5055","targetHints":{"allow":["GET"]}}],"collection":[{"href":"https:\/\/www.purecook.com\/fr\/wp-json\/wp\/v2\/product"}],"about":[{"href":"https:\/\/www.purecook.com\/fr\/wp-json\/wp\/v2\/types\/product"}],"replies":[{"embeddable":true,"href":"https:\/\/www.purecook.com\/fr\/wp-json\/wp\/v2\/comments?post=5055"}],"wp:featuredmedia":[{"embeddable":true,"href":"https:\/\/www.purecook.com\/fr\/wp-json\/wp\/v2\/media\/5056"}],"wp:attachment":[{"href":"https:\/\/www.purecook.com\/fr\/wp-json\/wp\/v2\/media?parent=5055"}],"wp:term":[{"taxonomy":"product_brand","embeddable":true,"href":"https:\/\/www.purecook.com\/fr\/wp-json\/wp\/v2\/product_brand?post=5055"},{"taxonomy":"product_cat","embeddable":true,"href":"https:\/\/www.purecook.com\/fr\/wp-json\/wp\/v2\/product_cat?post=5055"},{"taxonomy":"product_tag","embeddable":true,"href":"https:\/\/www.purecook.com\/fr\/wp-json\/wp\/v2\/product_tag?post=5055"}],"curies":[{"name":"wp","href":"https:\/\/api.w.org\/{rel}","templated":true}]}}